{"id":1009,"date":"2015-06-15T11:40:13","date_gmt":"2015-06-15T09:40:13","guid":{"rendered":"http:\/\/exact.lebowski.se\/real-estate-2\/"},"modified":"2018-04-10T11:15:31","modified_gmt":"2018-04-10T09:15:31","slug":"reality","status":"publish","type":"page","link":"https:\/\/teamexact.com\/cs\/reality\/","title":{"rendered":"REALITY"},"content":{"rendered":"<p><strong>Nab\u00edz\u00edme odborn\u00e9 pr\u016fzkumy s pokro\u010dilou 3D laserovou technologi\u00ed skenov\u00e1n\u00ed, kter\u00e1 n\u00e1m umo\u017e\u0148uje rychle a p\u0159esn\u011b m\u011b\u0159it rozlehl\u00e9 oblasti. Vid\u00edme ka\u017ed\u00fd detail nemovitosti a dod\u00e1me v\u00e1m \u00fadaje, kter\u00e9 pot\u0159ebujete k p\u0159esn\u00e9mu zhodnocen\u00ed t\u00e9to nemovitosti. T\u00fdm spole\u010dnosti EXACT v\u00e1m m\u016f\u017ee pomoci nal\u00e9zt v\u00fdm\u011bru dal\u0161\u00edch \u010dtvere\u010dn\u00edch metr\u016f, o n\u00ed\u017e jste doposud nev\u011bd\u011bli, \u017ee v\u016fbec existuje, a m\u016f\u017eeme v\u00e1m poskytnout p\u0159esnou dokumentaci a v\u00fdkresy, kter\u00e9 v\u00e1m pomohou v ka\u017ed\u00e9 f\u00e1zi va\u0161eho projektu na dal\u0161\u00ed rozvoj nemovitosti. Vid\u00edme v\u00edce v ka\u017ed\u00e9 nemovitosti.<\/strong><\/p>\n<p>&nbsp;<\/p>\n<h3>Vid\u00edme v\u00edce ve 3D<\/h3>\n<p>Prov\u00e1d\u00edme pr\u016fzkumy v\u0161ech typ\u016f komplexn\u00edch prostor\u016f a rozs\u00e1hl\u00fdch objekt\u016f, jako jsou nap\u0159\u00edklad obytn\u00e9 nebo komer\u010dn\u00ed budovy, tov\u00e1rny, vnit\u0159n\u00ed prost\u0159ed\u00ed a instalace. EXACT se spol\u00e9h\u00e1 na nejpokro\u010dilej\u0161\u00ed 3D skenovac\u00ed technologie, d\u00edky kter\u00fdm lze \u00fadaje zachyt\u00e1vat rychle a p\u0159esn\u011b, nav\u00edc s d\u016fslednou pozornost\u00ed ke ka\u017ed\u00e9mu detailu. Na\u0161e pr\u016fzkumy generuj\u00ed mno\u017estv\u00ed nam\u011b\u0159en\u00fdch \u00fadaj\u016f pou\u017e\u00edvan\u00fdch k vytv\u00e1\u0159en\u00ed dokumentace pro r\u016fznorod\u00e9 \u00fa\u010dely. Tato data budeme prezentovat a dod\u00e1vat v podob\u011b 3D model\u016f, 2D v\u00fdkres\u016f a v\u00fdkres\u016f elevac\u00ed\/\u0159ez\u016f podle va\u0161ich specifick\u00fdch po\u017eadavk\u016f.<\/p>\n<h3>Dokumentace re\u00e1ln\u00e9ho stavu<\/h3>\n<p>Designov\u00fd n\u00e1vrh, rekonstrukce a dal\u0161\u00ed technick\u00e9 a \u0159\u00eddic\u00ed projekty vy\u017eaduj\u00ed p\u0159esnou, kompletn\u00ed a v\u010dasn\u011b p\u0159ipravenou dokumentaci pro n\u00e1sledn\u00fd provoz a \u00fadr\u017ebu. EXACT vytv\u00e1\u0159\u00ed CAD v\u00fdkresy re\u00e1ln\u00e9ho stavu va\u0161ich stavebn\u00edch objekt\u016f pro \u00fa\u010dely zdokumentov\u00e1n\u00ed rozm\u011br\u016f a um\u00edst\u011bn\u00ed v\u0161ech syst\u00e9mov\u00fdch sou\u010d\u00e1st\u00ed. Na\u0161e \u010dinnost odpov\u00edd\u00e1 va\u0161im pot\u0159eb\u00e1m a po\u017eadavk\u016fm na dokumentaci. V\u00fdkresy re\u00e1ln\u00e9ho stavu lze vytv\u00e1\u0159et po pr\u016fzkumu, kter\u00fd zahrnuje v\u0161echny pot\u0159ebn\u00e9 \u010dinnosti, nebo po \u010d\u00e1ste\u010dn\u00e9m pr\u016fzkumu, jestli\u017ee si p\u0159ejete pouze doplnit va\u0161e st\u00e1vaj\u00edc\u00ed v\u00fdkresy.\u00a0<span lang=\"CS\"><a href=\"http:\/\/www.teamexact.com\/cs\/exact-as-built\/\">\u010ct\u011bte v\u00edce<\/a><\/span><\/p>\n<h3>Informa\u010dn\u00ed modelov\u00e1n\u00ed budov<\/h3>\n<p>Dod\u00e1v\u00e1me data informa\u010dn\u00edho modelov\u00e1n\u00ed budov (BIM), kter\u00e1 pot\u0159ebujete k podpo\u0159en\u00ed chytr\u00e9ho rozhodov\u00e1n\u00ed ohledn\u011b va\u0161ich staveb. EXACT vyu\u017e\u00edv\u00e1 3D technologie skenov\u00e1n\u00ed k vytvo\u0159en\u00ed p\u0159esn\u00fdch digit\u00e1ln\u00edch model\u016f, kter\u00e9 pomohou va\u0161im architekt\u016fm, projektant\u016fm a design\u00e9r\u016fm vizualizovat tvar a funkci, aby bylo mo\u017en\u00e9 p\u0159edpov\u011bd\u011bt n\u00e1klady a proaktivn\u011b prov\u00e9st eventu\u00e1ln\u011b nezbytn\u00e9 zm\u011bny. \u010ci\u0148te chytr\u00e1 rozhodnut\u00ed d\u0159\u00edve v procesu, vyhn\u011bte se t\u00edm n\u00e1kladn\u00fdm chyb\u00e1m a zajist\u011bte v\u00fdstavbu kvalitn\u011b vybudovan\u00e9, n\u00e1kladov\u011b a energeticky efektivn\u00ed stavby.<\/p>\n","protected":false},"excerpt":{"rendered":"<p>Nab\u00edz\u00edme odborn\u00e9 pr\u016fzkumy s pokro\u010dilou 3D laserovou technologi\u00ed skenov\u00e1n\u00ed, kter\u00e1 n\u00e1m umo\u017e\u0148uje rychle a p\u0159esn\u011b m\u011b\u0159it rozlehl\u00e9 oblasti. Vid\u00edme ka\u017ed\u00fd detail nemovitosti a dod\u00e1me v\u00e1m \u00fadaje, kter\u00e9 pot\u0159ebujete k p\u0159esn\u00e9mu zhodnocen\u00ed t\u00e9to nemovitosti. T\u00fdm spole\u010dnosti EXACT v\u00e1m m\u016f\u017ee pomoci nal\u00e9zt v\u00fdm\u011bru dal\u0161\u00edch \u010dtvere\u010dn\u00edch metr\u016f, o n\u00ed\u017e jste doposud nev\u011bd\u011bli, \u017ee v\u016fbec existuje, a m\u016f\u017eeme v\u00e1m [&hellip;]<\/p>\n","protected":false},"author":1,"featured_media":0,"parent":0,"menu_order":0,"comment_status":"open","ping_status":"open","template":"template-area.php","meta":{"_acf_changed":false,"footnotes":""},"acf":[],"yoast_head":"<!-- This site is optimized with the Yoast SEO plugin v22.2 - https:\/\/yoast.com\/wordpress\/plugins\/seo\/ -->\n<title>REALITY - EXACT<\/title>\n<meta name=\"robots\" content=\"index, follow, max-snippet:-1, max-image-preview:large, max-video-preview:-1\" \/>\n<link rel=\"canonical\" href=\"https:\/\/teamexact.com\/cs\/reality\/\" \/>\n<meta property=\"og:locale\" content=\"cs_CZ\" \/>\n<meta property=\"og:type\" content=\"article\" \/>\n<meta property=\"og:title\" content=\"REALITY - EXACT\" \/>\n<meta property=\"og:description\" content=\"Nab\u00edz\u00edme odborn\u00e9 pr\u016fzkumy s pokro\u010dilou 3D laserovou technologi\u00ed skenov\u00e1n\u00ed, kter\u00e1 n\u00e1m umo\u017e\u0148uje rychle a p\u0159esn\u011b m\u011b\u0159it rozlehl\u00e9 oblasti. Vid\u00edme ka\u017ed\u00fd detail nemovitosti a dod\u00e1me v\u00e1m \u00fadaje, kter\u00e9 pot\u0159ebujete k p\u0159esn\u00e9mu zhodnocen\u00ed t\u00e9to nemovitosti. T\u00fdm spole\u010dnosti EXACT v\u00e1m m\u016f\u017ee pomoci nal\u00e9zt v\u00fdm\u011bru dal\u0161\u00edch \u010dtvere\u010dn\u00edch metr\u016f, o n\u00ed\u017e jste doposud nev\u011bd\u011bli, \u017ee v\u016fbec existuje, a m\u016f\u017eeme v\u00e1m [&hellip;]\" \/>\n<meta property=\"og:url\" content=\"https:\/\/teamexact.com\/cs\/reality\/\" \/>\n<meta property=\"og:site_name\" content=\"EXACT\" \/>\n<meta property=\"article:modified_time\" content=\"2018-04-10T09:15:31+00:00\" \/>\n<meta name=\"twitter:card\" content=\"summary_large_image\" \/>\n<meta name=\"twitter:label1\" content=\"Odhadovan\u00e1 doba \u010dten\u00ed\" \/>\n\t<meta name=\"twitter:data1\" content=\"2 minuty\" \/>\n<script type=\"application\/ld+json\" class=\"yoast-schema-graph\">{\"@context\":\"https:\/\/schema.org\",\"@graph\":[{\"@type\":\"WebPage\",\"@id\":\"https:\/\/teamexact.com\/cs\/reality\/\",\"url\":\"https:\/\/teamexact.com\/cs\/reality\/\",\"name\":\"REALITY - EXACT\",\"isPartOf\":{\"@id\":\"https:\/\/teamexact.com\/sv\/#website\"},\"datePublished\":\"2015-06-15T09:40:13+00:00\",\"dateModified\":\"2018-04-10T09:15:31+00:00\",\"breadcrumb\":{\"@id\":\"https:\/\/teamexact.com\/cs\/reality\/#breadcrumb\"},\"inLanguage\":\"cs\",\"potentialAction\":[{\"@type\":\"ReadAction\",\"target\":[\"https:\/\/teamexact.com\/cs\/reality\/\"]}]},{\"@type\":\"BreadcrumbList\",\"@id\":\"https:\/\/teamexact.com\/cs\/reality\/#breadcrumb\",\"itemListElement\":[{\"@type\":\"ListItem\",\"position\":1,\"name\":\"Home\",\"item\":\"https:\/\/teamexact.com\/cs\/\"},{\"@type\":\"ListItem\",\"position\":2,\"name\":\"REALITY\"}]},{\"@type\":\"WebSite\",\"@id\":\"https:\/\/teamexact.com\/sv\/#website\",\"url\":\"https:\/\/teamexact.com\/sv\/\",\"name\":\"EXACT\",\"description\":\"We see more\",\"potentialAction\":[{\"@type\":\"SearchAction\",\"target\":{\"@type\":\"EntryPoint\",\"urlTemplate\":\"https:\/\/teamexact.com\/sv\/?s={search_term_string}\"},\"query-input\":\"required name=search_term_string\"}],\"inLanguage\":\"cs\"}]}<\/script>\n<!-- \/ Yoast SEO plugin. -->","yoast_head_json":{"title":"REALITY - EXACT","robots":{"index":"index","follow":"follow","max-snippet":"max-snippet:-1","max-image-preview":"max-image-preview:large","max-video-preview":"max-video-preview:-1"},"canonical":"https:\/\/teamexact.com\/cs\/reality\/","og_locale":"cs_CZ","og_type":"article","og_title":"REALITY - EXACT","og_description":"Nab\u00edz\u00edme odborn\u00e9 pr\u016fzkumy s pokro\u010dilou 3D laserovou technologi\u00ed skenov\u00e1n\u00ed, kter\u00e1 n\u00e1m umo\u017e\u0148uje rychle a p\u0159esn\u011b m\u011b\u0159it rozlehl\u00e9 oblasti. Vid\u00edme ka\u017ed\u00fd detail nemovitosti a dod\u00e1me v\u00e1m \u00fadaje, kter\u00e9 pot\u0159ebujete k p\u0159esn\u00e9mu zhodnocen\u00ed t\u00e9to nemovitosti. T\u00fdm spole\u010dnosti EXACT v\u00e1m m\u016f\u017ee pomoci nal\u00e9zt v\u00fdm\u011bru dal\u0161\u00edch \u010dtvere\u010dn\u00edch metr\u016f, o n\u00ed\u017e jste doposud nev\u011bd\u011bli, \u017ee v\u016fbec existuje, a m\u016f\u017eeme v\u00e1m [&hellip;]","og_url":"https:\/\/teamexact.com\/cs\/reality\/","og_site_name":"EXACT","article_modified_time":"2018-04-10T09:15:31+00:00","twitter_card":"summary_large_image","twitter_misc":{"Odhadovan\u00e1 doba \u010dten\u00ed":"2 minuty"},"schema":{"@context":"https:\/\/schema.org","@graph":[{"@type":"WebPage","@id":"https:\/\/teamexact.com\/cs\/reality\/","url":"https:\/\/teamexact.com\/cs\/reality\/","name":"REALITY - EXACT","isPartOf":{"@id":"https:\/\/teamexact.com\/sv\/#website"},"datePublished":"2015-06-15T09:40:13+00:00","dateModified":"2018-04-10T09:15:31+00:00","breadcrumb":{"@id":"https:\/\/teamexact.com\/cs\/reality\/#breadcrumb"},"inLanguage":"cs","potentialAction":[{"@type":"ReadAction","target":["https:\/\/teamexact.com\/cs\/reality\/"]}]},{"@type":"BreadcrumbList","@id":"https:\/\/teamexact.com\/cs\/reality\/#breadcrumb","itemListElement":[{"@type":"ListItem","position":1,"name":"Home","item":"https:\/\/teamexact.com\/cs\/"},{"@type":"ListItem","position":2,"name":"REALITY"}]},{"@type":"WebSite","@id":"https:\/\/teamexact.com\/sv\/#website","url":"https:\/\/teamexact.com\/sv\/","name":"EXACT","description":"We see more","potentialAction":[{"@type":"SearchAction","target":{"@type":"EntryPoint","urlTemplate":"https:\/\/teamexact.com\/sv\/?s={search_term_string}"},"query-input":"required name=search_term_string"}],"inLanguage":"cs"}]}},"_links":{"self":[{"href":"https:\/\/teamexact.com\/cs\/wp-json\/wp\/v2\/pages\/1009"}],"collection":[{"href":"https:\/\/teamexact.com\/cs\/wp-json\/wp\/v2\/pages"}],"about":[{"href":"https:\/\/teamexact.com\/cs\/wp-json\/wp\/v2\/types\/page"}],"author":[{"embeddable":true,"href":"https:\/\/teamexact.com\/cs\/wp-json\/wp\/v2\/users\/1"}],"replies":[{"embeddable":true,"href":"https:\/\/teamexact.com\/cs\/wp-json\/wp\/v2\/comments?post=1009"}],"version-history":[{"count":6,"href":"https:\/\/teamexact.com\/cs\/wp-json\/wp\/v2\/pages\/1009\/revisions"}],"predecessor-version":[{"id":3497,"href":"https:\/\/teamexact.com\/cs\/wp-json\/wp\/v2\/pages\/1009\/revisions\/3497"}],"wp:attachment":[{"href":"https:\/\/teamexact.com\/cs\/wp-json\/wp\/v2\/media?parent=1009"}],"curies":[{"name":"wp","href":"https:\/\/api.w.org\/{rel}","templated":true}]}}