{"id":1013,"date":"2015-06-15T14:41:22","date_gmt":"2015-06-15T12:41:22","guid":{"rendered":"http:\/\/exact.lebowski.se\/construction-2\/"},"modified":"2015-07-01T20:10:12","modified_gmt":"2015-07-01T18:10:12","slug":"stavebnictvi","status":"publish","type":"page","link":"https:\/\/teamexact.com\/cs\/stavebnictvi\/","title":{"rendered":"STAVEBNICTV\u00cd"},"content":{"rendered":"<p><strong>U spole\u010dnosti EXACT nic nevynech\u00e1me. V na\u0161\u00ed pr\u00e1ci postupujeme sm\u011brem od nejmen\u0161\u00edch sou\u010d\u00e1st\u00ed ke struktu\u0159e jako celku, abychom v\u00e1m poskytli v\u0161echny p\u0159esn\u00e9 detaily. D\u00edky na\u0161\u00ed expert\u00edze v oblasti pr\u016fzkum\u016f a na\u0161im znalostem a zku\u0161enostem ve v\u0161ech f\u00e1z\u00edch stavby jsme schopni nahl\u00ed\u017eet na konstrukce p\u0159esn\u011bji a stejn\u011b tak precizn\u011bji je i m\u011b\u0159it. EXACT v\u017edy dod\u00e1v\u00e1 p\u0159\u00edhodnou technologii a spr\u00e1vn\u00fd person\u00e1l na m\u00edsto pr\u00e1ce, aby byla ka\u017ed\u00e1 \u00faloha v r\u00e1mci pr\u016fzkumu provedena p\u0159esn\u011b, co nejhospod\u00e1rn\u011bji a v co nejkrat\u0161\u00ed dob\u011b.<\/strong><\/p>\n<p>&nbsp;<\/p>\n<h3>Pr\u016fzkum pro stavby a konstruk\u010dn\u00ed pr\u00e1ce<\/h3>\n<p>Nab\u00edz\u00edme pr\u016fzkumn\u00e9 pr\u00e1ce pro v\u0161echny typy konstrukc\u00ed v\u010detn\u011b obytn\u00fdch budov, kancel\u00e1\u0159sk\u00fdch objekt\u016f, sportovi\u0161\u0165 a pr\u016fmyslov\u00fdch z\u00e1vod\u016f. EXACT prov\u00e1d\u00ed rovn\u011b\u017e konstruk\u010dn\u00ed a kontroln\u00ed pr\u016fzkumy v m\u00edst\u011b stavby pro r\u016fzn\u00e9 stavebn\u00ed struktury, jako nap\u0159\u00edklad mosty, silnice a \u017eelezni\u010dn\u00ed cesty a rovn\u011b\u017e loka\u010dn\u00ed pr\u016fzkumy a vyty\u010dov\u00e1n\u00ed pro potrubn\u00ed veden\u00ed, syst\u00e9my HVAC, v\u00fdtahov\u00e9 \u0161achty, vyasfaltovan\u00e9 plochy, terasy, haldy, z\u00e1klady, betonov\u00e9 r\u00e1my a dal\u0161\u00ed konstrukce.<\/p>\n<h3>Projektov\u00fd management a slu\u017eby klientsk\u00e9 podpory<\/h3>\n<p>U spole\u010dnosti EXACT zajist\u00edme p\u0159esn\u00e1 m\u011b\u0159en\u00ed efektivn\u00edm zp\u016fsobem, podle va\u0161ich p\u0159esn\u00fdch specifikac\u00ed a co nejhospod\u00e1rn\u011bji. Disponujeme rovn\u011b\u017e rozs\u00e1hl\u00fdmi znalostmi a zku\u0161enostmi v oblasti \u0159\u00edzen\u00ed komplexn\u00edch konstruk\u010dn\u00edch projekt\u016f. EXACT v\u00e1m poskytne soustavnou podporu b\u011bhem v\u0161ech f\u00e1z\u00ed va\u0161eho projektu a napom\u016f\u017ee tak zaru\u010dit jeho \u00fasp\u011b\u0161nou realizaci.<\/p>\n<p>Pom\u00e1h\u00e1me v\u00e1m vyhnout se zbyte\u010dn\u00fdm chyb\u00e1m a nedorozum\u011bn\u00edm t\u00edm, \u017ee prozkoum\u00e1me ve\u0161ker\u00e9 dokumenty vztahuj\u00edc\u00ed se k projektu a ov\u011b\u0159\u00edme, zda pln\u00ed stanoven\u00e9 po\u017eadavky, a to je\u0161t\u011b p\u0159ed zapo\u010det\u00edm va\u0161eho projektu, abychom zajistili jeho \u00fasp\u011b\u0161n\u00e9 zah\u00e1jen\u00ed. Vyu\u017eijte v\u00fdhod na\u0161ich pr\u016fb\u011b\u017en\u00fdch slu\u017eeb klientsk\u00e9 podpory b\u011bhem va\u0161eho projektu k ov\u011b\u0159en\u00ed toho, zda jsou dodr\u017eov\u00e1ny v\u0161echny pr\u00e1vn\u00ed smlouvy, p\u0159edpisy a pokyny ohledn\u011b konstruk\u010dn\u00edch toleranc\u00ed. M\u00e1me schopnost efektivn\u00ed komunikace s va\u0161imi smluvn\u00edmi partnery a dok\u00e1\u017eeme ov\u011b\u0159it, zda v\u0161echny strany pod\u00edlej\u00edc\u00ed se na projektu dodr\u017euj\u00ed opat\u0159en\u00ed pro \u0159\u00edzen\u00ed jakosti stanoven\u00e1 v pl\u00e1nech.<\/p>\n<h3>Sledov\u00e1n\u00ed a dohled<\/h3>\n<p>Mnoh\u00e9 stavebn\u00ed projekty prob\u00edhaj\u00ed v ru\u0161n\u00fdch m\u011bstsk\u00fdch oblastech a dal\u0161\u00edch citliv\u00fdch prost\u0159ed\u00edch. Kdy\u017e se prov\u00e1d\u00ed otrysk\u00e1v\u00e1n\u00ed, ra\u017een\u00ed tunel\u016f nebo jsou p\u0159\u00edtomna jin\u00e1 rizika, je nezbytn\u00e9 zajistit bezpe\u010dnost. Poskytujeme inteligentn\u00ed dohled pro maxim\u00e1ln\u00ed bezpe\u010dnost. Dohled je vykon\u00e1v\u00e1n automaticky &#8211; dokonce i v noci, ve st\u00e1tn\u00ed sv\u00e1tky a v prostor\u00e1ch bez povolen\u00ed p\u0159\u00edstupu. Pokud je detekov\u00e1n nadm\u011brn\u00fd pohyb, automaticky je s t\u00edm obezn\u00e1men ur\u010den\u00fd person\u00e1l. Pom\u016f\u017eeme v\u00e1m nainstalovat nezbytn\u00e1 za\u0159\u00edzen\u00ed, definovat parametry a cel\u00fd syst\u00e9m zav\u00e9st do praxe.<\/p>\n<h3>Pr\u016fzkum geodetick\u00fdch s\u00edt\u00ed<\/h3>\n<p>Pr\u016fzkum geodetick\u00fdch s\u00edt\u00ed napom\u00e1h\u00e1 stanovit p\u0159esn\u00e9 um\u00edst\u011bn\u00ed specifick\u00fdch referen\u010dn\u00edch bod\u016f v ter\u00e9nu, kter\u00e9 slou\u017e\u00ed jako vod\u00edtka p\u0159i stavb\u011b silnic, budov nebo p\u0159i p\u0159\u00edprav\u011b digit\u00e1ln\u00edch model\u016f a map. Prov\u00e1d\u00edme pozemn\u00ed i satelitn\u00ed geodetick\u00e9 pr\u016fzkumy s nejvy\u0161\u0161\u00edm stupn\u011bm p\u0159esnosti, kter\u00e9 poskytnou \u0161iroce rozpt\u00fdlen\u00e9 kontroln\u00ed body pro n\u00e1sledn\u00e9 leteck\u00e9 pr\u016fzkumy.<\/p>\n<h3>Skenov\u00e1n\u00ed stiskem tla\u010d\u00edtka (OBS &#8211; One-Button Scanning) a dodate\u010dn\u00e9 zpracov\u00e1n\u00ed<\/h3>\n<p>\u0158e\u0161en\u00ed skenov\u00e1n\u00ed OBS od spole\u010dnosti EXACT umo\u017e\u0148uje extr\u00e9mn\u011b rychl\u00e9, p\u0159esn\u00e9 z\u00edsk\u00e1v\u00e1n\u00ed 3D dat a dodate\u010dn\u00e9 zpracov\u00e1n\u00ed v cloudu stiskem jedin\u00e9ho tla\u010d\u00edtka. OBS je ide\u00e1ln\u00ed pro provozy povrchov\u00fdch dol\u016f a rovn\u011b\u017e pro dal\u0161\u00ed projekty spojen\u00e9 s ter\u00e9nn\u00edmi \u00fapravami a lze je vyu\u017e\u00edvat pro bezpe\u010dn\u00fd, efektivn\u00ed sb\u011br 3D dat z pr\u016fzkum\u016f jak\u00fdchkoli staveb nebo struktur. Rychl\u00e9 dodate\u010dn\u00e9 zpracov\u00e1n\u00ed v cloudu je zam\u011b\u0159eno na registraci dat, generov\u00e1n\u00ed ter\u00e9nu v digit\u00e1ln\u00ed podob\u011b, objemov\u00e9 v\u00fdpo\u010dty a kontrolu projektov\u00e9 3D geometrie\/shody s po\u017eadavky. OBS nevy\u017eaduje speci\u00e1ln\u00ed \u0161kolen\u00ed a lze je implementovat okam\u017eit\u011b v m\u00edst\u011b pou\u017eit\u00ed.<\/p>\n<p>3D skenov\u00e1n\u00ed jedn\u00edm tla\u010d\u00edtkem zvl\u00e1dne kter\u00fdkoli pracovn\u00edk obsluhy na jak\u00e9mkoli pracovi\u0161ti, \u010d\u00edm\u017e lze z\u00edskat p\u0159esn\u00e9 \u00fadaje vysok\u00e9 kvality. Stavebn\u00ed a d\u016fln\u00ed spole\u010dnosti nepot\u0159ebuj\u00ed specialisty na pr\u016fzkumn\u00e9 \u010dinnosti, kte\u0159\u00ed by sb\u00edrali a analyzovali mapov\u00e9 \u00fadaje. Nam\u00edsto toho jsou \u0159adov\u00ed zam\u011bstnanci schopni prov\u00e1d\u011bt sb\u011br spolehliv\u00fdch dat, a tak napom\u00e1hat v ka\u017edodenn\u00edm \u0159\u00edzen\u00ed stavebn\u00edch a d\u016fln\u00edch \u010dinnost\u00ed, co\u017e se odraz\u00ed sn\u00ed\u017een\u00edm n\u00e1klad\u016f a zv\u00fd\u0161en\u00edm zisku. N\u00e1\u0161 schopn\u00fd t\u00fdm kvalifikovan\u00fdch, zku\u0161en\u00fdch specialist\u016f je k dispozici pro \u00fa\u010dely zpracov\u00e1n\u00ed sebran\u00fdch \u00fadaj\u016f podle va\u0161ich pot\u0159eb do 24 hodin od doru\u010den\u00ed. S n\u00e1strojem EXACT Mine Map, na\u0161\u00edm cloudov\u00fdm \u0159e\u0161en\u00edm, bude m\u00edt v\u00e1\u0161 person\u00e1l jedn\u00edm klepnut\u00edm my\u0161\u00ed on-line p\u0159\u00edstup k pokro\u010dil\u00e9mu, individu\u00e1ln\u011b p\u0159izp\u016fsobiteln\u00e9mu dodate\u010dn\u00e9mu zpracov\u00e1n\u00ed.<\/p>\n<p>Informace OBS v\u00e1m mohou pomoci zv\u00fd\u0161it va\u0161i efektivity a sn\u00ed\u017e\u00ed mno\u017estv\u00ed vybaven\u00ed pot\u0159ebn\u00e9ho na va\u0161em pracovi\u0161ti. Uvid\u00edte p\u0159esn\u011b, kolik n\u00e1kladn\u00edch voz\u016f je pot\u0159eba v ka\u017ed\u00e9m n\u00e1kladov\u00e9m prostoru, a m\u016f\u017eete eliminovat n\u00e1klady zp\u016fsoben\u00e9 naj\u00ed\u017ed\u011bc\u00edmi rampami s nevhodn\u00fdm sklonem. V kone\u010dn\u00e9m efektu v\u00e1m OBS umo\u017en\u00ed pou\u017e\u00edvat p\u0159esn\u00e9, aktu\u00e1ln\u00ed informace, abyste dosahovali optim\u00e1ln\u00ed provozn\u00ed v\u00fdkonnosti a bezpe\u010dnosti p\u0159i sou\u010dasn\u00e9m sn\u00ed\u017een\u00ed podnikatelsk\u00fdch rizik. K tomu, aby bylo mo\u017en\u00e9 za\u010d\u00edt, nen\u00ed t\u0159eba \u017e\u00e1dn\u00fdch investic ani odborn\u00edk\u016f. \u0160et\u0159ete s n\u00e1mi \u010das a pen\u00edze.<\/p>\n","protected":false},"excerpt":{"rendered":"<p>U spole\u010dnosti EXACT nic nevynech\u00e1me. V na\u0161\u00ed pr\u00e1ci postupujeme sm\u011brem od nejmen\u0161\u00edch sou\u010d\u00e1st\u00ed ke struktu\u0159e jako celku, abychom v\u00e1m poskytli v\u0161echny p\u0159esn\u00e9 detaily. D\u00edky na\u0161\u00ed expert\u00edze v oblasti pr\u016fzkum\u016f a na\u0161im znalostem a zku\u0161enostem ve v\u0161ech f\u00e1z\u00edch stavby jsme schopni nahl\u00ed\u017eet na konstrukce p\u0159esn\u011bji a stejn\u011b tak precizn\u011bji je i m\u011b\u0159it. EXACT v\u017edy dod\u00e1v\u00e1 p\u0159\u00edhodnou [&hellip;]<\/p>\n","protected":false},"author":1,"featured_media":0,"parent":0,"menu_order":0,"comment_status":"open","ping_status":"open","template":"template-area.php","meta":{"_acf_changed":false,"footnotes":""},"acf":[],"yoast_head":"<!-- This site is optimized with the Yoast SEO plugin v22.2 - https:\/\/yoast.com\/wordpress\/plugins\/seo\/ -->\n<title>STAVEBNICTV\u00cd - EXACT<\/title>\n<meta name=\"robots\" content=\"index, follow, max-snippet:-1, max-image-preview:large, max-video-preview:-1\" \/>\n<link rel=\"canonical\" href=\"https:\/\/teamexact.com\/cs\/stavebnictvi\/\" \/>\n<meta property=\"og:locale\" content=\"cs_CZ\" \/>\n<meta property=\"og:type\" content=\"article\" \/>\n<meta property=\"og:title\" content=\"STAVEBNICTV\u00cd - EXACT\" \/>\n<meta property=\"og:description\" content=\"U spole\u010dnosti EXACT nic nevynech\u00e1me. V na\u0161\u00ed pr\u00e1ci postupujeme sm\u011brem od nejmen\u0161\u00edch sou\u010d\u00e1st\u00ed ke struktu\u0159e jako celku, abychom v\u00e1m poskytli v\u0161echny p\u0159esn\u00e9 detaily. D\u00edky na\u0161\u00ed expert\u00edze v oblasti pr\u016fzkum\u016f a na\u0161im znalostem a zku\u0161enostem ve v\u0161ech f\u00e1z\u00edch stavby jsme schopni nahl\u00ed\u017eet na konstrukce p\u0159esn\u011bji a stejn\u011b tak precizn\u011bji je i m\u011b\u0159it. EXACT v\u017edy dod\u00e1v\u00e1 p\u0159\u00edhodnou [&hellip;]\" \/>\n<meta property=\"og:url\" content=\"https:\/\/teamexact.com\/cs\/stavebnictvi\/\" \/>\n<meta property=\"og:site_name\" content=\"EXACT\" \/>\n<meta property=\"article:modified_time\" content=\"2015-07-01T18:10:12+00:00\" \/>\n<meta name=\"twitter:card\" content=\"summary_large_image\" \/>\n<meta name=\"twitter:label1\" content=\"Odhadovan\u00e1 doba \u010dten\u00ed\" \/>\n\t<meta name=\"twitter:data1\" content=\"5 minut\" \/>\n<script type=\"application\/ld+json\" class=\"yoast-schema-graph\">{\"@context\":\"https:\/\/schema.org\",\"@graph\":[{\"@type\":\"WebPage\",\"@id\":\"https:\/\/teamexact.com\/cs\/stavebnictvi\/\",\"url\":\"https:\/\/teamexact.com\/cs\/stavebnictvi\/\",\"name\":\"STAVEBNICTV\u00cd - EXACT\",\"isPartOf\":{\"@id\":\"https:\/\/teamexact.com\/sv\/#website\"},\"datePublished\":\"2015-06-15T12:41:22+00:00\",\"dateModified\":\"2015-07-01T18:10:12+00:00\",\"breadcrumb\":{\"@id\":\"https:\/\/teamexact.com\/cs\/stavebnictvi\/#breadcrumb\"},\"inLanguage\":\"cs\",\"potentialAction\":[{\"@type\":\"ReadAction\",\"target\":[\"https:\/\/teamexact.com\/cs\/stavebnictvi\/\"]}]},{\"@type\":\"BreadcrumbList\",\"@id\":\"https:\/\/teamexact.com\/cs\/stavebnictvi\/#breadcrumb\",\"itemListElement\":[{\"@type\":\"ListItem\",\"position\":1,\"name\":\"Home\",\"item\":\"https:\/\/teamexact.com\/cs\/\"},{\"@type\":\"ListItem\",\"position\":2,\"name\":\"STAVEBNICTV\u00cd\"}]},{\"@type\":\"WebSite\",\"@id\":\"https:\/\/teamexact.com\/sv\/#website\",\"url\":\"https:\/\/teamexact.com\/sv\/\",\"name\":\"EXACT\",\"description\":\"We see more\",\"potentialAction\":[{\"@type\":\"SearchAction\",\"target\":{\"@type\":\"EntryPoint\",\"urlTemplate\":\"https:\/\/teamexact.com\/sv\/?s={search_term_string}\"},\"query-input\":\"required name=search_term_string\"}],\"inLanguage\":\"cs\"}]}<\/script>\n<!-- \/ Yoast SEO plugin. -->","yoast_head_json":{"title":"STAVEBNICTV\u00cd - EXACT","robots":{"index":"index","follow":"follow","max-snippet":"max-snippet:-1","max-image-preview":"max-image-preview:large","max-video-preview":"max-video-preview:-1"},"canonical":"https:\/\/teamexact.com\/cs\/stavebnictvi\/","og_locale":"cs_CZ","og_type":"article","og_title":"STAVEBNICTV\u00cd - EXACT","og_description":"U spole\u010dnosti EXACT nic nevynech\u00e1me. V na\u0161\u00ed pr\u00e1ci postupujeme sm\u011brem od nejmen\u0161\u00edch sou\u010d\u00e1st\u00ed ke struktu\u0159e jako celku, abychom v\u00e1m poskytli v\u0161echny p\u0159esn\u00e9 detaily. D\u00edky na\u0161\u00ed expert\u00edze v oblasti pr\u016fzkum\u016f a na\u0161im znalostem a zku\u0161enostem ve v\u0161ech f\u00e1z\u00edch stavby jsme schopni nahl\u00ed\u017eet na konstrukce p\u0159esn\u011bji a stejn\u011b tak precizn\u011bji je i m\u011b\u0159it. EXACT v\u017edy dod\u00e1v\u00e1 p\u0159\u00edhodnou [&hellip;]","og_url":"https:\/\/teamexact.com\/cs\/stavebnictvi\/","og_site_name":"EXACT","article_modified_time":"2015-07-01T18:10:12+00:00","twitter_card":"summary_large_image","twitter_misc":{"Odhadovan\u00e1 doba \u010dten\u00ed":"5 minut"},"schema":{"@context":"https:\/\/schema.org","@graph":[{"@type":"WebPage","@id":"https:\/\/teamexact.com\/cs\/stavebnictvi\/","url":"https:\/\/teamexact.com\/cs\/stavebnictvi\/","name":"STAVEBNICTV\u00cd - EXACT","isPartOf":{"@id":"https:\/\/teamexact.com\/sv\/#website"},"datePublished":"2015-06-15T12:41:22+00:00","dateModified":"2015-07-01T18:10:12+00:00","breadcrumb":{"@id":"https:\/\/teamexact.com\/cs\/stavebnictvi\/#breadcrumb"},"inLanguage":"cs","potentialAction":[{"@type":"ReadAction","target":["https:\/\/teamexact.com\/cs\/stavebnictvi\/"]}]},{"@type":"BreadcrumbList","@id":"https:\/\/teamexact.com\/cs\/stavebnictvi\/#breadcrumb","itemListElement":[{"@type":"ListItem","position":1,"name":"Home","item":"https:\/\/teamexact.com\/cs\/"},{"@type":"ListItem","position":2,"name":"STAVEBNICTV\u00cd"}]},{"@type":"WebSite","@id":"https:\/\/teamexact.com\/sv\/#website","url":"https:\/\/teamexact.com\/sv\/","name":"EXACT","description":"We see more","potentialAction":[{"@type":"SearchAction","target":{"@type":"EntryPoint","urlTemplate":"https:\/\/teamexact.com\/sv\/?s={search_term_string}"},"query-input":"required name=search_term_string"}],"inLanguage":"cs"}]}},"_links":{"self":[{"href":"https:\/\/teamexact.com\/cs\/wp-json\/wp\/v2\/pages\/1013"}],"collection":[{"href":"https:\/\/teamexact.com\/cs\/wp-json\/wp\/v2\/pages"}],"about":[{"href":"https:\/\/teamexact.com\/cs\/wp-json\/wp\/v2\/types\/page"}],"author":[{"embeddable":true,"href":"https:\/\/teamexact.com\/cs\/wp-json\/wp\/v2\/users\/1"}],"replies":[{"embeddable":true,"href":"https:\/\/teamexact.com\/cs\/wp-json\/wp\/v2\/comments?post=1013"}],"version-history":[{"count":3,"href":"https:\/\/teamexact.com\/cs\/wp-json\/wp\/v2\/pages\/1013\/revisions"}],"predecessor-version":[{"id":1572,"href":"https:\/\/teamexact.com\/cs\/wp-json\/wp\/v2\/pages\/1013\/revisions\/1572"}],"wp:attachment":[{"href":"https:\/\/teamexact.com\/cs\/wp-json\/wp\/v2\/media?parent=1013"}],"curies":[{"name":"wp","href":"https:\/\/api.w.org\/{rel}","templated":true}]}}