{"id":1016,"date":"2015-06-15T14:44:35","date_gmt":"2015-06-15T12:44:35","guid":{"rendered":"http:\/\/exact.lebowski.se\/infrastructure-2\/"},"modified":"2016-04-14T14:17:15","modified_gmt":"2016-04-14T12:17:15","slug":"infrastruktura","status":"publish","type":"page","link":"https:\/\/teamexact.com\/cs\/infrastruktura\/","title":{"rendered":"INFRASTRUKTURA"},"content":{"rendered":"<p><strong>\u010clenov\u00e9 t\u00fdmu EXACT jsou \u010dasto prvn\u00ed profesion\u00e1lov\u00e9 na pracovi\u0161ti a \u010dasto se na n\u011b vracej\u00ed, aby zajistili, \u017ee vy budete m\u00edt p\u0159esn\u00e9 v\u00fdsledky m\u011b\u0159en\u00ed pot\u0159ebn\u00e9 k postupu s va\u0161\u00edm projektem a k jeho \u00fasp\u011b\u0161n\u00e9mu dokon\u010den\u00ed. Prov\u00e1d\u00edme \u010dast\u00e1 m\u011b\u0159en\u00ed, abychom mohli pravideln\u011b d\u00e1vat rady architekt\u016fm, technik\u016fm a smluvn\u00edm partner\u016fm, aby tak v\u00e1\u0161 projekt z\u016fstal ve spr\u00e1vn\u00fdch kolej\u00edch. P\u0159esn\u011b ur\u010d\u00edme m\u00edsto, kde by m\u011bl za\u010d\u00ednat a kon\u010dit most, silnice nebo podzemn\u00ed tunel, a stanov\u00edme tak\u00e9 p\u0159esn\u00e1 m\u00edsta pro telefonn\u00ed veden\u00ed, elektrick\u00e1 veden\u00ed, potrub\u00ed, kanaliza\u010dn\u00ed propusti a dal\u0161\u00ed syst\u00e9my in\u017een\u00fdrsk\u00fdch s\u00edt\u00ed. EXACT zajist\u00ed v\u011bt\u0161\u00ed kontrolu nad projektem a jednodu\u0161\u0161\u00ed pr\u016fb\u011bh pracovn\u00edch dn\u00ed.<\/strong><\/p>\n<p>&nbsp;<\/p>\n<h3>Odbornost pro podpovrchov\u00e9 \u010dinnosti<\/h3>\n<p>Spole\u010dnost EXACT nashrom\u00e1\u017edila v\u00edce ne\u017e 10 let zku\u0161enost\u00ed v oblasti d\u016fln\u00edch \u010dinnost\u00ed a budov\u00e1n\u00ed tunel\u016f prost\u0159ednictv\u00edm sv\u00e9 pr\u00e1ce ve Skandin\u00e1vii a v \u010cesk\u00e9 republice. Podpovrchov\u00e9 pr\u00e1ce jsou komplexn\u00ed a sk\u00fdtaj\u00ed \u0159adu potenci\u00e1ln\u00edch probl\u00e9m\u016f z d\u016fvodu n\u00e1ro\u010dn\u00fdch podm\u00ednek dan\u00fdch omezen\u00fdm prostorem, zne\u010di\u0161t\u011bn\u00edm vzduchu, hlukem a vibracemi. Je zde rovn\u011b\u017e riziko spojen\u00e9 s p\u00e1dem hornin, s toxick\u00fdmi plyny a v\u00fdbuchem. \u010clenov\u00e9 t\u00fdmu EXACT p\u0159esn\u011b v\u011bd\u00ed, co je pot\u0159eba k zachov\u00e1n\u00ed bezpe\u010dnosti a udr\u017een\u00ed spr\u00e1vn\u00e9ho sm\u011bru k c\u00edli b\u011bhem podpovrchov\u00fdch prac\u00ed v dolech a projektech na budov\u00e1n\u00ed tunel\u016f. Velmi r\u00e1di se s v\u00e1mi o na\u0161e znalosti a zku\u0161enosti pod\u011bl\u00edme. Prov\u00e1d\u00edme pr\u016fzkum pro podpovrchov\u00e9 stavby, 3D laserov\u00e9 skenov\u00e1n\u00ed, kvalitativn\u00ed kontroly tunel\u016f, hmotnostn\u00ed v\u00fdpo\u010dty, v\u00fdpo\u010dty mez\u00ed zhroucen\u00ed nadlo\u017e\u00ed a podlo\u017e\u00ed, optimalizaci zemn\u00edch prac\u00ed a rovn\u011b\u017e obecn\u00e9 \u0159\u00edzen\u00ed a sledov\u00e1n\u00ed projekt\u016f.<\/p>\n<h3>Inteligentn\u00ed strojn\u00ed za\u0159\u00edzen\u00ed a vybaven\u00ed<\/h3>\n<p>Pou\u017e\u00edv\u00e1n\u00ed automatizovan\u00fdch strojn\u00edch za\u0159\u00edzen\u00ed tvo\u0159\u00ed integr\u00e1ln\u00ed sou\u010d\u00e1st v\u011bt\u0161iny stavebn\u00edch projekt\u016f, z \u010deho\u017e vypl\u00fdvaj\u00ed dal\u0161\u00ed \u00faspory a nav\u00fd\u0161en\u00ed p\u0159esnosti. Pom\u016f\u017eeme v\u00e1m ur\u010dit ty automatizovan\u00e9 syst\u00e9my, kter\u00e9 jsou nejvhodn\u011bj\u0161\u00ed pro va\u0161e pot\u0159eby, abyste se mohli co nejrychleji v\u011bnovat sv\u00e9 produktivn\u00ed \u010dinnosti. Vytvo\u0159\u00edme a poskytneme 3D modely z projektov\u00fdch v\u00fdkres\u016f a nahrajeme je do \u0159\u00eddic\u00edch syst\u00e9m\u016f stroj\u016f. Poskytneme referen\u010dn\u00ed body a n\u00e1sledn\u011b zajist\u00edme, aby stroje automaticky komunikovaly a \u0159\u00e1dn\u011b koordinovaly prov\u00e1d\u011bn\u00e9 pr\u00e1ce. \u010clenov\u00e9 na\u0161eho t\u00fdmu budou p\u0159\u00edtomni na pracovi\u0161ti, aby uvedli automatizovan\u00e9 syst\u00e9my do provozu, aby ov\u011b\u0159ili, \u017ee v\u0161e funguje spr\u00e1vn\u011b, a aby podali person\u00e1lu pokyny a \u0161kolen\u00ed tak, \u017ee ka\u017ed\u00fd, kdo se na va\u0161em projektu bude pod\u00edlet, bude m\u00edt aktu\u00e1ln\u00ed informace a znalosti.<\/p>\n<h3>P\u0159\u00edstroje a vybaven\u00ed k pron\u00e1jmu<\/h3>\n<p>Vedle poskytov\u00e1n\u00ed odborn\u00fdch konzulta\u010dn\u00edch slu\u017eeb ohledn\u011b \u0159\u00edzen\u00ed stroj\u016f nab\u00edz\u00ed EXACT rovn\u011b\u017e k pron\u00e1jmu m\u011b\u0159ic\u00ed p\u0159\u00edstroje a vybaven\u00ed pro prov\u00e1d\u011bn\u00ed pr\u016fzkum\u016f s nejlep\u0161\u00edmi vlastnostmi na trhu. Udr\u017eujeme rozs\u00e1hl\u00fd sklad stroj\u016f, abychom mohli na\u0161e specialisty na prov\u00e1d\u011bn\u00ed pr\u016fzkum\u016f vybavovat v\u017edy t\u011bmi nejpokro\u010dilej\u0161\u00edmi p\u0159\u00edstroji a n\u00e1stroji. Zaji\u0161\u0165ujeme rovn\u011b\u017e pr\u016fb\u011b\u017en\u00fd servis za\u0159\u00edzen\u00ed, abychom optimalizovali produktivitu od po\u010d\u00e1tku a\u017e do dokon\u010den\u00ed projektu.<\/p>\n<h3>Kvantitativn\u00ed pr\u016fzkum<\/h3>\n<p>\u010clenov\u00e9 t\u00fdmu EXACT maj\u00ed za sebou mnoho let zku\u0161enost\u00ed s kvantitativn\u00edm pr\u016fzkumem. Od po\u010d\u00e1te\u010dn\u00edho okam\u017eiku stavby a\u017e do dokon\u010den\u00ed projektu se pracovn\u00edk kvantitativn\u00edho pr\u016fzkumu pod\u00edl\u00ed na pl\u00e1nov\u00e1n\u00ed n\u00e1klad\u016f, smluvn\u00edch jedn\u00e1n\u00edch a projektov\u00e9m managementu. EXACT shroma\u017e\u010fuje data poch\u00e1zej\u00edc\u00ed z n\u011bkolika pr\u016fzkumn\u00fdch metod &#8211; nap\u0159\u00edklad laserov\u00e9 skenov\u00e1n\u00ed, GPS a syst\u00e9m Total Station &#8211; abychom v\u00e1m pomohli zajistit, \u017ee v\u00e1\u0161 projekt si uchov\u00e1 efektivitu a profitabilitu.<\/p>\n<h3>\u017delezni\u010dn\u00ed pr\u016fzkum<\/h3>\n<p>T\u00fdm EXACT pro prov\u00e1d\u011bn\u00ed \u017eelezni\u010dn\u00edch pr\u016fzkum\u016f je slo\u017een z odborn\u00edk\u016f specializuj\u00edc\u00edch se na stavby \u017eelezni\u010dn\u00edch a podzemn\u00edch kolejov\u00fdch trat\u00ed a na s nimi spojen\u00e9 projekty na \u00fadr\u017ebu a renovaci po cel\u00e9 Evrop\u011b. Na\u0161e t\u00fdmy disponuj\u00ed nezbytn\u00fdmi znalostmi, schopnostmi, zku\u0161enostmi a technick\u00fdmi zdroji, aby mohly dodat p\u0159esn\u00e9 informace rychle a udr\u017eely v\u00e1\u0161 projekt na spr\u00e1vn\u00e9 koleji. Proto\u017ee pr\u00e1ce v \u017eelezni\u010dn\u00edm prost\u0159ed\u00ed je zvl\u00e1\u0161\u0165 n\u00e1ro\u010dn\u00e1, v\u0161ichni \u010dlenov\u00e9 t\u00fdmu EXACT pro prov\u00e1d\u011bn\u00ed \u017eelezni\u010dn\u00edch pr\u016fzkum\u016f proch\u00e1zej\u00ed autoriza\u010dn\u00edmi a bezpe\u010dnostn\u00edmi kurzy. Dokumentace je u \u017eelezni\u010dn\u00edch projekt\u016f zvl\u00e1\u0161t\u011b podstatn\u00e1 k dodr\u017een\u00ed po\u017eadavk\u016f n\u00e1rodn\u00edch \u017eelezni\u010dn\u00edch spr\u00e1vn\u00edch \u00fa\u0159ad\u016f a my poskytujeme podrobnou dokumentaci re\u00e1ln\u00e9ho stavu podle va\u0161ich specifick\u00fdch pot\u0159eb.<\/p>\n<h3>Mobiln\u00ed 3D skenov\u00e1n\u00ed<\/h3>\n<p>Exact 3D kontroln\u00ed v\u016fz, vybaven\u00ed 3D laserov\u00fdm skenerem, na\u0161emu t\u00fdmu umo\u017e\u0148uje prov\u00e1d\u011bt rychl\u00e9 pr\u016fzkumy povrchu zem\u011b a sb\u00edrat p\u0159esn\u00e1 prostorov\u00e1 data. Kontroln\u00ed v\u016fz je zvl\u00e1\u0161\u0165 u\u017eite\u010dn\u00fd p\u0159i vytv\u00e1\u0159en\u00ed topografick\u00fdch map, obrysov\u00fdch povrchov\u00fdch pl\u00e1n\u016f, 3D vizualizac\u00ed a digit\u00e1ln\u00edch model\u016f ter\u00e9nu (DMT). Jsme schopni za jedin\u00fd den uv\u00e9st do m\u011b\u0159\u00edtka zmapovan\u00e9 oblasti o rozloze a\u017e jeden milion metr\u016f \u010dtvere\u010dn\u00edch a m\u011b\u0159it i ty nejdrobn\u011bj\u0161\u00ed detaily s maxim\u00e1ln\u00ed p\u0159esnost\u00ed d\u00edky tomu, \u017ee spol\u00e9h\u00e1me na nejnov\u011bj\u0161\u00ed prost\u0159edky v r\u00e1mci technologie laserov\u00e9ho skenov\u00e1n\u00ed.<\/p>\n<h3>Exact Street<\/h3>\n<p>EXACT Street p\u0159edstavuje jedinou pr\u016fzkumnou technologii ve sv\u00e9 t\u0159\u00edd\u011b, kter\u00e1 zaru\u010duje m\u011b\u0159en\u00ed silnic s p\u0159esnost\u00ed do 2 mm od pevn\u00fdch bod\u016f, kter\u00e1 z n\u00ed \u010din\u00ed neodmyslitelnou technologii pro obor modern\u00ed stavby silnic a jejich oprav. Zjednodu\u0161te budouc\u00ed pl\u00e1nov\u00e1n\u00ed a opravy silnic d\u00edky p\u0159esn\u00fdm, obs\u00e1hl\u00fdm \u00fadaj\u016fm a podrobn\u00fdm map\u00e1m. A\u0165 ji\u017e se star\u00e1te o silnice mezi obcemi, ulice ve m\u011bstech nebo o d\u00e1lnice, EXACT Street v\u00e1m m\u016f\u017ee u\u0161et\u0159it \u010das i pen\u00edze.<\/p>\n<p>EXACT Street v\u00e1m pom\u016f\u017ee podstatn\u00fdm zp\u016fsobem u\u0161et\u0159it p\u0159i budov\u00e1n\u00ed nov\u00fdch silnic, prodlou\u017eit \u017eivotnost opraven\u00fdch m\u00edst a udr\u017eet mno\u017estv\u00ed a \u010das uzav\u00edrek na minimu. \u00dasp\u011b\u0161n\u00e9 projekty stavby silnic spol\u00e9haj\u00ed na technologii EXACT Street v pr\u016fb\u011bhu cel\u00e9ho trv\u00e1n\u00ed projektu a slou\u017e\u00ed tak\u00e9 jako z\u00e1klad pro 3D modely. Optimalizovan\u00fd 3D projekt silnice z EXACT Street (silnice s nov\u00fdm profilem) v\u00e1m napom\u016f\u017ee vizualizovat parametry silnice IRI, odvod\u0148ov\u00e1n\u00ed povrchu silnice, pod\u00e9ln\u00e9 a p\u0159\u00ed\u010dn\u00e9 nerovnosti a charakteristiku sklonu povrchu.<\/p>\n<p>Sni\u017ete n\u00e1klady za zbyte\u010dn\u00e9 rekonstrukce t\u00edm, \u017ee se zam\u011b\u0159\u00edte nam\u00edsto toho na dos\u00e1hnut\u00ed rovn\u00e9ho povrchu silnice s jednolit\u00fdmi asfaltov\u00fdmi vrstvami a odpov\u00eddaj\u00edc\u00edm odvod\u0148ov\u00e1n\u00edm, \u010d\u00edm\u017e p\u0159isp\u011bjete k dlouhotrvaj\u00edc\u00edmu j\u00edzdn\u00edmu komfortu a bezpe\u010dnosti.<\/p>\n<h3>Skenov\u00e1n\u00ed stiskem tla\u010d\u00edtka (OBS &#8211; One-Button Scanning) a dodate\u010dn\u00e9 zpracov\u00e1n\u00ed<\/h3>\n<p>\u0158e\u0161en\u00ed skenov\u00e1n\u00ed OBS od spole\u010dnosti EXACT umo\u017e\u0148uje extr\u00e9mn\u011b rychl\u00e9, p\u0159esn\u00e9 z\u00edsk\u00e1v\u00e1n\u00ed 3D dat a dodate\u010dn\u00e9 zpracov\u00e1n\u00ed v cloudu stiskem jedin\u00e9ho tla\u010d\u00edtka. OBS je ide\u00e1ln\u00ed pro provozy povrchov\u00fdch dol\u016f a rovn\u011b\u017e pro dal\u0161\u00ed projekty spojen\u00e9 s ter\u00e9nn\u00edmi \u00fapravami a lze je vyu\u017e\u00edvat pro bezpe\u010dn\u00fd, efektivn\u00ed sb\u011br 3D dat z pr\u016fzkum\u016f jak\u00fdchkoli staveb nebo struktur. Rychl\u00e9 dodate\u010dn\u00e9 zpracov\u00e1n\u00ed v cloudu je zam\u011b\u0159eno na registraci dat, generov\u00e1n\u00ed ter\u00e9nu v digit\u00e1ln\u00ed podob\u011b, objemov\u00e9 v\u00fdpo\u010dty a kontrolu projektov\u00e9 3D geometrie\/shody s po\u017eadavky. OBS nevy\u017eaduje speci\u00e1ln\u00ed \u0161kolen\u00ed a lze je implementovat okam\u017eit\u011b v m\u00edst\u011b pou\u017eit\u00ed.<\/p>\n<p>3D skenov\u00e1n\u00ed jedn\u00edm tla\u010d\u00edtkem zvl\u00e1dne kter\u00fdkoli pracovn\u00edk obsluhy na jak\u00e9mkoli pracovi\u0161ti, \u010d\u00edm\u017e lze z\u00edskat p\u0159esn\u00e9 \u00fadaje vysok\u00e9 kvality. Stavebn\u00ed a d\u016fln\u00ed spole\u010dnosti nepot\u0159ebuj\u00ed specialisty na pr\u016fzkumn\u00e9 \u010dinnosti, kte\u0159\u00ed by sb\u00edrali a analyzovali mapov\u00e9 \u00fadaje. Nam\u00edsto toho jsou \u0159adov\u00ed zam\u011bstnanci schopni prov\u00e1d\u011bt sb\u011br spolehliv\u00fdch dat, a tak napom\u00e1hat v ka\u017edodenn\u00edm \u0159\u00edzen\u00ed stavebn\u00edch a d\u016fln\u00edch \u010dinnost\u00ed, co\u017e se odraz\u00ed sn\u00ed\u017een\u00edm n\u00e1klad\u016f a zv\u00fd\u0161en\u00edm zisku. N\u00e1\u0161 schopn\u00fd t\u00fdm kvalifikovan\u00fdch, zku\u0161en\u00fdch specialist\u016f je k dispozici pro \u00fa\u010dely zpracov\u00e1n\u00ed sebran\u00fdch \u00fadaj\u016f podle va\u0161ich pot\u0159eb do 24 hodin od doru\u010den\u00ed. S n\u00e1strojem EXACT Mine Map, na\u0161\u00edm cloudov\u00fdm \u0159e\u0161en\u00edm, bude m\u00edt v\u00e1\u0161 person\u00e1l jedn\u00edm klepnut\u00edm my\u0161\u00ed on-line p\u0159\u00edstup k pokro\u010dil\u00e9mu, individu\u00e1ln\u011b p\u0159izp\u016fsobiteln\u00e9mu dodate\u010dn\u00e9mu zpracov\u00e1n\u00ed.<\/p>\n<p>Informace OBS v\u00e1m mohou pomoci zv\u00fd\u0161it va\u0161i efektivity a sn\u00ed\u017e\u00ed mno\u017estv\u00ed vybaven\u00ed pot\u0159ebn\u00e9ho na va\u0161em pracovi\u0161ti. Uvid\u00edte p\u0159esn\u011b, kolik n\u00e1kladn\u00edch voz\u016f je pot\u0159eba v ka\u017ed\u00e9m n\u00e1kladov\u00e9m prostoru, a m\u016f\u017eete eliminovat n\u00e1klady zp\u016fsoben\u00e9 naj\u00ed\u017ed\u011bc\u00edmi rampami s nevhodn\u00fdm sklonem. V kone\u010dn\u00e9m efektu v\u00e1m OBS umo\u017en\u00ed pou\u017e\u00edvat p\u0159esn\u00e9, aktu\u00e1ln\u00ed informace, abyste dosahovali optim\u00e1ln\u00ed provozn\u00ed v\u00fdkonnosti a bezpe\u010dnosti p\u0159i sou\u010dasn\u00e9m sn\u00ed\u017een\u00ed podnikatelsk\u00fdch rizik. K tomu, aby bylo mo\u017en\u00e9 za\u010d\u00edt, nen\u00ed t\u0159eba \u017e\u00e1dn\u00fdch investic ani odborn\u00edk\u016f. \u0160et\u0159ete s n\u00e1mi \u010das a pen\u00edze.<\/p>\n","protected":false},"excerpt":{"rendered":"<p>\u010clenov\u00e9 t\u00fdmu EXACT jsou \u010dasto prvn\u00ed profesion\u00e1lov\u00e9 na pracovi\u0161ti a \u010dasto se na n\u011b vracej\u00ed, aby zajistili, \u017ee vy budete m\u00edt p\u0159esn\u00e9 v\u00fdsledky m\u011b\u0159en\u00ed pot\u0159ebn\u00e9 k postupu s va\u0161\u00edm projektem a k jeho \u00fasp\u011b\u0161n\u00e9mu dokon\u010den\u00ed. Prov\u00e1d\u00edme \u010dast\u00e1 m\u011b\u0159en\u00ed, abychom mohli pravideln\u011b d\u00e1vat rady architekt\u016fm, technik\u016fm a smluvn\u00edm partner\u016fm, aby tak v\u00e1\u0161 projekt z\u016fstal ve spr\u00e1vn\u00fdch [&hellip;]<\/p>\n","protected":false},"author":1,"featured_media":0,"parent":0,"menu_order":0,"comment_status":"open","ping_status":"open","template":"template-area.php","meta":{"_acf_changed":false,"footnotes":""},"acf":[],"yoast_head":"<!-- This site is optimized with the Yoast SEO plugin v22.2 - https:\/\/yoast.com\/wordpress\/plugins\/seo\/ -->\n<title>INFRASTRUKTURA - EXACT<\/title>\n<meta name=\"robots\" content=\"index, follow, max-snippet:-1, max-image-preview:large, max-video-preview:-1\" \/>\n<link rel=\"canonical\" href=\"https:\/\/teamexact.com\/cs\/infrastruktura\/\" \/>\n<meta property=\"og:locale\" content=\"cs_CZ\" \/>\n<meta property=\"og:type\" content=\"article\" \/>\n<meta property=\"og:title\" content=\"INFRASTRUKTURA - EXACT\" \/>\n<meta property=\"og:description\" content=\"\u010clenov\u00e9 t\u00fdmu EXACT jsou \u010dasto prvn\u00ed profesion\u00e1lov\u00e9 na pracovi\u0161ti a \u010dasto se na n\u011b vracej\u00ed, aby zajistili, \u017ee vy budete m\u00edt p\u0159esn\u00e9 v\u00fdsledky m\u011b\u0159en\u00ed pot\u0159ebn\u00e9 k postupu s va\u0161\u00edm projektem a k jeho \u00fasp\u011b\u0161n\u00e9mu dokon\u010den\u00ed. Prov\u00e1d\u00edme \u010dast\u00e1 m\u011b\u0159en\u00ed, abychom mohli pravideln\u011b d\u00e1vat rady architekt\u016fm, technik\u016fm a smluvn\u00edm partner\u016fm, aby tak v\u00e1\u0161 projekt z\u016fstal ve spr\u00e1vn\u00fdch [&hellip;]\" \/>\n<meta property=\"og:url\" content=\"https:\/\/teamexact.com\/cs\/infrastruktura\/\" \/>\n<meta property=\"og:site_name\" content=\"EXACT\" \/>\n<meta property=\"article:modified_time\" content=\"2016-04-14T12:17:15+00:00\" \/>\n<meta name=\"twitter:card\" content=\"summary_large_image\" \/>\n<meta name=\"twitter:label1\" content=\"Odhadovan\u00e1 doba \u010dten\u00ed\" \/>\n\t<meta name=\"twitter:data1\" content=\"8 minut\" \/>\n<script type=\"application\/ld+json\" class=\"yoast-schema-graph\">{\"@context\":\"https:\/\/schema.org\",\"@graph\":[{\"@type\":\"WebPage\",\"@id\":\"https:\/\/teamexact.com\/cs\/infrastruktura\/\",\"url\":\"https:\/\/teamexact.com\/cs\/infrastruktura\/\",\"name\":\"INFRASTRUKTURA - EXACT\",\"isPartOf\":{\"@id\":\"https:\/\/teamexact.com\/sv\/#website\"},\"datePublished\":\"2015-06-15T12:44:35+00:00\",\"dateModified\":\"2016-04-14T12:17:15+00:00\",\"breadcrumb\":{\"@id\":\"https:\/\/teamexact.com\/cs\/infrastruktura\/#breadcrumb\"},\"inLanguage\":\"cs\",\"potentialAction\":[{\"@type\":\"ReadAction\",\"target\":[\"https:\/\/teamexact.com\/cs\/infrastruktura\/\"]}]},{\"@type\":\"BreadcrumbList\",\"@id\":\"https:\/\/teamexact.com\/cs\/infrastruktura\/#breadcrumb\",\"itemListElement\":[{\"@type\":\"ListItem\",\"position\":1,\"name\":\"Home\",\"item\":\"https:\/\/teamexact.com\/cs\/\"},{\"@type\":\"ListItem\",\"position\":2,\"name\":\"INFRASTRUKTURA\"}]},{\"@type\":\"WebSite\",\"@id\":\"https:\/\/teamexact.com\/sv\/#website\",\"url\":\"https:\/\/teamexact.com\/sv\/\",\"name\":\"EXACT\",\"description\":\"We see more\",\"potentialAction\":[{\"@type\":\"SearchAction\",\"target\":{\"@type\":\"EntryPoint\",\"urlTemplate\":\"https:\/\/teamexact.com\/sv\/?s={search_term_string}\"},\"query-input\":\"required name=search_term_string\"}],\"inLanguage\":\"cs\"}]}<\/script>\n<!-- \/ Yoast SEO plugin. -->","yoast_head_json":{"title":"INFRASTRUKTURA - EXACT","robots":{"index":"index","follow":"follow","max-snippet":"max-snippet:-1","max-image-preview":"max-image-preview:large","max-video-preview":"max-video-preview:-1"},"canonical":"https:\/\/teamexact.com\/cs\/infrastruktura\/","og_locale":"cs_CZ","og_type":"article","og_title":"INFRASTRUKTURA - EXACT","og_description":"\u010clenov\u00e9 t\u00fdmu EXACT jsou \u010dasto prvn\u00ed profesion\u00e1lov\u00e9 na pracovi\u0161ti a \u010dasto se na n\u011b vracej\u00ed, aby zajistili, \u017ee vy budete m\u00edt p\u0159esn\u00e9 v\u00fdsledky m\u011b\u0159en\u00ed pot\u0159ebn\u00e9 k postupu s va\u0161\u00edm projektem a k jeho \u00fasp\u011b\u0161n\u00e9mu dokon\u010den\u00ed. Prov\u00e1d\u00edme \u010dast\u00e1 m\u011b\u0159en\u00ed, abychom mohli pravideln\u011b d\u00e1vat rady architekt\u016fm, technik\u016fm a smluvn\u00edm partner\u016fm, aby tak v\u00e1\u0161 projekt z\u016fstal ve spr\u00e1vn\u00fdch [&hellip;]","og_url":"https:\/\/teamexact.com\/cs\/infrastruktura\/","og_site_name":"EXACT","article_modified_time":"2016-04-14T12:17:15+00:00","twitter_card":"summary_large_image","twitter_misc":{"Odhadovan\u00e1 doba \u010dten\u00ed":"8 minut"},"schema":{"@context":"https:\/\/schema.org","@graph":[{"@type":"WebPage","@id":"https:\/\/teamexact.com\/cs\/infrastruktura\/","url":"https:\/\/teamexact.com\/cs\/infrastruktura\/","name":"INFRASTRUKTURA - EXACT","isPartOf":{"@id":"https:\/\/teamexact.com\/sv\/#website"},"datePublished":"2015-06-15T12:44:35+00:00","dateModified":"2016-04-14T12:17:15+00:00","breadcrumb":{"@id":"https:\/\/teamexact.com\/cs\/infrastruktura\/#breadcrumb"},"inLanguage":"cs","potentialAction":[{"@type":"ReadAction","target":["https:\/\/teamexact.com\/cs\/infrastruktura\/"]}]},{"@type":"BreadcrumbList","@id":"https:\/\/teamexact.com\/cs\/infrastruktura\/#breadcrumb","itemListElement":[{"@type":"ListItem","position":1,"name":"Home","item":"https:\/\/teamexact.com\/cs\/"},{"@type":"ListItem","position":2,"name":"INFRASTRUKTURA"}]},{"@type":"WebSite","@id":"https:\/\/teamexact.com\/sv\/#website","url":"https:\/\/teamexact.com\/sv\/","name":"EXACT","description":"We see more","potentialAction":[{"@type":"SearchAction","target":{"@type":"EntryPoint","urlTemplate":"https:\/\/teamexact.com\/sv\/?s={search_term_string}"},"query-input":"required name=search_term_string"}],"inLanguage":"cs"}]}},"_links":{"self":[{"href":"https:\/\/teamexact.com\/cs\/wp-json\/wp\/v2\/pages\/1016"}],"collection":[{"href":"https:\/\/teamexact.com\/cs\/wp-json\/wp\/v2\/pages"}],"about":[{"href":"https:\/\/teamexact.com\/cs\/wp-json\/wp\/v2\/types\/page"}],"author":[{"embeddable":true,"href":"https:\/\/teamexact.com\/cs\/wp-json\/wp\/v2\/users\/1"}],"replies":[{"embeddable":true,"href":"https:\/\/teamexact.com\/cs\/wp-json\/wp\/v2\/comments?post=1016"}],"version-history":[{"count":5,"href":"https:\/\/teamexact.com\/cs\/wp-json\/wp\/v2\/pages\/1016\/revisions"}],"predecessor-version":[{"id":2088,"href":"https:\/\/teamexact.com\/cs\/wp-json\/wp\/v2\/pages\/1016\/revisions\/2088"}],"wp:attachment":[{"href":"https:\/\/teamexact.com\/cs\/wp-json\/wp\/v2\/media?parent=1016"}],"curies":[{"name":"wp","href":"https:\/\/api.w.org\/{rel}","templated":true}]}}