{"id":1019,"date":"2015-06-15T14:48:22","date_gmt":"2015-06-15T12:48:22","guid":{"rendered":"http:\/\/exact.lebowski.se\/design-engineering-2\/"},"modified":"2015-07-01T20:11:18","modified_gmt":"2015-07-01T18:11:18","slug":"projektove-inzenyrstvi","status":"publish","type":"page","link":"https:\/\/teamexact.com\/cs\/projektove-inzenyrstvi\/","title":{"rendered":"PROJEKTOV\u00c9 IN\u017dEN\u00ddRSTV\u00cd"},"content":{"rendered":"<p><strong>Pe\u010dliv\u011b prozkoum\u00e1me jednotliv\u00e9 prvky a podm\u00ednky va\u0161eho navrhovan\u00e9ho stanovi\u0161t\u011b stavby a okoln\u00ed oblasti je\u0161t\u011b p\u0159ed po\u010d\u00e1tkem pl\u00e1nov\u00e1n\u00ed projektu a zapo\u010det\u00edm stavby. Dod\u00e1me v\u00e1m p\u0159esn\u00e9 nam\u011b\u0159en\u00e9 \u00fadaje, kter\u00e9 pot\u0159ebujete k p\u0159etvo\u0159en\u00ed va\u0161ich n\u00e1pad\u016f do fyzick\u00fdch konstrukc\u00ed. Na\u0161i schopn\u00ed pr\u016fzkumn\u00ed pracovn\u00edci spolupracuj\u00ed \u00fazce s architekty, projektanty a design\u00e9ry a spole\u010dn\u011b vyv\u00edjej\u00ed pr\u016fzkumn\u00e9 v\u00fdkresy, kter\u00e9 se pozd\u011bji zapracuj\u00ed do technick\u00fdch projek\u010dn\u00edch pl\u00e1n\u016f. Spolehn\u011bte se na znalosti a zku\u0161enosti na\u0161ich odborn\u00edk\u016f, d\u00edky kter\u00fdm v\u00e1m pomohou p\u0159ekonat ve\u0161ker\u00e9 p\u0159ek\u00e1\u017eky a rozpoznat nov\u00e9 mo\u017enosti.<\/strong><\/p>\n<p>&nbsp;<\/p>\n<h3>Topografick\u00fd pr\u016fzkum<\/h3>\n<p>Kdy\u017e je pot\u0159eba odborn\u00fdch schopnost\u00ed a kvalifikac\u00ed, jsme partnerem, na kter\u00e9ho se m\u016f\u017eete spolehnout. EXACT je velk\u00e1 a zaveden\u00e1 organizace s dostatkem person\u00e1ln\u00edho a technick\u00e9ho zaji\u0161t\u011bn\u00ed, a va\u0161e projekty a zad\u00e1n\u00ed tak nikdy nebudou stagnovat. T\u00fdm EXACT pro topografick\u00fd pr\u016fzkum se skl\u00e1d\u00e1 ze specialist\u016f na dokumentaci pro projektov\u00e9 pl\u00e1nov\u00e1n\u00ed. Na\u0161\u00edm zam\u011b\u0159en\u00edm je kvalita a p\u0159esnost. Poskytujeme rovn\u011b\u017e p\u0159esn\u00e1 m\u011b\u0159en\u00ed z leteck\u00fdch c\u00edlen\u00fdch pr\u016fzkum\u016f.<\/p>\n<p>Prov\u00e1d\u00edme pozemn\u00ed pr\u016fzkumy a dod\u00e1v\u00e1me nam\u011b\u0159en\u00e9 \u00fadaje p\u0159ipraven\u00e9 k p\u0159\u00edm\u00e9mu vyu\u017eit\u00ed a ter\u00e9nn\u00ed modely pro va\u0161e projekty. Na\u0161e expert\u00edza a vybaven\u00ed jsou rovn\u011b\u017e vhodn\u00e9 pro podrobn\u00e9 pr\u016fzkumy pr\u016fmyslov\u00fdch oblast\u00ed, kde je vy\u017eadov\u00e1na vysok\u00e1 preciznost a znalost specifick\u00fdch pr\u016fmyslov\u00fdch metod a za\u0159\u00edzen\u00ed. \u010casto jsme pov\u011b\u0159eni ustavit leteck\u00e9 kontroln\u00ed c\u00edle pro r\u016fzn\u00e9 typy leteck\u00e9ho sn\u00edmkov\u00e1n\u00ed a velmi r\u00e1di p\u0159ijmeme plnou odpov\u011bdnost pro pr\u016fzkumy prov\u00e1d\u011bn\u00e9 z vrtuln\u00edku a vztahuj\u00edc\u00ed se k va\u0161emu projektu.<\/p>\n<h3>Bezobslu\u017en\u00e9 leteck\u00e9 prost\u0159edky<\/h3>\n<p>Vedle prov\u00e1d\u011bn\u00ed pozemn\u00edch pr\u016fzkum\u016f v ter\u00e9nu vyu\u017e\u00edv\u00e1me rovn\u011b\u017e technologie leteck\u00e9ho laserov\u00e9ho skenov\u00e1n\u00ed a UAV (bezobslu\u017en\u00e9 leteck\u00e9 prost\u0159edky &#8211; Unmanned Aerial Vehicles). UAV je velmi u\u017eite\u010dn\u00fd n\u00e1stroj pou\u017e\u00edvan\u00fd ke sb\u011bru dat pro kontroly, dohledov\u00e9 \u010dinnosti, mapov\u00e1n\u00ed a 3D modelov\u00e1n\u00ed. Doporu\u010dujeme toto \u0159e\u0161en\u00ed pomoc\u00ed prost\u0159edku s pevn\u00fdmi k\u0159\u00eddly a n\u011bkolika rotory pro tvorbu ortofotografick\u00fdch sn\u00edmk\u016f a 3D mapov\u00e1n\u00ed va\u0161\u00ed infrastruktury a d\u016fln\u00edch pracovi\u0161\u0165. Na\u0161e \u0159e\u0161en\u00ed na z\u00e1klad\u011b UAV je chytr\u00fdm zp\u016fsobem uchov\u00e1v\u00e1n\u00ed aktu\u00e1lnosti informac\u00ed o va\u0161em pracovi\u0161ti.<\/p>\n<h3>Informa\u010dn\u00ed modelov\u00e1n\u00ed budov<\/h3>\n<p>3D pr\u016fzkumy a modely od n\u00e1s ze spole\u010dnosti EXACT p\u0159edstavuj\u00ed v\u00fdchoz\u00ed bod pro jak\u00fdkoli \u00fasp\u011b\u0161n\u00fd projekt informa\u010dn\u00edho modelov\u00e1n\u00ed budov (BIM). Dod\u00e1v\u00e1me data BIM, kter\u00e1 pot\u0159ebujete k podpo\u0159en\u00ed chytr\u00e9ho rozhodov\u00e1n\u00ed ohledn\u011b va\u0161ich staveb. Vyu\u017e\u00edv\u00e1me 3D technologie skenov\u00e1n\u00ed k vytvo\u0159en\u00ed p\u0159esn\u00fdch digit\u00e1ln\u00edch model\u016f, kter\u00e9 pomohou va\u0161im architekt\u016fm, projektant\u016fm a design\u00e9r\u016fm vizualizovat tvar a funkci, aby bylo mo\u017en\u00e9 p\u0159edpov\u011bd\u011bt n\u00e1klady a proaktivn\u011b prov\u00e9st eventu\u00e1ln\u011b nezbytn\u00e9 zm\u011bny. EXACT v\u00e1m pom\u00e1h\u00e1 \u010dinit chytr\u00e1 rozhodnut\u00ed d\u0159\u00edve v procesu, vyhnout se t\u00edm n\u00e1kladn\u00fdm chyb\u00e1m a zajistit v\u00fdstavbu kvalitn\u011b vybudovan\u00fdch, n\u00e1kladov\u011b a energeticky efektivn\u00edch staveb.<\/p>\n<h3>Hydrografick\u00fd pr\u016fzkum<\/h3>\n<p>EXACT poskytuje slu\u017eby pr\u016fzkumu ozv\u011bnov\u00fdm hloubkom\u011brem v jezerech, \u0159ek\u00e1ch, vodn\u00edch n\u00e1dr\u017e\u00edch a u mo\u0159sk\u00e9ho dna a\u017e do hloubky p\u0159ibli\u017en\u011b 80 metr\u016f. Ozv\u011bny echolotu, GPS a m\u011b\u0159en\u00ed nadmo\u0159sk\u00e9 v\u00fd\u0161ky se zpracov\u00e1vaj\u00ed do podoby ter\u00e9nn\u00edch model\u016f, kter\u00e9 lze dod\u00e1vat bu\u010f samostatn\u011b, nebo v kombinaci s daty z pozemn\u00edch m\u011b\u0159en\u00ed.<\/p>\n<p>Aby bylo mo\u017en\u00e9 zachytit dostatek dat a aby se zamezilo zbyte\u010dn\u00fdm prodlev\u00e1m, vy\u017eaduje pr\u016fzkum v mo\u0159sk\u00e9m prost\u0159ed\u00ed specializovan\u00fd person\u00e1l se zku\u0161enostmi v hydrografii a se znalost\u00ed toho, co tvo\u0159\u00ed sou\u010d\u00e1sti pr\u016fzkumu vysok\u00e9 kvality. To je d\u016fvod k tomu, pro\u010d spol\u00e9h\u00e1me pouze na schopn\u00e9 a zku\u0161en\u00e9 pr\u016fzkumn\u00edky.<\/p>\n<h3>Pr\u016fzkum geodetick\u00fdch s\u00edt\u00ed<\/h3>\n<p>Pr\u016fzkum geodetick\u00fdch s\u00edt\u00ed napom\u00e1h\u00e1 stanovit p\u0159esn\u00e9 um\u00edst\u011bn\u00ed specifick\u00fdch referen\u010dn\u00edch bod\u016f v ter\u00e9nu, kter\u00e9 slou\u017e\u00ed jako vod\u00edtka p\u0159i stavb\u011b silnic, budov nebo p\u0159i p\u0159\u00edprav\u011b digit\u00e1ln\u00edch model\u016f a map. Prov\u00e1d\u00edme pozemn\u00ed i satelitn\u00ed geodetick\u00e9 pr\u016fzkumy s nejvy\u0161\u0161\u00edm stupn\u011bm p\u0159esnosti, kter\u00e9 poskytnou \u0161iroce rozpt\u00fdlen\u00e9 kontroln\u00ed body.<\/p>\n<h3>Katastr\u00e1ln\u00ed pr\u016fzkum a hranice pozemk\u016f<\/h3>\n<p>Dod\u00e1v\u00e1me pr\u00e1vn\u011b platn\u00e1 nam\u011b\u0159en\u00e1 data, kter\u00e1 pot\u0159ebujete k stanoven\u00ed hranic pozemk\u016f nebo k vytvo\u0159en\u00ed nov\u00e9ho pozemku rozd\u011blen\u00edm nebo slou\u010den\u00edm t\u011bch st\u00e1vaj\u00edc\u00edch. M\u011b\u0159\u00edme a shroma\u017e\u010fujeme \u00fadaje pro h\u0159bitovn\u00ed mapy a mapy nadzemn\u00edch a podzemn\u00edch kabel\u016f a potrub\u00ed in\u017een\u00fdrsk\u00fdch s\u00edt\u00ed. Mapy jsou k dispozici v 2D a 3D a zahrnuj\u00ed vlastnosti GIS a souvisej\u00edc\u00ed informace. Spole\u010dnost EXACT je schopna p\u0159ijmout plnou odpov\u011bdnost za v\u0161echny f\u00e1ze mapovac\u00edho projektu &#8211; od volby metody m\u011b\u0159en\u00ed vhodn\u00e9 pro danou oblast a\u017e po sestaven\u00ed dat ve v\u00e1mi zvolen\u00e9m syst\u00e9mu. Na\u0161\u00ed nejsiln\u011bj\u0161\u00ed str\u00e1nkou je rychlost dod\u00e1n\u00ed. Spole\u010dnost Exact m\u00e1 rovn\u011b\u017e velmi rozs\u00e1hlou geografickou oblast p\u016fsobnosti a person\u00e1ln\u00ed zdroje, aby byla schopna dod\u00e1vat v\u00fdsledky nejvy\u0161\u0161\u00ed kvality bez ohledu na um\u00edst\u011bn\u00ed projektu.<\/p>\n","protected":false},"excerpt":{"rendered":"<p>Pe\u010dliv\u011b prozkoum\u00e1me jednotliv\u00e9 prvky a podm\u00ednky va\u0161eho navrhovan\u00e9ho stanovi\u0161t\u011b stavby a okoln\u00ed oblasti je\u0161t\u011b p\u0159ed po\u010d\u00e1tkem pl\u00e1nov\u00e1n\u00ed projektu a zapo\u010det\u00edm stavby. Dod\u00e1me v\u00e1m p\u0159esn\u00e9 nam\u011b\u0159en\u00e9 \u00fadaje, kter\u00e9 pot\u0159ebujete k p\u0159etvo\u0159en\u00ed va\u0161ich n\u00e1pad\u016f do fyzick\u00fdch konstrukc\u00ed. Na\u0161i schopn\u00ed pr\u016fzkumn\u00ed pracovn\u00edci spolupracuj\u00ed \u00fazce s architekty, projektanty a design\u00e9ry a spole\u010dn\u011b vyv\u00edjej\u00ed pr\u016fzkumn\u00e9 v\u00fdkresy, kter\u00e9 se pozd\u011bji zapracuj\u00ed [&hellip;]<\/p>\n","protected":false},"author":1,"featured_media":0,"parent":0,"menu_order":0,"comment_status":"open","ping_status":"open","template":"template-area.php","meta":{"_acf_changed":false,"footnotes":""},"acf":[],"yoast_head":"<!-- This site is optimized with the Yoast SEO plugin v22.2 - https:\/\/yoast.com\/wordpress\/plugins\/seo\/ -->\n<title>PROJEKTOV\u00c9 IN\u017dEN\u00ddRSTV\u00cd - EXACT<\/title>\n<meta name=\"robots\" content=\"index, follow, max-snippet:-1, max-image-preview:large, max-video-preview:-1\" \/>\n<link rel=\"canonical\" href=\"https:\/\/teamexact.com\/cs\/projektove-inzenyrstvi\/\" \/>\n<meta property=\"og:locale\" content=\"cs_CZ\" \/>\n<meta property=\"og:type\" content=\"article\" \/>\n<meta property=\"og:title\" content=\"PROJEKTOV\u00c9 IN\u017dEN\u00ddRSTV\u00cd - EXACT\" \/>\n<meta property=\"og:description\" content=\"Pe\u010dliv\u011b prozkoum\u00e1me jednotliv\u00e9 prvky a podm\u00ednky va\u0161eho navrhovan\u00e9ho stanovi\u0161t\u011b stavby a okoln\u00ed oblasti je\u0161t\u011b p\u0159ed po\u010d\u00e1tkem pl\u00e1nov\u00e1n\u00ed projektu a zapo\u010det\u00edm stavby. Dod\u00e1me v\u00e1m p\u0159esn\u00e9 nam\u011b\u0159en\u00e9 \u00fadaje, kter\u00e9 pot\u0159ebujete k p\u0159etvo\u0159en\u00ed va\u0161ich n\u00e1pad\u016f do fyzick\u00fdch konstrukc\u00ed. Na\u0161i schopn\u00ed pr\u016fzkumn\u00ed pracovn\u00edci spolupracuj\u00ed \u00fazce s architekty, projektanty a design\u00e9ry a spole\u010dn\u011b vyv\u00edjej\u00ed pr\u016fzkumn\u00e9 v\u00fdkresy, kter\u00e9 se pozd\u011bji zapracuj\u00ed [&hellip;]\" \/>\n<meta property=\"og:url\" content=\"https:\/\/teamexact.com\/cs\/projektove-inzenyrstvi\/\" \/>\n<meta property=\"og:site_name\" content=\"EXACT\" \/>\n<meta property=\"article:modified_time\" content=\"2015-07-01T18:11:18+00:00\" \/>\n<meta name=\"twitter:card\" content=\"summary_large_image\" \/>\n<meta name=\"twitter:label1\" content=\"Odhadovan\u00e1 doba \u010dten\u00ed\" \/>\n\t<meta name=\"twitter:data1\" content=\"5 minut\" \/>\n<script type=\"application\/ld+json\" class=\"yoast-schema-graph\">{\"@context\":\"https:\/\/schema.org\",\"@graph\":[{\"@type\":\"WebPage\",\"@id\":\"https:\/\/teamexact.com\/cs\/projektove-inzenyrstvi\/\",\"url\":\"https:\/\/teamexact.com\/cs\/projektove-inzenyrstvi\/\",\"name\":\"PROJEKTOV\u00c9 IN\u017dEN\u00ddRSTV\u00cd - EXACT\",\"isPartOf\":{\"@id\":\"https:\/\/teamexact.com\/sv\/#website\"},\"datePublished\":\"2015-06-15T12:48:22+00:00\",\"dateModified\":\"2015-07-01T18:11:18+00:00\",\"breadcrumb\":{\"@id\":\"https:\/\/teamexact.com\/cs\/projektove-inzenyrstvi\/#breadcrumb\"},\"inLanguage\":\"cs\",\"potentialAction\":[{\"@type\":\"ReadAction\",\"target\":[\"https:\/\/teamexact.com\/cs\/projektove-inzenyrstvi\/\"]}]},{\"@type\":\"BreadcrumbList\",\"@id\":\"https:\/\/teamexact.com\/cs\/projektove-inzenyrstvi\/#breadcrumb\",\"itemListElement\":[{\"@type\":\"ListItem\",\"position\":1,\"name\":\"Home\",\"item\":\"https:\/\/teamexact.com\/cs\/\"},{\"@type\":\"ListItem\",\"position\":2,\"name\":\"PROJEKTOV\u00c9 IN\u017dEN\u00ddRSTV\u00cd\"}]},{\"@type\":\"WebSite\",\"@id\":\"https:\/\/teamexact.com\/sv\/#website\",\"url\":\"https:\/\/teamexact.com\/sv\/\",\"name\":\"EXACT\",\"description\":\"We see more\",\"potentialAction\":[{\"@type\":\"SearchAction\",\"target\":{\"@type\":\"EntryPoint\",\"urlTemplate\":\"https:\/\/teamexact.com\/sv\/?s={search_term_string}\"},\"query-input\":\"required name=search_term_string\"}],\"inLanguage\":\"cs\"}]}<\/script>\n<!-- \/ Yoast SEO plugin. -->","yoast_head_json":{"title":"PROJEKTOV\u00c9 IN\u017dEN\u00ddRSTV\u00cd - EXACT","robots":{"index":"index","follow":"follow","max-snippet":"max-snippet:-1","max-image-preview":"max-image-preview:large","max-video-preview":"max-video-preview:-1"},"canonical":"https:\/\/teamexact.com\/cs\/projektove-inzenyrstvi\/","og_locale":"cs_CZ","og_type":"article","og_title":"PROJEKTOV\u00c9 IN\u017dEN\u00ddRSTV\u00cd - EXACT","og_description":"Pe\u010dliv\u011b prozkoum\u00e1me jednotliv\u00e9 prvky a podm\u00ednky va\u0161eho navrhovan\u00e9ho stanovi\u0161t\u011b stavby a okoln\u00ed oblasti je\u0161t\u011b p\u0159ed po\u010d\u00e1tkem pl\u00e1nov\u00e1n\u00ed projektu a zapo\u010det\u00edm stavby. Dod\u00e1me v\u00e1m p\u0159esn\u00e9 nam\u011b\u0159en\u00e9 \u00fadaje, kter\u00e9 pot\u0159ebujete k p\u0159etvo\u0159en\u00ed va\u0161ich n\u00e1pad\u016f do fyzick\u00fdch konstrukc\u00ed. Na\u0161i schopn\u00ed pr\u016fzkumn\u00ed pracovn\u00edci spolupracuj\u00ed \u00fazce s architekty, projektanty a design\u00e9ry a spole\u010dn\u011b vyv\u00edjej\u00ed pr\u016fzkumn\u00e9 v\u00fdkresy, kter\u00e9 se pozd\u011bji zapracuj\u00ed [&hellip;]","og_url":"https:\/\/teamexact.com\/cs\/projektove-inzenyrstvi\/","og_site_name":"EXACT","article_modified_time":"2015-07-01T18:11:18+00:00","twitter_card":"summary_large_image","twitter_misc":{"Odhadovan\u00e1 doba \u010dten\u00ed":"5 minut"},"schema":{"@context":"https:\/\/schema.org","@graph":[{"@type":"WebPage","@id":"https:\/\/teamexact.com\/cs\/projektove-inzenyrstvi\/","url":"https:\/\/teamexact.com\/cs\/projektove-inzenyrstvi\/","name":"PROJEKTOV\u00c9 IN\u017dEN\u00ddRSTV\u00cd - EXACT","isPartOf":{"@id":"https:\/\/teamexact.com\/sv\/#website"},"datePublished":"2015-06-15T12:48:22+00:00","dateModified":"2015-07-01T18:11:18+00:00","breadcrumb":{"@id":"https:\/\/teamexact.com\/cs\/projektove-inzenyrstvi\/#breadcrumb"},"inLanguage":"cs","potentialAction":[{"@type":"ReadAction","target":["https:\/\/teamexact.com\/cs\/projektove-inzenyrstvi\/"]}]},{"@type":"BreadcrumbList","@id":"https:\/\/teamexact.com\/cs\/projektove-inzenyrstvi\/#breadcrumb","itemListElement":[{"@type":"ListItem","position":1,"name":"Home","item":"https:\/\/teamexact.com\/cs\/"},{"@type":"ListItem","position":2,"name":"PROJEKTOV\u00c9 IN\u017dEN\u00ddRSTV\u00cd"}]},{"@type":"WebSite","@id":"https:\/\/teamexact.com\/sv\/#website","url":"https:\/\/teamexact.com\/sv\/","name":"EXACT","description":"We see more","potentialAction":[{"@type":"SearchAction","target":{"@type":"EntryPoint","urlTemplate":"https:\/\/teamexact.com\/sv\/?s={search_term_string}"},"query-input":"required name=search_term_string"}],"inLanguage":"cs"}]}},"_links":{"self":[{"href":"https:\/\/teamexact.com\/cs\/wp-json\/wp\/v2\/pages\/1019"}],"collection":[{"href":"https:\/\/teamexact.com\/cs\/wp-json\/wp\/v2\/pages"}],"about":[{"href":"https:\/\/teamexact.com\/cs\/wp-json\/wp\/v2\/types\/page"}],"author":[{"embeddable":true,"href":"https:\/\/teamexact.com\/cs\/wp-json\/wp\/v2\/users\/1"}],"replies":[{"embeddable":true,"href":"https:\/\/teamexact.com\/cs\/wp-json\/wp\/v2\/comments?post=1019"}],"version-history":[{"count":4,"href":"https:\/\/teamexact.com\/cs\/wp-json\/wp\/v2\/pages\/1019\/revisions"}],"predecessor-version":[{"id":1574,"href":"https:\/\/teamexact.com\/cs\/wp-json\/wp\/v2\/pages\/1019\/revisions\/1574"}],"wp:attachment":[{"href":"https:\/\/teamexact.com\/cs\/wp-json\/wp\/v2\/media?parent=1019"}],"curies":[{"name":"wp","href":"https:\/\/api.w.org\/{rel}","templated":true}]}}