{"id":1025,"date":"2015-06-15T14:50:08","date_gmt":"2015-06-15T12:50:08","guid":{"rendered":"http:\/\/exact.lebowski.se\/industry-surveying-2\/"},"modified":"2015-07-01T20:12:03","modified_gmt":"2015-07-01T18:12:03","slug":"prumyslovy-pruzkum","status":"publish","type":"page","link":"https:\/\/teamexact.com\/cs\/prumyslovy-pruzkum\/","title":{"rendered":"PR\u016eMYSLOV\u00dd PR\u016eZKUM"},"content":{"rendered":"<p><strong>Nab\u00edz\u00edme \u0161irokou paletu slu\u017eeb v oblasti pr\u016fmyslov\u00e9ho v\u00fdzkumu &#8211; od intern\u00edho pr\u016fzkumu pr\u016fmyslov\u00fdch z\u00e1vod\u016f a\u017e po extern\u00ed pr\u016fzkum v n\u00e1ro\u010dn\u00fdch prost\u0159ed\u00edch. M\u011b\u0159en\u00ed s n\u00e1le\u017eitou p\u0159esnost\u00ed v n\u00e1ro\u010dn\u00fdch prost\u0159ed\u00edch vy\u017eaduje pou\u017eit\u00ed nejpokro\u010dilej\u0161\u00edch technologi\u00ed a nasazen\u00ed vysoce kvalifikovan\u00e9ho person\u00e1lu. Pr\u016fzkumn\u00ed pracovn\u00edci musej\u00ed \u010dasto pracovat ve st\u00edsn\u011bn\u00fdch prostor\u00e1ch a za velmi n\u00e1ro\u010dn\u00fdch podm\u00ednek. Pr\u016fzkumn\u00edci spole\u010dnosti EXACT jsou odoln\u00ed, znal\u00ed a schopn\u00ed a disponuj\u00ed zna\u010dn\u00fdmi zku\u0161enostmi z r\u016fznorod\u00fdch projekt\u016f v r\u016fzn\u00fdch pr\u016fmyslov\u00fdch oborech. M\u016f\u017eeme v\u00e1m zaru\u010dit pov\u011b\u0159en\u00ed informovan\u00fdch, zku\u0161en\u00fdch pr\u016fzkumn\u00edk\u016f, kter\u00e9 pot\u0159ebujete k \u0159\u00e1dn\u00e9mu proveden\u00ed zadan\u00fdch \u00fakol\u016f.<\/strong><\/p>\n<p>&nbsp;<\/p>\n<h3>N\u00e1mo\u0159n\u00ed pr\u016fzkumy pro ropn\u00fd a plyn\u00e1rensk\u00fd pr\u016fmysl<\/h3>\n<p>U spole\u010dnosti EXACT v\u00edme, \u017ee nejkriti\u010dt\u011bj\u0161\u00edm faktorem p\u0159i pr\u00e1ci na mo\u0159i je \u010das. Laserov\u00fd skener je proto ide\u00e1ln\u00edm n\u00e1strojem k poskytnut\u00ed p\u0159esn\u00e9, vysoce podrobn\u00e9 bodov\u00e9 3D matrice. Na\u0161e pr\u016fzkumy vrtac\u00edch soustav a plavidel jsou zalo\u017eeny na referen\u010dn\u00edm sou\u0159adnicov\u00e9m syst\u00e9mu XYZ. Obvykle m\u011b\u0159\u00edme dan\u00fd objekt na mo\u0159e a pot\u00e9 prov\u00e1d\u00edme jeho modelov\u00e1n\u00ed v kancel\u00e1\u0159i na sou\u0161i. Spole\u010dnost EXACT rovn\u011b\u017e prov\u00e1d\u00ed ov\u011b\u0159ovac\u00ed pr\u016fzkumy k zaji\u0161t\u011bn\u00ed dokumentace re\u00e1ln\u00e9ho stavu.<\/p>\n<h3>Pr\u016fzkumy pr\u016fmyslov\u00fdch za\u0159\u00edzen\u00ed<\/h3>\n<p>Co je zm\u011b\u0159eno, d\u00e1 se \u0159\u00eddit. EXACT provede pr\u016fzkum va\u0161eho pr\u016fmyslov\u00e9ho z\u00e1vodu pro zmapov\u00e1n\u00ed p\u0159esn\u00fdch um\u00edst\u011bn\u00ed strojn\u00edch vybaven\u00ed, p\u0159i\u010dem\u017e vytvo\u0159\u00ed pl\u00e1n uspo\u0159\u00e1d\u00e1n\u00ed z\u00e1klad\u016f, prostorov\u00fdch obrys\u016f stroj\u016f, osy stroj\u016f a uspo\u0159\u00e1d\u00e1n\u00ed z\u00e1kladn\u00ed \u00farovn\u011b a z\u00e1kladov\u00e9 desky. Pom\u016f\u017eeme v\u00e1m s proveden\u00edm p\u0159esn\u00fdch m\u011b\u0159en\u00ed, kter\u00e1 pot\u0159ebujete k \u00fasp\u011b\u0161n\u00e9 instalaci pr\u016fmyslov\u00fdch za\u0159\u00edzen\u00ed a kontrole polohov\u00e9ho vyrovn\u00e1n\u00ed p\u0159esn\u00fdch strojn\u00edch za\u0159\u00edzen\u00ed, jako nap\u0159\u00edklad v\u00e1lcovac\u00edch stroj\u016f, k zaji\u0161t\u011bn\u00ed toho, aby se v\u00e1\u0161 produkt (ocel, pap\u00edr, plast atd.) nedeformoval nebo nevyb\u00edhal mimo hranu v\u00e1lc\u016f. Dok\u00e1\u017eeme prov\u00e1d\u011bt detailn\u00ed m\u011b\u0159en\u00ed v\u00e1lcov\u00fdch tvar\u016f a kalibrovat z\u00e1sobn\u00ed z\u00e1dr\u017ee v souladu se specifikacemi ISO a prov\u00e1d\u011bt kontrolu a dokumentaci vyrovn\u00e1n\u00ed.<\/p>\n<h3>Pr\u016fzkum pr\u016fmyslov\u00e9ho z\u00e1vodu<\/h3>\n<p>Konzultanti spole\u010dnosti Exact vyu\u017e\u00edvaj\u00ed nejnov\u011bj\u0161\u00ed technologie pro laserov\u00e9 skenov\u00e1n\u00ed a 3D modelov\u00e1n\u00ed k prov\u00e1d\u011bn\u00ed kompletn\u00edch pr\u016fzkum\u016f va\u0161ich za\u0159\u00edzen\u00ed, aby v\u00e1m pomohli v podpo\u0159e a proveden\u00ed dopl\u0148uj\u00edc\u00edch roz\u0161\u00ed\u0159en\u00ed z\u00e1vod\u016f, p\u0159estaveb, renovac\u00ed, v\u00fdm\u011bn a \u010dinnost\u00ed spojen\u00fdch s \u00fadr\u017ebou. M\u011b\u0159\u00edme a zaznamen\u00e1me podm\u00ednky re\u00e1ln\u00e9ho stavu a zmapujeme a vymodelujeme za\u0159\u00edzen\u00ed, syst\u00e9my, konstrukce, potrubn\u00ed veden\u00ed, vybaven\u00ed a v\u0161echny st\u00e1vaj\u00edc\u00ed sou\u010d\u00e1sti a zaneseme je do 3D projektov\u00e9ho modelu. Pom\u016f\u017eeme v\u00e1m zjistit p\u0159esn\u00e9 um\u00edst\u011bn\u00ed v z\u00e1sad\u011b ka\u017ed\u00e9ho prvku ve va\u0161em z\u00e1vodu a jeho relativn\u00ed pozici v\u016f\u010di dal\u0161\u00edm objekt\u016fm. Spole\u010dnost Exact v\u00e1m pom\u016f\u017ee z\u00edskat kompletn\u00ed kontrolu nad technickou a projek\u010dn\u00ed str\u00e1nkou va\u0161eho za\u0159\u00edzen\u00ed.<\/p>\n","protected":false},"excerpt":{"rendered":"<p>Nab\u00edz\u00edme \u0161irokou paletu slu\u017eeb v oblasti pr\u016fmyslov\u00e9ho v\u00fdzkumu &#8211; od intern\u00edho pr\u016fzkumu pr\u016fmyslov\u00fdch z\u00e1vod\u016f a\u017e po extern\u00ed pr\u016fzkum v n\u00e1ro\u010dn\u00fdch prost\u0159ed\u00edch. M\u011b\u0159en\u00ed s n\u00e1le\u017eitou p\u0159esnost\u00ed v n\u00e1ro\u010dn\u00fdch prost\u0159ed\u00edch vy\u017eaduje pou\u017eit\u00ed nejpokro\u010dilej\u0161\u00edch technologi\u00ed a nasazen\u00ed vysoce kvalifikovan\u00e9ho person\u00e1lu. Pr\u016fzkumn\u00ed pracovn\u00edci musej\u00ed \u010dasto pracovat ve st\u00edsn\u011bn\u00fdch prostor\u00e1ch a za velmi n\u00e1ro\u010dn\u00fdch podm\u00ednek. Pr\u016fzkumn\u00edci spole\u010dnosti EXACT jsou odoln\u00ed, [&hellip;]<\/p>\n","protected":false},"author":1,"featured_media":0,"parent":0,"menu_order":0,"comment_status":"open","ping_status":"open","template":"template-area.php","meta":{"_acf_changed":false,"footnotes":""},"acf":[],"yoast_head":"<!-- This site is optimized with the Yoast SEO plugin v22.2 - https:\/\/yoast.com\/wordpress\/plugins\/seo\/ -->\n<title>PR\u016eMYSLOV\u00dd PR\u016eZKUM - EXACT<\/title>\n<meta name=\"robots\" content=\"index, follow, max-snippet:-1, max-image-preview:large, max-video-preview:-1\" \/>\n<link rel=\"canonical\" href=\"https:\/\/teamexact.com\/cs\/prumyslovy-pruzkum\/\" \/>\n<meta property=\"og:locale\" content=\"cs_CZ\" \/>\n<meta property=\"og:type\" content=\"article\" \/>\n<meta property=\"og:title\" content=\"PR\u016eMYSLOV\u00dd PR\u016eZKUM - EXACT\" \/>\n<meta property=\"og:description\" content=\"Nab\u00edz\u00edme \u0161irokou paletu slu\u017eeb v oblasti pr\u016fmyslov\u00e9ho v\u00fdzkumu &#8211; od intern\u00edho pr\u016fzkumu pr\u016fmyslov\u00fdch z\u00e1vod\u016f a\u017e po extern\u00ed pr\u016fzkum v n\u00e1ro\u010dn\u00fdch prost\u0159ed\u00edch. M\u011b\u0159en\u00ed s n\u00e1le\u017eitou p\u0159esnost\u00ed v n\u00e1ro\u010dn\u00fdch prost\u0159ed\u00edch vy\u017eaduje pou\u017eit\u00ed nejpokro\u010dilej\u0161\u00edch technologi\u00ed a nasazen\u00ed vysoce kvalifikovan\u00e9ho person\u00e1lu. Pr\u016fzkumn\u00ed pracovn\u00edci musej\u00ed \u010dasto pracovat ve st\u00edsn\u011bn\u00fdch prostor\u00e1ch a za velmi n\u00e1ro\u010dn\u00fdch podm\u00ednek. Pr\u016fzkumn\u00edci spole\u010dnosti EXACT jsou odoln\u00ed, [&hellip;]\" \/>\n<meta property=\"og:url\" content=\"https:\/\/teamexact.com\/cs\/prumyslovy-pruzkum\/\" \/>\n<meta property=\"og:site_name\" content=\"EXACT\" \/>\n<meta property=\"article:modified_time\" content=\"2015-07-01T18:12:03+00:00\" \/>\n<meta name=\"twitter:card\" content=\"summary_large_image\" \/>\n<meta name=\"twitter:label1\" content=\"Odhadovan\u00e1 doba \u010dten\u00ed\" \/>\n\t<meta name=\"twitter:data1\" content=\"3 minuty\" \/>\n<script type=\"application\/ld+json\" class=\"yoast-schema-graph\">{\"@context\":\"https:\/\/schema.org\",\"@graph\":[{\"@type\":\"WebPage\",\"@id\":\"https:\/\/teamexact.com\/cs\/prumyslovy-pruzkum\/\",\"url\":\"https:\/\/teamexact.com\/cs\/prumyslovy-pruzkum\/\",\"name\":\"PR\u016eMYSLOV\u00dd PR\u016eZKUM - EXACT\",\"isPartOf\":{\"@id\":\"https:\/\/teamexact.com\/sv\/#website\"},\"datePublished\":\"2015-06-15T12:50:08+00:00\",\"dateModified\":\"2015-07-01T18:12:03+00:00\",\"breadcrumb\":{\"@id\":\"https:\/\/teamexact.com\/cs\/prumyslovy-pruzkum\/#breadcrumb\"},\"inLanguage\":\"cs\",\"potentialAction\":[{\"@type\":\"ReadAction\",\"target\":[\"https:\/\/teamexact.com\/cs\/prumyslovy-pruzkum\/\"]}]},{\"@type\":\"BreadcrumbList\",\"@id\":\"https:\/\/teamexact.com\/cs\/prumyslovy-pruzkum\/#breadcrumb\",\"itemListElement\":[{\"@type\":\"ListItem\",\"position\":1,\"name\":\"Home\",\"item\":\"https:\/\/teamexact.com\/cs\/\"},{\"@type\":\"ListItem\",\"position\":2,\"name\":\"PR\u016eMYSLOV\u00dd PR\u016eZKUM\"}]},{\"@type\":\"WebSite\",\"@id\":\"https:\/\/teamexact.com\/sv\/#website\",\"url\":\"https:\/\/teamexact.com\/sv\/\",\"name\":\"EXACT\",\"description\":\"We see more\",\"potentialAction\":[{\"@type\":\"SearchAction\",\"target\":{\"@type\":\"EntryPoint\",\"urlTemplate\":\"https:\/\/teamexact.com\/sv\/?s={search_term_string}\"},\"query-input\":\"required name=search_term_string\"}],\"inLanguage\":\"cs\"}]}<\/script>\n<!-- \/ Yoast SEO plugin. -->","yoast_head_json":{"title":"PR\u016eMYSLOV\u00dd PR\u016eZKUM - EXACT","robots":{"index":"index","follow":"follow","max-snippet":"max-snippet:-1","max-image-preview":"max-image-preview:large","max-video-preview":"max-video-preview:-1"},"canonical":"https:\/\/teamexact.com\/cs\/prumyslovy-pruzkum\/","og_locale":"cs_CZ","og_type":"article","og_title":"PR\u016eMYSLOV\u00dd PR\u016eZKUM - EXACT","og_description":"Nab\u00edz\u00edme \u0161irokou paletu slu\u017eeb v oblasti pr\u016fmyslov\u00e9ho v\u00fdzkumu &#8211; od intern\u00edho pr\u016fzkumu pr\u016fmyslov\u00fdch z\u00e1vod\u016f a\u017e po extern\u00ed pr\u016fzkum v n\u00e1ro\u010dn\u00fdch prost\u0159ed\u00edch. M\u011b\u0159en\u00ed s n\u00e1le\u017eitou p\u0159esnost\u00ed v n\u00e1ro\u010dn\u00fdch prost\u0159ed\u00edch vy\u017eaduje pou\u017eit\u00ed nejpokro\u010dilej\u0161\u00edch technologi\u00ed a nasazen\u00ed vysoce kvalifikovan\u00e9ho person\u00e1lu. Pr\u016fzkumn\u00ed pracovn\u00edci musej\u00ed \u010dasto pracovat ve st\u00edsn\u011bn\u00fdch prostor\u00e1ch a za velmi n\u00e1ro\u010dn\u00fdch podm\u00ednek. Pr\u016fzkumn\u00edci spole\u010dnosti EXACT jsou odoln\u00ed, [&hellip;]","og_url":"https:\/\/teamexact.com\/cs\/prumyslovy-pruzkum\/","og_site_name":"EXACT","article_modified_time":"2015-07-01T18:12:03+00:00","twitter_card":"summary_large_image","twitter_misc":{"Odhadovan\u00e1 doba \u010dten\u00ed":"3 minuty"},"schema":{"@context":"https:\/\/schema.org","@graph":[{"@type":"WebPage","@id":"https:\/\/teamexact.com\/cs\/prumyslovy-pruzkum\/","url":"https:\/\/teamexact.com\/cs\/prumyslovy-pruzkum\/","name":"PR\u016eMYSLOV\u00dd PR\u016eZKUM - EXACT","isPartOf":{"@id":"https:\/\/teamexact.com\/sv\/#website"},"datePublished":"2015-06-15T12:50:08+00:00","dateModified":"2015-07-01T18:12:03+00:00","breadcrumb":{"@id":"https:\/\/teamexact.com\/cs\/prumyslovy-pruzkum\/#breadcrumb"},"inLanguage":"cs","potentialAction":[{"@type":"ReadAction","target":["https:\/\/teamexact.com\/cs\/prumyslovy-pruzkum\/"]}]},{"@type":"BreadcrumbList","@id":"https:\/\/teamexact.com\/cs\/prumyslovy-pruzkum\/#breadcrumb","itemListElement":[{"@type":"ListItem","position":1,"name":"Home","item":"https:\/\/teamexact.com\/cs\/"},{"@type":"ListItem","position":2,"name":"PR\u016eMYSLOV\u00dd PR\u016eZKUM"}]},{"@type":"WebSite","@id":"https:\/\/teamexact.com\/sv\/#website","url":"https:\/\/teamexact.com\/sv\/","name":"EXACT","description":"We see more","potentialAction":[{"@type":"SearchAction","target":{"@type":"EntryPoint","urlTemplate":"https:\/\/teamexact.com\/sv\/?s={search_term_string}"},"query-input":"required name=search_term_string"}],"inLanguage":"cs"}]}},"_links":{"self":[{"href":"https:\/\/teamexact.com\/cs\/wp-json\/wp\/v2\/pages\/1025"}],"collection":[{"href":"https:\/\/teamexact.com\/cs\/wp-json\/wp\/v2\/pages"}],"about":[{"href":"https:\/\/teamexact.com\/cs\/wp-json\/wp\/v2\/types\/page"}],"author":[{"embeddable":true,"href":"https:\/\/teamexact.com\/cs\/wp-json\/wp\/v2\/users\/1"}],"replies":[{"embeddable":true,"href":"https:\/\/teamexact.com\/cs\/wp-json\/wp\/v2\/comments?post=1025"}],"version-history":[{"count":3,"href":"https:\/\/teamexact.com\/cs\/wp-json\/wp\/v2\/pages\/1025\/revisions"}],"predecessor-version":[{"id":1575,"href":"https:\/\/teamexact.com\/cs\/wp-json\/wp\/v2\/pages\/1025\/revisions\/1575"}],"wp:attachment":[{"href":"https:\/\/teamexact.com\/cs\/wp-json\/wp\/v2\/media?parent=1025"}],"curies":[{"name":"wp","href":"https:\/\/api.w.org\/{rel}","templated":true}]}}