{"id":1038,"date":"2015-06-15T14:08:45","date_gmt":"2015-06-15T12:08:45","guid":{"rendered":"http:\/\/exact.lebowski.se\/3d-scanning-2\/"},"modified":"2018-05-08T14:05:32","modified_gmt":"2018-05-08T12:05:32","slug":"3d-skenovani","status":"publish","type":"page","link":"https:\/\/teamexact.com\/cs\/3d-skenovani\/","title":{"rendered":"3D skenov\u00e1n\u00ed"},"content":{"rendered":"<p><span lang=\"CS\"><strong>Nab\u00edz\u00edme odborn\u00e9 m\u011b\u0159en\u00ed pomoc\u00ed technologie 3D laserov\u00e9 skenov\u00e1n\u00ed, kter\u00e1 n\u00e1m umo\u017e\u0148uje rychle a p\u0159esn\u011b m\u011b\u0159it rozlehl\u00e9 \u00fazem\u00ed celky, dopravn\u00ed a jin\u00e9 stavby, z\u00e1vody a ostatn\u00ed objekty m\u011b\u0159en\u00ed. V\u00fdsledky z\u00edsk\u00e1v\u00e1me s\u00a0vysokou m\u00edrou detailu a dod\u00e1me v\u00e1m \u00fadaje, kter\u00e9 pot\u0159ebujete k p\u0159esn\u00e9mu zhodnocen\u00ed va\u0161ich staveb. T\u00fdm spole\u010dnosti EXACT v\u00e1m m\u016f\u017ee poskytnout p\u0159esnou dokumentaci a v\u00fdkresy, kter\u00e9 v\u00e1m pomohou v ka\u017ed\u00e9 f\u00e1zi va\u0161eho projektu a dal\u0161\u00edmu rozvoji stavby.<\/strong><br \/>\n<\/span><\/p>\n<p>&nbsp;<\/p>\n<h3><strong><span lang=\"CS\">Dokumentace skute\u010dn\u00e9ho stavu<\/span><\/strong><\/h3>\n<p><span lang=\"CS\">Projektov\u00fd n\u00e1vrh rekonstrukce a dal\u0161\u00ed technick\u00e9 a \u0159\u00eddic\u00ed procesy stavby vy\u017eaduj\u00ed p\u0159esnou, kompletn\u00ed a v\u010dasn\u011b p\u0159ipravenou dokumentaci skute\u010dn\u00e9ho stavu pro n\u00e1slednou rekonstrukci, provoz a \u00fadr\u017ebu. EXACT vytv\u00e1\u0159\u00ed CAD v\u00fdkresy skute\u010dn\u00e9ho stavu va\u0161ich stavebn\u00edch objekt\u016f pro \u00fa\u010dely dokumentace a um\u00edst\u011bn\u00ed syst\u00e9mov\u00fdch sou\u010d\u00e1st\u00ed.<\/span><\/p>\n<div class=\"apply\"><a class=\"button\" href=\"http:\/\/www.teamexact.com\/cs\/exact-as-built\/\">\u010ct\u011bte v\u00edce<\/a><\/div>\n<h3><strong><span lang=\"CS\">BIM &#8211; Informa\u010dn\u00ed model budovy<\/span><\/strong><\/h3>\n<p><span lang=\"CS\">Dod\u00e1v\u00e1me data do BIM (Building Information Modeling), kter\u00e1 pot\u0159ebujete k podpo\u0159en\u00ed efektivn\u00edho rozhodov\u00e1n\u00ed ohledn\u011b va\u0161ich staveb. EXACT vyu\u017e\u00edv\u00e1 3D technologie laserov\u00e9ho skenov\u00e1n\u00ed k vytvo\u0159en\u00ed p\u0159esn\u00fdch digit\u00e1ln\u00edch model\u016f. Ty pomohou va\u0161im architekt\u016fm, projektant\u016fm a design\u00e9r\u016fm vizualizovat tvar a funkci stavby, aby bylo mo\u017en\u00e9 p\u0159edpov\u011bd\u011bt n\u00e1klady a proaktivn\u011b prov\u00e9st eventu\u00e1ln\u011b nezbytn\u00e9 zm\u011bny. D\u011blejte spr\u00e1vn\u00e1 rozhodnut\u00ed d\u0159\u00edve v\u00a0modelu a vyhn\u011bte se t\u00edm n\u00e1kladn\u00fdm chyb\u00e1m a zajist\u011bte si v\u00fdstavbu kvalitn\u011b vybudovan\u00e9, n\u00e1kladov\u011b a energeticky efektivn\u00ed stavby.<\/span><\/p>\n<div class=\"apply\"><a class=\"button\" href=\"http:\/\/www.teamexact.com\/cs\/snadne-vytvoreni-bim-s-exactem\/\">\u010ct\u011bte v\u00edce<\/a><\/div>\n<h3><strong>Mobiln\u00ed 3D skenov\u00e1n\u00ed<\/strong><\/h3>\n<p><span lang=\"CS\">Exact 3D m\u011b\u0159\u00edc\u00ed vozidlo vybaven\u00e9 3D laserov\u00fdm skenerem na\u0161emu t\u00fdmu umo\u017e\u0148uje prov\u00e1d\u011bt rychl\u00e9 zam\u011b\u0159ov\u00e1n\u00ed povrchu a sb\u00edrat p\u0159esn\u00e1 prostorov\u00e1 data. Tento mobiln\u00ed syst\u00e9m je zvl\u00e1\u0161\u0165 u\u017eite\u010dn\u00fd p\u0159i vytv\u00e1\u0159en\u00ed topografick\u00fdch map, zam\u011b\u0159ov\u00e1n\u00ed digit\u00e1ln\u00edch model\u016f ter\u00e9nu (DMT) a povrch\u016f liniov\u00fdch staveb a jsme schopni za jedin\u00fd den zmapovat oblasti o rozloze a\u017e jeden milion metr\u016f \u010dtvere\u010dn\u00edch a m\u011b\u0159it i ty nejdrobn\u011bj\u0161\u00ed detaily s maxim\u00e1ln\u00ed p\u0159esnost\u00ed d\u00edky tomu, \u017ee spol\u00e9h\u00e1me na nejnov\u011bj\u0161\u00ed prost\u0159edky v r\u00e1mci technologie laserov\u00e9ho skenov\u00e1n\u00ed.<\/span><\/p>\n<h3><strong>Exact Street<\/strong><\/h3>\n<p><span lang=\"CS\">EXACT Street p\u0159edstavuje jedine\u010dnou m\u011b\u0159\u00edc\u00ed technologii ve sv\u00e9 t\u0159\u00edd\u011b, kter\u00e1 zaru\u010duje m\u011b\u0159en\u00ed silnic s p\u0159esnost\u00ed do 2 mm od bodov\u00e9ho pole, kter\u00e1 z n\u00ed \u010din\u00ed neodmyslitelnou technologii pro obor modern\u00ed stavby silnic a jejich oprav. Zjednodu\u0161te budouc\u00ed pl\u00e1nov\u00e1n\u00ed a opravy silnic d\u00edky p\u0159esn\u00fdm, obs\u00e1hl\u00fdm \u00fadaj\u016fm a podrobn\u00fdm map\u00e1m. A\u0165 ji\u017e se star\u00e1te o silnice mezi obcemi, ulice ve m\u011bstech nebo o d\u00e1lnice, EXACT Street v\u00e1m m\u016f\u017ee u\u0161et\u0159it \u010das i pen\u00edze.<\/span><\/p>\n<p><span lang=\"CS\">EXACT Street v\u00e1m pom\u016f\u017ee podstatn\u00fdm zp\u016fsobem u\u0161et\u0159it p\u0159i budov\u00e1n\u00ed nov\u00fdch silnic, prodlou\u017eit \u017eivotnost opraven\u00fdch m\u00edst a udr\u017eet mno\u017estv\u00ed a \u010das uzav\u00edrek na minimu. \u00dasp\u011b\u0161n\u00e9 projekty stavby silnic spol\u00e9haj\u00ed na technologii EXACT Street v pr\u016fb\u011bhu cel\u00e9ho trv\u00e1n\u00ed projektu a slou\u017e\u00ed tak\u00e9 jako z\u00e1klad pro 3D modely. Optimalizovan\u00fd 3D projekt silnice z EXACT Street (silnice s nov\u00fdm profilem) v\u00e1m napom\u016f\u017ee vizualizovat parametry silnice IRI, odvod\u0148ov\u00e1n\u00ed povrchu silnice, pod\u00e9ln\u00e9 a p\u0159\u00ed\u010dn\u00e9 nerovnosti a charakteristiku sklonu povrchu.<\/span><\/p>\n<h3><strong>Skenov\u00e1n\u00ed stiskem tla\u010d\u00edtka (OBS &#8211; One-Button Scanning) a dodate\u010dn\u00e9 zpracov\u00e1n\u00ed<\/strong><\/h3>\n<p><span lang=\"CS\">\u0158e\u0161en\u00ed skenov\u00e1n\u00ed OBS od spole\u010dnosti EXACT umo\u017e\u0148uje extr\u00e9mn\u011b rychl\u00e9, p\u0159esn\u00e9 z\u00edsk\u00e1v\u00e1n\u00ed 3D dat a dodate\u010dn\u00e9 zpracov\u00e1n\u00ed v cloudu stiskem jedin\u00e9ho tla\u010d\u00edtka. OBS je ide\u00e1ln\u00ed pro provozy povrchov\u00fdch dol\u016f a rovn\u011b\u017e pro dal\u0161\u00ed projekty spojen\u00e9 s ter\u00e9nn\u00edmi \u00fapravami a lze je vyu\u017e\u00edvat pro bezpe\u010dn\u00fd, efektivn\u00ed sb\u011br 3D dat z pr\u016fzkum\u016f jak\u00fdchkoli staveb nebo struktur. Rychl\u00e9 dodate\u010dn\u00e9 zpracov\u00e1n\u00ed v cloudu je zam\u011b\u0159eno na registraci dat, generov\u00e1n\u00ed ter\u00e9nu v digit\u00e1ln\u00ed podob\u011b, objemov\u00e9 v\u00fdpo\u010dty a kontrolu projektov\u00e9 3D geometrie\/shody s po\u017eadavky. OBS nevy\u017eaduje speci\u00e1ln\u00ed \u0161kolen\u00ed a lze je implementovat okam\u017eit\u011b v m\u00edst\u011b pou\u017eit\u00ed.<\/span><\/p>\n<p><span lang=\"CS\">3D skenov\u00e1n\u00ed jedn\u00edm tla\u010d\u00edtkem zvl\u00e1dne kter\u00fdkoli pracovn\u00edk obsluhy na jak\u00e9mkoli pracovi\u0161ti, \u010d\u00edm\u017e lze z\u00edskat p\u0159esn\u00e9 \u00fadaje vysok\u00e9 kvality. Stavebn\u00ed a d\u016fln\u00ed spole\u010dnosti nepot\u0159ebuj\u00ed specialisty na pr\u016fzkumn\u00e9 \u010dinnosti, kte\u0159\u00ed by sb\u00edrali a analyzovali mapov\u00e9 \u00fadaje. Nam\u00edsto toho jsou \u0159adov\u00ed zam\u011bstnanci schopni prov\u00e1d\u011bt sb\u011br spolehliv\u00fdch dat, a tak napom\u00e1hat v ka\u017edodenn\u00edm \u0159\u00edzen\u00ed stavebn\u00edch a d\u016fln\u00edch \u010dinnost\u00ed, co\u017e se odraz\u00ed sn\u00ed\u017een\u00edm n\u00e1klad\u016f a zv\u00fd\u0161en\u00edm zisku. N\u00e1\u0161 schopn\u00fd t\u00fdm kvalifikovan\u00fdch, zku\u0161en\u00fdch specialist\u016f je k dispozici pro \u00fa\u010dely zpracov\u00e1n\u00ed sebran\u00fdch \u00fadaj\u016f podle va\u0161ich pot\u0159eb do 24 hodin od doru\u010den\u00ed. S n\u00e1strojem EXACT Mine Map, na\u0161\u00edm cloudov\u00fdm \u0159e\u0161en\u00edm, bude m\u00edt v\u00e1\u0161 person\u00e1l jedn\u00edm klepnut\u00edm my\u0161\u00ed on-line p\u0159\u00edstup k pokro\u010dil\u00e9mu, individu\u00e1ln\u011b p\u0159izp\u016fsobiteln\u00e9mu dodate\u010dn\u00e9mu zpracov\u00e1n\u00ed.<\/span><\/p>\n<p><span lang=\"CS\">Informace OBS v\u00e1m mohou pomoci zv\u00fd\u0161it va\u0161i efektivity a sn\u00ed\u017e\u00ed mno\u017estv\u00ed vybaven\u00ed pot\u0159ebn\u00e9ho na va\u0161em pracovi\u0161ti. Uvid\u00edte p\u0159esn\u011b, kolik n\u00e1kladn\u00edch voz\u016f je pot\u0159eba v ka\u017ed\u00e9m n\u00e1kladov\u00e9m prostoru, a m\u016f\u017eete eliminovat n\u00e1klady zp\u016fsoben\u00e9 naj\u00ed\u017ed\u011bc\u00edmi rampami s nevhodn\u00fdm sklonem. V kone\u010dn\u00e9m efektu v\u00e1m OBS umo\u017en\u00ed pou\u017e\u00edvat p\u0159esn\u00e9, aktu\u00e1ln\u00ed informace, abyste dosahovali optim\u00e1ln\u00ed provozn\u00ed v\u00fdkonnosti a bezpe\u010dnosti p\u0159i sou\u010dasn\u00e9m sn\u00ed\u017een\u00ed podnikatelsk\u00fdch rizik. K tomu, aby bylo mo\u017en\u00e9 za\u010d\u00edt, nen\u00ed t\u0159eba \u017e\u00e1dn\u00fdch investic ani odborn\u00edk\u016f. \u0160et\u0159ete s n\u00e1mi \u010das a pen\u00edze.<\/span><\/p>\n<p>&nbsp;<\/p>\n","protected":false},"excerpt":{"rendered":"<p>Nab\u00edz\u00edme odborn\u00e9 m\u011b\u0159en\u00ed pomoc\u00ed technologie 3D laserov\u00e9 skenov\u00e1n\u00ed, kter\u00e1 n\u00e1m umo\u017e\u0148uje rychle a p\u0159esn\u011b m\u011b\u0159it rozlehl\u00e9 \u00fazem\u00ed celky, dopravn\u00ed a jin\u00e9 stavby, z\u00e1vody a ostatn\u00ed objekty m\u011b\u0159en\u00ed. V\u00fdsledky z\u00edsk\u00e1v\u00e1me s\u00a0vysokou m\u00edrou detailu a dod\u00e1me v\u00e1m \u00fadaje, kter\u00e9 pot\u0159ebujete k p\u0159esn\u00e9mu zhodnocen\u00ed va\u0161ich staveb. T\u00fdm spole\u010dnosti EXACT v\u00e1m m\u016f\u017ee poskytnout p\u0159esnou dokumentaci a v\u00fdkresy, kter\u00e9 v\u00e1m [&hellip;]<\/p>\n","protected":false},"author":1,"featured_media":0,"parent":0,"menu_order":0,"comment_status":"open","ping_status":"open","template":"template-page.php","meta":{"_acf_changed":false,"footnotes":""},"acf":[],"yoast_head":"<!-- This site is optimized with the Yoast SEO plugin v22.2 - https:\/\/yoast.com\/wordpress\/plugins\/seo\/ -->\n<title>3D skenov\u00e1n\u00ed - EXACT<\/title>\n<meta name=\"robots\" content=\"index, follow, max-snippet:-1, max-image-preview:large, max-video-preview:-1\" \/>\n<link rel=\"canonical\" href=\"https:\/\/teamexact.com\/3d-scanning\/\" \/>\n<meta property=\"og:locale\" content=\"cs_CZ\" \/>\n<meta property=\"og:type\" content=\"article\" \/>\n<meta property=\"og:title\" content=\"3D skenov\u00e1n\u00ed - EXACT\" \/>\n<meta property=\"og:description\" content=\"Nab\u00edz\u00edme odborn\u00e9 m\u011b\u0159en\u00ed pomoc\u00ed technologie 3D laserov\u00e9 skenov\u00e1n\u00ed, kter\u00e1 n\u00e1m umo\u017e\u0148uje rychle a p\u0159esn\u011b m\u011b\u0159it rozlehl\u00e9 \u00fazem\u00ed celky, dopravn\u00ed a jin\u00e9 stavby, z\u00e1vody a ostatn\u00ed objekty m\u011b\u0159en\u00ed. V\u00fdsledky z\u00edsk\u00e1v\u00e1me s\u00a0vysokou m\u00edrou detailu a dod\u00e1me v\u00e1m \u00fadaje, kter\u00e9 pot\u0159ebujete k p\u0159esn\u00e9mu zhodnocen\u00ed va\u0161ich staveb. T\u00fdm spole\u010dnosti EXACT v\u00e1m m\u016f\u017ee poskytnout p\u0159esnou dokumentaci a v\u00fdkresy, kter\u00e9 v\u00e1m [&hellip;]\" \/>\n<meta property=\"og:url\" content=\"https:\/\/teamexact.com\/3d-scanning\/\" \/>\n<meta property=\"og:site_name\" content=\"EXACT\" \/>\n<meta property=\"article:modified_time\" content=\"2018-05-08T12:05:32+00:00\" \/>\n<meta name=\"twitter:card\" content=\"summary_large_image\" \/>\n<meta name=\"twitter:label1\" content=\"Odhadovan\u00e1 doba \u010dten\u00ed\" \/>\n\t<meta name=\"twitter:data1\" content=\"5 minut\" \/>\n<script type=\"application\/ld+json\" class=\"yoast-schema-graph\">{\"@context\":\"https:\/\/schema.org\",\"@graph\":[{\"@type\":\"WebPage\",\"@id\":\"https:\/\/teamexact.com\/3d-scanning\/\",\"url\":\"https:\/\/teamexact.com\/3d-scanning\/\",\"name\":\"3D skenov\u00e1n\u00ed - EXACT\",\"isPartOf\":{\"@id\":\"https:\/\/teamexact.com\/sv\/#website\"},\"datePublished\":\"2015-06-15T12:08:45+00:00\",\"dateModified\":\"2018-05-08T12:05:32+00:00\",\"breadcrumb\":{\"@id\":\"https:\/\/teamexact.com\/3d-scanning\/#breadcrumb\"},\"inLanguage\":\"cs\",\"potentialAction\":[{\"@type\":\"ReadAction\",\"target\":[\"https:\/\/teamexact.com\/3d-scanning\/\"]}]},{\"@type\":\"BreadcrumbList\",\"@id\":\"https:\/\/teamexact.com\/3d-scanning\/#breadcrumb\",\"itemListElement\":[{\"@type\":\"ListItem\",\"position\":1,\"name\":\"Home\",\"item\":\"https:\/\/teamexact.com\/cs\/\"},{\"@type\":\"ListItem\",\"position\":2,\"name\":\"3D skenov\u00e1n\u00ed\"}]},{\"@type\":\"WebSite\",\"@id\":\"https:\/\/teamexact.com\/sv\/#website\",\"url\":\"https:\/\/teamexact.com\/sv\/\",\"name\":\"EXACT\",\"description\":\"We see more\",\"potentialAction\":[{\"@type\":\"SearchAction\",\"target\":{\"@type\":\"EntryPoint\",\"urlTemplate\":\"https:\/\/teamexact.com\/sv\/?s={search_term_string}\"},\"query-input\":\"required name=search_term_string\"}],\"inLanguage\":\"cs\"}]}<\/script>\n<!-- \/ Yoast SEO plugin. -->","yoast_head_json":{"title":"3D skenov\u00e1n\u00ed - EXACT","robots":{"index":"index","follow":"follow","max-snippet":"max-snippet:-1","max-image-preview":"max-image-preview:large","max-video-preview":"max-video-preview:-1"},"canonical":"https:\/\/teamexact.com\/3d-scanning\/","og_locale":"cs_CZ","og_type":"article","og_title":"3D skenov\u00e1n\u00ed - EXACT","og_description":"Nab\u00edz\u00edme odborn\u00e9 m\u011b\u0159en\u00ed pomoc\u00ed technologie 3D laserov\u00e9 skenov\u00e1n\u00ed, kter\u00e1 n\u00e1m umo\u017e\u0148uje rychle a p\u0159esn\u011b m\u011b\u0159it rozlehl\u00e9 \u00fazem\u00ed celky, dopravn\u00ed a jin\u00e9 stavby, z\u00e1vody a ostatn\u00ed objekty m\u011b\u0159en\u00ed. V\u00fdsledky z\u00edsk\u00e1v\u00e1me s\u00a0vysokou m\u00edrou detailu a dod\u00e1me v\u00e1m \u00fadaje, kter\u00e9 pot\u0159ebujete k p\u0159esn\u00e9mu zhodnocen\u00ed va\u0161ich staveb. T\u00fdm spole\u010dnosti EXACT v\u00e1m m\u016f\u017ee poskytnout p\u0159esnou dokumentaci a v\u00fdkresy, kter\u00e9 v\u00e1m [&hellip;]","og_url":"https:\/\/teamexact.com\/3d-scanning\/","og_site_name":"EXACT","article_modified_time":"2018-05-08T12:05:32+00:00","twitter_card":"summary_large_image","twitter_misc":{"Odhadovan\u00e1 doba \u010dten\u00ed":"5 minut"},"schema":{"@context":"https:\/\/schema.org","@graph":[{"@type":"WebPage","@id":"https:\/\/teamexact.com\/3d-scanning\/","url":"https:\/\/teamexact.com\/3d-scanning\/","name":"3D skenov\u00e1n\u00ed - EXACT","isPartOf":{"@id":"https:\/\/teamexact.com\/sv\/#website"},"datePublished":"2015-06-15T12:08:45+00:00","dateModified":"2018-05-08T12:05:32+00:00","breadcrumb":{"@id":"https:\/\/teamexact.com\/3d-scanning\/#breadcrumb"},"inLanguage":"cs","potentialAction":[{"@type":"ReadAction","target":["https:\/\/teamexact.com\/3d-scanning\/"]}]},{"@type":"BreadcrumbList","@id":"https:\/\/teamexact.com\/3d-scanning\/#breadcrumb","itemListElement":[{"@type":"ListItem","position":1,"name":"Home","item":"https:\/\/teamexact.com\/cs\/"},{"@type":"ListItem","position":2,"name":"3D skenov\u00e1n\u00ed"}]},{"@type":"WebSite","@id":"https:\/\/teamexact.com\/sv\/#website","url":"https:\/\/teamexact.com\/sv\/","name":"EXACT","description":"We see more","potentialAction":[{"@type":"SearchAction","target":{"@type":"EntryPoint","urlTemplate":"https:\/\/teamexact.com\/sv\/?s={search_term_string}"},"query-input":"required name=search_term_string"}],"inLanguage":"cs"}]}},"_links":{"self":[{"href":"https:\/\/teamexact.com\/cs\/wp-json\/wp\/v2\/pages\/1038"}],"collection":[{"href":"https:\/\/teamexact.com\/cs\/wp-json\/wp\/v2\/pages"}],"about":[{"href":"https:\/\/teamexact.com\/cs\/wp-json\/wp\/v2\/types\/page"}],"author":[{"embeddable":true,"href":"https:\/\/teamexact.com\/cs\/wp-json\/wp\/v2\/users\/1"}],"replies":[{"embeddable":true,"href":"https:\/\/teamexact.com\/cs\/wp-json\/wp\/v2\/comments?post=1038"}],"version-history":[{"count":12,"href":"https:\/\/teamexact.com\/cs\/wp-json\/wp\/v2\/pages\/1038\/revisions"}],"predecessor-version":[{"id":3552,"href":"https:\/\/teamexact.com\/cs\/wp-json\/wp\/v2\/pages\/1038\/revisions\/3552"}],"wp:attachment":[{"href":"https:\/\/teamexact.com\/cs\/wp-json\/wp\/v2\/media?parent=1038"}],"curies":[{"name":"wp","href":"https:\/\/api.w.org\/{rel}","templated":true}]}}