{"id":1041,"date":"2015-06-15T14:15:35","date_gmt":"2015-06-15T12:15:35","guid":{"rendered":"http:\/\/exact.lebowski.se\/topographic-surveying-2\/"},"modified":"2015-10-08T19:42:03","modified_gmt":"2015-10-08T17:42:03","slug":"topograficky-pruzkum","status":"publish","type":"page","link":"https:\/\/teamexact.com\/cs\/topograficky-pruzkum\/","title":{"rendered":"Topografick\u00fd pr\u016fzkum"},"content":{"rendered":"<p><strong>Kdy\u017e pot\u0159ebujete odborn\u00e9 znalosti a kvalifikaci, jsme partnerem, na kter\u00e9ho se m\u016f\u017eete spolehnout. EXACT je velk\u00e1 a zaveden\u00e1 organizace s dostatkem person\u00e1ln\u00edho a technick\u00e9ho zaji\u0161t\u011bn\u00ed, a va\u0161e projekty tak nikdy nebudou stagnovat. T\u00fdm EXACT pro topografick\u00fd pr\u016fzkum a mapov\u00e1n\u00ed se skl\u00e1d\u00e1 ze specialist\u016f na dokumentace pro projektov\u00e9 pl\u00e1nov\u00e1n\u00ed. Na\u0161\u00edm c\u00edlem je kvalita a p\u0159esnost. Poskytujeme rovn\u011b\u017e p\u0159esn\u00e1 data z leteck\u00fdch mapov\u00e1n\u00ed.<\/strong><\/p>\n<p>Prov\u00e1d\u00edme pozemn\u00ed m\u011b\u0159en\u00ed a dod\u00e1v\u00e1me nam\u011b\u0159en\u00e9 \u00fadaje p\u0159ipraven\u00e9 k p\u0159\u00edm\u00e9mu vyu\u017eit\u00ed a ter\u00e9nn\u00ed modely pro va\u0161e projekty. Na\u0161e expert\u00edza a vybaven\u00ed jsou rovn\u011b\u017e vhodn\u00e9 pro podrobn\u00e9 pr\u016fzkumy pr\u016fmyslov\u00fdch oblast\u00ed, kde je vy\u017eadov\u00e1na vysok\u00e1 preciznost a znalost specifick\u00fdch pr\u016fmyslov\u00fdch metod a za\u0159\u00edzen\u00ed. \u010casto jsme pov\u011b\u0159eni zhotovit kontroln\u00ed body pro r\u016fzn\u00e9 typy leteck\u00e9ho sn\u00edmkov\u00e1n\u00ed a velmi r\u00e1di p\u0159ijmeme odpov\u011bdnost za leteck\u00e9 pr\u016fzkumy vztahuj\u00edc\u00ed se k va\u0161emu projektu.<\/p>\n<p>&nbsp;<\/p>\n<h3>Katastr nemovitost\u00ed a zji\u0161\u0165ov\u00e1n\u00ed pr\u016fb\u011bhu hranic<\/h3>\n<p>Dod\u00e1v\u00e1me pr\u00e1vn\u011b platn\u00e1 nam\u011b\u0159en\u00e1 data, kter\u00e1 pot\u0159ebujete k\u00a0vytvo\u0159en\u00ed geometrick\u00e9ho pl\u00e1nu, stanoven\u00ed hranic pozemk\u016f nebo k vytvo\u0159en\u00ed nov\u00e9ho pozemku rozd\u011blen\u00edm nebo slou\u010den\u00edm t\u011bch st\u00e1vaj\u00edc\u00edch. M\u011b\u0159\u00edme a shroma\u017e\u010fujeme \u00fadaje pro tematick\u00e9 mapy, mapy nadzemn\u00edch a podzemn\u00edch kabel\u016f a potrub\u00ed in\u017een\u00fdrsk\u00fdch s\u00edt\u00ed. Mapy jsou k dispozici v 2D i 3D a zahrnuj\u00ed GIS objekty a souvisej\u00edc\u00ed informace. Spole\u010dnost EXACT je schopna p\u0159ijmout plnou odpov\u011bdnost za v\u0161echny f\u00e1ze mapovac\u00edho projektu \u2013 od volby metody m\u011b\u0159en\u00ed vhodn\u00e9 pro danou oblast a\u017e po sestaven\u00ed dat ve v\u00e1mi zvolen\u00e9m syst\u00e9mu. Na\u0161\u00ed nejsiln\u011bj\u0161\u00ed str\u00e1nkou je rychlost dod\u00e1n\u00ed. Spole\u010dnost Exact m\u00e1 rovn\u011b\u017e velmi rozs\u00e1hlou geografickou oblast p\u016fsobnosti a person\u00e1ln\u00ed zdroje, aby byla schopna dod\u00e1vat v\u00fdsledky nejvy\u0161\u0161\u00ed kvality bez ohledu na um\u00edst\u011bn\u00ed projektu.<\/p>\n<p>&nbsp;<\/p>\n<h3>UAV &#8211; Bezobslu\u017en\u00e9 leteck\u00e9 prost\u0159edky<\/h3>\n<p>Vedle prov\u00e1d\u011bn\u00ed pozemn\u00edch pr\u016fzkum\u016f v ter\u00e9nu vyu\u017e\u00edv\u00e1me rovn\u011b\u017e technologie leteck\u00e9ho laserov\u00e9ho skenov\u00e1n\u00ed a UAV (bezobslu\u017en\u00e9 leteck\u00e9 prost\u0159edky \u2013 Unmanned Aerial Vehicles). UAV je velmi u\u017eite\u010dn\u00fd n\u00e1stroj pou\u017e\u00edvan\u00fd ke sb\u011bru dat pro kontroly, dohledov\u00e9 \u010dinnosti, mapov\u00e1n\u00ed a 3D modelov\u00e1n\u00ed. Vyu\u017e\u00edv\u00e1me \u0159e\u0161en\u00ed pomoc\u00ed tzv. hexakopt\u00e9r \u2013 za\u0159\u00edzen\u00ed s n\u011bkolika rotory &#8211; pro tvorbu ortofotografick\u00fdch sn\u00edmk\u016f a 3D mapov\u00e1n\u00ed va\u0161\u00ed infrastruktury a d\u016fln\u00edch pracovi\u0161\u0165. Na\u0161e \u0159e\u0161en\u00ed na z\u00e1klad\u011b UAV je chytr\u00fdm zp\u016fsobem uchov\u00e1v\u00e1n\u00ed aktu\u00e1lnosti informac\u00ed o va\u0161em pracovi\u0161ti a to i v\u00a0m\u00edstech nedosa\u017eiteln\u00fdch pozemn\u00edm m\u011b\u0159en\u00edm.<\/p>\n<h3>Mobiln\u00ed 3D skenov\u00e1n\u00ed<\/h3>\n<p>Exact 3D m\u011b\u0159\u00edc\u00ed vozidlo vybaven\u00e9 3D laserov\u00fdm skenerem na\u0161emu t\u00fdmu umo\u017e\u0148uje prov\u00e1d\u011bt rychl\u00e9 zam\u011b\u0159ov\u00e1n\u00ed povrchu a sb\u00edrat p\u0159esn\u00e1 prostorov\u00e1 data. Tento mobiln\u00ed syst\u00e9m je zvl\u00e1\u0161\u0165 u\u017eite\u010dn\u00fd p\u0159i vytv\u00e1\u0159en\u00ed topografick\u00fdch map, zam\u011b\u0159ov\u00e1n\u00ed digit\u00e1ln\u00edch model\u016f ter\u00e9nu (DMT) a povrch\u016f liniov\u00fdch staveb a jsme schopni za jedin\u00fd den zmapovat oblasti o rozloze a\u017e jeden milion metr\u016f \u010dtvere\u010dn\u00edch a m\u011b\u0159it i ty nejdrobn\u011bj\u0161\u00ed detaily s maxim\u00e1ln\u00ed p\u0159esnost\u00ed d\u00edky tomu, \u017ee spol\u00e9h\u00e1me na nejnov\u011bj\u0161\u00ed prost\u0159edky v r\u00e1mci technologie laserov\u00e9ho skenov\u00e1n\u00ed.<\/p>\n","protected":false},"excerpt":{"rendered":"<p>Kdy\u017e pot\u0159ebujete odborn\u00e9 znalosti a kvalifikaci, jsme partnerem, na kter\u00e9ho se m\u016f\u017eete spolehnout. EXACT je velk\u00e1 a zaveden\u00e1 organizace s dostatkem person\u00e1ln\u00edho a technick\u00e9ho zaji\u0161t\u011bn\u00ed, a va\u0161e projekty tak nikdy nebudou stagnovat. T\u00fdm EXACT pro topografick\u00fd pr\u016fzkum a mapov\u00e1n\u00ed se skl\u00e1d\u00e1 ze specialist\u016f na dokumentace pro projektov\u00e9 pl\u00e1nov\u00e1n\u00ed. Na\u0161\u00edm c\u00edlem je kvalita a p\u0159esnost. Poskytujeme [&hellip;]<\/p>\n","protected":false},"author":1,"featured_media":0,"parent":0,"menu_order":0,"comment_status":"open","ping_status":"open","template":"template-page.php","meta":{"_acf_changed":false,"footnotes":""},"acf":[],"yoast_head":"<!-- This site is optimized with the Yoast SEO plugin v22.2 - https:\/\/yoast.com\/wordpress\/plugins\/seo\/ -->\n<title>Topografick\u00fd pr\u016fzkum - EXACT<\/title>\n<meta name=\"robots\" content=\"index, follow, max-snippet:-1, max-image-preview:large, max-video-preview:-1\" \/>\n<link rel=\"canonical\" href=\"https:\/\/teamexact.com\/cs\/topograficky-pruzkum\/\" \/>\n<meta property=\"og:locale\" content=\"cs_CZ\" \/>\n<meta property=\"og:type\" content=\"article\" \/>\n<meta property=\"og:title\" content=\"Topografick\u00fd pr\u016fzkum - EXACT\" \/>\n<meta property=\"og:description\" content=\"Kdy\u017e pot\u0159ebujete odborn\u00e9 znalosti a kvalifikaci, jsme partnerem, na kter\u00e9ho se m\u016f\u017eete spolehnout. EXACT je velk\u00e1 a zaveden\u00e1 organizace s dostatkem person\u00e1ln\u00edho a technick\u00e9ho zaji\u0161t\u011bn\u00ed, a va\u0161e projekty tak nikdy nebudou stagnovat. T\u00fdm EXACT pro topografick\u00fd pr\u016fzkum a mapov\u00e1n\u00ed se skl\u00e1d\u00e1 ze specialist\u016f na dokumentace pro projektov\u00e9 pl\u00e1nov\u00e1n\u00ed. Na\u0161\u00edm c\u00edlem je kvalita a p\u0159esnost. Poskytujeme [&hellip;]\" \/>\n<meta property=\"og:url\" content=\"https:\/\/teamexact.com\/cs\/topograficky-pruzkum\/\" \/>\n<meta property=\"og:site_name\" content=\"EXACT\" \/>\n<meta property=\"article:modified_time\" content=\"2015-10-08T17:42:03+00:00\" \/>\n<meta name=\"twitter:card\" content=\"summary_large_image\" \/>\n<meta name=\"twitter:label1\" content=\"Odhadovan\u00e1 doba \u010dten\u00ed\" \/>\n\t<meta name=\"twitter:data1\" content=\"3 minuty\" \/>\n<script type=\"application\/ld+json\" class=\"yoast-schema-graph\">{\"@context\":\"https:\/\/schema.org\",\"@graph\":[{\"@type\":\"WebPage\",\"@id\":\"https:\/\/teamexact.com\/cs\/topograficky-pruzkum\/\",\"url\":\"https:\/\/teamexact.com\/cs\/topograficky-pruzkum\/\",\"name\":\"Topografick\u00fd pr\u016fzkum - EXACT\",\"isPartOf\":{\"@id\":\"https:\/\/teamexact.com\/sv\/#website\"},\"datePublished\":\"2015-06-15T12:15:35+00:00\",\"dateModified\":\"2015-10-08T17:42:03+00:00\",\"breadcrumb\":{\"@id\":\"https:\/\/teamexact.com\/cs\/topograficky-pruzkum\/#breadcrumb\"},\"inLanguage\":\"cs\",\"potentialAction\":[{\"@type\":\"ReadAction\",\"target\":[\"https:\/\/teamexact.com\/cs\/topograficky-pruzkum\/\"]}]},{\"@type\":\"BreadcrumbList\",\"@id\":\"https:\/\/teamexact.com\/cs\/topograficky-pruzkum\/#breadcrumb\",\"itemListElement\":[{\"@type\":\"ListItem\",\"position\":1,\"name\":\"Home\",\"item\":\"https:\/\/teamexact.com\/cs\/\"},{\"@type\":\"ListItem\",\"position\":2,\"name\":\"Topografick\u00fd pr\u016fzkum\"}]},{\"@type\":\"WebSite\",\"@id\":\"https:\/\/teamexact.com\/sv\/#website\",\"url\":\"https:\/\/teamexact.com\/sv\/\",\"name\":\"EXACT\",\"description\":\"We see more\",\"potentialAction\":[{\"@type\":\"SearchAction\",\"target\":{\"@type\":\"EntryPoint\",\"urlTemplate\":\"https:\/\/teamexact.com\/sv\/?s={search_term_string}\"},\"query-input\":\"required name=search_term_string\"}],\"inLanguage\":\"cs\"}]}<\/script>\n<!-- \/ Yoast SEO plugin. -->","yoast_head_json":{"title":"Topografick\u00fd pr\u016fzkum - EXACT","robots":{"index":"index","follow":"follow","max-snippet":"max-snippet:-1","max-image-preview":"max-image-preview:large","max-video-preview":"max-video-preview:-1"},"canonical":"https:\/\/teamexact.com\/cs\/topograficky-pruzkum\/","og_locale":"cs_CZ","og_type":"article","og_title":"Topografick\u00fd pr\u016fzkum - EXACT","og_description":"Kdy\u017e pot\u0159ebujete odborn\u00e9 znalosti a kvalifikaci, jsme partnerem, na kter\u00e9ho se m\u016f\u017eete spolehnout. EXACT je velk\u00e1 a zaveden\u00e1 organizace s dostatkem person\u00e1ln\u00edho a technick\u00e9ho zaji\u0161t\u011bn\u00ed, a va\u0161e projekty tak nikdy nebudou stagnovat. T\u00fdm EXACT pro topografick\u00fd pr\u016fzkum a mapov\u00e1n\u00ed se skl\u00e1d\u00e1 ze specialist\u016f na dokumentace pro projektov\u00e9 pl\u00e1nov\u00e1n\u00ed. Na\u0161\u00edm c\u00edlem je kvalita a p\u0159esnost. Poskytujeme [&hellip;]","og_url":"https:\/\/teamexact.com\/cs\/topograficky-pruzkum\/","og_site_name":"EXACT","article_modified_time":"2015-10-08T17:42:03+00:00","twitter_card":"summary_large_image","twitter_misc":{"Odhadovan\u00e1 doba \u010dten\u00ed":"3 minuty"},"schema":{"@context":"https:\/\/schema.org","@graph":[{"@type":"WebPage","@id":"https:\/\/teamexact.com\/cs\/topograficky-pruzkum\/","url":"https:\/\/teamexact.com\/cs\/topograficky-pruzkum\/","name":"Topografick\u00fd pr\u016fzkum - EXACT","isPartOf":{"@id":"https:\/\/teamexact.com\/sv\/#website"},"datePublished":"2015-06-15T12:15:35+00:00","dateModified":"2015-10-08T17:42:03+00:00","breadcrumb":{"@id":"https:\/\/teamexact.com\/cs\/topograficky-pruzkum\/#breadcrumb"},"inLanguage":"cs","potentialAction":[{"@type":"ReadAction","target":["https:\/\/teamexact.com\/cs\/topograficky-pruzkum\/"]}]},{"@type":"BreadcrumbList","@id":"https:\/\/teamexact.com\/cs\/topograficky-pruzkum\/#breadcrumb","itemListElement":[{"@type":"ListItem","position":1,"name":"Home","item":"https:\/\/teamexact.com\/cs\/"},{"@type":"ListItem","position":2,"name":"Topografick\u00fd pr\u016fzkum"}]},{"@type":"WebSite","@id":"https:\/\/teamexact.com\/sv\/#website","url":"https:\/\/teamexact.com\/sv\/","name":"EXACT","description":"We see more","potentialAction":[{"@type":"SearchAction","target":{"@type":"EntryPoint","urlTemplate":"https:\/\/teamexact.com\/sv\/?s={search_term_string}"},"query-input":"required name=search_term_string"}],"inLanguage":"cs"}]}},"_links":{"self":[{"href":"https:\/\/teamexact.com\/cs\/wp-json\/wp\/v2\/pages\/1041"}],"collection":[{"href":"https:\/\/teamexact.com\/cs\/wp-json\/wp\/v2\/pages"}],"about":[{"href":"https:\/\/teamexact.com\/cs\/wp-json\/wp\/v2\/types\/page"}],"author":[{"embeddable":true,"href":"https:\/\/teamexact.com\/cs\/wp-json\/wp\/v2\/users\/1"}],"replies":[{"embeddable":true,"href":"https:\/\/teamexact.com\/cs\/wp-json\/wp\/v2\/comments?post=1041"}],"version-history":[{"count":6,"href":"https:\/\/teamexact.com\/cs\/wp-json\/wp\/v2\/pages\/1041\/revisions"}],"predecessor-version":[{"id":1848,"href":"https:\/\/teamexact.com\/cs\/wp-json\/wp\/v2\/pages\/1041\/revisions\/1848"}],"wp:attachment":[{"href":"https:\/\/teamexact.com\/cs\/wp-json\/wp\/v2\/media?parent=1041"}],"curies":[{"name":"wp","href":"https:\/\/api.w.org\/{rel}","templated":true}]}}