{"id":1044,"date":"2015-06-15T14:19:36","date_gmt":"2015-06-15T12:19:36","guid":{"rendered":"http:\/\/exact.lebowski.se\/production-surveying-2\/"},"modified":"2018-05-08T14:19:47","modified_gmt":"2018-05-08T12:19:47","slug":"produkcni-pruzkum","status":"publish","type":"page","link":"https:\/\/teamexact.com\/cs\/produkcni-pruzkum\/","title":{"rendered":"Stavby a konstrukce"},"content":{"rendered":"<p><strong><span lang=\"CS\" style=\"font-family: 'Helvetica','sans-serif';\">Nab\u00edz\u00edme m\u011b\u0159ick\u00e9 pr\u00e1ce pro v\u0161echny typy staveb v\u010detn\u011b obytn\u00fdch budov, kancel\u00e1\u0159sk\u00fdch objekt\u016f, sportovi\u0161\u0165 a pr\u016fmyslov\u00fdch z\u00e1vod\u016f. EXACT prov\u00e1d\u00ed rovn\u011b\u017e m\u011b\u0159en\u00ed, vyty\u010dov\u00e1n\u00ed a kontroln\u00ed m\u011b\u0159en\u00ed pro stavby dopravn\u00ed infastruktury jako mosty, silnice a \u017eelezni\u010dn\u00ed trat\u011b a rovn\u011b\u017e loka\u010dn\u00ed pr\u016fzkumy potrubn\u00edho veden\u00ed, syst\u00e9my HVAC, v\u00fdtahov\u00e9 \u0161achty, vyasfaltovan\u00e9 plochy, terasy, haldy, z\u00e1klady, betonov\u00e9 r\u00e1my a dal\u0161\u00ed konstrukce.<\/span><\/strong><\/p>\n<h3><span lang=\"CS\"><span style=\"font-family: Helvetica; font-size: x-large;\">Zam\u011b\u0159en\u00ed vyty\u010dovac\u00edch s\u00edt\u00ed<\/span><\/span><\/h3>\n<p><span lang=\"CS\"><span style=\"font-family: Helvetica;\">Prov\u00e1d\u00edme zam\u011b\u0159en\u00ed vyty\u010dovac\u00edch s\u00edt\u00ed, kter\u00e9 slou\u017e\u00ed pro p\u0159esn\u00e9 geodetick\u00e9 pr\u00e1ce p\u0159i stavb\u011b silnic, \u017eeleznic, budov nebo p\u0159i p\u0159\u00edprav\u011b digit\u00e1ln\u00edch model\u016f a map. Prov\u00e1d\u00edme pozemn\u00ed i satelitn\u00ed geodetick\u00e9 m\u011b\u0159en\u00ed s nejvy\u0161\u0161\u00edm stupn\u011bm p\u0159esnosti.<\/span><\/span><\/p>\n<h3><span lang=\"CS\"><span style=\"font-family: Helvetica; font-size: x-large;\">Sledov\u00e1n\u00ed a dohled<\/span><\/span><\/h3>\n<p><span lang=\"CS\"><span style=\"font-family: Helvetica;\">Mnoh\u00e9 stavebn\u00ed projekty prob\u00edhaj\u00ed v ru\u0161n\u00fdch m\u011bstsk\u00fdch oblastech a dal\u0161\u00edch citliv\u00fdch prost\u0159ed\u00edch. Kdy\u017e se prov\u00e1d\u00ed rizikov\u00e9 stavebn\u00ed pr\u00e1ce jako otrysk\u00e1v\u00e1n\u00ed, ra\u017een\u00ed tunel\u016f nebo jsou p\u0159\u00edtomna jin\u00e1 nebezpe\u010d\u00ed, je nezbytn\u00e9 zajistit bezpe\u010dnost. Poskytujeme inteligentn\u00ed dohled pro maxim\u00e1ln\u00ed bezpe\u010dnost. Dohled je vykon\u00e1v\u00e1n automaticky \u2013 dokonce i v noci, ve st\u00e1tn\u00ed sv\u00e1tky a v prostor\u00e1ch bez povolen\u00ed p\u0159\u00edstupu. Pokud je detekov\u00e1n nadm\u011brn\u00fd pohyb, automaticky je s t\u00edm obezn\u00e1men ur\u010den\u00fd person\u00e1l. Pom\u016f\u017eeme v\u00e1m nainstalovat nezbytn\u00e1 za\u0159\u00edzen\u00ed, definovat parametry a cel\u00fd syst\u00e9m zav\u00e9st do praxe.<\/span><\/span><\/p>\n<h3><span lang=\"CS\"><span style=\"font-family: Helvetica; font-size: x-large;\">Ur\u010dov\u00e1n\u00ed objem\u016f <\/span><\/span><\/h3>\n<p><span lang=\"CS\"><span style=\"font-family: Helvetica;\">\u010clenov\u00e9 t\u00fdmu EXACT maj\u00ed za sebou mnoho let zku\u0161enost\u00ed s\u00a0m\u011b\u0159en\u00edm objem\u016f stavebn\u00edch prac\u00ed \u2013 zemn\u00ed pr\u00e1ce, m\u011b\u0159en\u00ed objem\u016f jednotliv\u00fdch konstruk\u010dn\u00edch vrstev. Od po\u010d\u00e1te\u010dn\u00edho okam\u017eiku stavby a\u017e do dokon\u010den\u00ed projektu se pod\u00edl\u00edme na pl\u00e1nov\u00e1n\u00ed n\u00e1klad\u016f, smluvn\u00edch jedn\u00e1n\u00edch a projektov\u00e9m managementu. EXACT shroma\u017e\u010fuje data poch\u00e1zej\u00edc\u00ed z n\u011bkolika m\u011b\u0159\u00edc\u00edch metod \u2013 nap\u0159\u00edklad laserov\u00e9 skenov\u00e1n\u00ed, GPS a klasick\u00e9ho geodetick\u00e9ho m\u011b\u0159en\u00ed. <\/span><\/span><\/p>\n","protected":false},"excerpt":{"rendered":"<p>Nab\u00edz\u00edme m\u011b\u0159ick\u00e9 pr\u00e1ce pro v\u0161echny typy staveb v\u010detn\u011b obytn\u00fdch budov, kancel\u00e1\u0159sk\u00fdch objekt\u016f, sportovi\u0161\u0165 a pr\u016fmyslov\u00fdch z\u00e1vod\u016f. EXACT prov\u00e1d\u00ed rovn\u011b\u017e m\u011b\u0159en\u00ed, vyty\u010dov\u00e1n\u00ed a kontroln\u00ed m\u011b\u0159en\u00ed pro stavby dopravn\u00ed infastruktury jako mosty, silnice a \u017eelezni\u010dn\u00ed trat\u011b a rovn\u011b\u017e loka\u010dn\u00ed pr\u016fzkumy potrubn\u00edho veden\u00ed, syst\u00e9my HVAC, v\u00fdtahov\u00e9 \u0161achty, vyasfaltovan\u00e9 plochy, terasy, haldy, z\u00e1klady, betonov\u00e9 r\u00e1my a dal\u0161\u00ed konstrukce. Zam\u011b\u0159en\u00ed [&hellip;]<\/p>\n","protected":false},"author":1,"featured_media":0,"parent":0,"menu_order":0,"comment_status":"open","ping_status":"open","template":"template-page.php","meta":{"_acf_changed":false,"footnotes":""},"acf":[],"yoast_head":"<!-- This site is optimized with the Yoast SEO plugin v22.2 - https:\/\/yoast.com\/wordpress\/plugins\/seo\/ -->\n<title>Stavby a konstrukce - EXACT<\/title>\n<meta name=\"robots\" content=\"index, follow, max-snippet:-1, max-image-preview:large, max-video-preview:-1\" \/>\n<link rel=\"canonical\" href=\"https:\/\/teamexact.com\/cs\/produkcni-pruzkum\/\" \/>\n<meta property=\"og:locale\" content=\"cs_CZ\" \/>\n<meta property=\"og:type\" content=\"article\" \/>\n<meta property=\"og:title\" content=\"Stavby a konstrukce - EXACT\" \/>\n<meta property=\"og:description\" content=\"Nab\u00edz\u00edme m\u011b\u0159ick\u00e9 pr\u00e1ce pro v\u0161echny typy staveb v\u010detn\u011b obytn\u00fdch budov, kancel\u00e1\u0159sk\u00fdch objekt\u016f, sportovi\u0161\u0165 a pr\u016fmyslov\u00fdch z\u00e1vod\u016f. EXACT prov\u00e1d\u00ed rovn\u011b\u017e m\u011b\u0159en\u00ed, vyty\u010dov\u00e1n\u00ed a kontroln\u00ed m\u011b\u0159en\u00ed pro stavby dopravn\u00ed infastruktury jako mosty, silnice a \u017eelezni\u010dn\u00ed trat\u011b a rovn\u011b\u017e loka\u010dn\u00ed pr\u016fzkumy potrubn\u00edho veden\u00ed, syst\u00e9my HVAC, v\u00fdtahov\u00e9 \u0161achty, vyasfaltovan\u00e9 plochy, terasy, haldy, z\u00e1klady, betonov\u00e9 r\u00e1my a dal\u0161\u00ed konstrukce. Zam\u011b\u0159en\u00ed [&hellip;]\" \/>\n<meta property=\"og:url\" content=\"https:\/\/teamexact.com\/cs\/produkcni-pruzkum\/\" \/>\n<meta property=\"og:site_name\" content=\"EXACT\" \/>\n<meta property=\"article:modified_time\" content=\"2018-05-08T12:19:47+00:00\" \/>\n<meta name=\"twitter:card\" content=\"summary_large_image\" \/>\n<meta name=\"twitter:label1\" content=\"Odhadovan\u00e1 doba \u010dten\u00ed\" \/>\n\t<meta name=\"twitter:data1\" content=\"2 minuty\" \/>\n<script type=\"application\/ld+json\" class=\"yoast-schema-graph\">{\"@context\":\"https:\/\/schema.org\",\"@graph\":[{\"@type\":\"WebPage\",\"@id\":\"https:\/\/teamexact.com\/cs\/produkcni-pruzkum\/\",\"url\":\"https:\/\/teamexact.com\/cs\/produkcni-pruzkum\/\",\"name\":\"Stavby a konstrukce - EXACT\",\"isPartOf\":{\"@id\":\"https:\/\/teamexact.com\/sv\/#website\"},\"datePublished\":\"2015-06-15T12:19:36+00:00\",\"dateModified\":\"2018-05-08T12:19:47+00:00\",\"breadcrumb\":{\"@id\":\"https:\/\/teamexact.com\/cs\/produkcni-pruzkum\/#breadcrumb\"},\"inLanguage\":\"cs\",\"potentialAction\":[{\"@type\":\"ReadAction\",\"target\":[\"https:\/\/teamexact.com\/cs\/produkcni-pruzkum\/\"]}]},{\"@type\":\"BreadcrumbList\",\"@id\":\"https:\/\/teamexact.com\/cs\/produkcni-pruzkum\/#breadcrumb\",\"itemListElement\":[{\"@type\":\"ListItem\",\"position\":1,\"name\":\"Home\",\"item\":\"https:\/\/teamexact.com\/cs\/\"},{\"@type\":\"ListItem\",\"position\":2,\"name\":\"Stavby a konstrukce\"}]},{\"@type\":\"WebSite\",\"@id\":\"https:\/\/teamexact.com\/sv\/#website\",\"url\":\"https:\/\/teamexact.com\/sv\/\",\"name\":\"EXACT\",\"description\":\"We see more\",\"potentialAction\":[{\"@type\":\"SearchAction\",\"target\":{\"@type\":\"EntryPoint\",\"urlTemplate\":\"https:\/\/teamexact.com\/sv\/?s={search_term_string}\"},\"query-input\":\"required name=search_term_string\"}],\"inLanguage\":\"cs\"}]}<\/script>\n<!-- \/ Yoast SEO plugin. -->","yoast_head_json":{"title":"Stavby a konstrukce - EXACT","robots":{"index":"index","follow":"follow","max-snippet":"max-snippet:-1","max-image-preview":"max-image-preview:large","max-video-preview":"max-video-preview:-1"},"canonical":"https:\/\/teamexact.com\/cs\/produkcni-pruzkum\/","og_locale":"cs_CZ","og_type":"article","og_title":"Stavby a konstrukce - EXACT","og_description":"Nab\u00edz\u00edme m\u011b\u0159ick\u00e9 pr\u00e1ce pro v\u0161echny typy staveb v\u010detn\u011b obytn\u00fdch budov, kancel\u00e1\u0159sk\u00fdch objekt\u016f, sportovi\u0161\u0165 a pr\u016fmyslov\u00fdch z\u00e1vod\u016f. EXACT prov\u00e1d\u00ed rovn\u011b\u017e m\u011b\u0159en\u00ed, vyty\u010dov\u00e1n\u00ed a kontroln\u00ed m\u011b\u0159en\u00ed pro stavby dopravn\u00ed infastruktury jako mosty, silnice a \u017eelezni\u010dn\u00ed trat\u011b a rovn\u011b\u017e loka\u010dn\u00ed pr\u016fzkumy potrubn\u00edho veden\u00ed, syst\u00e9my HVAC, v\u00fdtahov\u00e9 \u0161achty, vyasfaltovan\u00e9 plochy, terasy, haldy, z\u00e1klady, betonov\u00e9 r\u00e1my a dal\u0161\u00ed konstrukce. Zam\u011b\u0159en\u00ed [&hellip;]","og_url":"https:\/\/teamexact.com\/cs\/produkcni-pruzkum\/","og_site_name":"EXACT","article_modified_time":"2018-05-08T12:19:47+00:00","twitter_card":"summary_large_image","twitter_misc":{"Odhadovan\u00e1 doba \u010dten\u00ed":"2 minuty"},"schema":{"@context":"https:\/\/schema.org","@graph":[{"@type":"WebPage","@id":"https:\/\/teamexact.com\/cs\/produkcni-pruzkum\/","url":"https:\/\/teamexact.com\/cs\/produkcni-pruzkum\/","name":"Stavby a konstrukce - EXACT","isPartOf":{"@id":"https:\/\/teamexact.com\/sv\/#website"},"datePublished":"2015-06-15T12:19:36+00:00","dateModified":"2018-05-08T12:19:47+00:00","breadcrumb":{"@id":"https:\/\/teamexact.com\/cs\/produkcni-pruzkum\/#breadcrumb"},"inLanguage":"cs","potentialAction":[{"@type":"ReadAction","target":["https:\/\/teamexact.com\/cs\/produkcni-pruzkum\/"]}]},{"@type":"BreadcrumbList","@id":"https:\/\/teamexact.com\/cs\/produkcni-pruzkum\/#breadcrumb","itemListElement":[{"@type":"ListItem","position":1,"name":"Home","item":"https:\/\/teamexact.com\/cs\/"},{"@type":"ListItem","position":2,"name":"Stavby a konstrukce"}]},{"@type":"WebSite","@id":"https:\/\/teamexact.com\/sv\/#website","url":"https:\/\/teamexact.com\/sv\/","name":"EXACT","description":"We see more","potentialAction":[{"@type":"SearchAction","target":{"@type":"EntryPoint","urlTemplate":"https:\/\/teamexact.com\/sv\/?s={search_term_string}"},"query-input":"required name=search_term_string"}],"inLanguage":"cs"}]}},"_links":{"self":[{"href":"https:\/\/teamexact.com\/cs\/wp-json\/wp\/v2\/pages\/1044"}],"collection":[{"href":"https:\/\/teamexact.com\/cs\/wp-json\/wp\/v2\/pages"}],"about":[{"href":"https:\/\/teamexact.com\/cs\/wp-json\/wp\/v2\/types\/page"}],"author":[{"embeddable":true,"href":"https:\/\/teamexact.com\/cs\/wp-json\/wp\/v2\/users\/1"}],"replies":[{"embeddable":true,"href":"https:\/\/teamexact.com\/cs\/wp-json\/wp\/v2\/comments?post=1044"}],"version-history":[{"count":5,"href":"https:\/\/teamexact.com\/cs\/wp-json\/wp\/v2\/pages\/1044\/revisions"}],"predecessor-version":[{"id":3558,"href":"https:\/\/teamexact.com\/cs\/wp-json\/wp\/v2\/pages\/1044\/revisions\/3558"}],"wp:attachment":[{"href":"https:\/\/teamexact.com\/cs\/wp-json\/wp\/v2\/media?parent=1044"}],"curies":[{"name":"wp","href":"https:\/\/api.w.org\/{rel}","templated":true}]}}