{"id":1047,"date":"2015-06-15T14:20:32","date_gmt":"2015-06-15T12:20:32","guid":{"rendered":"http:\/\/exact.lebowski.se\/management-support-2\/"},"modified":"2017-09-19T11:50:24","modified_gmt":"2017-09-19T09:50:24","slug":"podpora-rizeni","status":"publish","type":"page","link":"https:\/\/teamexact.com\/cs\/podpora-rizeni\/","title":{"rendered":"Podpora \u0159\u00edzen\u00ed"},"content":{"rendered":"<h3>Projektov\u00fd management a slu\u017eby klientsk\u00e9 podpory<\/h3>\n<p>U spole\u010dnosti EXACT zajist\u00edme p\u0159esn\u00e1 m\u011b\u0159en\u00ed efektivn\u00edm zp\u016fsobem, podle va\u0161ich p\u0159esn\u00fdch specifikac\u00ed a co nejhospod\u00e1rn\u011bji. Disponujeme rovn\u011b\u017e rozs\u00e1hl\u00fdmi znalostmi a zku\u0161enostmi v oblasti \u0159\u00edzen\u00ed komplexn\u00edch konstruk\u010dn\u00edch projekt\u016f. EXACT v\u00e1m poskytne soustavnou podporu b\u011bhem v\u0161ech f\u00e1z\u00ed va\u0161eho projektu a napom\u016f\u017ee tak zaru\u010dit jeho \u00fasp\u011b\u0161nou realizaci.<\/p>\n<p>Pom\u00e1h\u00e1me v\u00e1m vyhnout se zbyte\u010dn\u00fdm chyb\u00e1m a nedorozum\u011bn\u00edm t\u00edm, \u017ee prozkoum\u00e1me ve\u0161ker\u00e9 dokumenty vztahuj\u00edc\u00ed se k projektu a ov\u011b\u0159\u00edme, zda pln\u00ed stanoven\u00e9 po\u017eadavky, a to je\u0161t\u011b p\u0159ed zapo\u010det\u00edm va\u0161eho projektu, abychom zajistili jeho \u00fasp\u011b\u0161n\u00e9 zah\u00e1jen\u00ed. Vyu\u017eijte v\u00fdhod na\u0161ich pr\u016fb\u011b\u017en\u00fdch slu\u017eeb klientsk\u00e9 podpory b\u011bhem va\u0161eho projektu k ov\u011b\u0159en\u00ed toho, zda jsou dodr\u017eov\u00e1ny v\u0161echny pr\u00e1vn\u00ed smlouvy, p\u0159edpisy a pokyny ohledn\u011b konstruk\u010dn\u00edch toleranc\u00ed. M\u00e1me schopnost efektivn\u00ed komunikace s va\u0161imi smluvn\u00edmi partnery a dok\u00e1\u017eeme ov\u011b\u0159it, zda v\u0161echny strany pod\u00edlej\u00edc\u00ed se na projektu dodr\u017euj\u00ed opat\u0159en\u00ed pro \u0159\u00edzen\u00ed jakosti stanoven\u00e1 v pl\u00e1nech.<\/p>\n<p>&nbsp;<\/p>\n","protected":false},"excerpt":{"rendered":"<p>Projektov\u00fd management a slu\u017eby klientsk\u00e9 podpory U spole\u010dnosti EXACT zajist\u00edme p\u0159esn\u00e1 m\u011b\u0159en\u00ed efektivn\u00edm zp\u016fsobem, podle va\u0161ich p\u0159esn\u00fdch specifikac\u00ed a co nejhospod\u00e1rn\u011bji. Disponujeme rovn\u011b\u017e rozs\u00e1hl\u00fdmi znalostmi a zku\u0161enostmi v oblasti \u0159\u00edzen\u00ed komplexn\u00edch konstruk\u010dn\u00edch projekt\u016f. EXACT v\u00e1m poskytne soustavnou podporu b\u011bhem v\u0161ech f\u00e1z\u00ed va\u0161eho projektu a napom\u016f\u017ee tak zaru\u010dit jeho \u00fasp\u011b\u0161nou realizaci. Pom\u00e1h\u00e1me v\u00e1m vyhnout se zbyte\u010dn\u00fdm [&hellip;]<\/p>\n","protected":false},"author":1,"featured_media":0,"parent":0,"menu_order":0,"comment_status":"open","ping_status":"open","template":"template-page.php","meta":{"_acf_changed":false,"footnotes":""},"acf":[],"yoast_head":"<!-- This site is optimized with the Yoast SEO plugin v22.2 - https:\/\/yoast.com\/wordpress\/plugins\/seo\/ -->\n<title>Podpora \u0159\u00edzen\u00ed - EXACT<\/title>\n<meta name=\"robots\" content=\"index, follow, max-snippet:-1, max-image-preview:large, max-video-preview:-1\" \/>\n<link rel=\"canonical\" href=\"https:\/\/teamexact.com\/cs\/podpora-rizeni\/\" \/>\n<meta property=\"og:locale\" content=\"cs_CZ\" \/>\n<meta property=\"og:type\" content=\"article\" \/>\n<meta property=\"og:title\" content=\"Podpora \u0159\u00edzen\u00ed - EXACT\" \/>\n<meta property=\"og:description\" content=\"Projektov\u00fd management a slu\u017eby klientsk\u00e9 podpory U spole\u010dnosti EXACT zajist\u00edme p\u0159esn\u00e1 m\u011b\u0159en\u00ed efektivn\u00edm zp\u016fsobem, podle va\u0161ich p\u0159esn\u00fdch specifikac\u00ed a co nejhospod\u00e1rn\u011bji. Disponujeme rovn\u011b\u017e rozs\u00e1hl\u00fdmi znalostmi a zku\u0161enostmi v oblasti \u0159\u00edzen\u00ed komplexn\u00edch konstruk\u010dn\u00edch projekt\u016f. EXACT v\u00e1m poskytne soustavnou podporu b\u011bhem v\u0161ech f\u00e1z\u00ed va\u0161eho projektu a napom\u016f\u017ee tak zaru\u010dit jeho \u00fasp\u011b\u0161nou realizaci. Pom\u00e1h\u00e1me v\u00e1m vyhnout se zbyte\u010dn\u00fdm [&hellip;]\" \/>\n<meta property=\"og:url\" content=\"https:\/\/teamexact.com\/cs\/podpora-rizeni\/\" \/>\n<meta property=\"og:site_name\" content=\"EXACT\" \/>\n<meta property=\"article:modified_time\" content=\"2017-09-19T09:50:24+00:00\" \/>\n<meta name=\"twitter:card\" content=\"summary_large_image\" \/>\n<meta name=\"twitter:label1\" content=\"Odhadovan\u00e1 doba \u010dten\u00ed\" \/>\n\t<meta name=\"twitter:data1\" content=\"1 minuta\" \/>\n<script type=\"application\/ld+json\" class=\"yoast-schema-graph\">{\"@context\":\"https:\/\/schema.org\",\"@graph\":[{\"@type\":\"WebPage\",\"@id\":\"https:\/\/teamexact.com\/cs\/podpora-rizeni\/\",\"url\":\"https:\/\/teamexact.com\/cs\/podpora-rizeni\/\",\"name\":\"Podpora \u0159\u00edzen\u00ed - EXACT\",\"isPartOf\":{\"@id\":\"https:\/\/teamexact.com\/sv\/#website\"},\"datePublished\":\"2015-06-15T12:20:32+00:00\",\"dateModified\":\"2017-09-19T09:50:24+00:00\",\"breadcrumb\":{\"@id\":\"https:\/\/teamexact.com\/cs\/podpora-rizeni\/#breadcrumb\"},\"inLanguage\":\"cs\",\"potentialAction\":[{\"@type\":\"ReadAction\",\"target\":[\"https:\/\/teamexact.com\/cs\/podpora-rizeni\/\"]}]},{\"@type\":\"BreadcrumbList\",\"@id\":\"https:\/\/teamexact.com\/cs\/podpora-rizeni\/#breadcrumb\",\"itemListElement\":[{\"@type\":\"ListItem\",\"position\":1,\"name\":\"Home\",\"item\":\"https:\/\/teamexact.com\/cs\/\"},{\"@type\":\"ListItem\",\"position\":2,\"name\":\"Podpora \u0159\u00edzen\u00ed\"}]},{\"@type\":\"WebSite\",\"@id\":\"https:\/\/teamexact.com\/sv\/#website\",\"url\":\"https:\/\/teamexact.com\/sv\/\",\"name\":\"EXACT\",\"description\":\"We see more\",\"potentialAction\":[{\"@type\":\"SearchAction\",\"target\":{\"@type\":\"EntryPoint\",\"urlTemplate\":\"https:\/\/teamexact.com\/sv\/?s={search_term_string}\"},\"query-input\":\"required name=search_term_string\"}],\"inLanguage\":\"cs\"}]}<\/script>\n<!-- \/ Yoast SEO plugin. -->","yoast_head_json":{"title":"Podpora \u0159\u00edzen\u00ed - EXACT","robots":{"index":"index","follow":"follow","max-snippet":"max-snippet:-1","max-image-preview":"max-image-preview:large","max-video-preview":"max-video-preview:-1"},"canonical":"https:\/\/teamexact.com\/cs\/podpora-rizeni\/","og_locale":"cs_CZ","og_type":"article","og_title":"Podpora \u0159\u00edzen\u00ed - EXACT","og_description":"Projektov\u00fd management a slu\u017eby klientsk\u00e9 podpory U spole\u010dnosti EXACT zajist\u00edme p\u0159esn\u00e1 m\u011b\u0159en\u00ed efektivn\u00edm zp\u016fsobem, podle va\u0161ich p\u0159esn\u00fdch specifikac\u00ed a co nejhospod\u00e1rn\u011bji. Disponujeme rovn\u011b\u017e rozs\u00e1hl\u00fdmi znalostmi a zku\u0161enostmi v oblasti \u0159\u00edzen\u00ed komplexn\u00edch konstruk\u010dn\u00edch projekt\u016f. EXACT v\u00e1m poskytne soustavnou podporu b\u011bhem v\u0161ech f\u00e1z\u00ed va\u0161eho projektu a napom\u016f\u017ee tak zaru\u010dit jeho \u00fasp\u011b\u0161nou realizaci. Pom\u00e1h\u00e1me v\u00e1m vyhnout se zbyte\u010dn\u00fdm [&hellip;]","og_url":"https:\/\/teamexact.com\/cs\/podpora-rizeni\/","og_site_name":"EXACT","article_modified_time":"2017-09-19T09:50:24+00:00","twitter_card":"summary_large_image","twitter_misc":{"Odhadovan\u00e1 doba \u010dten\u00ed":"1 minuta"},"schema":{"@context":"https:\/\/schema.org","@graph":[{"@type":"WebPage","@id":"https:\/\/teamexact.com\/cs\/podpora-rizeni\/","url":"https:\/\/teamexact.com\/cs\/podpora-rizeni\/","name":"Podpora \u0159\u00edzen\u00ed - EXACT","isPartOf":{"@id":"https:\/\/teamexact.com\/sv\/#website"},"datePublished":"2015-06-15T12:20:32+00:00","dateModified":"2017-09-19T09:50:24+00:00","breadcrumb":{"@id":"https:\/\/teamexact.com\/cs\/podpora-rizeni\/#breadcrumb"},"inLanguage":"cs","potentialAction":[{"@type":"ReadAction","target":["https:\/\/teamexact.com\/cs\/podpora-rizeni\/"]}]},{"@type":"BreadcrumbList","@id":"https:\/\/teamexact.com\/cs\/podpora-rizeni\/#breadcrumb","itemListElement":[{"@type":"ListItem","position":1,"name":"Home","item":"https:\/\/teamexact.com\/cs\/"},{"@type":"ListItem","position":2,"name":"Podpora \u0159\u00edzen\u00ed"}]},{"@type":"WebSite","@id":"https:\/\/teamexact.com\/sv\/#website","url":"https:\/\/teamexact.com\/sv\/","name":"EXACT","description":"We see more","potentialAction":[{"@type":"SearchAction","target":{"@type":"EntryPoint","urlTemplate":"https:\/\/teamexact.com\/sv\/?s={search_term_string}"},"query-input":"required name=search_term_string"}],"inLanguage":"cs"}]}},"_links":{"self":[{"href":"https:\/\/teamexact.com\/cs\/wp-json\/wp\/v2\/pages\/1047"}],"collection":[{"href":"https:\/\/teamexact.com\/cs\/wp-json\/wp\/v2\/pages"}],"about":[{"href":"https:\/\/teamexact.com\/cs\/wp-json\/wp\/v2\/types\/page"}],"author":[{"embeddable":true,"href":"https:\/\/teamexact.com\/cs\/wp-json\/wp\/v2\/users\/1"}],"replies":[{"embeddable":true,"href":"https:\/\/teamexact.com\/cs\/wp-json\/wp\/v2\/comments?post=1047"}],"version-history":[{"count":6,"href":"https:\/\/teamexact.com\/cs\/wp-json\/wp\/v2\/pages\/1047\/revisions"}],"predecessor-version":[{"id":2770,"href":"https:\/\/teamexact.com\/cs\/wp-json\/wp\/v2\/pages\/1047\/revisions\/2770"}],"wp:attachment":[{"href":"https:\/\/teamexact.com\/cs\/wp-json\/wp\/v2\/media?parent=1047"}],"curies":[{"name":"wp","href":"https:\/\/api.w.org\/{rel}","templated":true}]}}