{"id":1050,"date":"2015-06-15T14:26:55","date_gmt":"2015-06-15T12:26:55","guid":{"rendered":"http:\/\/exact.lebowski.se\/rail-roadworks-2\/"},"modified":"2015-10-08T19:51:35","modified_gmt":"2015-10-08T17:51:35","slug":"zeleznicni-a-silnicni-stavby","status":"publish","type":"page","link":"https:\/\/teamexact.com\/cs\/zeleznicni-a-silnicni-stavby\/","title":{"rendered":"\u017delezni\u010dn\u00ed a silni\u010dn\u00ed stavby"},"content":{"rendered":"<h3><span lang=\"CS\"><span style=\"font-family: Helvetica; font-size: x-large;\">\u017delezni\u010dn\u00ed pr\u016fzkum<\/span><\/span><\/h3>\n<p><span lang=\"CS\"><span style=\"font-family: Helvetica;\">T\u00fdm EXACT pro prov\u00e1d\u011bn\u00ed m\u011b\u0159en\u00ed na \u017eeleznic\u00edch je slo\u017een z odborn\u00edk\u016f specializuj\u00edc\u00edch se na stavby \u017eelezni\u010dn\u00edch a podzemn\u00edch kolejov\u00fdch trat\u00ed a na s nimi spojen\u00e9 projekty na \u00fadr\u017ebu a renovaci po cel\u00e9 Evrop\u011b. Na\u0161e t\u00fdmy disponuj\u00ed nezbytn\u00fdmi znalostmi, schopnostmi, zku\u0161enostmi a technick\u00fdmi zdroji, aby mohly dodat p\u0159esn\u00e9 informace rychle a udr\u017eely v\u00e1\u0161 projekt na spr\u00e1vn\u00e9 koleji. Proto\u017ee pr\u00e1ce v \u017eelezni\u010dn\u00edm prost\u0159ed\u00ed je zvl\u00e1\u0161\u0165 n\u00e1ro\u010dn\u00e1, v\u0161ichni \u010dlenov\u00e9 t\u00fdmu EXACT pro prov\u00e1d\u011bn\u00ed m\u011b\u0159en\u00ed na \u017eeleznic\u00edch proch\u00e1zej\u00ed autoriza\u010dn\u00edmi a bezpe\u010dnostn\u00edmi kurzy. Dokumentace je u \u017eelezni\u010dn\u00edch projekt\u016f zvl\u00e1\u0161t\u011b podstatn\u00e1 k dodr\u017een\u00ed po\u017eadavk\u016f n\u00e1rodn\u00edch \u017eelezni\u010dn\u00edch spr\u00e1vn\u00edch \u00fa\u0159ad\u016f a my poskytujeme podrobnou dokumentaci skute\u010dn\u00e9ho stavu podle va\u0161ich specifick\u00fdch pot\u0159eb.<\/span><\/span><\/p>\n<h3><span lang=\"CS\"><span style=\"font-family: Helvetica; font-size: x-large;\">Exact Street<\/span><\/span><\/h3>\n<p><span lang=\"CS\"><span style=\"font-family: Helvetica;\">EXACT Street p\u0159edstavuje jedine\u010dnou m\u011b\u0159\u00edc\u00ed technologii ve sv\u00e9 t\u0159\u00edd\u011b, kter\u00e1 zaru\u010duje m\u011b\u0159en\u00ed silnic s p\u0159esnost\u00ed do 2 mm od bodov\u00e9ho pole, kter\u00e1 z n\u00ed \u010din\u00ed neodmyslitelnou technologii pro obor modern\u00ed stavby silnic a jejich oprav. Zjednodu\u0161te budouc\u00ed pl\u00e1nov\u00e1n\u00ed a opravy silnic d\u00edky p\u0159esn\u00fdm, obs\u00e1hl\u00fdm \u00fadaj\u016fm a podrobn\u00fdm map\u00e1m. A\u0165 ji\u017e se star\u00e1te o silnice mezi obcemi, ulice ve m\u011bstech nebo o d\u00e1lnice, EXACT Street v\u00e1m m\u016f\u017ee u\u0161et\u0159it \u010das i pen\u00edze.<\/span><\/span><\/p>\n<p><span lang=\"CS\"><span style=\"font-family: Helvetica;\">EXACT Street v\u00e1m pom\u016f\u017ee podstatn\u00fdm zp\u016fsobem u\u0161et\u0159it p\u0159i budov\u00e1n\u00ed nov\u00fdch silnic, prodlou\u017eit \u017eivotnost opraven\u00fdch m\u00edst a udr\u017eet mno\u017estv\u00ed a \u010das uzav\u00edrek na minimu. \u00dasp\u011b\u0161n\u00e9 projekty stavby silnic spol\u00e9haj\u00ed na technologii EXACT Street v pr\u016fb\u011bhu cel\u00e9ho trv\u00e1n\u00ed projektu a slou\u017e\u00ed tak\u00e9 jako z\u00e1klad pro 3D modely. Optimalizovan\u00fd 3D projekt silnice z EXACT Street (silnice s nov\u00fdm profilem) v\u00e1m napom\u016f\u017ee vizualizovat parametry silnice IRI, odvod\u0148ov\u00e1n\u00ed povrchu silnice, pod\u00e9ln\u00e9 a p\u0159\u00ed\u010dn\u00e9 nerovnosti a charakteristiku sklonu povrchu.<\/span><\/span><\/p>\n<h3><span lang=\"CS\"><span style=\"font-family: Helvetica; font-size: x-large;\">Pr\u016fzkum pro stavby a konstruk\u010dn\u00ed pr\u00e1ce<\/span><\/span><\/h3>\n<p><span lang=\"CS\" style=\"font-family: 'Helvetica','sans-serif';\">Nab\u00edz\u00edme m\u011b\u0159ick\u00e9 pr\u00e1ce pro v\u0161echny typy staveb v\u010detn\u011b obytn\u00fdch budov, kancel\u00e1\u0159sk\u00fdch objekt\u016f, sportovi\u0161\u0165 a pr\u016fmyslov\u00fdch z\u00e1vod\u016f. EXACT prov\u00e1d\u00ed rovn\u011b\u017e m\u011b\u0159en\u00ed, vyty\u010dov\u00e1n\u00ed a kontroln\u00ed m\u011b\u0159en\u00ed pro stavby dopravn\u00ed infastruktury jako mosty, silnice a \u017eelezni\u010dn\u00ed trat\u011b a rovn\u011b\u017e loka\u010dn\u00ed pr\u016fzkumy potrubn\u00edho veden\u00ed, syst\u00e9my HVAC, v\u00fdtahov\u00e9 \u0161achty, vyasfaltovan\u00e9 plochy, terasy, haldy, z\u00e1klady, betonov\u00e9 r\u00e1my a dal\u0161\u00ed konstrukce.<\/span><\/p>\n<p>&nbsp;<\/p>\n","protected":false},"excerpt":{"rendered":"<p>\u017delezni\u010dn\u00ed pr\u016fzkum T\u00fdm EXACT pro prov\u00e1d\u011bn\u00ed m\u011b\u0159en\u00ed na \u017eeleznic\u00edch je slo\u017een z odborn\u00edk\u016f specializuj\u00edc\u00edch se na stavby \u017eelezni\u010dn\u00edch a podzemn\u00edch kolejov\u00fdch trat\u00ed a na s nimi spojen\u00e9 projekty na \u00fadr\u017ebu a renovaci po cel\u00e9 Evrop\u011b. Na\u0161e t\u00fdmy disponuj\u00ed nezbytn\u00fdmi znalostmi, schopnostmi, zku\u0161enostmi a technick\u00fdmi zdroji, aby mohly dodat p\u0159esn\u00e9 informace rychle a udr\u017eely v\u00e1\u0161 projekt [&hellip;]<\/p>\n","protected":false},"author":1,"featured_media":0,"parent":0,"menu_order":0,"comment_status":"open","ping_status":"open","template":"template-page.php","meta":{"_acf_changed":false,"footnotes":""},"acf":[],"yoast_head":"<!-- This site is optimized with the Yoast SEO plugin v22.2 - https:\/\/yoast.com\/wordpress\/plugins\/seo\/ -->\n<title>\u017delezni\u010dn\u00ed a silni\u010dn\u00ed stavby - EXACT<\/title>\n<meta name=\"robots\" content=\"index, follow, max-snippet:-1, max-image-preview:large, max-video-preview:-1\" \/>\n<link rel=\"canonical\" href=\"https:\/\/teamexact.com\/cs\/zeleznicni-a-silnicni-stavby\/\" \/>\n<meta property=\"og:locale\" content=\"cs_CZ\" \/>\n<meta property=\"og:type\" content=\"article\" \/>\n<meta property=\"og:title\" content=\"\u017delezni\u010dn\u00ed a silni\u010dn\u00ed stavby - EXACT\" \/>\n<meta property=\"og:description\" content=\"\u017delezni\u010dn\u00ed pr\u016fzkum T\u00fdm EXACT pro prov\u00e1d\u011bn\u00ed m\u011b\u0159en\u00ed na \u017eeleznic\u00edch je slo\u017een z odborn\u00edk\u016f specializuj\u00edc\u00edch se na stavby \u017eelezni\u010dn\u00edch a podzemn\u00edch kolejov\u00fdch trat\u00ed a na s nimi spojen\u00e9 projekty na \u00fadr\u017ebu a renovaci po cel\u00e9 Evrop\u011b. Na\u0161e t\u00fdmy disponuj\u00ed nezbytn\u00fdmi znalostmi, schopnostmi, zku\u0161enostmi a technick\u00fdmi zdroji, aby mohly dodat p\u0159esn\u00e9 informace rychle a udr\u017eely v\u00e1\u0161 projekt [&hellip;]\" \/>\n<meta property=\"og:url\" content=\"https:\/\/teamexact.com\/cs\/zeleznicni-a-silnicni-stavby\/\" \/>\n<meta property=\"og:site_name\" content=\"EXACT\" \/>\n<meta property=\"article:modified_time\" content=\"2015-10-08T17:51:35+00:00\" \/>\n<meta name=\"twitter:card\" content=\"summary_large_image\" \/>\n<meta name=\"twitter:label1\" content=\"Odhadovan\u00e1 doba \u010dten\u00ed\" \/>\n\t<meta name=\"twitter:data1\" content=\"2 minuty\" \/>\n<script type=\"application\/ld+json\" class=\"yoast-schema-graph\">{\"@context\":\"https:\/\/schema.org\",\"@graph\":[{\"@type\":\"WebPage\",\"@id\":\"https:\/\/teamexact.com\/cs\/zeleznicni-a-silnicni-stavby\/\",\"url\":\"https:\/\/teamexact.com\/cs\/zeleznicni-a-silnicni-stavby\/\",\"name\":\"\u017delezni\u010dn\u00ed a silni\u010dn\u00ed stavby - EXACT\",\"isPartOf\":{\"@id\":\"https:\/\/teamexact.com\/sv\/#website\"},\"datePublished\":\"2015-06-15T12:26:55+00:00\",\"dateModified\":\"2015-10-08T17:51:35+00:00\",\"breadcrumb\":{\"@id\":\"https:\/\/teamexact.com\/cs\/zeleznicni-a-silnicni-stavby\/#breadcrumb\"},\"inLanguage\":\"cs\",\"potentialAction\":[{\"@type\":\"ReadAction\",\"target\":[\"https:\/\/teamexact.com\/cs\/zeleznicni-a-silnicni-stavby\/\"]}]},{\"@type\":\"BreadcrumbList\",\"@id\":\"https:\/\/teamexact.com\/cs\/zeleznicni-a-silnicni-stavby\/#breadcrumb\",\"itemListElement\":[{\"@type\":\"ListItem\",\"position\":1,\"name\":\"Home\",\"item\":\"https:\/\/teamexact.com\/cs\/\"},{\"@type\":\"ListItem\",\"position\":2,\"name\":\"\u017delezni\u010dn\u00ed a silni\u010dn\u00ed stavby\"}]},{\"@type\":\"WebSite\",\"@id\":\"https:\/\/teamexact.com\/sv\/#website\",\"url\":\"https:\/\/teamexact.com\/sv\/\",\"name\":\"EXACT\",\"description\":\"We see more\",\"potentialAction\":[{\"@type\":\"SearchAction\",\"target\":{\"@type\":\"EntryPoint\",\"urlTemplate\":\"https:\/\/teamexact.com\/sv\/?s={search_term_string}\"},\"query-input\":\"required name=search_term_string\"}],\"inLanguage\":\"cs\"}]}<\/script>\n<!-- \/ Yoast SEO plugin. -->","yoast_head_json":{"title":"\u017delezni\u010dn\u00ed a silni\u010dn\u00ed stavby - EXACT","robots":{"index":"index","follow":"follow","max-snippet":"max-snippet:-1","max-image-preview":"max-image-preview:large","max-video-preview":"max-video-preview:-1"},"canonical":"https:\/\/teamexact.com\/cs\/zeleznicni-a-silnicni-stavby\/","og_locale":"cs_CZ","og_type":"article","og_title":"\u017delezni\u010dn\u00ed a silni\u010dn\u00ed stavby - EXACT","og_description":"\u017delezni\u010dn\u00ed pr\u016fzkum T\u00fdm EXACT pro prov\u00e1d\u011bn\u00ed m\u011b\u0159en\u00ed na \u017eeleznic\u00edch je slo\u017een z odborn\u00edk\u016f specializuj\u00edc\u00edch se na stavby \u017eelezni\u010dn\u00edch a podzemn\u00edch kolejov\u00fdch trat\u00ed a na s nimi spojen\u00e9 projekty na \u00fadr\u017ebu a renovaci po cel\u00e9 Evrop\u011b. Na\u0161e t\u00fdmy disponuj\u00ed nezbytn\u00fdmi znalostmi, schopnostmi, zku\u0161enostmi a technick\u00fdmi zdroji, aby mohly dodat p\u0159esn\u00e9 informace rychle a udr\u017eely v\u00e1\u0161 projekt [&hellip;]","og_url":"https:\/\/teamexact.com\/cs\/zeleznicni-a-silnicni-stavby\/","og_site_name":"EXACT","article_modified_time":"2015-10-08T17:51:35+00:00","twitter_card":"summary_large_image","twitter_misc":{"Odhadovan\u00e1 doba \u010dten\u00ed":"2 minuty"},"schema":{"@context":"https:\/\/schema.org","@graph":[{"@type":"WebPage","@id":"https:\/\/teamexact.com\/cs\/zeleznicni-a-silnicni-stavby\/","url":"https:\/\/teamexact.com\/cs\/zeleznicni-a-silnicni-stavby\/","name":"\u017delezni\u010dn\u00ed a silni\u010dn\u00ed stavby - EXACT","isPartOf":{"@id":"https:\/\/teamexact.com\/sv\/#website"},"datePublished":"2015-06-15T12:26:55+00:00","dateModified":"2015-10-08T17:51:35+00:00","breadcrumb":{"@id":"https:\/\/teamexact.com\/cs\/zeleznicni-a-silnicni-stavby\/#breadcrumb"},"inLanguage":"cs","potentialAction":[{"@type":"ReadAction","target":["https:\/\/teamexact.com\/cs\/zeleznicni-a-silnicni-stavby\/"]}]},{"@type":"BreadcrumbList","@id":"https:\/\/teamexact.com\/cs\/zeleznicni-a-silnicni-stavby\/#breadcrumb","itemListElement":[{"@type":"ListItem","position":1,"name":"Home","item":"https:\/\/teamexact.com\/cs\/"},{"@type":"ListItem","position":2,"name":"\u017delezni\u010dn\u00ed a silni\u010dn\u00ed stavby"}]},{"@type":"WebSite","@id":"https:\/\/teamexact.com\/sv\/#website","url":"https:\/\/teamexact.com\/sv\/","name":"EXACT","description":"We see more","potentialAction":[{"@type":"SearchAction","target":{"@type":"EntryPoint","urlTemplate":"https:\/\/teamexact.com\/sv\/?s={search_term_string}"},"query-input":"required name=search_term_string"}],"inLanguage":"cs"}]}},"_links":{"self":[{"href":"https:\/\/teamexact.com\/cs\/wp-json\/wp\/v2\/pages\/1050"}],"collection":[{"href":"https:\/\/teamexact.com\/cs\/wp-json\/wp\/v2\/pages"}],"about":[{"href":"https:\/\/teamexact.com\/cs\/wp-json\/wp\/v2\/types\/page"}],"author":[{"embeddable":true,"href":"https:\/\/teamexact.com\/cs\/wp-json\/wp\/v2\/users\/1"}],"replies":[{"embeddable":true,"href":"https:\/\/teamexact.com\/cs\/wp-json\/wp\/v2\/comments?post=1050"}],"version-history":[{"count":5,"href":"https:\/\/teamexact.com\/cs\/wp-json\/wp\/v2\/pages\/1050\/revisions"}],"predecessor-version":[{"id":1851,"href":"https:\/\/teamexact.com\/cs\/wp-json\/wp\/v2\/pages\/1050\/revisions\/1851"}],"wp:attachment":[{"href":"https:\/\/teamexact.com\/cs\/wp-json\/wp\/v2\/media?parent=1050"}],"curies":[{"name":"wp","href":"https:\/\/api.w.org\/{rel}","templated":true}]}}