{"id":1053,"date":"2015-06-15T14:28:08","date_gmt":"2015-06-15T12:28:08","guid":{"rendered":"http:\/\/exact.lebowski.se\/mining-tunnelling-2\/"},"modified":"2015-10-08T19:53:56","modified_gmt":"2015-10-08T17:53:56","slug":"dulni-cinnost-a-budovani-tunelu","status":"publish","type":"page","link":"https:\/\/teamexact.com\/cs\/dulni-cinnost-a-budovani-tunelu\/","title":{"rendered":"D\u016fln\u00ed \u010dinnost a budov\u00e1n\u00ed tunel\u016f"},"content":{"rendered":"<h3>Odbornost pro podpovrchov\u00e9 \u010dinnosti<\/h3>\n<p>Spole\u010dnost EXACT nashrom\u00e1\u017edila v\u00edce ne\u017e 10 let zku\u0161enost\u00ed v oblasti d\u016fln\u00edch \u010dinnost\u00ed a budov\u00e1n\u00ed tunel\u016f prost\u0159ednictv\u00edm sv\u00e9 pr\u00e1ce ve Skandin\u00e1vii a v \u010cesk\u00e9 republice. Podpovrchov\u00e9 pr\u00e1ce jsou komplexn\u00ed a sk\u00fdtaj\u00ed \u0159adu potenci\u00e1ln\u00edch probl\u00e9m\u016f z d\u016fvodu n\u00e1ro\u010dn\u00fdch podm\u00ednek dan\u00fdch omezen\u00fdm prostorem, zne\u010di\u0161t\u011bn\u00edm vzduchu, hlukem a vibracemi. Je zde rovn\u011b\u017e riziko spojen\u00e9 s p\u00e1dem hornin, s toxick\u00fdmi plyny a v\u00fdbuchem.<\/p>\n<p>\u010clenov\u00e9 t\u00fdmu EXACT p\u0159esn\u011b v\u011bd\u00ed, co je pot\u0159eba k zachov\u00e1n\u00ed bezpe\u010dnosti a udr\u017een\u00ed spr\u00e1vn\u00e9ho sm\u011bru k c\u00edli b\u011bhem podpovrchov\u00fdch prac\u00ed v dolech a projektech na budov\u00e1n\u00ed tunel\u016f. Velmi r\u00e1di se s v\u00e1mi o na\u0161e znalosti a zku\u0161enosti pod\u011bl\u00edme. Prov\u00e1d\u00edme pr\u016fzkum pro podpovrchov\u00e9 stavby, 3D laserov\u00e9 skenov\u00e1n\u00ed, kvalitativn\u00ed kontroly tunel\u016f, hmotnostn\u00ed v\u00fdpo\u010dty, v\u00fdpo\u010dty mez\u00ed zhroucen\u00ed nadlo\u017e\u00ed a podlo\u017e\u00ed, optimalizaci zemn\u00edch prac\u00ed a rovn\u011b\u017e obecn\u00e9 \u0159\u00edzen\u00ed a sledov\u00e1n\u00ed projekt\u016f.<\/p>\n","protected":false},"excerpt":{"rendered":"<p>Odbornost pro podpovrchov\u00e9 \u010dinnosti Spole\u010dnost EXACT nashrom\u00e1\u017edila v\u00edce ne\u017e 10 let zku\u0161enost\u00ed v oblasti d\u016fln\u00edch \u010dinnost\u00ed a budov\u00e1n\u00ed tunel\u016f prost\u0159ednictv\u00edm sv\u00e9 pr\u00e1ce ve Skandin\u00e1vii a v \u010cesk\u00e9 republice. Podpovrchov\u00e9 pr\u00e1ce jsou komplexn\u00ed a sk\u00fdtaj\u00ed \u0159adu potenci\u00e1ln\u00edch probl\u00e9m\u016f z d\u016fvodu n\u00e1ro\u010dn\u00fdch podm\u00ednek dan\u00fdch omezen\u00fdm prostorem, zne\u010di\u0161t\u011bn\u00edm vzduchu, hlukem a vibracemi. Je zde rovn\u011b\u017e riziko spojen\u00e9 s [&hellip;]<\/p>\n","protected":false},"author":1,"featured_media":0,"parent":0,"menu_order":0,"comment_status":"open","ping_status":"open","template":"template-page.php","meta":{"_acf_changed":false,"footnotes":""},"acf":[],"yoast_head":"<!-- This site is optimized with the Yoast SEO plugin v22.2 - https:\/\/yoast.com\/wordpress\/plugins\/seo\/ -->\n<title>D\u016fln\u00ed \u010dinnost a budov\u00e1n\u00ed tunel\u016f - EXACT<\/title>\n<meta name=\"robots\" content=\"index, follow, max-snippet:-1, max-image-preview:large, max-video-preview:-1\" \/>\n<link rel=\"canonical\" href=\"https:\/\/teamexact.com\/cs\/dulni-cinnost-a-budovani-tunelu\/\" \/>\n<meta property=\"og:locale\" content=\"cs_CZ\" \/>\n<meta property=\"og:type\" content=\"article\" \/>\n<meta property=\"og:title\" content=\"D\u016fln\u00ed \u010dinnost a budov\u00e1n\u00ed tunel\u016f - EXACT\" \/>\n<meta property=\"og:description\" content=\"Odbornost pro podpovrchov\u00e9 \u010dinnosti Spole\u010dnost EXACT nashrom\u00e1\u017edila v\u00edce ne\u017e 10 let zku\u0161enost\u00ed v oblasti d\u016fln\u00edch \u010dinnost\u00ed a budov\u00e1n\u00ed tunel\u016f prost\u0159ednictv\u00edm sv\u00e9 pr\u00e1ce ve Skandin\u00e1vii a v \u010cesk\u00e9 republice. Podpovrchov\u00e9 pr\u00e1ce jsou komplexn\u00ed a sk\u00fdtaj\u00ed \u0159adu potenci\u00e1ln\u00edch probl\u00e9m\u016f z d\u016fvodu n\u00e1ro\u010dn\u00fdch podm\u00ednek dan\u00fdch omezen\u00fdm prostorem, zne\u010di\u0161t\u011bn\u00edm vzduchu, hlukem a vibracemi. Je zde rovn\u011b\u017e riziko spojen\u00e9 s [&hellip;]\" \/>\n<meta property=\"og:url\" content=\"https:\/\/teamexact.com\/cs\/dulni-cinnost-a-budovani-tunelu\/\" \/>\n<meta property=\"og:site_name\" content=\"EXACT\" \/>\n<meta property=\"article:modified_time\" content=\"2015-10-08T17:53:56+00:00\" \/>\n<meta name=\"twitter:card\" content=\"summary_large_image\" \/>\n<meta name=\"twitter:label1\" content=\"Odhadovan\u00e1 doba \u010dten\u00ed\" \/>\n\t<meta name=\"twitter:data1\" content=\"1 minuta\" \/>\n<script type=\"application\/ld+json\" class=\"yoast-schema-graph\">{\"@context\":\"https:\/\/schema.org\",\"@graph\":[{\"@type\":\"WebPage\",\"@id\":\"https:\/\/teamexact.com\/cs\/dulni-cinnost-a-budovani-tunelu\/\",\"url\":\"https:\/\/teamexact.com\/cs\/dulni-cinnost-a-budovani-tunelu\/\",\"name\":\"D\u016fln\u00ed \u010dinnost a budov\u00e1n\u00ed tunel\u016f - EXACT\",\"isPartOf\":{\"@id\":\"https:\/\/teamexact.com\/sv\/#website\"},\"datePublished\":\"2015-06-15T12:28:08+00:00\",\"dateModified\":\"2015-10-08T17:53:56+00:00\",\"breadcrumb\":{\"@id\":\"https:\/\/teamexact.com\/cs\/dulni-cinnost-a-budovani-tunelu\/#breadcrumb\"},\"inLanguage\":\"cs\",\"potentialAction\":[{\"@type\":\"ReadAction\",\"target\":[\"https:\/\/teamexact.com\/cs\/dulni-cinnost-a-budovani-tunelu\/\"]}]},{\"@type\":\"BreadcrumbList\",\"@id\":\"https:\/\/teamexact.com\/cs\/dulni-cinnost-a-budovani-tunelu\/#breadcrumb\",\"itemListElement\":[{\"@type\":\"ListItem\",\"position\":1,\"name\":\"Home\",\"item\":\"https:\/\/teamexact.com\/cs\/\"},{\"@type\":\"ListItem\",\"position\":2,\"name\":\"D\u016fln\u00ed \u010dinnost a budov\u00e1n\u00ed tunel\u016f\"}]},{\"@type\":\"WebSite\",\"@id\":\"https:\/\/teamexact.com\/sv\/#website\",\"url\":\"https:\/\/teamexact.com\/sv\/\",\"name\":\"EXACT\",\"description\":\"We see more\",\"potentialAction\":[{\"@type\":\"SearchAction\",\"target\":{\"@type\":\"EntryPoint\",\"urlTemplate\":\"https:\/\/teamexact.com\/sv\/?s={search_term_string}\"},\"query-input\":\"required name=search_term_string\"}],\"inLanguage\":\"cs\"}]}<\/script>\n<!-- \/ Yoast SEO plugin. -->","yoast_head_json":{"title":"D\u016fln\u00ed \u010dinnost a budov\u00e1n\u00ed tunel\u016f - EXACT","robots":{"index":"index","follow":"follow","max-snippet":"max-snippet:-1","max-image-preview":"max-image-preview:large","max-video-preview":"max-video-preview:-1"},"canonical":"https:\/\/teamexact.com\/cs\/dulni-cinnost-a-budovani-tunelu\/","og_locale":"cs_CZ","og_type":"article","og_title":"D\u016fln\u00ed \u010dinnost a budov\u00e1n\u00ed tunel\u016f - EXACT","og_description":"Odbornost pro podpovrchov\u00e9 \u010dinnosti Spole\u010dnost EXACT nashrom\u00e1\u017edila v\u00edce ne\u017e 10 let zku\u0161enost\u00ed v oblasti d\u016fln\u00edch \u010dinnost\u00ed a budov\u00e1n\u00ed tunel\u016f prost\u0159ednictv\u00edm sv\u00e9 pr\u00e1ce ve Skandin\u00e1vii a v \u010cesk\u00e9 republice. Podpovrchov\u00e9 pr\u00e1ce jsou komplexn\u00ed a sk\u00fdtaj\u00ed \u0159adu potenci\u00e1ln\u00edch probl\u00e9m\u016f z d\u016fvodu n\u00e1ro\u010dn\u00fdch podm\u00ednek dan\u00fdch omezen\u00fdm prostorem, zne\u010di\u0161t\u011bn\u00edm vzduchu, hlukem a vibracemi. Je zde rovn\u011b\u017e riziko spojen\u00e9 s [&hellip;]","og_url":"https:\/\/teamexact.com\/cs\/dulni-cinnost-a-budovani-tunelu\/","og_site_name":"EXACT","article_modified_time":"2015-10-08T17:53:56+00:00","twitter_card":"summary_large_image","twitter_misc":{"Odhadovan\u00e1 doba \u010dten\u00ed":"1 minuta"},"schema":{"@context":"https:\/\/schema.org","@graph":[{"@type":"WebPage","@id":"https:\/\/teamexact.com\/cs\/dulni-cinnost-a-budovani-tunelu\/","url":"https:\/\/teamexact.com\/cs\/dulni-cinnost-a-budovani-tunelu\/","name":"D\u016fln\u00ed \u010dinnost a budov\u00e1n\u00ed tunel\u016f - EXACT","isPartOf":{"@id":"https:\/\/teamexact.com\/sv\/#website"},"datePublished":"2015-06-15T12:28:08+00:00","dateModified":"2015-10-08T17:53:56+00:00","breadcrumb":{"@id":"https:\/\/teamexact.com\/cs\/dulni-cinnost-a-budovani-tunelu\/#breadcrumb"},"inLanguage":"cs","potentialAction":[{"@type":"ReadAction","target":["https:\/\/teamexact.com\/cs\/dulni-cinnost-a-budovani-tunelu\/"]}]},{"@type":"BreadcrumbList","@id":"https:\/\/teamexact.com\/cs\/dulni-cinnost-a-budovani-tunelu\/#breadcrumb","itemListElement":[{"@type":"ListItem","position":1,"name":"Home","item":"https:\/\/teamexact.com\/cs\/"},{"@type":"ListItem","position":2,"name":"D\u016fln\u00ed \u010dinnost a budov\u00e1n\u00ed tunel\u016f"}]},{"@type":"WebSite","@id":"https:\/\/teamexact.com\/sv\/#website","url":"https:\/\/teamexact.com\/sv\/","name":"EXACT","description":"We see more","potentialAction":[{"@type":"SearchAction","target":{"@type":"EntryPoint","urlTemplate":"https:\/\/teamexact.com\/sv\/?s={search_term_string}"},"query-input":"required name=search_term_string"}],"inLanguage":"cs"}]}},"_links":{"self":[{"href":"https:\/\/teamexact.com\/cs\/wp-json\/wp\/v2\/pages\/1053"}],"collection":[{"href":"https:\/\/teamexact.com\/cs\/wp-json\/wp\/v2\/pages"}],"about":[{"href":"https:\/\/teamexact.com\/cs\/wp-json\/wp\/v2\/types\/page"}],"author":[{"embeddable":true,"href":"https:\/\/teamexact.com\/cs\/wp-json\/wp\/v2\/users\/1"}],"replies":[{"embeddable":true,"href":"https:\/\/teamexact.com\/cs\/wp-json\/wp\/v2\/comments?post=1053"}],"version-history":[{"count":5,"href":"https:\/\/teamexact.com\/cs\/wp-json\/wp\/v2\/pages\/1053\/revisions"}],"predecessor-version":[{"id":1852,"href":"https:\/\/teamexact.com\/cs\/wp-json\/wp\/v2\/pages\/1053\/revisions\/1852"}],"wp:attachment":[{"href":"https:\/\/teamexact.com\/cs\/wp-json\/wp\/v2\/media?parent=1053"}],"curies":[{"name":"wp","href":"https:\/\/api.w.org\/{rel}","templated":true}]}}