{"id":1056,"date":"2015-06-15T14:28:54","date_gmt":"2015-06-15T12:28:54","guid":{"rendered":"http:\/\/exact.lebowski.se\/machine-control-2\/"},"modified":"2015-10-08T19:55:31","modified_gmt":"2015-10-08T17:55:31","slug":"rizeni-stroju","status":"publish","type":"page","link":"https:\/\/teamexact.com\/cs\/rizeni-stroju\/","title":{"rendered":"\u0158\u00edzen\u00ed stroj\u016f"},"content":{"rendered":"<h3><strong>Inteligentn\u00ed strojn\u00ed za\u0159\u00edzen\u00ed a vybaven\u00ed<\/strong><\/h3>\n<p>Pou\u017e\u00edv\u00e1n\u00ed automatizovan\u00fdch strojn\u00edch za\u0159\u00edzen\u00ed tvo\u0159\u00ed integr\u00e1ln\u00ed sou\u010d\u00e1st v\u011bt\u0161iny stavebn\u00edch projekt\u016f, z \u010deho\u017e vypl\u00fdvaj\u00ed dal\u0161\u00ed \u00faspory a nav\u00fd\u0161en\u00ed p\u0159esnosti. Pom\u016f\u017eeme v\u00e1m ur\u010dit ty automatizovan\u00e9 syst\u00e9my, kter\u00e9 jsou nejvhodn\u011bj\u0161\u00ed pro va\u0161e pot\u0159eby, abyste se mohli co nejrychleji v\u011bnovat sv\u00e9 produktivn\u00ed \u010dinnosti. Vytvo\u0159\u00edme a poskytneme 3D modely z projektov\u00fdch v\u00fdkres\u016f a nahrajeme je do \u0159\u00eddic\u00edch syst\u00e9m\u016f stroj\u016f. Poskytneme referen\u010dn\u00ed body a n\u00e1sledn\u011b zajist\u00edme, aby stroje automaticky komunikovaly a \u0159\u00e1dn\u011b koordinovaly prov\u00e1d\u011bn\u00e9 pr\u00e1ce. \u010clenov\u00e9 na\u0161eho t\u00fdmu budou p\u0159\u00edtomni na pracovi\u0161ti, aby uvedli automatizovan\u00e9 syst\u00e9my do provozu, aby ov\u011b\u0159ili, \u017ee v\u0161e funguje spr\u00e1vn\u011b, a aby podali person\u00e1lu pokyny a \u0161kolen\u00ed tak, \u017ee ka\u017ed\u00fd, kdo se na va\u0161em projektu bude pod\u00edlet, bude m\u00edt aktu\u00e1ln\u00ed informace a znalosti.<\/p>\n<h3><strong>P\u0159\u00edstroje a vybaven\u00ed k pron\u00e1jmu<\/strong><\/h3>\n<p>Vedle poskytov\u00e1n\u00ed odborn\u00fdch konzulta\u010dn\u00edch slu\u017eeb ohledn\u011b \u0159\u00edzen\u00ed stroj\u016f nab\u00edz\u00ed EXACT rovn\u011b\u017e k pron\u00e1jmu m\u011b\u0159ic\u00ed p\u0159\u00edstroje a vybaven\u00ed pro prov\u00e1d\u011bn\u00ed m\u011b\u0159en\u00ed s nejlep\u0161\u00edmi vlastnostmi na trhu. Udr\u017eujeme v pohotovosti rozs\u00e1hl\u00fd sklad m\u011b\u0159\u00edc\u00edch stroj\u016f, abychom mohli na\u0161e specialisty na prov\u00e1d\u011bn\u00ed pr\u016fzkum\u016f vybavovat v\u017edy t\u011bmi nejpokro\u010dilej\u0161\u00edmi p\u0159\u00edstroji a n\u00e1stroji. Zaji\u0161\u0165ujeme rovn\u011b\u017e pr\u016fb\u011b\u017en\u00fd servis za\u0159\u00edzen\u00ed, abychom optimalizovali produktivitu od po\u010d\u00e1tku a\u017e do dokon\u010den\u00ed projektu.<\/p>\n","protected":false},"excerpt":{"rendered":"<p>Inteligentn\u00ed strojn\u00ed za\u0159\u00edzen\u00ed a vybaven\u00ed Pou\u017e\u00edv\u00e1n\u00ed automatizovan\u00fdch strojn\u00edch za\u0159\u00edzen\u00ed tvo\u0159\u00ed integr\u00e1ln\u00ed sou\u010d\u00e1st v\u011bt\u0161iny stavebn\u00edch projekt\u016f, z \u010deho\u017e vypl\u00fdvaj\u00ed dal\u0161\u00ed \u00faspory a nav\u00fd\u0161en\u00ed p\u0159esnosti. Pom\u016f\u017eeme v\u00e1m ur\u010dit ty automatizovan\u00e9 syst\u00e9my, kter\u00e9 jsou nejvhodn\u011bj\u0161\u00ed pro va\u0161e pot\u0159eby, abyste se mohli co nejrychleji v\u011bnovat sv\u00e9 produktivn\u00ed \u010dinnosti. Vytvo\u0159\u00edme a poskytneme 3D modely z projektov\u00fdch v\u00fdkres\u016f a nahrajeme je [&hellip;]<\/p>\n","protected":false},"author":1,"featured_media":0,"parent":0,"menu_order":0,"comment_status":"open","ping_status":"open","template":"template-page.php","meta":{"_acf_changed":false,"footnotes":""},"acf":[],"yoast_head":"<!-- This site is optimized with the Yoast SEO plugin v22.2 - https:\/\/yoast.com\/wordpress\/plugins\/seo\/ -->\n<title>\u0158\u00edzen\u00ed stroj\u016f - EXACT<\/title>\n<meta name=\"robots\" content=\"index, follow, max-snippet:-1, max-image-preview:large, max-video-preview:-1\" \/>\n<link rel=\"canonical\" href=\"https:\/\/teamexact.com\/cs\/rizeni-stroju\/\" \/>\n<meta property=\"og:locale\" content=\"cs_CZ\" \/>\n<meta property=\"og:type\" content=\"article\" \/>\n<meta property=\"og:title\" content=\"\u0158\u00edzen\u00ed stroj\u016f - EXACT\" \/>\n<meta property=\"og:description\" content=\"Inteligentn\u00ed strojn\u00ed za\u0159\u00edzen\u00ed a vybaven\u00ed Pou\u017e\u00edv\u00e1n\u00ed automatizovan\u00fdch strojn\u00edch za\u0159\u00edzen\u00ed tvo\u0159\u00ed integr\u00e1ln\u00ed sou\u010d\u00e1st v\u011bt\u0161iny stavebn\u00edch projekt\u016f, z \u010deho\u017e vypl\u00fdvaj\u00ed dal\u0161\u00ed \u00faspory a nav\u00fd\u0161en\u00ed p\u0159esnosti. Pom\u016f\u017eeme v\u00e1m ur\u010dit ty automatizovan\u00e9 syst\u00e9my, kter\u00e9 jsou nejvhodn\u011bj\u0161\u00ed pro va\u0161e pot\u0159eby, abyste se mohli co nejrychleji v\u011bnovat sv\u00e9 produktivn\u00ed \u010dinnosti. Vytvo\u0159\u00edme a poskytneme 3D modely z projektov\u00fdch v\u00fdkres\u016f a nahrajeme je [&hellip;]\" \/>\n<meta property=\"og:url\" content=\"https:\/\/teamexact.com\/cs\/rizeni-stroju\/\" \/>\n<meta property=\"og:site_name\" content=\"EXACT\" \/>\n<meta property=\"article:modified_time\" content=\"2015-10-08T17:55:31+00:00\" \/>\n<meta name=\"twitter:card\" content=\"summary_large_image\" \/>\n<meta name=\"twitter:label1\" content=\"Odhadovan\u00e1 doba \u010dten\u00ed\" \/>\n\t<meta name=\"twitter:data1\" content=\"1 minuta\" \/>\n<script type=\"application\/ld+json\" class=\"yoast-schema-graph\">{\"@context\":\"https:\/\/schema.org\",\"@graph\":[{\"@type\":\"WebPage\",\"@id\":\"https:\/\/teamexact.com\/cs\/rizeni-stroju\/\",\"url\":\"https:\/\/teamexact.com\/cs\/rizeni-stroju\/\",\"name\":\"\u0158\u00edzen\u00ed stroj\u016f - EXACT\",\"isPartOf\":{\"@id\":\"https:\/\/teamexact.com\/sv\/#website\"},\"datePublished\":\"2015-06-15T12:28:54+00:00\",\"dateModified\":\"2015-10-08T17:55:31+00:00\",\"breadcrumb\":{\"@id\":\"https:\/\/teamexact.com\/cs\/rizeni-stroju\/#breadcrumb\"},\"inLanguage\":\"cs\",\"potentialAction\":[{\"@type\":\"ReadAction\",\"target\":[\"https:\/\/teamexact.com\/cs\/rizeni-stroju\/\"]}]},{\"@type\":\"BreadcrumbList\",\"@id\":\"https:\/\/teamexact.com\/cs\/rizeni-stroju\/#breadcrumb\",\"itemListElement\":[{\"@type\":\"ListItem\",\"position\":1,\"name\":\"Home\",\"item\":\"https:\/\/teamexact.com\/cs\/\"},{\"@type\":\"ListItem\",\"position\":2,\"name\":\"\u0158\u00edzen\u00ed stroj\u016f\"}]},{\"@type\":\"WebSite\",\"@id\":\"https:\/\/teamexact.com\/sv\/#website\",\"url\":\"https:\/\/teamexact.com\/sv\/\",\"name\":\"EXACT\",\"description\":\"We see more\",\"potentialAction\":[{\"@type\":\"SearchAction\",\"target\":{\"@type\":\"EntryPoint\",\"urlTemplate\":\"https:\/\/teamexact.com\/sv\/?s={search_term_string}\"},\"query-input\":\"required name=search_term_string\"}],\"inLanguage\":\"cs\"}]}<\/script>\n<!-- \/ Yoast SEO plugin. -->","yoast_head_json":{"title":"\u0158\u00edzen\u00ed stroj\u016f - EXACT","robots":{"index":"index","follow":"follow","max-snippet":"max-snippet:-1","max-image-preview":"max-image-preview:large","max-video-preview":"max-video-preview:-1"},"canonical":"https:\/\/teamexact.com\/cs\/rizeni-stroju\/","og_locale":"cs_CZ","og_type":"article","og_title":"\u0158\u00edzen\u00ed stroj\u016f - EXACT","og_description":"Inteligentn\u00ed strojn\u00ed za\u0159\u00edzen\u00ed a vybaven\u00ed Pou\u017e\u00edv\u00e1n\u00ed automatizovan\u00fdch strojn\u00edch za\u0159\u00edzen\u00ed tvo\u0159\u00ed integr\u00e1ln\u00ed sou\u010d\u00e1st v\u011bt\u0161iny stavebn\u00edch projekt\u016f, z \u010deho\u017e vypl\u00fdvaj\u00ed dal\u0161\u00ed \u00faspory a nav\u00fd\u0161en\u00ed p\u0159esnosti. Pom\u016f\u017eeme v\u00e1m ur\u010dit ty automatizovan\u00e9 syst\u00e9my, kter\u00e9 jsou nejvhodn\u011bj\u0161\u00ed pro va\u0161e pot\u0159eby, abyste se mohli co nejrychleji v\u011bnovat sv\u00e9 produktivn\u00ed \u010dinnosti. Vytvo\u0159\u00edme a poskytneme 3D modely z projektov\u00fdch v\u00fdkres\u016f a nahrajeme je [&hellip;]","og_url":"https:\/\/teamexact.com\/cs\/rizeni-stroju\/","og_site_name":"EXACT","article_modified_time":"2015-10-08T17:55:31+00:00","twitter_card":"summary_large_image","twitter_misc":{"Odhadovan\u00e1 doba \u010dten\u00ed":"1 minuta"},"schema":{"@context":"https:\/\/schema.org","@graph":[{"@type":"WebPage","@id":"https:\/\/teamexact.com\/cs\/rizeni-stroju\/","url":"https:\/\/teamexact.com\/cs\/rizeni-stroju\/","name":"\u0158\u00edzen\u00ed stroj\u016f - EXACT","isPartOf":{"@id":"https:\/\/teamexact.com\/sv\/#website"},"datePublished":"2015-06-15T12:28:54+00:00","dateModified":"2015-10-08T17:55:31+00:00","breadcrumb":{"@id":"https:\/\/teamexact.com\/cs\/rizeni-stroju\/#breadcrumb"},"inLanguage":"cs","potentialAction":[{"@type":"ReadAction","target":["https:\/\/teamexact.com\/cs\/rizeni-stroju\/"]}]},{"@type":"BreadcrumbList","@id":"https:\/\/teamexact.com\/cs\/rizeni-stroju\/#breadcrumb","itemListElement":[{"@type":"ListItem","position":1,"name":"Home","item":"https:\/\/teamexact.com\/cs\/"},{"@type":"ListItem","position":2,"name":"\u0158\u00edzen\u00ed stroj\u016f"}]},{"@type":"WebSite","@id":"https:\/\/teamexact.com\/sv\/#website","url":"https:\/\/teamexact.com\/sv\/","name":"EXACT","description":"We see more","potentialAction":[{"@type":"SearchAction","target":{"@type":"EntryPoint","urlTemplate":"https:\/\/teamexact.com\/sv\/?s={search_term_string}"},"query-input":"required name=search_term_string"}],"inLanguage":"cs"}]}},"_links":{"self":[{"href":"https:\/\/teamexact.com\/cs\/wp-json\/wp\/v2\/pages\/1056"}],"collection":[{"href":"https:\/\/teamexact.com\/cs\/wp-json\/wp\/v2\/pages"}],"about":[{"href":"https:\/\/teamexact.com\/cs\/wp-json\/wp\/v2\/types\/page"}],"author":[{"embeddable":true,"href":"https:\/\/teamexact.com\/cs\/wp-json\/wp\/v2\/users\/1"}],"replies":[{"embeddable":true,"href":"https:\/\/teamexact.com\/cs\/wp-json\/wp\/v2\/comments?post=1056"}],"version-history":[{"count":6,"href":"https:\/\/teamexact.com\/cs\/wp-json\/wp\/v2\/pages\/1056\/revisions"}],"predecessor-version":[{"id":1854,"href":"https:\/\/teamexact.com\/cs\/wp-json\/wp\/v2\/pages\/1056\/revisions\/1854"}],"wp:attachment":[{"href":"https:\/\/teamexact.com\/cs\/wp-json\/wp\/v2\/media?parent=1056"}],"curies":[{"name":"wp","href":"https:\/\/api.w.org\/{rel}","templated":true}]}}