{"id":1059,"date":"2015-06-15T14:30:06","date_gmt":"2015-06-15T12:30:06","guid":{"rendered":"http:\/\/exact.lebowski.se\/on-and-off-shore-2\/"},"modified":"2015-10-08T19:59:52","modified_gmt":"2015-10-08T17:59:52","slug":"na-sousi-i-na-mori","status":"publish","type":"page","link":"https:\/\/teamexact.com\/cs\/na-sousi-i-na-mori\/","title":{"rendered":"Na sou\u0161i i na mo\u0159i"},"content":{"rendered":"<h3><strong>N\u00e1mo\u0159n\u00ed pr\u016fzkumy pro ropn\u00fd a plyn\u00e1rensk\u00fd pr\u016fmysl<\/strong><\/h3>\n<p>U spole\u010dnosti EXACT v\u00edme, \u017ee nejkriti\u010dt\u011bj\u0161\u00edm faktorem p\u0159i pr\u00e1ci na mo\u0159i je \u010das. Laserov\u00fd skener je proto ide\u00e1ln\u00edm n\u00e1strojem k poskytnut\u00ed p\u0159esn\u00e9, vysoce podrobn\u00e9 bodov\u00e9 3D mra\u010dno bod\u016f. Na\u0161e m\u011b\u0159en\u00ed pro vrtac\u00ed soustavy a plavidla jsou zalo\u017eeny na referen\u010dn\u00edm sou\u0159adnicov\u00e9m syst\u00e9mu XYZ. Obvykle m\u011b\u0159\u00edme dan\u00fd objekt na mo\u0159e a pot\u00e9 prov\u00e1d\u00edme jeho modelov\u00e1n\u00ed v kancel\u00e1\u0159i na sou\u0161i. Spole\u010dnost EXACT rovn\u011b\u017e prov\u00e1d\u00ed ov\u011b\u0159ovac\u00ed m\u011b\u0159en\u00ed k zaji\u0161t\u011bn\u00ed dokumentace skute\u010dn\u00e9ho stavu.<\/p>\n<h3><strong>Pr\u016fzkumy pr\u016fmyslov\u00fdch za\u0159\u00edzen\u00ed<\/strong><\/h3>\n<p>Co je zm\u011b\u0159eno, d\u00e1 se \u0159\u00eddit. EXACT provede zam\u011b\u0159en\u00ed va\u0161eho pr\u016fmyslov\u00e9ho z\u00e1vodu pro zmapov\u00e1n\u00ed p\u0159esn\u00e9ho um\u00edst\u011bn\u00ed strojn\u00edch vybaven\u00ed, p\u0159i\u010dem\u017e vytvo\u0159\u00ed pl\u00e1n uspo\u0159\u00e1d\u00e1n\u00ed z\u00e1klad\u016f, prostorov\u00fdch obrys\u016f stroj\u016f, osy stroj\u016f a uspo\u0159\u00e1d\u00e1n\u00ed z\u00e1kladn\u00ed \u00farovn\u011b a z\u00e1kladov\u00e9 desky. Dok\u00e1\u017eeme prov\u00e1d\u011bt detailn\u00ed m\u011b\u0159en\u00ed v\u00e1lcov\u00fdch tvar\u016f a kalibrovat z\u00e1sobn\u00ed z\u00e1dr\u017ee v souladu se specifikacemi ISO a prov\u00e1d\u011bt kontrolu a dokumentaci vyrovn\u00e1n\u00ed.<\/p>\n<h3><strong>Pr\u016fzkum pr\u016fmyslov\u00e9ho z\u00e1vodu<\/strong><\/h3>\n<p>Konzultanti spole\u010dnosti Exact vyu\u017e\u00edvaj\u00ed nejnov\u011bj\u0161\u00ed technologie pro laserov\u00e9 skenov\u00e1n\u00ed a 3D modelov\u00e1n\u00ed k prov\u00e1d\u011bn\u00ed kompletn\u00edch pr\u016fzkum\u016f va\u0161ich z\u00e1vod\u016f, aby v\u00e1m pomohli v podpo\u0159e a proveden\u00ed dopl\u0148uj\u00edc\u00edch roz\u0161\u00ed\u0159en\u00ed z\u00e1vod\u016f, p\u0159estaveb, renovac\u00ed, v\u00fdm\u011bn a \u010dinnost\u00ed spojen\u00fdch s \u00fadr\u017ebou. M\u011b\u0159\u00edme a zaznamen\u00e1me podm\u00ednky skute\u010dn\u00e9ho stavu a zmapujeme a vymodelujeme za\u0159\u00edzen\u00ed, syst\u00e9my, konstrukce, potrubn\u00ed veden\u00ed, vybaven\u00ed a v\u0161echny st\u00e1vaj\u00edc\u00ed sou\u010d\u00e1sti a zaneseme je do 3D projektov\u00e9ho modelu. Pom\u016f\u017eeme v\u00e1m zjistit p\u0159esn\u00e9 um\u00edst\u011bn\u00ed v z\u00e1sad\u011b ka\u017ed\u00e9ho prvku ve va\u0161em z\u00e1vodu a jeho relativn\u00ed pozici v\u016f\u010di dal\u0161\u00edm objekt\u016fm. Spole\u010dnost Exact v\u00e1m pom\u016f\u017ee z\u00edskat kompletn\u00ed kontrolu nad technickou a projek\u010dn\u00ed str\u00e1nkou va\u0161eho z\u00e1vodu.<\/p>\n","protected":false},"excerpt":{"rendered":"<p>N\u00e1mo\u0159n\u00ed pr\u016fzkumy pro ropn\u00fd a plyn\u00e1rensk\u00fd pr\u016fmysl U spole\u010dnosti EXACT v\u00edme, \u017ee nejkriti\u010dt\u011bj\u0161\u00edm faktorem p\u0159i pr\u00e1ci na mo\u0159i je \u010das. Laserov\u00fd skener je proto ide\u00e1ln\u00edm n\u00e1strojem k poskytnut\u00ed p\u0159esn\u00e9, vysoce podrobn\u00e9 bodov\u00e9 3D mra\u010dno bod\u016f. Na\u0161e m\u011b\u0159en\u00ed pro vrtac\u00ed soustavy a plavidla jsou zalo\u017eeny na referen\u010dn\u00edm sou\u0159adnicov\u00e9m syst\u00e9mu XYZ. Obvykle m\u011b\u0159\u00edme dan\u00fd objekt na mo\u0159e [&hellip;]<\/p>\n","protected":false},"author":1,"featured_media":0,"parent":0,"menu_order":0,"comment_status":"open","ping_status":"open","template":"template-page.php","meta":{"_acf_changed":false,"footnotes":""},"acf":[],"yoast_head":"<!-- This site is optimized with the Yoast SEO plugin v22.2 - https:\/\/yoast.com\/wordpress\/plugins\/seo\/ -->\n<title>Na sou\u0161i i na mo\u0159i - EXACT<\/title>\n<meta name=\"robots\" content=\"index, follow, max-snippet:-1, max-image-preview:large, max-video-preview:-1\" \/>\n<link rel=\"canonical\" href=\"https:\/\/teamexact.com\/on-and-off-shore\/\" \/>\n<meta property=\"og:locale\" content=\"cs_CZ\" \/>\n<meta property=\"og:type\" content=\"article\" \/>\n<meta property=\"og:title\" content=\"Na sou\u0161i i na mo\u0159i - EXACT\" \/>\n<meta property=\"og:description\" content=\"N\u00e1mo\u0159n\u00ed pr\u016fzkumy pro ropn\u00fd a plyn\u00e1rensk\u00fd pr\u016fmysl U spole\u010dnosti EXACT v\u00edme, \u017ee nejkriti\u010dt\u011bj\u0161\u00edm faktorem p\u0159i pr\u00e1ci na mo\u0159i je \u010das. Laserov\u00fd skener je proto ide\u00e1ln\u00edm n\u00e1strojem k poskytnut\u00ed p\u0159esn\u00e9, vysoce podrobn\u00e9 bodov\u00e9 3D mra\u010dno bod\u016f. Na\u0161e m\u011b\u0159en\u00ed pro vrtac\u00ed soustavy a plavidla jsou zalo\u017eeny na referen\u010dn\u00edm sou\u0159adnicov\u00e9m syst\u00e9mu XYZ. Obvykle m\u011b\u0159\u00edme dan\u00fd objekt na mo\u0159e [&hellip;]\" \/>\n<meta property=\"og:url\" content=\"https:\/\/teamexact.com\/on-and-off-shore\/\" \/>\n<meta property=\"og:site_name\" content=\"EXACT\" \/>\n<meta property=\"article:modified_time\" content=\"2015-10-08T17:59:52+00:00\" \/>\n<meta name=\"twitter:card\" content=\"summary_large_image\" \/>\n<meta name=\"twitter:label1\" content=\"Odhadovan\u00e1 doba \u010dten\u00ed\" \/>\n\t<meta name=\"twitter:data1\" content=\"2 minuty\" \/>\n<script type=\"application\/ld+json\" class=\"yoast-schema-graph\">{\"@context\":\"https:\/\/schema.org\",\"@graph\":[{\"@type\":\"WebPage\",\"@id\":\"https:\/\/teamexact.com\/on-and-off-shore\/\",\"url\":\"https:\/\/teamexact.com\/on-and-off-shore\/\",\"name\":\"Na sou\u0161i i na mo\u0159i - EXACT\",\"isPartOf\":{\"@id\":\"https:\/\/teamexact.com\/sv\/#website\"},\"datePublished\":\"2015-06-15T12:30:06+00:00\",\"dateModified\":\"2015-10-08T17:59:52+00:00\",\"breadcrumb\":{\"@id\":\"https:\/\/teamexact.com\/on-and-off-shore\/#breadcrumb\"},\"inLanguage\":\"cs\",\"potentialAction\":[{\"@type\":\"ReadAction\",\"target\":[\"https:\/\/teamexact.com\/on-and-off-shore\/\"]}]},{\"@type\":\"BreadcrumbList\",\"@id\":\"https:\/\/teamexact.com\/on-and-off-shore\/#breadcrumb\",\"itemListElement\":[{\"@type\":\"ListItem\",\"position\":1,\"name\":\"Home\",\"item\":\"https:\/\/teamexact.com\/cs\/\"},{\"@type\":\"ListItem\",\"position\":2,\"name\":\"Na sou\u0161i i na mo\u0159i\"}]},{\"@type\":\"WebSite\",\"@id\":\"https:\/\/teamexact.com\/sv\/#website\",\"url\":\"https:\/\/teamexact.com\/sv\/\",\"name\":\"EXACT\",\"description\":\"We see more\",\"potentialAction\":[{\"@type\":\"SearchAction\",\"target\":{\"@type\":\"EntryPoint\",\"urlTemplate\":\"https:\/\/teamexact.com\/sv\/?s={search_term_string}\"},\"query-input\":\"required name=search_term_string\"}],\"inLanguage\":\"cs\"}]}<\/script>\n<!-- \/ Yoast SEO plugin. -->","yoast_head_json":{"title":"Na sou\u0161i i na mo\u0159i - EXACT","robots":{"index":"index","follow":"follow","max-snippet":"max-snippet:-1","max-image-preview":"max-image-preview:large","max-video-preview":"max-video-preview:-1"},"canonical":"https:\/\/teamexact.com\/on-and-off-shore\/","og_locale":"cs_CZ","og_type":"article","og_title":"Na sou\u0161i i na mo\u0159i - EXACT","og_description":"N\u00e1mo\u0159n\u00ed pr\u016fzkumy pro ropn\u00fd a plyn\u00e1rensk\u00fd pr\u016fmysl U spole\u010dnosti EXACT v\u00edme, \u017ee nejkriti\u010dt\u011bj\u0161\u00edm faktorem p\u0159i pr\u00e1ci na mo\u0159i je \u010das. Laserov\u00fd skener je proto ide\u00e1ln\u00edm n\u00e1strojem k poskytnut\u00ed p\u0159esn\u00e9, vysoce podrobn\u00e9 bodov\u00e9 3D mra\u010dno bod\u016f. Na\u0161e m\u011b\u0159en\u00ed pro vrtac\u00ed soustavy a plavidla jsou zalo\u017eeny na referen\u010dn\u00edm sou\u0159adnicov\u00e9m syst\u00e9mu XYZ. Obvykle m\u011b\u0159\u00edme dan\u00fd objekt na mo\u0159e [&hellip;]","og_url":"https:\/\/teamexact.com\/on-and-off-shore\/","og_site_name":"EXACT","article_modified_time":"2015-10-08T17:59:52+00:00","twitter_card":"summary_large_image","twitter_misc":{"Odhadovan\u00e1 doba \u010dten\u00ed":"2 minuty"},"schema":{"@context":"https:\/\/schema.org","@graph":[{"@type":"WebPage","@id":"https:\/\/teamexact.com\/on-and-off-shore\/","url":"https:\/\/teamexact.com\/on-and-off-shore\/","name":"Na sou\u0161i i na mo\u0159i - EXACT","isPartOf":{"@id":"https:\/\/teamexact.com\/sv\/#website"},"datePublished":"2015-06-15T12:30:06+00:00","dateModified":"2015-10-08T17:59:52+00:00","breadcrumb":{"@id":"https:\/\/teamexact.com\/on-and-off-shore\/#breadcrumb"},"inLanguage":"cs","potentialAction":[{"@type":"ReadAction","target":["https:\/\/teamexact.com\/on-and-off-shore\/"]}]},{"@type":"BreadcrumbList","@id":"https:\/\/teamexact.com\/on-and-off-shore\/#breadcrumb","itemListElement":[{"@type":"ListItem","position":1,"name":"Home","item":"https:\/\/teamexact.com\/cs\/"},{"@type":"ListItem","position":2,"name":"Na sou\u0161i i na mo\u0159i"}]},{"@type":"WebSite","@id":"https:\/\/teamexact.com\/sv\/#website","url":"https:\/\/teamexact.com\/sv\/","name":"EXACT","description":"We see more","potentialAction":[{"@type":"SearchAction","target":{"@type":"EntryPoint","urlTemplate":"https:\/\/teamexact.com\/sv\/?s={search_term_string}"},"query-input":"required name=search_term_string"}],"inLanguage":"cs"}]}},"_links":{"self":[{"href":"https:\/\/teamexact.com\/cs\/wp-json\/wp\/v2\/pages\/1059"}],"collection":[{"href":"https:\/\/teamexact.com\/cs\/wp-json\/wp\/v2\/pages"}],"about":[{"href":"https:\/\/teamexact.com\/cs\/wp-json\/wp\/v2\/types\/page"}],"author":[{"embeddable":true,"href":"https:\/\/teamexact.com\/cs\/wp-json\/wp\/v2\/users\/1"}],"replies":[{"embeddable":true,"href":"https:\/\/teamexact.com\/cs\/wp-json\/wp\/v2\/comments?post=1059"}],"version-history":[{"count":8,"href":"https:\/\/teamexact.com\/cs\/wp-json\/wp\/v2\/pages\/1059\/revisions"}],"predecessor-version":[{"id":1858,"href":"https:\/\/teamexact.com\/cs\/wp-json\/wp\/v2\/pages\/1059\/revisions\/1858"}],"wp:attachment":[{"href":"https:\/\/teamexact.com\/cs\/wp-json\/wp\/v2\/media?parent=1059"}],"curies":[{"name":"wp","href":"https:\/\/api.w.org\/{rel}","templated":true}]}}