{"id":1062,"date":"2015-06-15T14:31:19","date_gmt":"2015-06-15T12:31:19","guid":{"rendered":"http:\/\/exact.lebowski.se\/hydrographic-surveying-2\/"},"modified":"2015-10-08T20:01:49","modified_gmt":"2015-10-08T18:01:49","slug":"hydrograficky-pruzkum","status":"publish","type":"page","link":"https:\/\/teamexact.com\/cs\/hydrograficky-pruzkum\/","title":{"rendered":"Hydrografick\u00fd pr\u016fzkum"},"content":{"rendered":"<p><strong>EXACT poskytuje slu\u017eby m\u011b\u0159en\u00ed ozv\u011bnov\u00fdm hloubkom\u011brem v jezerech, \u0159ek\u00e1ch, vodn\u00edch n\u00e1dr\u017e\u00edch a u mo\u0159sk\u00e9ho dna a\u017e do hloubky p\u0159ibli\u017en\u011b 80 metr\u016f. Ozv\u011bny echolotu, GPS a m\u011b\u0159en\u00ed nadmo\u0159sk\u00e9 v\u00fd\u0161ky se zpracov\u00e1vaj\u00ed do podoby ter\u00e9nn\u00edch model\u016f, kter\u00e9 lze dod\u00e1vat bu\u010f samostatn\u011b, nebo v kombinaci s daty z pozemn\u00edch m\u011b\u0159en\u00ed.<\/strong><\/p>\n<p>Aby bylo mo\u017en\u00e9 zachytit dostatek dat a aby se zamezilo zbyte\u010dn\u00fdm prodlev\u00e1m, vy\u017eaduje pr\u016fzkum v mo\u0159sk\u00e9m prost\u0159ed\u00ed specializovan\u00fd person\u00e1l se zku\u0161enostmi v hydrografii a se znalost\u00ed toho, co tvo\u0159\u00ed sou\u010d\u00e1sti pr\u016fzkumu vysok\u00e9 kvality. To je d\u016fvod k tomu, pro\u010d spol\u00e9h\u00e1me pouze na schopn\u00e9 a zku\u0161en\u00e9 pr\u016fzkumn\u00edky.<\/p>\n<p>&nbsp;<\/p>\n","protected":false},"excerpt":{"rendered":"<p>EXACT poskytuje slu\u017eby m\u011b\u0159en\u00ed ozv\u011bnov\u00fdm hloubkom\u011brem v jezerech, \u0159ek\u00e1ch, vodn\u00edch n\u00e1dr\u017e\u00edch a u mo\u0159sk\u00e9ho dna a\u017e do hloubky p\u0159ibli\u017en\u011b 80 metr\u016f. Ozv\u011bny echolotu, GPS a m\u011b\u0159en\u00ed nadmo\u0159sk\u00e9 v\u00fd\u0161ky se zpracov\u00e1vaj\u00ed do podoby ter\u00e9nn\u00edch model\u016f, kter\u00e9 lze dod\u00e1vat bu\u010f samostatn\u011b, nebo v kombinaci s daty z pozemn\u00edch m\u011b\u0159en\u00ed. Aby bylo mo\u017en\u00e9 zachytit dostatek dat a aby [&hellip;]<\/p>\n","protected":false},"author":1,"featured_media":0,"parent":0,"menu_order":0,"comment_status":"open","ping_status":"open","template":"template-page.php","meta":{"_acf_changed":false,"footnotes":""},"acf":[],"yoast_head":"<!-- This site is optimized with the Yoast SEO plugin v22.2 - https:\/\/yoast.com\/wordpress\/plugins\/seo\/ -->\n<title>Hydrografick\u00fd pr\u016fzkum - EXACT<\/title>\n<meta name=\"robots\" content=\"index, follow, max-snippet:-1, max-image-preview:large, max-video-preview:-1\" \/>\n<link rel=\"canonical\" href=\"https:\/\/teamexact.com\/cs\/hydrograficky-pruzkum\/\" \/>\n<meta property=\"og:locale\" content=\"cs_CZ\" \/>\n<meta property=\"og:type\" content=\"article\" \/>\n<meta property=\"og:title\" content=\"Hydrografick\u00fd pr\u016fzkum - EXACT\" \/>\n<meta property=\"og:description\" content=\"EXACT poskytuje slu\u017eby m\u011b\u0159en\u00ed ozv\u011bnov\u00fdm hloubkom\u011brem v jezerech, \u0159ek\u00e1ch, vodn\u00edch n\u00e1dr\u017e\u00edch a u mo\u0159sk\u00e9ho dna a\u017e do hloubky p\u0159ibli\u017en\u011b 80 metr\u016f. Ozv\u011bny echolotu, GPS a m\u011b\u0159en\u00ed nadmo\u0159sk\u00e9 v\u00fd\u0161ky se zpracov\u00e1vaj\u00ed do podoby ter\u00e9nn\u00edch model\u016f, kter\u00e9 lze dod\u00e1vat bu\u010f samostatn\u011b, nebo v kombinaci s daty z pozemn\u00edch m\u011b\u0159en\u00ed. Aby bylo mo\u017en\u00e9 zachytit dostatek dat a aby [&hellip;]\" \/>\n<meta property=\"og:url\" content=\"https:\/\/teamexact.com\/cs\/hydrograficky-pruzkum\/\" \/>\n<meta property=\"og:site_name\" content=\"EXACT\" \/>\n<meta property=\"article:modified_time\" content=\"2015-10-08T18:01:49+00:00\" \/>\n<meta name=\"twitter:card\" content=\"summary_large_image\" \/>\n<meta name=\"twitter:label1\" content=\"Odhadovan\u00e1 doba \u010dten\u00ed\" \/>\n\t<meta name=\"twitter:data1\" content=\"1 minuta\" \/>\n<script type=\"application\/ld+json\" class=\"yoast-schema-graph\">{\"@context\":\"https:\/\/schema.org\",\"@graph\":[{\"@type\":\"WebPage\",\"@id\":\"https:\/\/teamexact.com\/cs\/hydrograficky-pruzkum\/\",\"url\":\"https:\/\/teamexact.com\/cs\/hydrograficky-pruzkum\/\",\"name\":\"Hydrografick\u00fd pr\u016fzkum - EXACT\",\"isPartOf\":{\"@id\":\"https:\/\/teamexact.com\/sv\/#website\"},\"datePublished\":\"2015-06-15T12:31:19+00:00\",\"dateModified\":\"2015-10-08T18:01:49+00:00\",\"breadcrumb\":{\"@id\":\"https:\/\/teamexact.com\/cs\/hydrograficky-pruzkum\/#breadcrumb\"},\"inLanguage\":\"cs\",\"potentialAction\":[{\"@type\":\"ReadAction\",\"target\":[\"https:\/\/teamexact.com\/cs\/hydrograficky-pruzkum\/\"]}]},{\"@type\":\"BreadcrumbList\",\"@id\":\"https:\/\/teamexact.com\/cs\/hydrograficky-pruzkum\/#breadcrumb\",\"itemListElement\":[{\"@type\":\"ListItem\",\"position\":1,\"name\":\"Home\",\"item\":\"https:\/\/teamexact.com\/cs\/\"},{\"@type\":\"ListItem\",\"position\":2,\"name\":\"Hydrografick\u00fd pr\u016fzkum\"}]},{\"@type\":\"WebSite\",\"@id\":\"https:\/\/teamexact.com\/sv\/#website\",\"url\":\"https:\/\/teamexact.com\/sv\/\",\"name\":\"EXACT\",\"description\":\"We see more\",\"potentialAction\":[{\"@type\":\"SearchAction\",\"target\":{\"@type\":\"EntryPoint\",\"urlTemplate\":\"https:\/\/teamexact.com\/sv\/?s={search_term_string}\"},\"query-input\":\"required name=search_term_string\"}],\"inLanguage\":\"cs\"}]}<\/script>\n<!-- \/ Yoast SEO plugin. -->","yoast_head_json":{"title":"Hydrografick\u00fd pr\u016fzkum - EXACT","robots":{"index":"index","follow":"follow","max-snippet":"max-snippet:-1","max-image-preview":"max-image-preview:large","max-video-preview":"max-video-preview:-1"},"canonical":"https:\/\/teamexact.com\/cs\/hydrograficky-pruzkum\/","og_locale":"cs_CZ","og_type":"article","og_title":"Hydrografick\u00fd pr\u016fzkum - EXACT","og_description":"EXACT poskytuje slu\u017eby m\u011b\u0159en\u00ed ozv\u011bnov\u00fdm hloubkom\u011brem v jezerech, \u0159ek\u00e1ch, vodn\u00edch n\u00e1dr\u017e\u00edch a u mo\u0159sk\u00e9ho dna a\u017e do hloubky p\u0159ibli\u017en\u011b 80 metr\u016f. Ozv\u011bny echolotu, GPS a m\u011b\u0159en\u00ed nadmo\u0159sk\u00e9 v\u00fd\u0161ky se zpracov\u00e1vaj\u00ed do podoby ter\u00e9nn\u00edch model\u016f, kter\u00e9 lze dod\u00e1vat bu\u010f samostatn\u011b, nebo v kombinaci s daty z pozemn\u00edch m\u011b\u0159en\u00ed. Aby bylo mo\u017en\u00e9 zachytit dostatek dat a aby [&hellip;]","og_url":"https:\/\/teamexact.com\/cs\/hydrograficky-pruzkum\/","og_site_name":"EXACT","article_modified_time":"2015-10-08T18:01:49+00:00","twitter_card":"summary_large_image","twitter_misc":{"Odhadovan\u00e1 doba \u010dten\u00ed":"1 minuta"},"schema":{"@context":"https:\/\/schema.org","@graph":[{"@type":"WebPage","@id":"https:\/\/teamexact.com\/cs\/hydrograficky-pruzkum\/","url":"https:\/\/teamexact.com\/cs\/hydrograficky-pruzkum\/","name":"Hydrografick\u00fd pr\u016fzkum - EXACT","isPartOf":{"@id":"https:\/\/teamexact.com\/sv\/#website"},"datePublished":"2015-06-15T12:31:19+00:00","dateModified":"2015-10-08T18:01:49+00:00","breadcrumb":{"@id":"https:\/\/teamexact.com\/cs\/hydrograficky-pruzkum\/#breadcrumb"},"inLanguage":"cs","potentialAction":[{"@type":"ReadAction","target":["https:\/\/teamexact.com\/cs\/hydrograficky-pruzkum\/"]}]},{"@type":"BreadcrumbList","@id":"https:\/\/teamexact.com\/cs\/hydrograficky-pruzkum\/#breadcrumb","itemListElement":[{"@type":"ListItem","position":1,"name":"Home","item":"https:\/\/teamexact.com\/cs\/"},{"@type":"ListItem","position":2,"name":"Hydrografick\u00fd pr\u016fzkum"}]},{"@type":"WebSite","@id":"https:\/\/teamexact.com\/sv\/#website","url":"https:\/\/teamexact.com\/sv\/","name":"EXACT","description":"We see more","potentialAction":[{"@type":"SearchAction","target":{"@type":"EntryPoint","urlTemplate":"https:\/\/teamexact.com\/sv\/?s={search_term_string}"},"query-input":"required name=search_term_string"}],"inLanguage":"cs"}]}},"_links":{"self":[{"href":"https:\/\/teamexact.com\/cs\/wp-json\/wp\/v2\/pages\/1062"}],"collection":[{"href":"https:\/\/teamexact.com\/cs\/wp-json\/wp\/v2\/pages"}],"about":[{"href":"https:\/\/teamexact.com\/cs\/wp-json\/wp\/v2\/types\/page"}],"author":[{"embeddable":true,"href":"https:\/\/teamexact.com\/cs\/wp-json\/wp\/v2\/users\/1"}],"replies":[{"embeddable":true,"href":"https:\/\/teamexact.com\/cs\/wp-json\/wp\/v2\/comments?post=1062"}],"version-history":[{"count":5,"href":"https:\/\/teamexact.com\/cs\/wp-json\/wp\/v2\/pages\/1062\/revisions"}],"predecessor-version":[{"id":1860,"href":"https:\/\/teamexact.com\/cs\/wp-json\/wp\/v2\/pages\/1062\/revisions\/1860"}],"wp:attachment":[{"href":"https:\/\/teamexact.com\/cs\/wp-json\/wp\/v2\/media?parent=1062"}],"curies":[{"name":"wp","href":"https:\/\/api.w.org\/{rel}","templated":true}]}}