{"id":3292,"date":"2018-03-15T14:52:09","date_gmt":"2018-03-15T13:52:09","guid":{"rendered":"http:\/\/www.teamexact.com\/?page_id=3292"},"modified":"2020-02-20T08:45:56","modified_gmt":"2020-02-20T07:45:56","slug":"snadne-vytvoreni-bim-s-exactem","status":"publish","type":"page","link":"https:\/\/teamexact.com\/cs\/snadne-vytvoreni-bim-s-exactem\/","title":{"rendered":"Snadn\u00e9 vytvo\u0159en\u00ed BIM s Exactem"},"content":{"rendered":"<p>S Exactem, jako sv\u00fdm BIM partnerem, z\u00edsk\u00e1te v\u0161echny informace, kter\u00e9 pot\u0159ebujete, stejn\u011b jako schopnost jim porozum\u011bt a spr\u00e1vn\u011b je pou\u017e\u00edvat. A\u0165 jste kdekoli v \u017eivotn\u00edm cyklu projektu, m\u00e1me slu\u017eby a produkty, kter\u00e9 umo\u017e\u0148uj\u00ed jak zv\u00fd\u0161enou produktivitu, tak i vy\u0161\u0161\u00ed kvalitu.<\/p>\n<p>U\u010din\u00edme v\u00e1s p\u0159ipraven\u00fdmi na BIM!<\/p>\n","protected":false},"excerpt":{"rendered":"<p>S Exactem, jako sv\u00fdm BIM partnerem, z\u00edsk\u00e1te v\u0161echny informace, kter\u00e9 pot\u0159ebujete, stejn\u011b jako schopnost jim porozum\u011bt a spr\u00e1vn\u011b je pou\u017e\u00edvat. A\u0165 jste kdekoli v \u017eivotn\u00edm cyklu projektu, m\u00e1me slu\u017eby a produkty, kter\u00e9 umo\u017e\u0148uj\u00ed jak zv\u00fd\u0161enou produktivitu, tak i vy\u0161\u0161\u00ed kvalitu. U\u010din\u00edme v\u00e1s p\u0159ipraven\u00fdmi na BIM!<\/p>\n","protected":false},"author":1,"featured_media":0,"parent":0,"menu_order":0,"comment_status":"closed","ping_status":"closed","template":"template-bim.php","meta":{"_acf_changed":false,"footnotes":""},"acf":[],"yoast_head":"<!-- This site is optimized with the Yoast SEO plugin v22.2 - https:\/\/yoast.com\/wordpress\/plugins\/seo\/ -->\n<title>Snadn\u00e9 vytvo\u0159en\u00ed BIM s Exactem - EXACT<\/title>\n<meta name=\"robots\" content=\"index, follow, max-snippet:-1, max-image-preview:large, max-video-preview:-1\" \/>\n<link rel=\"canonical\" href=\"https:\/\/teamexact.com\/cs\/snadne-vytvoreni-bim-s-exactem\/\" \/>\n<meta property=\"og:locale\" content=\"cs_CZ\" \/>\n<meta property=\"og:type\" content=\"article\" \/>\n<meta property=\"og:title\" content=\"Snadn\u00e9 vytvo\u0159en\u00ed BIM s Exactem - EXACT\" \/>\n<meta property=\"og:description\" content=\"S Exactem, jako sv\u00fdm BIM partnerem, z\u00edsk\u00e1te v\u0161echny informace, kter\u00e9 pot\u0159ebujete, stejn\u011b jako schopnost jim porozum\u011bt a spr\u00e1vn\u011b je pou\u017e\u00edvat. A\u0165 jste kdekoli v \u017eivotn\u00edm cyklu projektu, m\u00e1me slu\u017eby a produkty, kter\u00e9 umo\u017e\u0148uj\u00ed jak zv\u00fd\u0161enou produktivitu, tak i vy\u0161\u0161\u00ed kvalitu. U\u010din\u00edme v\u00e1s p\u0159ipraven\u00fdmi na BIM!\" \/>\n<meta property=\"og:url\" content=\"https:\/\/teamexact.com\/cs\/snadne-vytvoreni-bim-s-exactem\/\" \/>\n<meta property=\"og:site_name\" content=\"EXACT\" \/>\n<meta property=\"article:modified_time\" content=\"2020-02-20T07:45:56+00:00\" \/>\n<meta name=\"twitter:card\" content=\"summary_large_image\" \/>\n<script type=\"application\/ld+json\" class=\"yoast-schema-graph\">{\"@context\":\"https:\/\/schema.org\",\"@graph\":[{\"@type\":\"WebPage\",\"@id\":\"https:\/\/teamexact.com\/cs\/snadne-vytvoreni-bim-s-exactem\/\",\"url\":\"https:\/\/teamexact.com\/cs\/snadne-vytvoreni-bim-s-exactem\/\",\"name\":\"Snadn\u00e9 vytvo\u0159en\u00ed BIM s Exactem - EXACT\",\"isPartOf\":{\"@id\":\"https:\/\/teamexact.com\/sv\/#website\"},\"datePublished\":\"2018-03-15T13:52:09+00:00\",\"dateModified\":\"2020-02-20T07:45:56+00:00\",\"breadcrumb\":{\"@id\":\"https:\/\/teamexact.com\/cs\/snadne-vytvoreni-bim-s-exactem\/#breadcrumb\"},\"inLanguage\":\"cs\",\"potentialAction\":[{\"@type\":\"ReadAction\",\"target\":[\"https:\/\/teamexact.com\/cs\/snadne-vytvoreni-bim-s-exactem\/\"]}]},{\"@type\":\"BreadcrumbList\",\"@id\":\"https:\/\/teamexact.com\/cs\/snadne-vytvoreni-bim-s-exactem\/#breadcrumb\",\"itemListElement\":[{\"@type\":\"ListItem\",\"position\":1,\"name\":\"Home\",\"item\":\"https:\/\/teamexact.com\/cs\/\"},{\"@type\":\"ListItem\",\"position\":2,\"name\":\"Snadn\u00e9 vytvo\u0159en\u00ed BIM s Exactem\"}]},{\"@type\":\"WebSite\",\"@id\":\"https:\/\/teamexact.com\/sv\/#website\",\"url\":\"https:\/\/teamexact.com\/sv\/\",\"name\":\"EXACT\",\"description\":\"We see more\",\"potentialAction\":[{\"@type\":\"SearchAction\",\"target\":{\"@type\":\"EntryPoint\",\"urlTemplate\":\"https:\/\/teamexact.com\/sv\/?s={search_term_string}\"},\"query-input\":\"required name=search_term_string\"}],\"inLanguage\":\"cs\"}]}<\/script>\n<!-- \/ Yoast SEO plugin. -->","yoast_head_json":{"title":"Snadn\u00e9 vytvo\u0159en\u00ed BIM s Exactem - EXACT","robots":{"index":"index","follow":"follow","max-snippet":"max-snippet:-1","max-image-preview":"max-image-preview:large","max-video-preview":"max-video-preview:-1"},"canonical":"https:\/\/teamexact.com\/cs\/snadne-vytvoreni-bim-s-exactem\/","og_locale":"cs_CZ","og_type":"article","og_title":"Snadn\u00e9 vytvo\u0159en\u00ed BIM s Exactem - EXACT","og_description":"S Exactem, jako sv\u00fdm BIM partnerem, z\u00edsk\u00e1te v\u0161echny informace, kter\u00e9 pot\u0159ebujete, stejn\u011b jako schopnost jim porozum\u011bt a spr\u00e1vn\u011b je pou\u017e\u00edvat. A\u0165 jste kdekoli v \u017eivotn\u00edm cyklu projektu, m\u00e1me slu\u017eby a produkty, kter\u00e9 umo\u017e\u0148uj\u00ed jak zv\u00fd\u0161enou produktivitu, tak i vy\u0161\u0161\u00ed kvalitu. U\u010din\u00edme v\u00e1s p\u0159ipraven\u00fdmi na BIM!","og_url":"https:\/\/teamexact.com\/cs\/snadne-vytvoreni-bim-s-exactem\/","og_site_name":"EXACT","article_modified_time":"2020-02-20T07:45:56+00:00","twitter_card":"summary_large_image","schema":{"@context":"https:\/\/schema.org","@graph":[{"@type":"WebPage","@id":"https:\/\/teamexact.com\/cs\/snadne-vytvoreni-bim-s-exactem\/","url":"https:\/\/teamexact.com\/cs\/snadne-vytvoreni-bim-s-exactem\/","name":"Snadn\u00e9 vytvo\u0159en\u00ed BIM s Exactem - EXACT","isPartOf":{"@id":"https:\/\/teamexact.com\/sv\/#website"},"datePublished":"2018-03-15T13:52:09+00:00","dateModified":"2020-02-20T07:45:56+00:00","breadcrumb":{"@id":"https:\/\/teamexact.com\/cs\/snadne-vytvoreni-bim-s-exactem\/#breadcrumb"},"inLanguage":"cs","potentialAction":[{"@type":"ReadAction","target":["https:\/\/teamexact.com\/cs\/snadne-vytvoreni-bim-s-exactem\/"]}]},{"@type":"BreadcrumbList","@id":"https:\/\/teamexact.com\/cs\/snadne-vytvoreni-bim-s-exactem\/#breadcrumb","itemListElement":[{"@type":"ListItem","position":1,"name":"Home","item":"https:\/\/teamexact.com\/cs\/"},{"@type":"ListItem","position":2,"name":"Snadn\u00e9 vytvo\u0159en\u00ed BIM s Exactem"}]},{"@type":"WebSite","@id":"https:\/\/teamexact.com\/sv\/#website","url":"https:\/\/teamexact.com\/sv\/","name":"EXACT","description":"We see more","potentialAction":[{"@type":"SearchAction","target":{"@type":"EntryPoint","urlTemplate":"https:\/\/teamexact.com\/sv\/?s={search_term_string}"},"query-input":"required name=search_term_string"}],"inLanguage":"cs"}]}},"_links":{"self":[{"href":"https:\/\/teamexact.com\/cs\/wp-json\/wp\/v2\/pages\/3292"}],"collection":[{"href":"https:\/\/teamexact.com\/cs\/wp-json\/wp\/v2\/pages"}],"about":[{"href":"https:\/\/teamexact.com\/cs\/wp-json\/wp\/v2\/types\/page"}],"author":[{"embeddable":true,"href":"https:\/\/teamexact.com\/cs\/wp-json\/wp\/v2\/users\/1"}],"replies":[{"embeddable":true,"href":"https:\/\/teamexact.com\/cs\/wp-json\/wp\/v2\/comments?post=3292"}],"version-history":[{"count":3,"href":"https:\/\/teamexact.com\/cs\/wp-json\/wp\/v2\/pages\/3292\/revisions"}],"predecessor-version":[{"id":4178,"href":"https:\/\/teamexact.com\/cs\/wp-json\/wp\/v2\/pages\/3292\/revisions\/4178"}],"wp:attachment":[{"href":"https:\/\/teamexact.com\/cs\/wp-json\/wp\/v2\/media?parent=3292"}],"curies":[{"name":"wp","href":"https:\/\/api.w.org\/{rel}","templated":true}]}}