{"id":3445,"date":"2018-04-10T11:11:54","date_gmt":"2018-04-10T09:11:54","guid":{"rendered":"http:\/\/www.teamexact.com\/?page_id=3445"},"modified":"2019-10-24T11:04:37","modified_gmt":"2019-10-24T09:04:37","slug":"exact-as-built","status":"publish","type":"page","link":"https:\/\/teamexact.com\/cs\/exact-as-built\/","title":{"rendered":"Exact as Built"},"content":{"rendered":"<p><strong>Exact as Built je snadn\u00e1 a efektivn\u00ed kontrola kvality pro rentabiln\u011bj\u0161\u00ed stavebn\u00ed projekty.<br \/>\nUmo\u017e\u0148uje v\u00e1m snadno a nep\u0159etr\u017eit\u011b sledovat pr\u016fb\u011bh stavebn\u00edch prac\u00ed a opravit v\u010das jak\u00e9koliv odchylky, abyste provedli pot\u0159ebn\u00e9 \u00fapravy. Rychle, snadno a velmi hospod\u00e1rn\u011b.<\/strong><\/p>\n<p>&nbsp;<\/p>\n<p>3D skenov\u00e1n\u00ed prob\u00edhaj\u00edc\u00edch stavebn\u00edch projekt\u016f poskytuje v\u0161em z\u00fa\u010dastn\u011bn\u00fdm stran\u00e1m p\u0159\u00edstup k detailn\u00edm m\u011b\u0159en\u00edm b\u011bhem cel\u00e9ho projektu. Skenov\u00e1n\u00ed je rychl\u00e9, p\u0159esn\u00e9 a podrobn\u00e9 a m\u016f\u017ee b\u00fdt provedeno v interi\u00e9rech i exteri\u00e9rech. Pot\u00e9, co na\u0161i konzultanti dokon\u010d\u00ed skenov\u00e1n\u00ed, budou pro v\u00e1s analyzovat informace. Z\u00edsk\u00e1te v\u00edce ne\u017e jen \u010d\u00edsla. Z\u00edsk\u00e1te dokumentaci,obsahuj\u00edc\u00ed ve\u0161ker\u00e1 data, kter\u00e1 pot\u0159ebujete k tomu, abyste b\u011bhem projektu p\u0159ijali spr\u00e1vn\u00e1 rozhodnut\u00ed.<\/p>\n<h3><strong>Snadno pochopiteln\u00e9 &#8211; snadno p\u0159\u00edstupn\u00e9<\/strong><\/h3>\n<p>V\u00fdsledky jsou dod\u00e1v\u00e1ny digit\u00e1ln\u011b ve snadno srozumiteln\u00e9m a vizu\u00e1ln\u00edm 3D form\u00e1tu.<br \/>\nNepot\u0159ebujete p\u0159\u00edstup k po\u010d\u00edta\u010di a m\u016f\u017eete snadno otev\u0159\u00edt soubor na va\u0161em smartphonu \u010di\u00a0 tabletu a pou\u017e\u00edvat informace kdekoli a kdykoli chcete. Jak to funguje snadno a efektivn\u011b?M\u00e1te-li ot\u00e1zky ohledn\u011b v\u00fdsledk\u016f, m\u016f\u017eete v\u017edy kontaktovat sv\u00e9ho konzultanta, abyste je mohli d\u00e1le d\u016fkladn\u011b projednat.<\/p>\n<h3><strong>Odhalte odchylky v\u010das<\/strong><\/h3>\n<p>Pravideln\u00e9 vyu\u017e\u00edv\u00e1n\u00ed n\u00e1stroje Exact as Built b\u011bhem procesu v\u00fdstavby v\u00e1m umo\u017en\u00ed soustavn\u011b sledovat, zda se stavba prov\u00e1d\u00ed v souladu s pl\u00e1ny a rychle zjistit\u00a0 jak\u00e9koliv odchylky v\u010das, abyste provedli \u00fapravy. To \u0161et\u0159\u00ed \u010das i pen\u00edze. A zajist\u00ed, \u017ee va\u0161e stavebn\u00ed projekty budou ziskov\u00e9.<\/p>\n<p><strong><u>V\u00fdhody Exact as Built:<\/u><\/strong><\/p>\n<ul>\n<li>Kvalifikovan\u00ed konzultanti, kte\u0159\u00ed analyzuj\u00ed data<\/li>\n<li>Podrobn\u00fd a snadno pou\u017eiteln\u00fd 3D model<\/li>\n<li>Pr\u016fb\u011b\u017en\u00e1 kontrola kvality, kter\u00e1 \u0161et\u0159\u00ed \u010das a pen\u00edze<\/li>\n<li>Jak\u00e9koliv chyby se zjist\u00ed v\u010das a lze je n\u00e1sledn\u011b opravit<\/li>\n<li>Rychl\u00e1 a n\u00e1kladov\u011b efektivn\u00ed metoda<\/li>\n<\/ul>\n","protected":false},"excerpt":{"rendered":"<p>Exact as Built je snadn\u00e1 a efektivn\u00ed kontrola kvality pro rentabiln\u011bj\u0161\u00ed stavebn\u00ed projekty. Umo\u017e\u0148uje v\u00e1m snadno a nep\u0159etr\u017eit\u011b sledovat pr\u016fb\u011bh stavebn\u00edch prac\u00ed a opravit v\u010das jak\u00e9koliv odchylky, abyste provedli pot\u0159ebn\u00e9 \u00fapravy. Rychle, snadno a velmi hospod\u00e1rn\u011b. &nbsp; 3D skenov\u00e1n\u00ed prob\u00edhaj\u00edc\u00edch stavebn\u00edch projekt\u016f poskytuje v\u0161em z\u00fa\u010dastn\u011bn\u00fdm stran\u00e1m p\u0159\u00edstup k detailn\u00edm m\u011b\u0159en\u00edm b\u011bhem cel\u00e9ho projektu. Skenov\u00e1n\u00ed je [&hellip;]<\/p>\n","protected":false},"author":1,"featured_media":0,"parent":0,"menu_order":0,"comment_status":"closed","ping_status":"closed","template":"template-as-built.php","meta":{"_acf_changed":false,"footnotes":""},"acf":[],"yoast_head":"<!-- This site is optimized with the Yoast SEO plugin v22.2 - https:\/\/yoast.com\/wordpress\/plugins\/seo\/ -->\n<title>Exact as Built - EXACT<\/title>\n<meta name=\"robots\" content=\"index, follow, max-snippet:-1, max-image-preview:large, max-video-preview:-1\" \/>\n<link rel=\"canonical\" href=\"https:\/\/teamexact.com\/cs\/exact-as-built\/\" \/>\n<meta property=\"og:locale\" content=\"cs_CZ\" \/>\n<meta property=\"og:type\" content=\"article\" \/>\n<meta property=\"og:title\" content=\"Exact as Built - EXACT\" \/>\n<meta property=\"og:description\" content=\"Exact as Built je snadn\u00e1 a efektivn\u00ed kontrola kvality pro rentabiln\u011bj\u0161\u00ed stavebn\u00ed projekty. Umo\u017e\u0148uje v\u00e1m snadno a nep\u0159etr\u017eit\u011b sledovat pr\u016fb\u011bh stavebn\u00edch prac\u00ed a opravit v\u010das jak\u00e9koliv odchylky, abyste provedli pot\u0159ebn\u00e9 \u00fapravy. Rychle, snadno a velmi hospod\u00e1rn\u011b. &nbsp; 3D skenov\u00e1n\u00ed prob\u00edhaj\u00edc\u00edch stavebn\u00edch projekt\u016f poskytuje v\u0161em z\u00fa\u010dastn\u011bn\u00fdm stran\u00e1m p\u0159\u00edstup k detailn\u00edm m\u011b\u0159en\u00edm b\u011bhem cel\u00e9ho projektu. Skenov\u00e1n\u00ed je [&hellip;]\" \/>\n<meta property=\"og:url\" content=\"https:\/\/teamexact.com\/cs\/exact-as-built\/\" \/>\n<meta property=\"og:site_name\" content=\"EXACT\" \/>\n<meta property=\"article:modified_time\" content=\"2019-10-24T09:04:37+00:00\" \/>\n<meta name=\"twitter:card\" content=\"summary_large_image\" \/>\n<meta name=\"twitter:label1\" content=\"Odhadovan\u00e1 doba \u010dten\u00ed\" \/>\n\t<meta name=\"twitter:data1\" content=\"2 minuty\" \/>\n<script type=\"application\/ld+json\" class=\"yoast-schema-graph\">{\"@context\":\"https:\/\/schema.org\",\"@graph\":[{\"@type\":\"WebPage\",\"@id\":\"https:\/\/teamexact.com\/cs\/exact-as-built\/\",\"url\":\"https:\/\/teamexact.com\/cs\/exact-as-built\/\",\"name\":\"Exact as Built - EXACT\",\"isPartOf\":{\"@id\":\"https:\/\/teamexact.com\/sv\/#website\"},\"datePublished\":\"2018-04-10T09:11:54+00:00\",\"dateModified\":\"2019-10-24T09:04:37+00:00\",\"breadcrumb\":{\"@id\":\"https:\/\/teamexact.com\/cs\/exact-as-built\/#breadcrumb\"},\"inLanguage\":\"cs\",\"potentialAction\":[{\"@type\":\"ReadAction\",\"target\":[\"https:\/\/teamexact.com\/cs\/exact-as-built\/\"]}]},{\"@type\":\"BreadcrumbList\",\"@id\":\"https:\/\/teamexact.com\/cs\/exact-as-built\/#breadcrumb\",\"itemListElement\":[{\"@type\":\"ListItem\",\"position\":1,\"name\":\"Home\",\"item\":\"https:\/\/teamexact.com\/cs\/\"},{\"@type\":\"ListItem\",\"position\":2,\"name\":\"Exact as Built\"}]},{\"@type\":\"WebSite\",\"@id\":\"https:\/\/teamexact.com\/sv\/#website\",\"url\":\"https:\/\/teamexact.com\/sv\/\",\"name\":\"EXACT\",\"description\":\"We see more\",\"potentialAction\":[{\"@type\":\"SearchAction\",\"target\":{\"@type\":\"EntryPoint\",\"urlTemplate\":\"https:\/\/teamexact.com\/sv\/?s={search_term_string}\"},\"query-input\":\"required name=search_term_string\"}],\"inLanguage\":\"cs\"}]}<\/script>\n<!-- \/ Yoast SEO plugin. -->","yoast_head_json":{"title":"Exact as Built - EXACT","robots":{"index":"index","follow":"follow","max-snippet":"max-snippet:-1","max-image-preview":"max-image-preview:large","max-video-preview":"max-video-preview:-1"},"canonical":"https:\/\/teamexact.com\/cs\/exact-as-built\/","og_locale":"cs_CZ","og_type":"article","og_title":"Exact as Built - EXACT","og_description":"Exact as Built je snadn\u00e1 a efektivn\u00ed kontrola kvality pro rentabiln\u011bj\u0161\u00ed stavebn\u00ed projekty. Umo\u017e\u0148uje v\u00e1m snadno a nep\u0159etr\u017eit\u011b sledovat pr\u016fb\u011bh stavebn\u00edch prac\u00ed a opravit v\u010das jak\u00e9koliv odchylky, abyste provedli pot\u0159ebn\u00e9 \u00fapravy. Rychle, snadno a velmi hospod\u00e1rn\u011b. &nbsp; 3D skenov\u00e1n\u00ed prob\u00edhaj\u00edc\u00edch stavebn\u00edch projekt\u016f poskytuje v\u0161em z\u00fa\u010dastn\u011bn\u00fdm stran\u00e1m p\u0159\u00edstup k detailn\u00edm m\u011b\u0159en\u00edm b\u011bhem cel\u00e9ho projektu. Skenov\u00e1n\u00ed je [&hellip;]","og_url":"https:\/\/teamexact.com\/cs\/exact-as-built\/","og_site_name":"EXACT","article_modified_time":"2019-10-24T09:04:37+00:00","twitter_card":"summary_large_image","twitter_misc":{"Odhadovan\u00e1 doba \u010dten\u00ed":"2 minuty"},"schema":{"@context":"https:\/\/schema.org","@graph":[{"@type":"WebPage","@id":"https:\/\/teamexact.com\/cs\/exact-as-built\/","url":"https:\/\/teamexact.com\/cs\/exact-as-built\/","name":"Exact as Built - EXACT","isPartOf":{"@id":"https:\/\/teamexact.com\/sv\/#website"},"datePublished":"2018-04-10T09:11:54+00:00","dateModified":"2019-10-24T09:04:37+00:00","breadcrumb":{"@id":"https:\/\/teamexact.com\/cs\/exact-as-built\/#breadcrumb"},"inLanguage":"cs","potentialAction":[{"@type":"ReadAction","target":["https:\/\/teamexact.com\/cs\/exact-as-built\/"]}]},{"@type":"BreadcrumbList","@id":"https:\/\/teamexact.com\/cs\/exact-as-built\/#breadcrumb","itemListElement":[{"@type":"ListItem","position":1,"name":"Home","item":"https:\/\/teamexact.com\/cs\/"},{"@type":"ListItem","position":2,"name":"Exact as Built"}]},{"@type":"WebSite","@id":"https:\/\/teamexact.com\/sv\/#website","url":"https:\/\/teamexact.com\/sv\/","name":"EXACT","description":"We see more","potentialAction":[{"@type":"SearchAction","target":{"@type":"EntryPoint","urlTemplate":"https:\/\/teamexact.com\/sv\/?s={search_term_string}"},"query-input":"required name=search_term_string"}],"inLanguage":"cs"}]}},"_links":{"self":[{"href":"https:\/\/teamexact.com\/cs\/wp-json\/wp\/v2\/pages\/3445"}],"collection":[{"href":"https:\/\/teamexact.com\/cs\/wp-json\/wp\/v2\/pages"}],"about":[{"href":"https:\/\/teamexact.com\/cs\/wp-json\/wp\/v2\/types\/page"}],"author":[{"embeddable":true,"href":"https:\/\/teamexact.com\/cs\/wp-json\/wp\/v2\/users\/1"}],"replies":[{"embeddable":true,"href":"https:\/\/teamexact.com\/cs\/wp-json\/wp\/v2\/comments?post=3445"}],"version-history":[{"count":7,"href":"https:\/\/teamexact.com\/cs\/wp-json\/wp\/v2\/pages\/3445\/revisions"}],"predecessor-version":[{"id":3452,"href":"https:\/\/teamexact.com\/cs\/wp-json\/wp\/v2\/pages\/3445\/revisions\/3452"}],"wp:attachment":[{"href":"https:\/\/teamexact.com\/cs\/wp-json\/wp\/v2\/media?parent=3445"}],"curies":[{"name":"wp","href":"https:\/\/api.w.org\/{rel}","templated":true}]}}