{"id":993,"date":"2015-06-29T09:55:42","date_gmt":"2015-06-29T07:55:42","guid":{"rendered":"http:\/\/exact.lebowski.se\/front-page-2\/"},"modified":"2023-12-15T13:45:11","modified_gmt":"2023-12-15T12:45:11","slug":"front-page","status":"publish","type":"page","link":"https:\/\/teamexact.com\/cs\/","title":{"rendered":"Front page"},"content":{"rendered":"<p><strong>EXACT je kompletn\u00edm dodavatelem slu\u017eeb v oblasti pr\u016fzkumn\u00fdch technologi\u00ed na \u00fazem\u00ed cel\u00e9 Evropy. M\u00e1me rozs\u00e1hl\u00e9 schopnosti v oboru zkoum\u00e1n\u00ed a shroma\u017e\u010fov\u00e1n\u00ed p\u0159esn\u00fdch dat, kter\u00e1 pot\u0159ebujete. Jsme rovn\u011b\u017e partnerem, kter\u00e9ho pot\u0159ebujete k vyt\u011b\u017een\u00ed co nejv\u011bt\u0161\u00edho mno\u017estv\u00ed dat a k jejich rozumn\u00e9mu vyu\u017eit\u00ed.<\/strong><\/p>\n<p>Profesion\u00e1lov\u00e9 z t\u00fdmu EXACT \u010din\u00ed v\u0161e mo\u017en\u00e9, abychom byli v \u010deln\u00edch pozic\u00edch v oboru pr\u016fzkumn\u00fdch prac\u00ed, ale zab\u00fdv\u00e1me tak\u00e9 p\u0159edkl\u00e1d\u00e1n\u00edm nov\u00fdch n\u00e1pad\u016f. Na\u0161im klient\u016fm pom\u00e1h\u00e1me v realizaci jejich idej\u00ed, v pokro\u010den\u00ed od b\u00edl\u00fdch m\u00edst na map\u00e1ch k \u00fasp\u011b\u0161n\u00e9mu proveden\u00ed konstruk\u010dn\u00edch prac\u00ed. V tom, \u010d\u00edm se zab\u00fdv\u00e1me, jsme dob\u0159\u00ed, proto\u017ee rozum\u00edme na\u0161emu oboru, ch\u00e1peme proces projektov\u00e1n\u00ed a p\u0159esn\u011b v\u00edme, co pot\u0159ebujete, abyste p\u0159ekonali p\u0159ek\u00e1\u017eky mezi viz\u00ed a realitou. Pot\u0159ebujete organizovan\u00fd, ak\u010dn\u00ed apar\u00e1t, abyste se posunuli vp\u0159ed. Pot\u0159ebujete m\u011b\u0159iteln\u00e9 \u00fadaje, kter\u00e9 jsou na\u0161\u00ed specialitou. V\u00edtejte u EXACT. M\u00e1me v\u00e1\u0161e\u0148 pro p\u0159esnost.<\/p>\n<p><a href=\"http:\/\/www.teamexact.com\/wp-content\/uploads\/2015\/06\/01.17-C-Zve\u0159ejn\u011bn\u00ed-dodatek-Exact-Control-system.pdf\">Uve\u0159ejn\u011bn\u00ed \/ Offentligg\u00f6r<\/a><\/p>\n<p><a href=\"http:\/\/www.teamexact.com\/wp-content\/uploads\/2015\/06\/Stanovy_Bolagsordning.pdf\">Stanovy \/ Bolagsordning<\/a><\/p>\n<p><a href=\"http:\/\/www.teamexact.com\/wp-content\/uploads\/2015\/06\/Pozv\u00e1nka-VH-8.11.2017-Exact-Control-System.pdf\">Pozv\u00e1nka na VH \/ Invitation to General meeting<\/a><\/p>\n<p>&nbsp;<\/p>\n","protected":false},"excerpt":{"rendered":"<p>EXACT je kompletn\u00edm dodavatelem slu\u017eeb v oblasti pr\u016fzkumn\u00fdch technologi\u00ed na \u00fazem\u00ed cel\u00e9 Evropy. M\u00e1me rozs\u00e1hl\u00e9 schopnosti v oboru zkoum\u00e1n\u00ed a shroma\u017e\u010fov\u00e1n\u00ed p\u0159esn\u00fdch dat, kter\u00e1 pot\u0159ebujete. Jsme rovn\u011b\u017e partnerem, kter\u00e9ho pot\u0159ebujete k vyt\u011b\u017een\u00ed co nejv\u011bt\u0161\u00edho mno\u017estv\u00ed dat a k jejich rozumn\u00e9mu vyu\u017eit\u00ed. Profesion\u00e1lov\u00e9 z t\u00fdmu EXACT \u010din\u00ed v\u0161e mo\u017en\u00e9, abychom byli v \u010deln\u00edch pozic\u00edch v oboru [&hellip;]<\/p>\n","protected":false},"author":1,"featured_media":0,"parent":0,"menu_order":0,"comment_status":"open","ping_status":"open","template":"template-frontpage.php","meta":{"_acf_changed":false,"footnotes":""},"acf":[],"yoast_head":"<!-- This site is optimized with the Yoast SEO plugin v22.2 - https:\/\/yoast.com\/wordpress\/plugins\/seo\/ -->\n<title>Front page - EXACT<\/title>\n<meta name=\"robots\" content=\"index, follow, max-snippet:-1, max-image-preview:large, max-video-preview:-1\" \/>\n<link rel=\"canonical\" href=\"https:\/\/teamexact.com\/cs\/\" \/>\n<meta property=\"og:locale\" content=\"cs_CZ\" \/>\n<meta property=\"og:type\" content=\"article\" \/>\n<meta property=\"og:title\" content=\"Front page - EXACT\" \/>\n<meta property=\"og:description\" content=\"EXACT je kompletn\u00edm dodavatelem slu\u017eeb v oblasti pr\u016fzkumn\u00fdch technologi\u00ed na \u00fazem\u00ed cel\u00e9 Evropy. M\u00e1me rozs\u00e1hl\u00e9 schopnosti v oboru zkoum\u00e1n\u00ed a shroma\u017e\u010fov\u00e1n\u00ed p\u0159esn\u00fdch dat, kter\u00e1 pot\u0159ebujete. Jsme rovn\u011b\u017e partnerem, kter\u00e9ho pot\u0159ebujete k vyt\u011b\u017een\u00ed co nejv\u011bt\u0161\u00edho mno\u017estv\u00ed dat a k jejich rozumn\u00e9mu vyu\u017eit\u00ed. Profesion\u00e1lov\u00e9 z t\u00fdmu EXACT \u010din\u00ed v\u0161e mo\u017en\u00e9, abychom byli v \u010deln\u00edch pozic\u00edch v oboru [&hellip;]\" \/>\n<meta property=\"og:url\" content=\"https:\/\/teamexact.com\/cs\/\" \/>\n<meta property=\"og:site_name\" content=\"EXACT\" \/>\n<meta property=\"article:modified_time\" content=\"2023-12-15T12:45:11+00:00\" \/>\n<meta name=\"twitter:card\" content=\"summary_large_image\" \/>\n<meta name=\"twitter:label1\" content=\"Odhadovan\u00e1 doba \u010dten\u00ed\" \/>\n\t<meta name=\"twitter:data1\" content=\"1 minuta\" \/>\n<script type=\"application\/ld+json\" class=\"yoast-schema-graph\">{\"@context\":\"https:\/\/schema.org\",\"@graph\":[{\"@type\":\"WebPage\",\"@id\":\"https:\/\/teamexact.com\/cs\/\",\"url\":\"https:\/\/teamexact.com\/cs\/\",\"name\":\"Front page - EXACT\",\"isPartOf\":{\"@id\":\"https:\/\/teamexact.com\/sv\/#website\"},\"datePublished\":\"2015-06-29T07:55:42+00:00\",\"dateModified\":\"2023-12-15T12:45:11+00:00\",\"breadcrumb\":{\"@id\":\"https:\/\/teamexact.com\/cs\/#breadcrumb\"},\"inLanguage\":\"cs\",\"potentialAction\":[{\"@type\":\"ReadAction\",\"target\":[\"https:\/\/teamexact.com\/cs\/\"]}]},{\"@type\":\"BreadcrumbList\",\"@id\":\"https:\/\/teamexact.com\/cs\/#breadcrumb\",\"itemListElement\":[{\"@type\":\"ListItem\",\"position\":1,\"name\":\"Home\",\"item\":\"https:\/\/teamexact.com\/cs\/\"},{\"@type\":\"ListItem\",\"position\":2,\"name\":\"Front page\"}]},{\"@type\":\"WebSite\",\"@id\":\"https:\/\/teamexact.com\/sv\/#website\",\"url\":\"https:\/\/teamexact.com\/sv\/\",\"name\":\"EXACT\",\"description\":\"We see more\",\"potentialAction\":[{\"@type\":\"SearchAction\",\"target\":{\"@type\":\"EntryPoint\",\"urlTemplate\":\"https:\/\/teamexact.com\/sv\/?s={search_term_string}\"},\"query-input\":\"required name=search_term_string\"}],\"inLanguage\":\"cs\"}]}<\/script>\n<!-- \/ Yoast SEO plugin. -->","yoast_head_json":{"title":"Front page - EXACT","robots":{"index":"index","follow":"follow","max-snippet":"max-snippet:-1","max-image-preview":"max-image-preview:large","max-video-preview":"max-video-preview:-1"},"canonical":"https:\/\/teamexact.com\/cs\/","og_locale":"cs_CZ","og_type":"article","og_title":"Front page - EXACT","og_description":"EXACT je kompletn\u00edm dodavatelem slu\u017eeb v oblasti pr\u016fzkumn\u00fdch technologi\u00ed na \u00fazem\u00ed cel\u00e9 Evropy. M\u00e1me rozs\u00e1hl\u00e9 schopnosti v oboru zkoum\u00e1n\u00ed a shroma\u017e\u010fov\u00e1n\u00ed p\u0159esn\u00fdch dat, kter\u00e1 pot\u0159ebujete. Jsme rovn\u011b\u017e partnerem, kter\u00e9ho pot\u0159ebujete k vyt\u011b\u017een\u00ed co nejv\u011bt\u0161\u00edho mno\u017estv\u00ed dat a k jejich rozumn\u00e9mu vyu\u017eit\u00ed. Profesion\u00e1lov\u00e9 z t\u00fdmu EXACT \u010din\u00ed v\u0161e mo\u017en\u00e9, abychom byli v \u010deln\u00edch pozic\u00edch v oboru [&hellip;]","og_url":"https:\/\/teamexact.com\/cs\/","og_site_name":"EXACT","article_modified_time":"2023-12-15T12:45:11+00:00","twitter_card":"summary_large_image","twitter_misc":{"Odhadovan\u00e1 doba \u010dten\u00ed":"1 minuta"},"schema":{"@context":"https:\/\/schema.org","@graph":[{"@type":"WebPage","@id":"https:\/\/teamexact.com\/cs\/","url":"https:\/\/teamexact.com\/cs\/","name":"Front page - EXACT","isPartOf":{"@id":"https:\/\/teamexact.com\/sv\/#website"},"datePublished":"2015-06-29T07:55:42+00:00","dateModified":"2023-12-15T12:45:11+00:00","breadcrumb":{"@id":"https:\/\/teamexact.com\/cs\/#breadcrumb"},"inLanguage":"cs","potentialAction":[{"@type":"ReadAction","target":["https:\/\/teamexact.com\/cs\/"]}]},{"@type":"BreadcrumbList","@id":"https:\/\/teamexact.com\/cs\/#breadcrumb","itemListElement":[{"@type":"ListItem","position":1,"name":"Home","item":"https:\/\/teamexact.com\/cs\/"},{"@type":"ListItem","position":2,"name":"Front page"}]},{"@type":"WebSite","@id":"https:\/\/teamexact.com\/sv\/#website","url":"https:\/\/teamexact.com\/sv\/","name":"EXACT","description":"We see more","potentialAction":[{"@type":"SearchAction","target":{"@type":"EntryPoint","urlTemplate":"https:\/\/teamexact.com\/sv\/?s={search_term_string}"},"query-input":"required name=search_term_string"}],"inLanguage":"cs"}]}},"_links":{"self":[{"href":"https:\/\/teamexact.com\/cs\/wp-json\/wp\/v2\/pages\/993"}],"collection":[{"href":"https:\/\/teamexact.com\/cs\/wp-json\/wp\/v2\/pages"}],"about":[{"href":"https:\/\/teamexact.com\/cs\/wp-json\/wp\/v2\/types\/page"}],"author":[{"embeddable":true,"href":"https:\/\/teamexact.com\/cs\/wp-json\/wp\/v2\/users\/1"}],"replies":[{"embeddable":true,"href":"https:\/\/teamexact.com\/cs\/wp-json\/wp\/v2\/comments?post=993"}],"version-history":[{"count":22,"href":"https:\/\/teamexact.com\/cs\/wp-json\/wp\/v2\/pages\/993\/revisions"}],"predecessor-version":[{"id":5112,"href":"https:\/\/teamexact.com\/cs\/wp-json\/wp\/v2\/pages\/993\/revisions\/5112"}],"wp:attachment":[{"href":"https:\/\/teamexact.com\/cs\/wp-json\/wp\/v2\/media?parent=993"}],"curies":[{"name":"wp","href":"https:\/\/api.w.org\/{rel}","templated":true}]}}