{"id":1317,"date":"2015-06-15T14:08:45","date_gmt":"2015-06-15T12:08:45","guid":{"rendered":"http:\/\/exact.lebowski.se\/3d-scanning-2\/"},"modified":"2018-06-29T14:24:21","modified_gmt":"2018-06-29T12:24:21","slug":"3d-laserskaneerimine","status":"publish","type":"page","link":"https:\/\/teamexact.com\/et\/3d-laserskaneerimine\/","title":{"rendered":"3D laserskaneerimine"},"content":{"rendered":"<p><strong>Tegeleme igat t\u00fc\u00fcpi komplekssete ruumide ja suurem\u00f5\u00f5tmeliste objektide nagu elu- ja \u00e4rihoonete, tehaste, sisekeskkondade ja rajatiste m\u00f5\u00f5distamisega. EXACT toetub andmete kiireks ja t\u00e4pseks kogumiseks k\u00f5rgetasemelistele 3D laserskaneerimise tehnoloogiatele, p\u00f6\u00f6rates t\u00e4helepanu igale \u00fcksikasjale. Meie m\u00f5\u00f5distamise tulemuseks on v\u00e4\u00e4rtuslike m\u00f5\u00f5teandmete kogum, mida on v\u00f5imalik kasutada erineva otstarbega tuletiste saamiseks. Esitame ja edastame need andmed 3D mudelite, 2D jooniste v\u00f5i vaadete\/l\u00f5igete kujul, vastavalt teie t\u00e4psetele soovidele.<\/strong><\/p>\n<p>&nbsp;<\/p>\n<h3>Teostusdokumentatsioon<\/h3>\n<p>Projekteerimis-, rekonstrueerimis- ning muud ehitus- ja haldusprojektid eeldavad hilisemaks k\u00e4itamiseks ja hoolduseks vajalikku t\u00e4pset, terviklikku ning \u00f5igeaegset dokumentatsiooni. EXACT koostab k\u00f5igi s\u00fcsteemiosade m\u00f5\u00f5tmete ja asukoha dokumenteerimiseks teie ehitistest CAD inventariseerimisjoonised. J\u00e4rgime dokumentatsiooni osas teie vajadusi ja n\u00f5udeid. Inventariseerimisjoonised on v\u00f5imalik koostada p\u00e4rast terviklikku m\u00f5\u00f5distamist v\u00f5i p\u00e4rast osalist m\u00f5\u00f5distamist, kui tahate lihtsalt oma olemasolevaid jooniseid t\u00e4iendada.<\/p>\n<h3>BIM \u2013 Ehitusinfo modelleerimine<\/h3>\n<p>Pakume <i>Building Information Modelling <\/i>(BIM) andmeid, mis toetavad teid oma ehitiste osas arukate otsuste langetamisel. EXACT kasutab 3D laserskaneerimise tehnoloogiat t\u00e4psete digitaalsete mudelite loomiseks, mis aitavad teie arhitektidel, inseneridel ning projekteerijatel visualiseerida vormi ja funktsiooni, et nad saaksid prognoosida kulusid ning teha ennetavalt vajalikke muudatusi. Tehke kulukate vigade v\u00e4ltimiseks protsessis aegsasti tarku otsuseid ning tagage h\u00e4sti ehitatud, tulus ja energiat\u00f5hus ehitis.<\/p>\n<h3>Stop-and-Go\u00a0<b>3D laserskaneerimine<\/b><\/h3>\n<p>EXACT&#8217;i 3D laserskanneriga varustatud m\u00f5\u00f5distusautoga saavad meie t\u00f6\u00f6tajad m\u00f5\u00f5distada maapinda kiirelt ja koguda t\u00e4pseid ruumiandmeid. M\u00f5\u00f5distusauto on eriti kasulik topograafiliste plaanide, 3D visualiseerimise ja digitaalsete maastikumudelite (DTM) loomisel. V\u00f5ime m\u00f5\u00f5distada p\u00e4evas kuni miljoni ruutmeetri suurusi alasid ning m\u00f5\u00f5ta ka k\u00f5ige v\u00e4iksemat detaili suurima t\u00e4psusega, tuginedes uudseimale 3D laserskaneerimise tehnoloogiale.<\/p>\n<h3>EXACT\u00a0Street<\/h3>\n<p>EXACT Street on oma klassis ainus m\u00f5\u00f5distustehnoloogia, mis tagab teede m\u00f5\u00f5tmise referetspunktidest 2 mm t\u00e4psusega, mist\u00f5ttu see tehnoloogia on t\u00e4nap\u00e4evases teedeehituses ja -remondis h\u00e4davajalik. Tehke endale tulevikus teede planeerimine ja remont lihtsamaks t\u00e4psete ja p\u00f5hjalike andmete ja detailsete jooniste abil. Olgu tegemist linnadevaheliste teede, t\u00e4navate v\u00f5i maanteedega \u2013 EXACT Street&#8217;iga saate s\u00e4\u00e4sta nii aega kui ka raha.<\/p>\n<p>EXACT Street&#8217;i abil saate uute teede ehituses olulist kokkuhoidu, pikendate remondit\u00f6\u00f6de intervalle ning hoiate teede sulgemise minimaalsel l\u00fchida. Edukad teedeehitusprojektid toetuvad EXACT Street tehnoloogiale kogu projekti jooksul ning v\u00f5tavad selle aluseks 3D mudelitele. EXACT Street&#8217;i abil optimeeritud 3D teeprojekt aitab visualiseerida tee IRI parameetreid, teepinna kaldeid ning piki- ja p\u00f5ikisuunalisi ebatasasusi.<\/p>\n<h3>One-Button Scanning \u2013 OBS<\/h3>\n<p>EXACT&#8217;i \u00fche nupuvajutusega skaneerimislahendus (<i>One-Button Scanning <\/i>ehk OBS) v\u00f5imaldab \u00fclikiiret ja t\u00e4pset 3D andmekogumist ning punktipilve j\u00e4relt\u00f6\u00f6tlust \u00fche nupule vajutusega. OBS on ideaalne lahtise kaevandamise ning teiste pinnaseteisaldusprojektide puhul ning seda saab kasutada turvaliseks ja t\u00f5husaks 3D m\u00f5\u00f5distusandmete kogumiseks mistahes konstruktsioonide v\u00f5i struktuuride kohta. Punktipilve kiire j\u00e4relt\u00f6\u00f6tlus keskendub andmete registreerimisele, maastiku mudeli digitaalsele genereerimisele, mahuarvutustele ning 3D projekti geomeetria\/vastavuse kontrollile. OBS kasutamine ei eelda koolitust ja seda saab rakendada vahetult kohapeal.<\/p>\n","protected":false},"excerpt":{"rendered":"<p>Tegeleme igat t\u00fc\u00fcpi komplekssete ruumide ja suurem\u00f5\u00f5tmeliste objektide nagu elu- ja \u00e4rihoonete, tehaste, sisekeskkondade ja rajatiste m\u00f5\u00f5distamisega. EXACT toetub andmete kiireks ja t\u00e4pseks kogumiseks k\u00f5rgetasemelistele 3D laserskaneerimise tehnoloogiatele, p\u00f6\u00f6rates t\u00e4helepanu igale \u00fcksikasjale. Meie m\u00f5\u00f5distamise tulemuseks on v\u00e4\u00e4rtuslike m\u00f5\u00f5teandmete kogum, mida on v\u00f5imalik kasutada erineva otstarbega tuletiste saamiseks. Esitame ja edastame need andmed 3D mudelite, 2D [&hellip;]<\/p>\n","protected":false},"author":1,"featured_media":0,"parent":0,"menu_order":0,"comment_status":"open","ping_status":"open","template":"template-page.php","meta":{"_acf_changed":false,"footnotes":""},"acf":[],"yoast_head":"<!-- This site is optimized with the Yoast SEO plugin v22.2 - https:\/\/yoast.com\/wordpress\/plugins\/seo\/ -->\n<title>3D laserskaneerimine - EXACT<\/title>\n<meta name=\"robots\" content=\"index, follow, max-snippet:-1, max-image-preview:large, max-video-preview:-1\" \/>\n<link rel=\"canonical\" href=\"https:\/\/teamexact.com\/et\/3d-laserskaneerimine\/\" \/>\n<meta property=\"og:locale\" content=\"et_EE\" \/>\n<meta property=\"og:type\" content=\"article\" \/>\n<meta property=\"og:title\" content=\"3D laserskaneerimine - EXACT\" \/>\n<meta property=\"og:description\" content=\"Tegeleme igat t\u00fc\u00fcpi komplekssete ruumide ja suurem\u00f5\u00f5tmeliste objektide nagu elu- ja \u00e4rihoonete, tehaste, sisekeskkondade ja rajatiste m\u00f5\u00f5distamisega. EXACT toetub andmete kiireks ja t\u00e4pseks kogumiseks k\u00f5rgetasemelistele 3D laserskaneerimise tehnoloogiatele, p\u00f6\u00f6rates t\u00e4helepanu igale \u00fcksikasjale. Meie m\u00f5\u00f5distamise tulemuseks on v\u00e4\u00e4rtuslike m\u00f5\u00f5teandmete kogum, mida on v\u00f5imalik kasutada erineva otstarbega tuletiste saamiseks. Esitame ja edastame need andmed 3D mudelite, 2D [&hellip;]\" \/>\n<meta property=\"og:url\" content=\"https:\/\/teamexact.com\/et\/3d-laserskaneerimine\/\" \/>\n<meta property=\"og:site_name\" content=\"EXACT\" \/>\n<meta property=\"article:modified_time\" content=\"2018-06-29T12:24:21+00:00\" \/>\n<meta name=\"twitter:card\" content=\"summary_large_image\" \/>\n<meta name=\"twitter:label1\" content=\"Est. reading time\" \/>\n\t<meta name=\"twitter:data1\" content=\"2 minutit\" \/>\n<script type=\"application\/ld+json\" class=\"yoast-schema-graph\">{\"@context\":\"https:\/\/schema.org\",\"@graph\":[{\"@type\":\"WebPage\",\"@id\":\"https:\/\/teamexact.com\/et\/3d-laserskaneerimine\/\",\"url\":\"https:\/\/teamexact.com\/et\/3d-laserskaneerimine\/\",\"name\":\"3D laserskaneerimine - EXACT\",\"isPartOf\":{\"@id\":\"https:\/\/teamexact.com\/sv\/#website\"},\"datePublished\":\"2015-06-15T12:08:45+00:00\",\"dateModified\":\"2018-06-29T12:24:21+00:00\",\"breadcrumb\":{\"@id\":\"https:\/\/teamexact.com\/et\/3d-laserskaneerimine\/#breadcrumb\"},\"inLanguage\":\"et\",\"potentialAction\":[{\"@type\":\"ReadAction\",\"target\":[\"https:\/\/teamexact.com\/et\/3d-laserskaneerimine\/\"]}]},{\"@type\":\"BreadcrumbList\",\"@id\":\"https:\/\/teamexact.com\/et\/3d-laserskaneerimine\/#breadcrumb\",\"itemListElement\":[{\"@type\":\"ListItem\",\"position\":1,\"name\":\"Home\",\"item\":\"https:\/\/teamexact.com\/et\/\"},{\"@type\":\"ListItem\",\"position\":2,\"name\":\"3D laserskaneerimine\"}]},{\"@type\":\"WebSite\",\"@id\":\"https:\/\/teamexact.com\/sv\/#website\",\"url\":\"https:\/\/teamexact.com\/sv\/\",\"name\":\"EXACT\",\"description\":\"We see more\",\"potentialAction\":[{\"@type\":\"SearchAction\",\"target\":{\"@type\":\"EntryPoint\",\"urlTemplate\":\"https:\/\/teamexact.com\/sv\/?s={search_term_string}\"},\"query-input\":\"required name=search_term_string\"}],\"inLanguage\":\"et\"}]}<\/script>\n<!-- \/ Yoast SEO plugin. -->","yoast_head_json":{"title":"3D laserskaneerimine - EXACT","robots":{"index":"index","follow":"follow","max-snippet":"max-snippet:-1","max-image-preview":"max-image-preview:large","max-video-preview":"max-video-preview:-1"},"canonical":"https:\/\/teamexact.com\/et\/3d-laserskaneerimine\/","og_locale":"et_EE","og_type":"article","og_title":"3D laserskaneerimine - EXACT","og_description":"Tegeleme igat t\u00fc\u00fcpi komplekssete ruumide ja suurem\u00f5\u00f5tmeliste objektide nagu elu- ja \u00e4rihoonete, tehaste, sisekeskkondade ja rajatiste m\u00f5\u00f5distamisega. EXACT toetub andmete kiireks ja t\u00e4pseks kogumiseks k\u00f5rgetasemelistele 3D laserskaneerimise tehnoloogiatele, p\u00f6\u00f6rates t\u00e4helepanu igale \u00fcksikasjale. Meie m\u00f5\u00f5distamise tulemuseks on v\u00e4\u00e4rtuslike m\u00f5\u00f5teandmete kogum, mida on v\u00f5imalik kasutada erineva otstarbega tuletiste saamiseks. Esitame ja edastame need andmed 3D mudelite, 2D [&hellip;]","og_url":"https:\/\/teamexact.com\/et\/3d-laserskaneerimine\/","og_site_name":"EXACT","article_modified_time":"2018-06-29T12:24:21+00:00","twitter_card":"summary_large_image","twitter_misc":{"Est. reading time":"2 minutit"},"schema":{"@context":"https:\/\/schema.org","@graph":[{"@type":"WebPage","@id":"https:\/\/teamexact.com\/et\/3d-laserskaneerimine\/","url":"https:\/\/teamexact.com\/et\/3d-laserskaneerimine\/","name":"3D laserskaneerimine - EXACT","isPartOf":{"@id":"https:\/\/teamexact.com\/sv\/#website"},"datePublished":"2015-06-15T12:08:45+00:00","dateModified":"2018-06-29T12:24:21+00:00","breadcrumb":{"@id":"https:\/\/teamexact.com\/et\/3d-laserskaneerimine\/#breadcrumb"},"inLanguage":"et","potentialAction":[{"@type":"ReadAction","target":["https:\/\/teamexact.com\/et\/3d-laserskaneerimine\/"]}]},{"@type":"BreadcrumbList","@id":"https:\/\/teamexact.com\/et\/3d-laserskaneerimine\/#breadcrumb","itemListElement":[{"@type":"ListItem","position":1,"name":"Home","item":"https:\/\/teamexact.com\/et\/"},{"@type":"ListItem","position":2,"name":"3D laserskaneerimine"}]},{"@type":"WebSite","@id":"https:\/\/teamexact.com\/sv\/#website","url":"https:\/\/teamexact.com\/sv\/","name":"EXACT","description":"We see more","potentialAction":[{"@type":"SearchAction","target":{"@type":"EntryPoint","urlTemplate":"https:\/\/teamexact.com\/sv\/?s={search_term_string}"},"query-input":"required name=search_term_string"}],"inLanguage":"et"}]}},"_links":{"self":[{"href":"https:\/\/teamexact.com\/et\/wp-json\/wp\/v2\/pages\/1317"}],"collection":[{"href":"https:\/\/teamexact.com\/et\/wp-json\/wp\/v2\/pages"}],"about":[{"href":"https:\/\/teamexact.com\/et\/wp-json\/wp\/v2\/types\/page"}],"author":[{"embeddable":true,"href":"https:\/\/teamexact.com\/et\/wp-json\/wp\/v2\/users\/1"}],"replies":[{"embeddable":true,"href":"https:\/\/teamexact.com\/et\/wp-json\/wp\/v2\/comments?post=1317"}],"version-history":[{"count":6,"href":"https:\/\/teamexact.com\/et\/wp-json\/wp\/v2\/pages\/1317\/revisions"}],"predecessor-version":[{"id":3644,"href":"https:\/\/teamexact.com\/et\/wp-json\/wp\/v2\/pages\/1317\/revisions\/3644"}],"wp:attachment":[{"href":"https:\/\/teamexact.com\/et\/wp-json\/wp\/v2\/media?parent=1317"}],"curies":[{"name":"wp","href":"https:\/\/api.w.org\/{rel}","templated":true}]}}