{"id":1319,"date":"2015-06-15T15:05:49","date_gmt":"2015-06-15T13:05:49","guid":{"rendered":"http:\/\/exact.lebowski.se\/about-2\/"},"modified":"2016-09-26T10:20:48","modified_gmt":"2016-09-26T08:20:48","slug":"exactist","status":"publish","type":"page","link":"https:\/\/teamexact.com\/et\/exactist\/","title":{"rendered":"EXACT&#8217;ist"},"content":{"rendered":"<p><strong>EXACT on \u00fcle Euroopa tegutsev terviklike ja k\u00f5rgkvaliteetsete m\u00f5\u00f5distamistega seotud teenuste pakkuja. Oleme spetsialiseerunud arendajatele, ehitajatele, projekteerijatele ja arhitektidele vajalike t\u00e4ppisandmete kogumisele. Oleme teile vajalikuks partneriks ka siis, kui soovite kogutud andmetest v\u00f5imalikult palju teavet tuletada ja seda arukalt \u00e4ra kasutada.<\/strong><\/p>\n<p>EXACT&#8217;i spetsialistid n\u00e4evad k\u00f5vasti vaeva m\u00f5\u00f5distuste alal juhtiva positsiooni saavutamiseks.\u00a0 Kuid lisaks arendame enda ideid \u2013 ja teiste omi \u2013 ning muudame need reaalsuseks. Aitame oma klientidel nende unistused teostada nii, et kaardil olevast punktist saaks \u00f5nnestunud ehitis. Teeme oma t\u00f6\u00f6d h\u00e4sti, sest tunneme selle t\u00f6\u00f6 erip\u00e4ra, m\u00f5istame projekteerimisprotsessi ning teame t\u00e4pselt, mida te oma visiooni ja tegelikkuse vaheliste takistuste \u00fcletamiseks vajate.<\/p>\n<p>Tere tulemast EXACT&#8217;i. T\u00e4psus on meie kirg.<br \/>\n<strong><br \/>\nMeie n\u00e4eme rohkem!<\/strong><\/p>\n<p>Meie eesm\u00e4rk, alates ettev\u00f5tte loomisest, on olnud esitada v\u00e4ljakutse ja muuta geodeesia \u00e4rivaldkonda. EXACT\u2019i sihiks on olnud valdkonna staatuse t\u00f5stmine ja selle juhtimine millegi uue suunas. Selle saavutamiseks vajame \u00a0enda k\u00f5rvale ambitsioonikaid ja tegusaid kolleege. Ja me usume sellese t\u00e4na j\u00e4tkuvalt samapalju kui siis, mil alustasime.<\/p>\n<p>Meie jaoks on alati olnud oluline vaadata tulevikku ning n\u00e4ha seal rohkem. Pakume oma teadmiste ja tehnoloogiate abil uusi v\u00f5imalusi nii EXACT\u2019ile, kui ka oma klientidele. Tahame luua midagi, mida varem pole suudetud ning sellega oma turupositsiooni laiendada. Me usume pidevasse enesearengusse ja kliendiootuste \u00fcletamisse.<\/p>\n<p>Tugev meeskond, koos \u00f5ige suhtumise ja oskusega, aitab meil eristuda. EXACT\u2019i edu aluseks on j\u00e4rjepidev kasv ja laienemine. Meie teeme rohkem. Meie n\u00e4eme rohkem.<\/p>\n<p>&nbsp;<\/p>\n<p>&nbsp;<\/p>\n<p>&nbsp;<\/p>\n","protected":false},"excerpt":{"rendered":"<p>EXACT on \u00fcle Euroopa tegutsev terviklike ja k\u00f5rgkvaliteetsete m\u00f5\u00f5distamistega seotud teenuste pakkuja. Oleme spetsialiseerunud arendajatele, ehitajatele, projekteerijatele ja arhitektidele vajalike t\u00e4ppisandmete kogumisele. Oleme teile vajalikuks partneriks ka siis, kui soovite kogutud andmetest v\u00f5imalikult palju teavet tuletada ja seda arukalt \u00e4ra kasutada. EXACT&#8217;i spetsialistid n\u00e4evad k\u00f5vasti vaeva m\u00f5\u00f5distuste alal juhtiva positsiooni saavutamiseks.\u00a0 Kuid lisaks arendame enda [&hellip;]<\/p>\n","protected":false},"author":1,"featured_media":0,"parent":0,"menu_order":0,"comment_status":"open","ping_status":"open","template":"template-page.php","meta":{"_acf_changed":false,"footnotes":""},"acf":[],"yoast_head":"<!-- This site is optimized with the Yoast SEO plugin v22.2 - https:\/\/yoast.com\/wordpress\/plugins\/seo\/ -->\n<title>EXACT&#039;ist - EXACT<\/title>\n<meta name=\"robots\" content=\"index, follow, max-snippet:-1, max-image-preview:large, max-video-preview:-1\" \/>\n<link rel=\"canonical\" href=\"https:\/\/teamexact.com\/et\/exactist\/\" \/>\n<meta property=\"og:locale\" content=\"et_EE\" \/>\n<meta property=\"og:type\" content=\"article\" \/>\n<meta property=\"og:title\" content=\"EXACT&#039;ist - EXACT\" \/>\n<meta property=\"og:description\" content=\"EXACT on \u00fcle Euroopa tegutsev terviklike ja k\u00f5rgkvaliteetsete m\u00f5\u00f5distamistega seotud teenuste pakkuja. Oleme spetsialiseerunud arendajatele, ehitajatele, projekteerijatele ja arhitektidele vajalike t\u00e4ppisandmete kogumisele. Oleme teile vajalikuks partneriks ka siis, kui soovite kogutud andmetest v\u00f5imalikult palju teavet tuletada ja seda arukalt \u00e4ra kasutada. EXACT&#8217;i spetsialistid n\u00e4evad k\u00f5vasti vaeva m\u00f5\u00f5distuste alal juhtiva positsiooni saavutamiseks.\u00a0 Kuid lisaks arendame enda [&hellip;]\" \/>\n<meta property=\"og:url\" content=\"https:\/\/teamexact.com\/et\/exactist\/\" \/>\n<meta property=\"og:site_name\" content=\"EXACT\" \/>\n<meta property=\"article:modified_time\" content=\"2016-09-26T08:20:48+00:00\" \/>\n<meta name=\"twitter:card\" content=\"summary_large_image\" \/>\n<meta name=\"twitter:label1\" content=\"Est. reading time\" \/>\n\t<meta name=\"twitter:data1\" content=\"1 minut\" \/>\n<script type=\"application\/ld+json\" class=\"yoast-schema-graph\">{\"@context\":\"https:\/\/schema.org\",\"@graph\":[{\"@type\":\"WebPage\",\"@id\":\"https:\/\/teamexact.com\/et\/exactist\/\",\"url\":\"https:\/\/teamexact.com\/et\/exactist\/\",\"name\":\"EXACT'ist - EXACT\",\"isPartOf\":{\"@id\":\"https:\/\/teamexact.com\/sv\/#website\"},\"datePublished\":\"2015-06-15T13:05:49+00:00\",\"dateModified\":\"2016-09-26T08:20:48+00:00\",\"breadcrumb\":{\"@id\":\"https:\/\/teamexact.com\/et\/exactist\/#breadcrumb\"},\"inLanguage\":\"et\",\"potentialAction\":[{\"@type\":\"ReadAction\",\"target\":[\"https:\/\/teamexact.com\/et\/exactist\/\"]}]},{\"@type\":\"BreadcrumbList\",\"@id\":\"https:\/\/teamexact.com\/et\/exactist\/#breadcrumb\",\"itemListElement\":[{\"@type\":\"ListItem\",\"position\":1,\"name\":\"Home\",\"item\":\"https:\/\/teamexact.com\/et\/\"},{\"@type\":\"ListItem\",\"position\":2,\"name\":\"EXACT&#8217;ist\"}]},{\"@type\":\"WebSite\",\"@id\":\"https:\/\/teamexact.com\/sv\/#website\",\"url\":\"https:\/\/teamexact.com\/sv\/\",\"name\":\"EXACT\",\"description\":\"We see more\",\"potentialAction\":[{\"@type\":\"SearchAction\",\"target\":{\"@type\":\"EntryPoint\",\"urlTemplate\":\"https:\/\/teamexact.com\/sv\/?s={search_term_string}\"},\"query-input\":\"required name=search_term_string\"}],\"inLanguage\":\"et\"}]}<\/script>\n<!-- \/ Yoast SEO plugin. -->","yoast_head_json":{"title":"EXACT'ist - EXACT","robots":{"index":"index","follow":"follow","max-snippet":"max-snippet:-1","max-image-preview":"max-image-preview:large","max-video-preview":"max-video-preview:-1"},"canonical":"https:\/\/teamexact.com\/et\/exactist\/","og_locale":"et_EE","og_type":"article","og_title":"EXACT'ist - EXACT","og_description":"EXACT on \u00fcle Euroopa tegutsev terviklike ja k\u00f5rgkvaliteetsete m\u00f5\u00f5distamistega seotud teenuste pakkuja. Oleme spetsialiseerunud arendajatele, ehitajatele, projekteerijatele ja arhitektidele vajalike t\u00e4ppisandmete kogumisele. Oleme teile vajalikuks partneriks ka siis, kui soovite kogutud andmetest v\u00f5imalikult palju teavet tuletada ja seda arukalt \u00e4ra kasutada. EXACT&#8217;i spetsialistid n\u00e4evad k\u00f5vasti vaeva m\u00f5\u00f5distuste alal juhtiva positsiooni saavutamiseks.\u00a0 Kuid lisaks arendame enda [&hellip;]","og_url":"https:\/\/teamexact.com\/et\/exactist\/","og_site_name":"EXACT","article_modified_time":"2016-09-26T08:20:48+00:00","twitter_card":"summary_large_image","twitter_misc":{"Est. reading time":"1 minut"},"schema":{"@context":"https:\/\/schema.org","@graph":[{"@type":"WebPage","@id":"https:\/\/teamexact.com\/et\/exactist\/","url":"https:\/\/teamexact.com\/et\/exactist\/","name":"EXACT'ist - EXACT","isPartOf":{"@id":"https:\/\/teamexact.com\/sv\/#website"},"datePublished":"2015-06-15T13:05:49+00:00","dateModified":"2016-09-26T08:20:48+00:00","breadcrumb":{"@id":"https:\/\/teamexact.com\/et\/exactist\/#breadcrumb"},"inLanguage":"et","potentialAction":[{"@type":"ReadAction","target":["https:\/\/teamexact.com\/et\/exactist\/"]}]},{"@type":"BreadcrumbList","@id":"https:\/\/teamexact.com\/et\/exactist\/#breadcrumb","itemListElement":[{"@type":"ListItem","position":1,"name":"Home","item":"https:\/\/teamexact.com\/et\/"},{"@type":"ListItem","position":2,"name":"EXACT&#8217;ist"}]},{"@type":"WebSite","@id":"https:\/\/teamexact.com\/sv\/#website","url":"https:\/\/teamexact.com\/sv\/","name":"EXACT","description":"We see more","potentialAction":[{"@type":"SearchAction","target":{"@type":"EntryPoint","urlTemplate":"https:\/\/teamexact.com\/sv\/?s={search_term_string}"},"query-input":"required name=search_term_string"}],"inLanguage":"et"}]}},"_links":{"self":[{"href":"https:\/\/teamexact.com\/et\/wp-json\/wp\/v2\/pages\/1319"}],"collection":[{"href":"https:\/\/teamexact.com\/et\/wp-json\/wp\/v2\/pages"}],"about":[{"href":"https:\/\/teamexact.com\/et\/wp-json\/wp\/v2\/types\/page"}],"author":[{"embeddable":true,"href":"https:\/\/teamexact.com\/et\/wp-json\/wp\/v2\/users\/1"}],"replies":[{"embeddable":true,"href":"https:\/\/teamexact.com\/et\/wp-json\/wp\/v2\/comments?post=1319"}],"version-history":[{"count":8,"href":"https:\/\/teamexact.com\/et\/wp-json\/wp\/v2\/pages\/1319\/revisions"}],"predecessor-version":[{"id":2300,"href":"https:\/\/teamexact.com\/et\/wp-json\/wp\/v2\/pages\/1319\/revisions\/2300"}],"wp:attachment":[{"href":"https:\/\/teamexact.com\/et\/wp-json\/wp\/v2\/media?parent=1319"}],"curies":[{"name":"wp","href":"https:\/\/api.w.org\/{rel}","templated":true}]}}