{"id":1321,"date":"2015-06-15T14:41:22","date_gmt":"2015-06-15T12:41:22","guid":{"rendered":"http:\/\/exact.lebowski.se\/construction-2\/"},"modified":"2020-02-20T08:40:15","modified_gmt":"2020-02-20T07:40:15","slug":"hoonete-ehitus","status":"publish","type":"page","link":"https:\/\/teamexact.com\/et\/hoonete-ehitus\/","title":{"rendered":"Hoonete ehitus"},"content":{"rendered":"<p><strong>Meil EXACT&#8217;is ei j\u00e4\u00e4 midagi m\u00e4rkamata. Teid t\u00e4psete andmetega varustamiseks, hakkame peale k\u00f5ige v\u00e4iksematest komponentidest ja liigume edasi kuni tervikstruktuurini. T\u00e4nu meie asjatundlikkusele m\u00f5\u00f5distamise alal ning teadmistele ja kogemustele k\u00f5igist ehitusetappidest, oskame n\u00e4ha detaile ja m\u00f5\u00f5dame neid vajaliku t\u00e4psusega. EXACT toob teie objektile alati \u00f5ige tehnoloogia ja \u00f5ige personali, tagades selle, et k\u00f5ik m\u00f5\u00f5distust\u00f6\u00f6d viiakse l\u00f5pule maksimaalselt t\u00e4pselt,\u00a0 \u00f6konoomselt ja t\u00e4htaegselt.<\/strong><\/p>\n<p>&nbsp;<\/p>\n<h3>M\u00f5\u00f5distused ehitamiseks<\/h3>\n<p>Pakume k\u00f5igi hoonete, k.a. elamute, b\u00fcroohoonete, spordirajatiste ja t\u00f6\u00f6stushoonete m\u00f5\u00f5distusteenuseid. EXACT teostab objektil ka ehitiste (sildade, t\u00e4navate ja raudteede) ehitusgeodeetilisi t\u00f6id ja kontrollm\u00f5\u00f5distust. Samuti tehnos\u00fcsteemide, lifti\u0161ahtide, platside, terrasside, vaiade, vundamentide, betoons\u00f5restike ja muude vajalike elementide v\u00e4ljam\u00e4rkimist.<\/p>\n<h3>Projektijuhtimine ja klienditoe teenused<\/h3>\n<p>Meie EXACT&#8217;is tagame, et k\u00f5ik\u00a0 m\u00f5\u00f5tmised on\u00a0 tehtud parimal v\u00f5imalikul viisil, \u00f6konoomselt ja vastavalt teie tehnilistele n\u00f5uetele. Meil on ka vajalikud teadmised ja kogemused suuremahuliste ehitusprojektide juhtimises. EXACT pakub pidevat tuge k\u00f5igis projektietappides, aidates nii tagada teie projekti \u00f5nnestumise.<\/p>\n<p>Aitame teil v\u00e4ltida asjatuid vigu ja arusaamatusi uurides k\u00f5iki projektiga seonduvaid dokumente, et kontrollida nende vastavust kehtestatud n\u00f5uetele enne projekti algust ning seel\u00e4bi tagada teie projekti edukas algus. Kasutage projekti k\u00e4igus \u00e4ra meie klienditoe teenuseid \u00f5iguslikest lepingutest, regulatsioonidest ja ehitusnormidest kinnipidamise kontrollimiseks. V\u00f5ime tulemuslikult suhelda teie allt\u00f6\u00f6v\u00f5tjatega ja kontrollida, et k\u00f5ik projekti osapooled j\u00e4rgivad plaanides s\u00e4testatud kvaliteedikontrolli meetmeid.<\/p>\n<h3>Seire ja j\u00e4relevalve<\/h3>\n<p>Mitmeid ehitusprojekte teostatakse aktiivsetes linnapiirkondades ja mujal keerulistes keskkondades. Kui t\u00f6\u00f6ga kaasneb l\u00f5hkamine, tunnelite kaevamine ja muud ohud, tuleb tagada turvalisus. Pakume maksimaalse turvalisuse tagamiseks intelligentset j\u00e4relevalvet. J\u00e4relevalve v\u00f5ib toimuda ka automaatselt \u2013 \u00f6\u00f6sel, riigip\u00fchadel ja aladel, kuhu puudub sissep\u00e4\u00e4s. Kui avastatakse kahtlane maapinna v\u00f5i muu liikumine, teavitatakse sellest m\u00e4\u00e4ratud personali automaatselt. Aitame paigaldada vajalikud seadmed, m\u00e4\u00e4ratleda parameetrid ja kogu s\u00fcsteemi t\u00f6\u00f6le panna.<\/p>\n<h3>Geodeetilise m\u00f5\u00f5distusv\u00f5rgu rajamine<\/h3>\n<p>Geodeetilise m\u00f5\u00f5distusv\u00f5rgu rajamise k\u00e4igus m\u00e4\u00e4ratakse plaanilis-k\u00f5rguslikult seotud t\u00e4psed punktid, mida saab kasutada teede ja hoonete ehitamisel v\u00f5i digitaalsete mudelite ning plaanide koostamisel. Teostame nii maapealset, kui ka satelliitidel p\u00f5hinevat geodeetilist m\u00f5\u00f5distamist, mis pakub v\u00f5imalust suurte vahemaadega kontrollpunktide m\u00e4\u00e4ramist j\u00e4rgnevaks aerom\u00f5\u00f5distamiseks.<\/p>\n<h3>One-Button Scanning (OBS) and post-processing<\/h3>\n<p>EXACT&#8217;i \u00fche nupuvajutusega skaneerimislahendus (<i>One-Button Scanning <\/i>ehk OBS) v\u00f5imaldab \u00fclikiiret ja t\u00e4pset 3D andmekogumist ning punktipilve j\u00e4relt\u00f6\u00f6tlust \u00fche nupule vajutusega. OBS on ideaalne lahtise kaevandamise ning teiste pinnaseteisaldusprojektide puhul ning seda saab kasutada turvaliseks ja t\u00f5husaks 3D m\u00f5\u00f5distusandmete kogumiseks mistahes konstruktsioonide v\u00f5i struktuuride kohta. Punktipilve kiire j\u00e4relt\u00f6\u00f6tlus keskendub andmete registreerimisele, maastiku mudeli digitaalsele genereerimisele, mahuarvutustele ning 3D projekti geomeetria\/vastavuse kontrollile. OBS kasutamine ei eelda koolitust ja seda saab rakendada vahetult kohapeal.<\/p>\n","protected":false},"excerpt":{"rendered":"<p>Meil EXACT&#8217;is ei j\u00e4\u00e4 midagi m\u00e4rkamata. Teid t\u00e4psete andmetega varustamiseks, hakkame peale k\u00f5ige v\u00e4iksematest komponentidest ja liigume edasi kuni tervikstruktuurini. T\u00e4nu meie asjatundlikkusele m\u00f5\u00f5distamise alal ning teadmistele ja kogemustele k\u00f5igist ehitusetappidest, oskame n\u00e4ha detaile ja m\u00f5\u00f5dame neid vajaliku t\u00e4psusega. EXACT toob teie objektile alati \u00f5ige tehnoloogia ja \u00f5ige personali, tagades selle, et k\u00f5ik m\u00f5\u00f5distust\u00f6\u00f6d viiakse [&hellip;]<\/p>\n","protected":false},"author":1,"featured_media":0,"parent":0,"menu_order":0,"comment_status":"open","ping_status":"open","template":"template-area.php","meta":{"_acf_changed":false,"footnotes":""},"acf":[],"yoast_head":"<!-- This site is optimized with the Yoast SEO plugin v22.2 - https:\/\/yoast.com\/wordpress\/plugins\/seo\/ -->\n<title>Hoonete ehitus - EXACT<\/title>\n<meta name=\"robots\" content=\"index, follow, max-snippet:-1, max-image-preview:large, max-video-preview:-1\" \/>\n<link rel=\"canonical\" href=\"https:\/\/teamexact.com\/et\/hoonete-ehitus\/\" \/>\n<meta property=\"og:locale\" content=\"et_EE\" \/>\n<meta property=\"og:type\" content=\"article\" \/>\n<meta property=\"og:title\" content=\"Hoonete ehitus - EXACT\" \/>\n<meta property=\"og:description\" content=\"Meil EXACT&#8217;is ei j\u00e4\u00e4 midagi m\u00e4rkamata. Teid t\u00e4psete andmetega varustamiseks, hakkame peale k\u00f5ige v\u00e4iksematest komponentidest ja liigume edasi kuni tervikstruktuurini. T\u00e4nu meie asjatundlikkusele m\u00f5\u00f5distamise alal ning teadmistele ja kogemustele k\u00f5igist ehitusetappidest, oskame n\u00e4ha detaile ja m\u00f5\u00f5dame neid vajaliku t\u00e4psusega. EXACT toob teie objektile alati \u00f5ige tehnoloogia ja \u00f5ige personali, tagades selle, et k\u00f5ik m\u00f5\u00f5distust\u00f6\u00f6d viiakse [&hellip;]\" \/>\n<meta property=\"og:url\" content=\"https:\/\/teamexact.com\/et\/hoonete-ehitus\/\" \/>\n<meta property=\"og:site_name\" content=\"EXACT\" \/>\n<meta property=\"article:modified_time\" content=\"2020-02-20T07:40:15+00:00\" \/>\n<meta name=\"twitter:card\" content=\"summary_large_image\" \/>\n<meta name=\"twitter:label1\" content=\"Est. reading time\" \/>\n\t<meta name=\"twitter:data1\" content=\"2 minutit\" \/>\n<script type=\"application\/ld+json\" class=\"yoast-schema-graph\">{\"@context\":\"https:\/\/schema.org\",\"@graph\":[{\"@type\":\"WebPage\",\"@id\":\"https:\/\/teamexact.com\/et\/hoonete-ehitus\/\",\"url\":\"https:\/\/teamexact.com\/et\/hoonete-ehitus\/\",\"name\":\"Hoonete ehitus - EXACT\",\"isPartOf\":{\"@id\":\"https:\/\/teamexact.com\/sv\/#website\"},\"datePublished\":\"2015-06-15T12:41:22+00:00\",\"dateModified\":\"2020-02-20T07:40:15+00:00\",\"breadcrumb\":{\"@id\":\"https:\/\/teamexact.com\/et\/hoonete-ehitus\/#breadcrumb\"},\"inLanguage\":\"et\",\"potentialAction\":[{\"@type\":\"ReadAction\",\"target\":[\"https:\/\/teamexact.com\/et\/hoonete-ehitus\/\"]}]},{\"@type\":\"BreadcrumbList\",\"@id\":\"https:\/\/teamexact.com\/et\/hoonete-ehitus\/#breadcrumb\",\"itemListElement\":[{\"@type\":\"ListItem\",\"position\":1,\"name\":\"Home\",\"item\":\"https:\/\/teamexact.com\/et\/\"},{\"@type\":\"ListItem\",\"position\":2,\"name\":\"Hoonete ehitus\"}]},{\"@type\":\"WebSite\",\"@id\":\"https:\/\/teamexact.com\/sv\/#website\",\"url\":\"https:\/\/teamexact.com\/sv\/\",\"name\":\"EXACT\",\"description\":\"We see more\",\"potentialAction\":[{\"@type\":\"SearchAction\",\"target\":{\"@type\":\"EntryPoint\",\"urlTemplate\":\"https:\/\/teamexact.com\/sv\/?s={search_term_string}\"},\"query-input\":\"required name=search_term_string\"}],\"inLanguage\":\"et\"}]}<\/script>\n<!-- \/ Yoast SEO plugin. -->","yoast_head_json":{"title":"Hoonete ehitus - EXACT","robots":{"index":"index","follow":"follow","max-snippet":"max-snippet:-1","max-image-preview":"max-image-preview:large","max-video-preview":"max-video-preview:-1"},"canonical":"https:\/\/teamexact.com\/et\/hoonete-ehitus\/","og_locale":"et_EE","og_type":"article","og_title":"Hoonete ehitus - EXACT","og_description":"Meil EXACT&#8217;is ei j\u00e4\u00e4 midagi m\u00e4rkamata. Teid t\u00e4psete andmetega varustamiseks, hakkame peale k\u00f5ige v\u00e4iksematest komponentidest ja liigume edasi kuni tervikstruktuurini. T\u00e4nu meie asjatundlikkusele m\u00f5\u00f5distamise alal ning teadmistele ja kogemustele k\u00f5igist ehitusetappidest, oskame n\u00e4ha detaile ja m\u00f5\u00f5dame neid vajaliku t\u00e4psusega. EXACT toob teie objektile alati \u00f5ige tehnoloogia ja \u00f5ige personali, tagades selle, et k\u00f5ik m\u00f5\u00f5distust\u00f6\u00f6d viiakse [&hellip;]","og_url":"https:\/\/teamexact.com\/et\/hoonete-ehitus\/","og_site_name":"EXACT","article_modified_time":"2020-02-20T07:40:15+00:00","twitter_card":"summary_large_image","twitter_misc":{"Est. reading time":"2 minutit"},"schema":{"@context":"https:\/\/schema.org","@graph":[{"@type":"WebPage","@id":"https:\/\/teamexact.com\/et\/hoonete-ehitus\/","url":"https:\/\/teamexact.com\/et\/hoonete-ehitus\/","name":"Hoonete ehitus - EXACT","isPartOf":{"@id":"https:\/\/teamexact.com\/sv\/#website"},"datePublished":"2015-06-15T12:41:22+00:00","dateModified":"2020-02-20T07:40:15+00:00","breadcrumb":{"@id":"https:\/\/teamexact.com\/et\/hoonete-ehitus\/#breadcrumb"},"inLanguage":"et","potentialAction":[{"@type":"ReadAction","target":["https:\/\/teamexact.com\/et\/hoonete-ehitus\/"]}]},{"@type":"BreadcrumbList","@id":"https:\/\/teamexact.com\/et\/hoonete-ehitus\/#breadcrumb","itemListElement":[{"@type":"ListItem","position":1,"name":"Home","item":"https:\/\/teamexact.com\/et\/"},{"@type":"ListItem","position":2,"name":"Hoonete ehitus"}]},{"@type":"WebSite","@id":"https:\/\/teamexact.com\/sv\/#website","url":"https:\/\/teamexact.com\/sv\/","name":"EXACT","description":"We see more","potentialAction":[{"@type":"SearchAction","target":{"@type":"EntryPoint","urlTemplate":"https:\/\/teamexact.com\/sv\/?s={search_term_string}"},"query-input":"required name=search_term_string"}],"inLanguage":"et"}]}},"_links":{"self":[{"href":"https:\/\/teamexact.com\/et\/wp-json\/wp\/v2\/pages\/1321"}],"collection":[{"href":"https:\/\/teamexact.com\/et\/wp-json\/wp\/v2\/pages"}],"about":[{"href":"https:\/\/teamexact.com\/et\/wp-json\/wp\/v2\/types\/page"}],"author":[{"embeddable":true,"href":"https:\/\/teamexact.com\/et\/wp-json\/wp\/v2\/users\/1"}],"replies":[{"embeddable":true,"href":"https:\/\/teamexact.com\/et\/wp-json\/wp\/v2\/comments?post=1321"}],"version-history":[{"count":6,"href":"https:\/\/teamexact.com\/et\/wp-json\/wp\/v2\/pages\/1321\/revisions"}],"predecessor-version":[{"id":4174,"href":"https:\/\/teamexact.com\/et\/wp-json\/wp\/v2\/pages\/1321\/revisions\/4174"}],"wp:attachment":[{"href":"https:\/\/teamexact.com\/et\/wp-json\/wp\/v2\/media?parent=1321"}],"curies":[{"name":"wp","href":"https:\/\/api.w.org\/{rel}","templated":true}]}}