{"id":1325,"date":"2015-06-15T14:48:22","date_gmt":"2015-06-15T12:48:22","guid":{"rendered":"http:\/\/exact.lebowski.se\/design-engineering-2\/"},"modified":"2020-02-20T08:42:44","modified_gmt":"2020-02-20T07:42:44","slug":"tehniline-projekteerimine","status":"publish","type":"page","link":"https:\/\/teamexact.com\/et\/tehniline-projekteerimine\/","title":{"rendered":"Tehniline projekteerimine"},"content":{"rendered":"<p><strong>Uurime enne projekti planeerimist ja ehitamist hoolikalt teie kavandatud t\u00f6\u00f6maad ning seda \u00fcmbritsevate alade keskkonda ja tingimusi. Pakume t\u00e4pseid m\u00f5\u00f5distusandmeid, mida te oma ideede elluviimiseks vajate. Meie kvalifitseeritud geodeedid teevad tehniliste projektjooniste valmimiseks vajalike topo-geodeetiliste plaanide koostamiseks tihedat koost\u00f6\u00f6d arhitektide, inseneride ja projekteerijatega. V\u00f5ite olla kindlad, et meie ekspertide teadmised ja kogemused aitavad teil \u00fcletada k\u00f5ik takistused ja n\u00e4ha enda ees rohkem v\u00f5imalusi.<\/strong><\/p>\n<p>&nbsp;<\/p>\n<h3>Topo-geodeetiline m\u00f5\u00f5distamine<\/h3>\n<p>Oleme partner, kelle peale v\u00f5ite loota, kui otsite spetsialiseeritud oskusi ja kvalifitseeritust. EXACT on suur, paljude t\u00f6\u00f6tajate ja ressurssidega v\u00e4ljakujunenud organisatsioon, mist\u00f5ttu ei pea te oma projektide ja \u00fclesannete t\u00e4itmist kunagi kaua ootama. EXACT&#8217;i topo-m\u00f5\u00f5distamise meeskond koosneb erialase haridusega tippspetsialistidest. Oleme keskendunud kvaliteedile ja t\u00e4psusele.<\/p>\n<p>Teostame erineva suurusega maa-alade m\u00f5\u00f5distamist ning pakume teie projekti jaoks kasutusvalmis m\u00f5\u00f5teandmeid ja maastikumudeleid. Meie oskused ja seadmed sobivad ka detailseteks t\u00f6\u00f6stusm\u00f5\u00f5distusteks, mis eeldavad suurt t\u00e4psust ning teadmisi t\u00f6\u00f6stusharule spetsiifilistest meetoditest ja seadmetest. Meid kaasatakse tihti eri t\u00fc\u00fcpi aerofotogeodeetiliste t\u00f6\u00f6de m\u00f5\u00f5distuspunktide m\u00e4\u00e4ramisse ning samuti hoolitseme hea meelega teie projektiga seotud helikopterim\u00f5\u00f5distuste eest.<\/p>\n<h3>Mehitamata \u00f5hus\u00f5idukid (UAV)<\/h3>\n<p>Lisaks m\u00f5\u00f5distustele maapinnal, kasutame ka laserskaneerimist \u00f5hust ning mehitamata \u00f5hus\u00f5idukeid. Mehitamata \u00f5hus\u00f5idukid on \u00fclevaatuse, j\u00e4relevalve, kaardistamise ja 3D modelleerimise eesm\u00e4rgil andmete kogumises v\u00e4\u00e4rtuslikud t\u00f6\u00f6vahendid. Soovitame <i>fixed-wing<\/i> mitme rootoriga lahendust ortofotode tegemiseks ning taristu ja karj\u00e4\u00e4ride-kaevanduste 3D kaardistamiseks. EXACT\u2019i mehitamata \u00f5hus\u00f5iduk on nutikas viis objekti andmete ajakohastena hoidmiseks.<\/p>\n<h3>Ehituse infomudel &#8211; Building Information Modeling (BIM)<\/h3>\n<p>EXACT&#8217;i 3D m\u00f5\u00f5distused ja mudelid on l\u00e4htepunktiks igale \u00f5nnestunud <i>Building Information Modelling<\/i> projektile. Pakume BIM andmeid, mis toetavad teid oma ehitiste osas arukate otsuste tegemisel. Kasutame 3D laserskaneerimise tehnoloogiat t\u00e4psete digitaalsete mudelite loomiseks, mis aitavad teie arhitektidel, inseneridel ning projekteerijatel visualiseerida ehituse vormi ja funktsiooni, et saada prognoosida kulusid ning teha ennetavalt vajalikke muudatusi. EXACT aitab teil teha kulukate vigade v\u00e4ltimiseks tarkasid otsuseid aegsasti protsessi k\u00e4igus, tagades h\u00e4sti ehitatud, kulutasuva ja energiat\u00f5husa konstruktsiooni.<\/p>\n<h3>H\u00fcdrograafilised m\u00f5\u00f5distused<\/h3>\n<p>EXACT pakub j\u00e4rvede, j\u00f5gede, veehoidlate ja merep\u00f5hja m\u00f5\u00f5distamist kajaloodiga kuni 80 meetri s\u00fcgavusel. S\u00fcgavuse, asukoha ja k\u00f5rguse m\u00f5\u00f5tmiste andmed t\u00f6\u00f6deldakse maastikumudeliteks, mida saame pakkuda kas eraldi v\u00f5i koos maapinna andmetega.<\/p>\n<p>Piisavate andmete kogumiseks ja tarbetute viivituste v\u00e4ltimiseks sooritavad merekeskkonnas m\u00f5\u00f5distusi h\u00fcdrograafilise kogemusega spetsialistid, kes teavad, mida kvaliteetsed m\u00f5\u00f5distused endast kujutavad. Kasutame seet\u00f5ttu ainult kvalifitseeritud ja suurte kogemustega maam\u00f5\u00f5tjaid.<\/p>\n<h3>Geodeetilise m\u00f5\u00f5distusv\u00f5rgu rajamine<\/h3>\n<p>Geodeetilise m\u00f5\u00f5distusv\u00f5rgu rajamise k\u00e4igus m\u00e4\u00e4ratakse plaanilis-k\u00f5rguslikult seotud t\u00e4psed punktid, mida saab kasutada teede ja hoonete ehitamisel v\u00f5i digitaalsete mudelite ning plaanide koostamisel. Teostame nii maapealset, kui ka satelliitidel p\u00f5hinevat geodeetilist m\u00f5\u00f5distamist, mis pakub v\u00f5imalust suurte vahemaadega kontrollpunktide m\u00e4\u00e4ramist j\u00e4rgnevaks aerom\u00f5\u00f5distamiseks.<\/p>\n<h3>Katastri\u00fcksuste m\u00f5\u00f5distamine ja kinnistu piiride m\u00e4\u00e4ramine<\/h3>\n<p>EXACT pakub m\u00f5\u00f5distusandmeid, mida vajate oma kinnistu piiride m\u00e4\u00e4ratlemiseks v\u00f5i uute kinnistute moodustamseks olemasolevate jagamise v\u00f5i liitmise abil. M\u00f5\u00f5dame ja kogume samuti andmeid kitsendusi p\u00f5hjustavatest maapealsetest ja maa-alustest kommunikatsioonidest. Plaanid on saadaval 2D ja 3D formaadis ning sisaldavad GIS-i atribuute ning nendega seotud teavet. EXACT v\u00f5ib v\u00f5tta enda hoolde k\u00f5ik kaardistamise etapid \u2013 alates piirkonnale sobiva m\u00f5\u00f5tmismeetodi valimisest kuni andmekogumiseni teie valitud referentss\u00fcsteemis. Meie k\u00f5ige tugevamaks k\u00fcljeks on kiire t\u00e4htaeg. EXACT&#8217;il on ka suur geograafiline tegevuspiirkond ning palju inimressursse, mist\u00f5ttu saame pakkuda parimat kvaliteeti olenemata projekti asukohast.<\/p>\n","protected":false},"excerpt":{"rendered":"<p>Uurime enne projekti planeerimist ja ehitamist hoolikalt teie kavandatud t\u00f6\u00f6maad ning seda \u00fcmbritsevate alade keskkonda ja tingimusi. Pakume t\u00e4pseid m\u00f5\u00f5distusandmeid, mida te oma ideede elluviimiseks vajate. Meie kvalifitseeritud geodeedid teevad tehniliste projektjooniste valmimiseks vajalike topo-geodeetiliste plaanide koostamiseks tihedat koost\u00f6\u00f6d arhitektide, inseneride ja projekteerijatega. V\u00f5ite olla kindlad, et meie ekspertide teadmised ja kogemused aitavad teil \u00fcletada [&hellip;]<\/p>\n","protected":false},"author":1,"featured_media":0,"parent":0,"menu_order":0,"comment_status":"open","ping_status":"open","template":"template-area.php","meta":{"_acf_changed":false,"footnotes":""},"acf":[],"yoast_head":"<!-- This site is optimized with the Yoast SEO plugin v22.2 - https:\/\/yoast.com\/wordpress\/plugins\/seo\/ -->\n<title>Tehniline projekteerimine - EXACT<\/title>\n<meta name=\"robots\" content=\"index, follow, max-snippet:-1, max-image-preview:large, max-video-preview:-1\" \/>\n<link rel=\"canonical\" href=\"https:\/\/teamexact.com\/et\/tehniline-projekteerimine\/\" \/>\n<meta property=\"og:locale\" content=\"et_EE\" \/>\n<meta property=\"og:type\" content=\"article\" \/>\n<meta property=\"og:title\" content=\"Tehniline projekteerimine - EXACT\" \/>\n<meta property=\"og:description\" content=\"Uurime enne projekti planeerimist ja ehitamist hoolikalt teie kavandatud t\u00f6\u00f6maad ning seda \u00fcmbritsevate alade keskkonda ja tingimusi. Pakume t\u00e4pseid m\u00f5\u00f5distusandmeid, mida te oma ideede elluviimiseks vajate. Meie kvalifitseeritud geodeedid teevad tehniliste projektjooniste valmimiseks vajalike topo-geodeetiliste plaanide koostamiseks tihedat koost\u00f6\u00f6d arhitektide, inseneride ja projekteerijatega. V\u00f5ite olla kindlad, et meie ekspertide teadmised ja kogemused aitavad teil \u00fcletada [&hellip;]\" \/>\n<meta property=\"og:url\" content=\"https:\/\/teamexact.com\/et\/tehniline-projekteerimine\/\" \/>\n<meta property=\"og:site_name\" content=\"EXACT\" \/>\n<meta property=\"article:modified_time\" content=\"2020-02-20T07:42:44+00:00\" \/>\n<meta name=\"twitter:card\" content=\"summary_large_image\" \/>\n<meta name=\"twitter:label1\" content=\"Est. reading time\" \/>\n\t<meta name=\"twitter:data1\" content=\"3 minutit\" \/>\n<script type=\"application\/ld+json\" class=\"yoast-schema-graph\">{\"@context\":\"https:\/\/schema.org\",\"@graph\":[{\"@type\":\"WebPage\",\"@id\":\"https:\/\/teamexact.com\/et\/tehniline-projekteerimine\/\",\"url\":\"https:\/\/teamexact.com\/et\/tehniline-projekteerimine\/\",\"name\":\"Tehniline projekteerimine - EXACT\",\"isPartOf\":{\"@id\":\"https:\/\/teamexact.com\/sv\/#website\"},\"datePublished\":\"2015-06-15T12:48:22+00:00\",\"dateModified\":\"2020-02-20T07:42:44+00:00\",\"breadcrumb\":{\"@id\":\"https:\/\/teamexact.com\/et\/tehniline-projekteerimine\/#breadcrumb\"},\"inLanguage\":\"et\",\"potentialAction\":[{\"@type\":\"ReadAction\",\"target\":[\"https:\/\/teamexact.com\/et\/tehniline-projekteerimine\/\"]}]},{\"@type\":\"BreadcrumbList\",\"@id\":\"https:\/\/teamexact.com\/et\/tehniline-projekteerimine\/#breadcrumb\",\"itemListElement\":[{\"@type\":\"ListItem\",\"position\":1,\"name\":\"Home\",\"item\":\"https:\/\/teamexact.com\/et\/\"},{\"@type\":\"ListItem\",\"position\":2,\"name\":\"Tehniline projekteerimine\"}]},{\"@type\":\"WebSite\",\"@id\":\"https:\/\/teamexact.com\/sv\/#website\",\"url\":\"https:\/\/teamexact.com\/sv\/\",\"name\":\"EXACT\",\"description\":\"We see more\",\"potentialAction\":[{\"@type\":\"SearchAction\",\"target\":{\"@type\":\"EntryPoint\",\"urlTemplate\":\"https:\/\/teamexact.com\/sv\/?s={search_term_string}\"},\"query-input\":\"required name=search_term_string\"}],\"inLanguage\":\"et\"}]}<\/script>\n<!-- \/ Yoast SEO plugin. -->","yoast_head_json":{"title":"Tehniline projekteerimine - EXACT","robots":{"index":"index","follow":"follow","max-snippet":"max-snippet:-1","max-image-preview":"max-image-preview:large","max-video-preview":"max-video-preview:-1"},"canonical":"https:\/\/teamexact.com\/et\/tehniline-projekteerimine\/","og_locale":"et_EE","og_type":"article","og_title":"Tehniline projekteerimine - EXACT","og_description":"Uurime enne projekti planeerimist ja ehitamist hoolikalt teie kavandatud t\u00f6\u00f6maad ning seda \u00fcmbritsevate alade keskkonda ja tingimusi. Pakume t\u00e4pseid m\u00f5\u00f5distusandmeid, mida te oma ideede elluviimiseks vajate. Meie kvalifitseeritud geodeedid teevad tehniliste projektjooniste valmimiseks vajalike topo-geodeetiliste plaanide koostamiseks tihedat koost\u00f6\u00f6d arhitektide, inseneride ja projekteerijatega. V\u00f5ite olla kindlad, et meie ekspertide teadmised ja kogemused aitavad teil \u00fcletada [&hellip;]","og_url":"https:\/\/teamexact.com\/et\/tehniline-projekteerimine\/","og_site_name":"EXACT","article_modified_time":"2020-02-20T07:42:44+00:00","twitter_card":"summary_large_image","twitter_misc":{"Est. reading time":"3 minutit"},"schema":{"@context":"https:\/\/schema.org","@graph":[{"@type":"WebPage","@id":"https:\/\/teamexact.com\/et\/tehniline-projekteerimine\/","url":"https:\/\/teamexact.com\/et\/tehniline-projekteerimine\/","name":"Tehniline projekteerimine - EXACT","isPartOf":{"@id":"https:\/\/teamexact.com\/sv\/#website"},"datePublished":"2015-06-15T12:48:22+00:00","dateModified":"2020-02-20T07:42:44+00:00","breadcrumb":{"@id":"https:\/\/teamexact.com\/et\/tehniline-projekteerimine\/#breadcrumb"},"inLanguage":"et","potentialAction":[{"@type":"ReadAction","target":["https:\/\/teamexact.com\/et\/tehniline-projekteerimine\/"]}]},{"@type":"BreadcrumbList","@id":"https:\/\/teamexact.com\/et\/tehniline-projekteerimine\/#breadcrumb","itemListElement":[{"@type":"ListItem","position":1,"name":"Home","item":"https:\/\/teamexact.com\/et\/"},{"@type":"ListItem","position":2,"name":"Tehniline projekteerimine"}]},{"@type":"WebSite","@id":"https:\/\/teamexact.com\/sv\/#website","url":"https:\/\/teamexact.com\/sv\/","name":"EXACT","description":"We see more","potentialAction":[{"@type":"SearchAction","target":{"@type":"EntryPoint","urlTemplate":"https:\/\/teamexact.com\/sv\/?s={search_term_string}"},"query-input":"required name=search_term_string"}],"inLanguage":"et"}]}},"_links":{"self":[{"href":"https:\/\/teamexact.com\/et\/wp-json\/wp\/v2\/pages\/1325"}],"collection":[{"href":"https:\/\/teamexact.com\/et\/wp-json\/wp\/v2\/pages"}],"about":[{"href":"https:\/\/teamexact.com\/et\/wp-json\/wp\/v2\/types\/page"}],"author":[{"embeddable":true,"href":"https:\/\/teamexact.com\/et\/wp-json\/wp\/v2\/users\/1"}],"replies":[{"embeddable":true,"href":"https:\/\/teamexact.com\/et\/wp-json\/wp\/v2\/comments?post=1325"}],"version-history":[{"count":7,"href":"https:\/\/teamexact.com\/et\/wp-json\/wp\/v2\/pages\/1325\/revisions"}],"predecessor-version":[{"id":4176,"href":"https:\/\/teamexact.com\/et\/wp-json\/wp\/v2\/pages\/1325\/revisions\/4176"}],"wp:attachment":[{"href":"https:\/\/teamexact.com\/et\/wp-json\/wp\/v2\/media?parent=1325"}],"curies":[{"name":"wp","href":"https:\/\/api.w.org\/{rel}","templated":true}]}}