{"id":1327,"date":"2015-06-15T10:29:25","date_gmt":"2015-06-15T08:29:25","guid":{"rendered":"http:\/\/exact.lebowski.se\/front-page-2\/"},"modified":"2023-12-15T13:45:34","modified_gmt":"2023-12-15T12:45:34","slug":"front-page","status":"publish","type":"page","link":"https:\/\/teamexact.com\/et\/","title":{"rendered":"Front page"},"content":{"rendered":"<p><strong>EXACT on \u00fcle Euroopa tegutsev terviklike ja k\u00f5rgkvaliteetsete m\u00f5\u00f5distamistega seotud teenuste pakkuja. Oleme spetsialiseerunud arendajatele, ehitajatele, projekteerijatele ja arhitektidele vajalike t\u00e4ppisandmete kogumisele. Oleme teile vajalikuks partneriks ka siis, kui soovite kogutud andmetest v\u00f5imalikult palju teavet tuletada ja seda arukalt \u00e4ra kasutada.<\/strong><\/p>\n<p>EXACT&#8217;i spetsialistid n\u00e4evad k\u00f5vasti vaeva m\u00f5\u00f5distuste alal juhtiva positsiooni saavutamiseks.&nbsp; Kuid lisaks arendame enda ideid \u2013 ja teiste omi \u2013 ning muudame need reaalsuseks. Aitame oma klientidel nende unistused teostada nii, et kaardil olevast punktist saaks \u00f5nnestunud ehitis. Teeme oma t\u00f6\u00f6d h\u00e4sti, sest tunneme selle t\u00f6\u00f6 erip\u00e4ra, m\u00f5istame projekteerimisprotsessi ning teame t\u00e4pselt, mida te oma visiooni ja tegelikkuse vaheliste takistuste \u00fcletamiseks vajate.<\/p>\n<p>Tere tulemast EXACT&#8217;i. T\u00e4psus on meie kirg.<\/p>\n","protected":false},"excerpt":{"rendered":"<p>EXACT on \u00fcle Euroopa tegutsev terviklike ja k\u00f5rgkvaliteetsete m\u00f5\u00f5distamistega seotud teenuste pakkuja. Oleme spetsialiseerunud arendajatele, ehitajatele, projekteerijatele ja arhitektidele vajalike t\u00e4ppisandmete kogumisele. Oleme teile vajalikuks partneriks ka siis, kui soovite kogutud andmetest v\u00f5imalikult palju teavet tuletada ja seda arukalt \u00e4ra kasutada. EXACT&#8217;i spetsialistid n\u00e4evad k\u00f5vasti vaeva m\u00f5\u00f5distuste alal juhtiva positsiooni saavutamiseks.&nbsp; Kuid lisaks arendame enda [&hellip;]<\/p>\n","protected":false},"author":1,"featured_media":0,"parent":0,"menu_order":0,"comment_status":"open","ping_status":"open","template":"template-frontpage.php","meta":{"_acf_changed":false,"footnotes":""},"acf":[],"yoast_head":"<!-- This site is optimized with the Yoast SEO plugin v22.2 - https:\/\/yoast.com\/wordpress\/plugins\/seo\/ -->\n<title>Front page - EXACT<\/title>\n<meta name=\"robots\" content=\"index, follow, max-snippet:-1, max-image-preview:large, max-video-preview:-1\" \/>\n<link rel=\"canonical\" href=\"https:\/\/teamexact.com\/et\/\" \/>\n<meta property=\"og:locale\" content=\"et_EE\" \/>\n<meta property=\"og:type\" content=\"article\" \/>\n<meta property=\"og:title\" content=\"Front page - EXACT\" \/>\n<meta property=\"og:description\" content=\"EXACT on \u00fcle Euroopa tegutsev terviklike ja k\u00f5rgkvaliteetsete m\u00f5\u00f5distamistega seotud teenuste pakkuja. Oleme spetsialiseerunud arendajatele, ehitajatele, projekteerijatele ja arhitektidele vajalike t\u00e4ppisandmete kogumisele. Oleme teile vajalikuks partneriks ka siis, kui soovite kogutud andmetest v\u00f5imalikult palju teavet tuletada ja seda arukalt \u00e4ra kasutada. EXACT&#8217;i spetsialistid n\u00e4evad k\u00f5vasti vaeva m\u00f5\u00f5distuste alal juhtiva positsiooni saavutamiseks.&nbsp; Kuid lisaks arendame enda [&hellip;]\" \/>\n<meta property=\"og:url\" content=\"https:\/\/teamexact.com\/et\/\" \/>\n<meta property=\"og:site_name\" content=\"EXACT\" \/>\n<meta property=\"article:modified_time\" content=\"2023-12-15T12:45:34+00:00\" \/>\n<meta name=\"twitter:card\" content=\"summary_large_image\" \/>\n<meta name=\"twitter:label1\" content=\"Est. reading time\" \/>\n\t<meta name=\"twitter:data1\" content=\"1 minut\" \/>\n<script type=\"application\/ld+json\" class=\"yoast-schema-graph\">{\"@context\":\"https:\/\/schema.org\",\"@graph\":[{\"@type\":\"WebPage\",\"@id\":\"https:\/\/teamexact.com\/et\/\",\"url\":\"https:\/\/teamexact.com\/et\/\",\"name\":\"Front page - EXACT\",\"isPartOf\":{\"@id\":\"https:\/\/teamexact.com\/sv\/#website\"},\"datePublished\":\"2015-06-15T08:29:25+00:00\",\"dateModified\":\"2023-12-15T12:45:34+00:00\",\"breadcrumb\":{\"@id\":\"https:\/\/teamexact.com\/et\/#breadcrumb\"},\"inLanguage\":\"et\",\"potentialAction\":[{\"@type\":\"ReadAction\",\"target\":[\"https:\/\/teamexact.com\/et\/\"]}]},{\"@type\":\"BreadcrumbList\",\"@id\":\"https:\/\/teamexact.com\/et\/#breadcrumb\",\"itemListElement\":[{\"@type\":\"ListItem\",\"position\":1,\"name\":\"Home\",\"item\":\"https:\/\/teamexact.com\/et\/\"},{\"@type\":\"ListItem\",\"position\":2,\"name\":\"Front page\"}]},{\"@type\":\"WebSite\",\"@id\":\"https:\/\/teamexact.com\/sv\/#website\",\"url\":\"https:\/\/teamexact.com\/sv\/\",\"name\":\"EXACT\",\"description\":\"We see more\",\"potentialAction\":[{\"@type\":\"SearchAction\",\"target\":{\"@type\":\"EntryPoint\",\"urlTemplate\":\"https:\/\/teamexact.com\/sv\/?s={search_term_string}\"},\"query-input\":\"required name=search_term_string\"}],\"inLanguage\":\"et\"}]}<\/script>\n<!-- \/ Yoast SEO plugin. -->","yoast_head_json":{"title":"Front page - EXACT","robots":{"index":"index","follow":"follow","max-snippet":"max-snippet:-1","max-image-preview":"max-image-preview:large","max-video-preview":"max-video-preview:-1"},"canonical":"https:\/\/teamexact.com\/et\/","og_locale":"et_EE","og_type":"article","og_title":"Front page - EXACT","og_description":"EXACT on \u00fcle Euroopa tegutsev terviklike ja k\u00f5rgkvaliteetsete m\u00f5\u00f5distamistega seotud teenuste pakkuja. Oleme spetsialiseerunud arendajatele, ehitajatele, projekteerijatele ja arhitektidele vajalike t\u00e4ppisandmete kogumisele. Oleme teile vajalikuks partneriks ka siis, kui soovite kogutud andmetest v\u00f5imalikult palju teavet tuletada ja seda arukalt \u00e4ra kasutada. EXACT&#8217;i spetsialistid n\u00e4evad k\u00f5vasti vaeva m\u00f5\u00f5distuste alal juhtiva positsiooni saavutamiseks.&nbsp; Kuid lisaks arendame enda [&hellip;]","og_url":"https:\/\/teamexact.com\/et\/","og_site_name":"EXACT","article_modified_time":"2023-12-15T12:45:34+00:00","twitter_card":"summary_large_image","twitter_misc":{"Est. reading time":"1 minut"},"schema":{"@context":"https:\/\/schema.org","@graph":[{"@type":"WebPage","@id":"https:\/\/teamexact.com\/et\/","url":"https:\/\/teamexact.com\/et\/","name":"Front page - EXACT","isPartOf":{"@id":"https:\/\/teamexact.com\/sv\/#website"},"datePublished":"2015-06-15T08:29:25+00:00","dateModified":"2023-12-15T12:45:34+00:00","breadcrumb":{"@id":"https:\/\/teamexact.com\/et\/#breadcrumb"},"inLanguage":"et","potentialAction":[{"@type":"ReadAction","target":["https:\/\/teamexact.com\/et\/"]}]},{"@type":"BreadcrumbList","@id":"https:\/\/teamexact.com\/et\/#breadcrumb","itemListElement":[{"@type":"ListItem","position":1,"name":"Home","item":"https:\/\/teamexact.com\/et\/"},{"@type":"ListItem","position":2,"name":"Front page"}]},{"@type":"WebSite","@id":"https:\/\/teamexact.com\/sv\/#website","url":"https:\/\/teamexact.com\/sv\/","name":"EXACT","description":"We see more","potentialAction":[{"@type":"SearchAction","target":{"@type":"EntryPoint","urlTemplate":"https:\/\/teamexact.com\/sv\/?s={search_term_string}"},"query-input":"required name=search_term_string"}],"inLanguage":"et"}]}},"_links":{"self":[{"href":"https:\/\/teamexact.com\/et\/wp-json\/wp\/v2\/pages\/1327"}],"collection":[{"href":"https:\/\/teamexact.com\/et\/wp-json\/wp\/v2\/pages"}],"about":[{"href":"https:\/\/teamexact.com\/et\/wp-json\/wp\/v2\/types\/page"}],"author":[{"embeddable":true,"href":"https:\/\/teamexact.com\/et\/wp-json\/wp\/v2\/users\/1"}],"replies":[{"embeddable":true,"href":"https:\/\/teamexact.com\/et\/wp-json\/wp\/v2\/comments?post=1327"}],"version-history":[{"count":15,"href":"https:\/\/teamexact.com\/et\/wp-json\/wp\/v2\/pages\/1327\/revisions"}],"predecessor-version":[{"id":5115,"href":"https:\/\/teamexact.com\/et\/wp-json\/wp\/v2\/pages\/1327\/revisions\/5115"}],"wp:attachment":[{"href":"https:\/\/teamexact.com\/et\/wp-json\/wp\/v2\/media?parent=1327"}],"curies":[{"name":"wp","href":"https:\/\/api.w.org\/{rel}","templated":true}]}}