{"id":1329,"date":"2015-06-15T14:31:19","date_gmt":"2015-06-15T12:31:19","guid":{"rendered":"http:\/\/exact.lebowski.se\/hydrographic-surveying-2\/"},"modified":"2015-08-19T09:16:35","modified_gmt":"2015-08-19T07:16:35","slug":"hudrograafilised-moodistused","status":"publish","type":"page","link":"https:\/\/teamexact.com\/et\/hudrograafilised-moodistused\/","title":{"rendered":"H\u00fcdrograafilised m\u00f5\u00f5distused"},"content":{"rendered":"<p>EXACT pakub j\u00e4rvede, j\u00f5gede, veehoidlate ja merep\u00f5hja m\u00f5\u00f5distamist kajaloodiga kuni 80 meetri s\u00fcgavusel. S\u00fcgavuse, asukoha ja k\u00f5rguse m\u00f5\u00f5tmiste andmed t\u00f6\u00f6deldakse maastikumudeliteks, mida saame pakkuda kas eraldi v\u00f5i koos maapinna andmetega.<\/p>\n<p>Piisavate andmete kogumiseks ja tarbetute viivituste v\u00e4ltimiseks sooritavad merekeskkonnas m\u00f5\u00f5distusi h\u00fcdrograafilise kogemusega spetsialistid, kes teavad, mida kvaliteetsed m\u00f5\u00f5distused endast kujutavad. Kasutame seet\u00f5ttu ainult kvalifitseeritud ja suurte kogemustega maam\u00f5\u00f5tjaid.<\/p>\n<p>&nbsp;<\/p>\n","protected":false},"excerpt":{"rendered":"<p>EXACT pakub j\u00e4rvede, j\u00f5gede, veehoidlate ja merep\u00f5hja m\u00f5\u00f5distamist kajaloodiga kuni 80 meetri s\u00fcgavusel. S\u00fcgavuse, asukoha ja k\u00f5rguse m\u00f5\u00f5tmiste andmed t\u00f6\u00f6deldakse maastikumudeliteks, mida saame pakkuda kas eraldi v\u00f5i koos maapinna andmetega. Piisavate andmete kogumiseks ja tarbetute viivituste v\u00e4ltimiseks sooritavad merekeskkonnas m\u00f5\u00f5distusi h\u00fcdrograafilise kogemusega spetsialistid, kes teavad, mida kvaliteetsed m\u00f5\u00f5distused endast kujutavad. Kasutame seet\u00f5ttu ainult kvalifitseeritud ja [&hellip;]<\/p>\n","protected":false},"author":1,"featured_media":0,"parent":0,"menu_order":0,"comment_status":"open","ping_status":"open","template":"template-page.php","meta":{"_acf_changed":false,"footnotes":""},"acf":[],"yoast_head":"<!-- This site is optimized with the Yoast SEO plugin v22.2 - https:\/\/yoast.com\/wordpress\/plugins\/seo\/ -->\n<title>H\u00fcdrograafilised m\u00f5\u00f5distused - EXACT<\/title>\n<meta name=\"robots\" content=\"index, follow, max-snippet:-1, max-image-preview:large, max-video-preview:-1\" \/>\n<link rel=\"canonical\" href=\"https:\/\/teamexact.com\/hydrographic-surveying\/\" \/>\n<meta property=\"og:locale\" content=\"et_EE\" \/>\n<meta property=\"og:type\" content=\"article\" \/>\n<meta property=\"og:title\" content=\"H\u00fcdrograafilised m\u00f5\u00f5distused - EXACT\" \/>\n<meta property=\"og:description\" content=\"EXACT pakub j\u00e4rvede, j\u00f5gede, veehoidlate ja merep\u00f5hja m\u00f5\u00f5distamist kajaloodiga kuni 80 meetri s\u00fcgavusel. S\u00fcgavuse, asukoha ja k\u00f5rguse m\u00f5\u00f5tmiste andmed t\u00f6\u00f6deldakse maastikumudeliteks, mida saame pakkuda kas eraldi v\u00f5i koos maapinna andmetega. Piisavate andmete kogumiseks ja tarbetute viivituste v\u00e4ltimiseks sooritavad merekeskkonnas m\u00f5\u00f5distusi h\u00fcdrograafilise kogemusega spetsialistid, kes teavad, mida kvaliteetsed m\u00f5\u00f5distused endast kujutavad. Kasutame seet\u00f5ttu ainult kvalifitseeritud ja [&hellip;]\" \/>\n<meta property=\"og:url\" content=\"https:\/\/teamexact.com\/hydrographic-surveying\/\" \/>\n<meta property=\"og:site_name\" content=\"EXACT\" \/>\n<meta property=\"article:modified_time\" content=\"2015-08-19T07:16:35+00:00\" \/>\n<meta name=\"twitter:card\" content=\"summary_large_image\" \/>\n<script type=\"application\/ld+json\" class=\"yoast-schema-graph\">{\"@context\":\"https:\/\/schema.org\",\"@graph\":[{\"@type\":\"WebPage\",\"@id\":\"https:\/\/teamexact.com\/hydrographic-surveying\/\",\"url\":\"https:\/\/teamexact.com\/hydrographic-surveying\/\",\"name\":\"H\u00fcdrograafilised m\u00f5\u00f5distused - EXACT\",\"isPartOf\":{\"@id\":\"https:\/\/teamexact.com\/sv\/#website\"},\"datePublished\":\"2015-06-15T12:31:19+00:00\",\"dateModified\":\"2015-08-19T07:16:35+00:00\",\"breadcrumb\":{\"@id\":\"https:\/\/teamexact.com\/hydrographic-surveying\/#breadcrumb\"},\"inLanguage\":\"et\",\"potentialAction\":[{\"@type\":\"ReadAction\",\"target\":[\"https:\/\/teamexact.com\/hydrographic-surveying\/\"]}]},{\"@type\":\"BreadcrumbList\",\"@id\":\"https:\/\/teamexact.com\/hydrographic-surveying\/#breadcrumb\",\"itemListElement\":[{\"@type\":\"ListItem\",\"position\":1,\"name\":\"Home\",\"item\":\"https:\/\/teamexact.com\/et\/\"},{\"@type\":\"ListItem\",\"position\":2,\"name\":\"H\u00fcdrograafilised m\u00f5\u00f5distused\"}]},{\"@type\":\"WebSite\",\"@id\":\"https:\/\/teamexact.com\/sv\/#website\",\"url\":\"https:\/\/teamexact.com\/sv\/\",\"name\":\"EXACT\",\"description\":\"We see more\",\"potentialAction\":[{\"@type\":\"SearchAction\",\"target\":{\"@type\":\"EntryPoint\",\"urlTemplate\":\"https:\/\/teamexact.com\/sv\/?s={search_term_string}\"},\"query-input\":\"required name=search_term_string\"}],\"inLanguage\":\"et\"}]}<\/script>\n<!-- \/ Yoast SEO plugin. -->","yoast_head_json":{"title":"H\u00fcdrograafilised m\u00f5\u00f5distused - EXACT","robots":{"index":"index","follow":"follow","max-snippet":"max-snippet:-1","max-image-preview":"max-image-preview:large","max-video-preview":"max-video-preview:-1"},"canonical":"https:\/\/teamexact.com\/hydrographic-surveying\/","og_locale":"et_EE","og_type":"article","og_title":"H\u00fcdrograafilised m\u00f5\u00f5distused - EXACT","og_description":"EXACT pakub j\u00e4rvede, j\u00f5gede, veehoidlate ja merep\u00f5hja m\u00f5\u00f5distamist kajaloodiga kuni 80 meetri s\u00fcgavusel. S\u00fcgavuse, asukoha ja k\u00f5rguse m\u00f5\u00f5tmiste andmed t\u00f6\u00f6deldakse maastikumudeliteks, mida saame pakkuda kas eraldi v\u00f5i koos maapinna andmetega. Piisavate andmete kogumiseks ja tarbetute viivituste v\u00e4ltimiseks sooritavad merekeskkonnas m\u00f5\u00f5distusi h\u00fcdrograafilise kogemusega spetsialistid, kes teavad, mida kvaliteetsed m\u00f5\u00f5distused endast kujutavad. Kasutame seet\u00f5ttu ainult kvalifitseeritud ja [&hellip;]","og_url":"https:\/\/teamexact.com\/hydrographic-surveying\/","og_site_name":"EXACT","article_modified_time":"2015-08-19T07:16:35+00:00","twitter_card":"summary_large_image","schema":{"@context":"https:\/\/schema.org","@graph":[{"@type":"WebPage","@id":"https:\/\/teamexact.com\/hydrographic-surveying\/","url":"https:\/\/teamexact.com\/hydrographic-surveying\/","name":"H\u00fcdrograafilised m\u00f5\u00f5distused - EXACT","isPartOf":{"@id":"https:\/\/teamexact.com\/sv\/#website"},"datePublished":"2015-06-15T12:31:19+00:00","dateModified":"2015-08-19T07:16:35+00:00","breadcrumb":{"@id":"https:\/\/teamexact.com\/hydrographic-surveying\/#breadcrumb"},"inLanguage":"et","potentialAction":[{"@type":"ReadAction","target":["https:\/\/teamexact.com\/hydrographic-surveying\/"]}]},{"@type":"BreadcrumbList","@id":"https:\/\/teamexact.com\/hydrographic-surveying\/#breadcrumb","itemListElement":[{"@type":"ListItem","position":1,"name":"Home","item":"https:\/\/teamexact.com\/et\/"},{"@type":"ListItem","position":2,"name":"H\u00fcdrograafilised m\u00f5\u00f5distused"}]},{"@type":"WebSite","@id":"https:\/\/teamexact.com\/sv\/#website","url":"https:\/\/teamexact.com\/sv\/","name":"EXACT","description":"We see more","potentialAction":[{"@type":"SearchAction","target":{"@type":"EntryPoint","urlTemplate":"https:\/\/teamexact.com\/sv\/?s={search_term_string}"},"query-input":"required name=search_term_string"}],"inLanguage":"et"}]}},"_links":{"self":[{"href":"https:\/\/teamexact.com\/et\/wp-json\/wp\/v2\/pages\/1329"}],"collection":[{"href":"https:\/\/teamexact.com\/et\/wp-json\/wp\/v2\/pages"}],"about":[{"href":"https:\/\/teamexact.com\/et\/wp-json\/wp\/v2\/types\/page"}],"author":[{"embeddable":true,"href":"https:\/\/teamexact.com\/et\/wp-json\/wp\/v2\/users\/1"}],"replies":[{"embeddable":true,"href":"https:\/\/teamexact.com\/et\/wp-json\/wp\/v2\/comments?post=1329"}],"version-history":[{"count":3,"href":"https:\/\/teamexact.com\/et\/wp-json\/wp\/v2\/pages\/1329\/revisions"}],"predecessor-version":[{"id":1805,"href":"https:\/\/teamexact.com\/et\/wp-json\/wp\/v2\/pages\/1329\/revisions\/1805"}],"wp:attachment":[{"href":"https:\/\/teamexact.com\/et\/wp-json\/wp\/v2\/media?parent=1329"}],"curies":[{"name":"wp","href":"https:\/\/api.w.org\/{rel}","templated":true}]}}