{"id":1333,"date":"2015-06-15T14:44:35","date_gmt":"2015-06-15T12:44:35","guid":{"rendered":"http:\/\/exact.lebowski.se\/infrastructure-2\/"},"modified":"2020-02-20T08:42:16","modified_gmt":"2020-02-20T07:42:16","slug":"taristu-ehitus","status":"publish","type":"page","link":"https:\/\/teamexact.com\/et\/taristu-ehitus\/","title":{"rendered":"Taristu ehitus"},"content":{"rendered":"<p><strong>EXACT&#8217;i meeskonnaliikmed on tihtipeale esimesed spetsialistid objektil ja nad k\u00fclastavad seda ka hiljem korduvalt, et tagada teile projekti l\u00f5pule viimiseks vajalikud t\u00e4psed m\u00f5\u00f5tmised. Teeme arhitektide, inseneride ja koost\u00f6\u00f6partnerite n\u00f5ustamiseks korrap\u00e4raselt m\u00f5\u00f5tmisi, et teie projekt valmiks \u00f5igel ajal. Teeme kindlaks sildade, teede v\u00f5i maa-aluste tunnelite alguse ja l\u00f5pu t\u00e4pse asukoha ning m\u00e4\u00e4rame sideliinide, elektriliinide, torude ja muude tehnos\u00fcsteemide t\u00e4pse paiknemise. EXACT toob endaga kaasa paremini juhitava projekti ja lihtsama t\u00f6\u00f6p\u00e4eva.<\/strong><\/p>\n<p>&nbsp;<\/p>\n<h3>Maa-aluste t\u00f6\u00f6de ekspert<\/h3>\n<p>EXACT&#8217;il on \u00fcle 10 aasta pikkune kogemus kaevandustes ja tunnelites, mille oleme saanud seoses t\u00f6\u00f6dega Skandinaavias ja T\u0161ehhi Vabariigis. Maa-alused t\u00f6\u00f6d on piiratud ruumist, \u00f5husaastest, m\u00fcrast ja vibratsioonist tulenevate karmide tingimuste t\u00f5ttu keerukad ja rasked. Samuti kaasnevad nendega ohud seoses kukkuvate kivide, m\u00fcrgiste gaaside ja l\u00f5hkeainetega. EXACT&#8217;i t\u00f6\u00f6tajad teavad, mida maa-alustes kaevandus- ja tunneliprojektides turvalisuse tagamiseks ja ajakavast kinni pidamiseks teha tuleb. Jagame hea meelega ka teiega oma teadmisi ja kogemusi. Teostame maa-aluse ehituse m\u00f5\u00f5distusi, 3D laserskaneerimist, tunnelite kvaliteedikontrolli, mahuarvutusi, kaevet\u00f6\u00f6de optimeerimist ning \u00fcldist projektijuhtimist ja seiret.<\/p>\n<h3>Intelligentsed masinad ja seadmed<\/h3>\n<p>Automatiseeritud masinate kasutamine on k\u00f5igi ehitusprojektide lahutamatu osa, mis annab tulemuseks suurema kokkuhoiu ja t\u00e4psuse. Aitame teil otsustada, millised automatiseeritud s\u00fcsteemid sobivad teie vajadustega k\u00f5ige paremini, et v\u00f5iksite alustada kiirelt produktiivse t\u00f6\u00f6ga. Loome projektjoonistest 3D mudelid ja tagame, et need masinate juhts\u00fcsteemidesse \u00fcles laetaks. Pakume referentspunktid ja tagame seej\u00e4rel, et masinad suhtleksid omavahel automaatselt ning koordineeritult. Meie t\u00f6\u00f6tajad tulevad objektile ja panevad automatiseeritud s\u00fcsteemid t\u00f6\u00f6le. Nad kontrollivad, et s\u00fcsteemid korralikult t\u00f6\u00f6taksid ning annavad personalile juhiseid ja koolituse nii, et k\u00f5ik teie projektiga seotud isikud oleksid informeeritud.<\/p>\n<h3>Instrumentide ja seadmete rent<\/h3>\n<p>Lisaks asjatundlikele masinkontrolli- ja n\u00f5ustamisteenustele pakub EXACT ka turu juhtivate m\u00f5\u00f5tevahendite ning m\u00f5\u00f5distamisaparatuuri renti. Meil on laos suur hulk seadmeid, mis tagavad meie 200-le geodeedile k\u00f5ige kaasaegsemad instrumendid ja t\u00f6\u00f6riistad. Pakume ka pidevat seadmete hooldust, tagamaks optimaalse tootlikkuse projekti algusest selle l\u00f5puni.<\/p>\n<h3>Eelarvestus<\/h3>\n<p>EXACT&#8217;i t\u00f6\u00f6tajatel on mitmeaastane eelarvestuse alane kogemus. Eelarvestaja on kulude planeerimisse, lepingul\u00e4bir\u00e4\u00e4kimistesse ja projektijuhtimisse kaasatud alates ehitamise algusest kuni projekti valmimiseni. EXACT kogub erinevate m\u00f5\u00f5distamismeetodiga (n\u00e4iteks laserskaneerimine, GPS ja tahh\u00fcmeeter) andmed, mis aitavad tagada teie projekti t\u00f5hususe ja kasumlikkuse.<\/p>\n<h3>Raudtee m\u00f5\u00f5distamine<\/h3>\n<p>EXACT&#8217;i raudteem\u00f5\u00f5distuste meeskond koosneb ekspertidest, kes on spetsialiseerunud raudteede ja metroode ehitus-, hooldus- ning remondiprojektide m\u00f5\u00f5distustele kogu Euroopas. Meil on k\u00f5ik vajalikud teadmised, oskused, kogemused ja vahendid t\u00e4psete andmete kiireks edastamiseks, et teie projekt ajakavas p\u00fcsiks. Kuna raudtee-ehitus on eriti n\u00f5udlik t\u00f6\u00f6, l\u00e4bivad k\u00f5ik EXACT&#8217;i raudtee m\u00f5\u00f5distuse meeskonna liikmed regulaarselt lubade uuendamiseks ja ohutusalaste teadmiste v\u00e4rskendamiseks kursuseid. Raudteeprojektides on riiklike n\u00f5uete t\u00e4itmiseks eriti oluline dokumentatsioon, mist\u00f5ttu hoolitseme \u00fcksikasjaliku teostusdokumentatsiooni eest vastavalt teie vajadustele.<\/p>\n<h3>Stop-and-Go 3D laserskaneerimine<\/h3>\n<p>EXACT&#8217;i 3D laserskanneriga varustatud m\u00f5\u00f5distusautoga saavad meie t\u00f6\u00f6tajad m\u00f5\u00f5distada maapinda kiirelt ja koguda t\u00e4pseid ruumiandmeid. M\u00f5\u00f5distusauto on eriti kasulik topograafiliste plaanide, 3D visualiseerimise ja digitaalsete maastikumudelite (DTM) loomisel. V\u00f5ime m\u00f5\u00f5distada p\u00e4evas kuni miljoni ruutmeetri suurusi alasid ning m\u00f5\u00f5ta ka k\u00f5ige v\u00e4iksemat detaili suurima t\u00e4psusega, tuginedes uudseimale 3D laserskaneerimise tehnoloogiale.<\/p>\n<h3>Exact Street<\/h3>\n<p>EXACT Street on oma klassis ainus m\u00f5\u00f5distustehnoloogia, mis tagab teede m\u00f5\u00f5tmise referetspunktidest 2 mm t\u00e4psusega, mist\u00f5ttu see tehnoloogia on t\u00e4nap\u00e4evases teedeehituses ja -remondis h\u00e4davajalik. Tehke endale tulevikus teede planeerimine ja remont lihtsamaks t\u00e4psete ja p\u00f5hjalike andmete ja detailsete jooniste abil. Olgu tegemist linnadevaheliste teede, t\u00e4navate v\u00f5i maanteedega \u2013 EXACT Street&#8217;iga saate s\u00e4\u00e4sta nii aega kui ka raha.<\/p>\n<p>EXACT Street&#8217;i abil saate uute teede ehituses olulist kokkuhoidu, pikendate remondit\u00f6\u00f6de intervalle ning hoiate teede sulgemise minimaalsel l\u00fchida. Edukad teedeehitusprojektid toetuvad EXACT Street tehnoloogiale kogu projekti jooksul ning v\u00f5tavad selle aluseks 3D mudelitele. EXACT Street&#8217;i abil optimeeritud 3D teeprojekt aitab visualiseerida tee IRI parameetreid, teepinna kaldeid ning piki- ja p\u00f5ikisuunalisi ebatasasusi.<\/p>\n<h3>\u00dche nupuvajutusega skaneerimine (OBS) ja j\u00e4relt\u00f6\u00f6tlus<\/h3>\n<p>EXACT&#8217;i \u00fche nupuvajutusega skaneerimislahendus (<i>One-Button Scanning <\/i>ehk OBS) v\u00f5imaldab \u00fclikiiret ja t\u00e4pset 3D andmekogumist ning punktipilve j\u00e4relt\u00f6\u00f6tlust \u00fche nupule vajutusega. OBS on ideaalne lahtise kaevandamise ning teiste pinnaseteisaldusprojektide puhul ning seda saab kasutada turvaliseks ja t\u00f5husaks 3D m\u00f5\u00f5distusandmete kogumiseks mistahes konstruktsioonide v\u00f5i struktuuride kohta. Punktipilve kiire j\u00e4relt\u00f6\u00f6tlus keskendub andmete registreerimisele, maastiku mudeli digitaalsele genereerimisele, mahuarvutustele ning 3D projekti geomeetria\/vastavuse kontrollile. OBS kasutamine ei eelda koolitust ja seda saab rakendada vahetult kohapeal.<\/p>\n","protected":false},"excerpt":{"rendered":"<p>EXACT&#8217;i meeskonnaliikmed on tihtipeale esimesed spetsialistid objektil ja nad k\u00fclastavad seda ka hiljem korduvalt, et tagada teile projekti l\u00f5pule viimiseks vajalikud t\u00e4psed m\u00f5\u00f5tmised. Teeme arhitektide, inseneride ja koost\u00f6\u00f6partnerite n\u00f5ustamiseks korrap\u00e4raselt m\u00f5\u00f5tmisi, et teie projekt valmiks \u00f5igel ajal. Teeme kindlaks sildade, teede v\u00f5i maa-aluste tunnelite alguse ja l\u00f5pu t\u00e4pse asukoha ning m\u00e4\u00e4rame sideliinide, elektriliinide, torude ja [&hellip;]<\/p>\n","protected":false},"author":1,"featured_media":0,"parent":0,"menu_order":0,"comment_status":"open","ping_status":"open","template":"template-area.php","meta":{"_acf_changed":false,"footnotes":""},"acf":[],"yoast_head":"<!-- This site is optimized with the Yoast SEO plugin v22.2 - https:\/\/yoast.com\/wordpress\/plugins\/seo\/ -->\n<title>Taristu ehitus - EXACT<\/title>\n<meta name=\"robots\" content=\"index, follow, max-snippet:-1, max-image-preview:large, max-video-preview:-1\" \/>\n<link rel=\"canonical\" href=\"https:\/\/teamexact.com\/et\/taristu-ehitus\/\" \/>\n<meta property=\"og:locale\" content=\"et_EE\" \/>\n<meta property=\"og:type\" content=\"article\" \/>\n<meta property=\"og:title\" content=\"Taristu ehitus - EXACT\" \/>\n<meta property=\"og:description\" content=\"EXACT&#8217;i meeskonnaliikmed on tihtipeale esimesed spetsialistid objektil ja nad k\u00fclastavad seda ka hiljem korduvalt, et tagada teile projekti l\u00f5pule viimiseks vajalikud t\u00e4psed m\u00f5\u00f5tmised. Teeme arhitektide, inseneride ja koost\u00f6\u00f6partnerite n\u00f5ustamiseks korrap\u00e4raselt m\u00f5\u00f5tmisi, et teie projekt valmiks \u00f5igel ajal. Teeme kindlaks sildade, teede v\u00f5i maa-aluste tunnelite alguse ja l\u00f5pu t\u00e4pse asukoha ning m\u00e4\u00e4rame sideliinide, elektriliinide, torude ja [&hellip;]\" \/>\n<meta property=\"og:url\" content=\"https:\/\/teamexact.com\/et\/taristu-ehitus\/\" \/>\n<meta property=\"og:site_name\" content=\"EXACT\" \/>\n<meta property=\"article:modified_time\" content=\"2020-02-20T07:42:16+00:00\" \/>\n<meta name=\"twitter:card\" content=\"summary_large_image\" \/>\n<meta name=\"twitter:label1\" content=\"Est. reading time\" \/>\n\t<meta name=\"twitter:data1\" content=\"4 minutit\" \/>\n<script type=\"application\/ld+json\" class=\"yoast-schema-graph\">{\"@context\":\"https:\/\/schema.org\",\"@graph\":[{\"@type\":\"WebPage\",\"@id\":\"https:\/\/teamexact.com\/et\/taristu-ehitus\/\",\"url\":\"https:\/\/teamexact.com\/et\/taristu-ehitus\/\",\"name\":\"Taristu ehitus - EXACT\",\"isPartOf\":{\"@id\":\"https:\/\/teamexact.com\/sv\/#website\"},\"datePublished\":\"2015-06-15T12:44:35+00:00\",\"dateModified\":\"2020-02-20T07:42:16+00:00\",\"breadcrumb\":{\"@id\":\"https:\/\/teamexact.com\/et\/taristu-ehitus\/#breadcrumb\"},\"inLanguage\":\"et\",\"potentialAction\":[{\"@type\":\"ReadAction\",\"target\":[\"https:\/\/teamexact.com\/et\/taristu-ehitus\/\"]}]},{\"@type\":\"BreadcrumbList\",\"@id\":\"https:\/\/teamexact.com\/et\/taristu-ehitus\/#breadcrumb\",\"itemListElement\":[{\"@type\":\"ListItem\",\"position\":1,\"name\":\"Home\",\"item\":\"https:\/\/teamexact.com\/et\/\"},{\"@type\":\"ListItem\",\"position\":2,\"name\":\"Taristu ehitus\"}]},{\"@type\":\"WebSite\",\"@id\":\"https:\/\/teamexact.com\/sv\/#website\",\"url\":\"https:\/\/teamexact.com\/sv\/\",\"name\":\"EXACT\",\"description\":\"We see more\",\"potentialAction\":[{\"@type\":\"SearchAction\",\"target\":{\"@type\":\"EntryPoint\",\"urlTemplate\":\"https:\/\/teamexact.com\/sv\/?s={search_term_string}\"},\"query-input\":\"required name=search_term_string\"}],\"inLanguage\":\"et\"}]}<\/script>\n<!-- \/ Yoast SEO plugin. -->","yoast_head_json":{"title":"Taristu ehitus - EXACT","robots":{"index":"index","follow":"follow","max-snippet":"max-snippet:-1","max-image-preview":"max-image-preview:large","max-video-preview":"max-video-preview:-1"},"canonical":"https:\/\/teamexact.com\/et\/taristu-ehitus\/","og_locale":"et_EE","og_type":"article","og_title":"Taristu ehitus - EXACT","og_description":"EXACT&#8217;i meeskonnaliikmed on tihtipeale esimesed spetsialistid objektil ja nad k\u00fclastavad seda ka hiljem korduvalt, et tagada teile projekti l\u00f5pule viimiseks vajalikud t\u00e4psed m\u00f5\u00f5tmised. Teeme arhitektide, inseneride ja koost\u00f6\u00f6partnerite n\u00f5ustamiseks korrap\u00e4raselt m\u00f5\u00f5tmisi, et teie projekt valmiks \u00f5igel ajal. Teeme kindlaks sildade, teede v\u00f5i maa-aluste tunnelite alguse ja l\u00f5pu t\u00e4pse asukoha ning m\u00e4\u00e4rame sideliinide, elektriliinide, torude ja [&hellip;]","og_url":"https:\/\/teamexact.com\/et\/taristu-ehitus\/","og_site_name":"EXACT","article_modified_time":"2020-02-20T07:42:16+00:00","twitter_card":"summary_large_image","twitter_misc":{"Est. reading time":"4 minutit"},"schema":{"@context":"https:\/\/schema.org","@graph":[{"@type":"WebPage","@id":"https:\/\/teamexact.com\/et\/taristu-ehitus\/","url":"https:\/\/teamexact.com\/et\/taristu-ehitus\/","name":"Taristu ehitus - EXACT","isPartOf":{"@id":"https:\/\/teamexact.com\/sv\/#website"},"datePublished":"2015-06-15T12:44:35+00:00","dateModified":"2020-02-20T07:42:16+00:00","breadcrumb":{"@id":"https:\/\/teamexact.com\/et\/taristu-ehitus\/#breadcrumb"},"inLanguage":"et","potentialAction":[{"@type":"ReadAction","target":["https:\/\/teamexact.com\/et\/taristu-ehitus\/"]}]},{"@type":"BreadcrumbList","@id":"https:\/\/teamexact.com\/et\/taristu-ehitus\/#breadcrumb","itemListElement":[{"@type":"ListItem","position":1,"name":"Home","item":"https:\/\/teamexact.com\/et\/"},{"@type":"ListItem","position":2,"name":"Taristu ehitus"}]},{"@type":"WebSite","@id":"https:\/\/teamexact.com\/sv\/#website","url":"https:\/\/teamexact.com\/sv\/","name":"EXACT","description":"We see more","potentialAction":[{"@type":"SearchAction","target":{"@type":"EntryPoint","urlTemplate":"https:\/\/teamexact.com\/sv\/?s={search_term_string}"},"query-input":"required name=search_term_string"}],"inLanguage":"et"}]}},"_links":{"self":[{"href":"https:\/\/teamexact.com\/et\/wp-json\/wp\/v2\/pages\/1333"}],"collection":[{"href":"https:\/\/teamexact.com\/et\/wp-json\/wp\/v2\/pages"}],"about":[{"href":"https:\/\/teamexact.com\/et\/wp-json\/wp\/v2\/types\/page"}],"author":[{"embeddable":true,"href":"https:\/\/teamexact.com\/et\/wp-json\/wp\/v2\/users\/1"}],"replies":[{"embeddable":true,"href":"https:\/\/teamexact.com\/et\/wp-json\/wp\/v2\/comments?post=1333"}],"version-history":[{"count":9,"href":"https:\/\/teamexact.com\/et\/wp-json\/wp\/v2\/pages\/1333\/revisions"}],"predecessor-version":[{"id":4175,"href":"https:\/\/teamexact.com\/et\/wp-json\/wp\/v2\/pages\/1333\/revisions\/4175"}],"wp:attachment":[{"href":"https:\/\/teamexact.com\/et\/wp-json\/wp\/v2\/media?parent=1333"}],"curies":[{"name":"wp","href":"https:\/\/api.w.org\/{rel}","templated":true}]}}