{"id":1335,"date":"2015-06-15T14:28:54","date_gmt":"2015-06-15T12:28:54","guid":{"rendered":"http:\/\/exact.lebowski.se\/machine-control-2\/"},"modified":"2015-08-19T09:16:26","modified_gmt":"2015-08-19T07:16:26","slug":"masinjuhtimine","status":"publish","type":"page","link":"https:\/\/teamexact.com\/et\/masinjuhtimine\/","title":{"rendered":"Masinjuhtimine"},"content":{"rendered":"<h3>Intelligentsed masinad ja seadmed<\/h3>\n<p>Automatiseeritud masinate kasutamine on k\u00f5igi ehitusprojektide lahutamatu osa, mis annab tulemuseks suurema kokkuhoiu ja t\u00e4psuse. Aitame teil otsustada, millised automatiseeritud s\u00fcsteemid sobivad teie vajadustega k\u00f5ige paremini, et v\u00f5iksite alustada kiirelt produktiivse t\u00f6\u00f6ga. Loome projektjoonistest 3D mudelid ja tagame, et need masinate juhts\u00fcsteemidesse \u00fcles laetaks. Pakume referentspunktid ja tagame seej\u00e4rel, et masinad suhtleksid omavahel automaatselt ning koordineeritult. Meie t\u00f6\u00f6tajad tulevad objektile ja panevad automatiseeritud s\u00fcsteemid t\u00f6\u00f6le. Nad kontrollivad, et s\u00fcsteemid korralikult t\u00f6\u00f6taksid ning annavad personalile juhiseid ja koolituse nii, et k\u00f5ik teie projektiga seotud isikud oleksid informeeritud.<\/p>\n<h3>Instrumentide ja seadmete rent<\/h3>\n<p>Lisaks asjatundlikele masinkontrolli- ja n\u00f5ustamisteenustele pakub EXACT ka turu juhtivate m\u00f5\u00f5tevahendite ning m\u00f5\u00f5distamisaparatuuri renti. Meil on laos suur hulk seadmeid, mis tagavad meie 200-le geodeedile k\u00f5ige kaasaegsemad instrumendid ja t\u00f6\u00f6riistad. Pakume ka pidevat seadmete hooldust, tagamaks optimaalse tootlikkuse projekti algusest selle l\u00f5puni.<\/p>\n","protected":false},"excerpt":{"rendered":"<p>Intelligentsed masinad ja seadmed Automatiseeritud masinate kasutamine on k\u00f5igi ehitusprojektide lahutamatu osa, mis annab tulemuseks suurema kokkuhoiu ja t\u00e4psuse. Aitame teil otsustada, millised automatiseeritud s\u00fcsteemid sobivad teie vajadustega k\u00f5ige paremini, et v\u00f5iksite alustada kiirelt produktiivse t\u00f6\u00f6ga. Loome projektjoonistest 3D mudelid ja tagame, et need masinate juhts\u00fcsteemidesse \u00fcles laetaks. Pakume referentspunktid ja tagame seej\u00e4rel, et masinad [&hellip;]<\/p>\n","protected":false},"author":1,"featured_media":0,"parent":0,"menu_order":0,"comment_status":"open","ping_status":"open","template":"template-page.php","meta":{"_acf_changed":false,"footnotes":""},"acf":[],"yoast_head":"<!-- This site is optimized with the Yoast SEO plugin v22.2 - https:\/\/yoast.com\/wordpress\/plugins\/seo\/ -->\n<title>Masinjuhtimine - EXACT<\/title>\n<meta name=\"robots\" content=\"index, follow, max-snippet:-1, max-image-preview:large, max-video-preview:-1\" \/>\n<link rel=\"canonical\" href=\"https:\/\/teamexact.com\/machine-control\/\" \/>\n<meta property=\"og:locale\" content=\"et_EE\" \/>\n<meta property=\"og:type\" content=\"article\" \/>\n<meta property=\"og:title\" content=\"Masinjuhtimine - EXACT\" \/>\n<meta property=\"og:description\" content=\"Intelligentsed masinad ja seadmed Automatiseeritud masinate kasutamine on k\u00f5igi ehitusprojektide lahutamatu osa, mis annab tulemuseks suurema kokkuhoiu ja t\u00e4psuse. Aitame teil otsustada, millised automatiseeritud s\u00fcsteemid sobivad teie vajadustega k\u00f5ige paremini, et v\u00f5iksite alustada kiirelt produktiivse t\u00f6\u00f6ga. Loome projektjoonistest 3D mudelid ja tagame, et need masinate juhts\u00fcsteemidesse \u00fcles laetaks. Pakume referentspunktid ja tagame seej\u00e4rel, et masinad [&hellip;]\" \/>\n<meta property=\"og:url\" content=\"https:\/\/teamexact.com\/machine-control\/\" \/>\n<meta property=\"og:site_name\" content=\"EXACT\" \/>\n<meta property=\"article:modified_time\" content=\"2015-08-19T07:16:26+00:00\" \/>\n<meta name=\"twitter:card\" content=\"summary_large_image\" \/>\n<meta name=\"twitter:label1\" content=\"Est. reading time\" \/>\n\t<meta name=\"twitter:data1\" content=\"1 minut\" \/>\n<script type=\"application\/ld+json\" class=\"yoast-schema-graph\">{\"@context\":\"https:\/\/schema.org\",\"@graph\":[{\"@type\":\"WebPage\",\"@id\":\"https:\/\/teamexact.com\/machine-control\/\",\"url\":\"https:\/\/teamexact.com\/machine-control\/\",\"name\":\"Masinjuhtimine - EXACT\",\"isPartOf\":{\"@id\":\"https:\/\/teamexact.com\/sv\/#website\"},\"datePublished\":\"2015-06-15T12:28:54+00:00\",\"dateModified\":\"2015-08-19T07:16:26+00:00\",\"breadcrumb\":{\"@id\":\"https:\/\/teamexact.com\/machine-control\/#breadcrumb\"},\"inLanguage\":\"et\",\"potentialAction\":[{\"@type\":\"ReadAction\",\"target\":[\"https:\/\/teamexact.com\/machine-control\/\"]}]},{\"@type\":\"BreadcrumbList\",\"@id\":\"https:\/\/teamexact.com\/machine-control\/#breadcrumb\",\"itemListElement\":[{\"@type\":\"ListItem\",\"position\":1,\"name\":\"Home\",\"item\":\"https:\/\/teamexact.com\/et\/\"},{\"@type\":\"ListItem\",\"position\":2,\"name\":\"Masinjuhtimine\"}]},{\"@type\":\"WebSite\",\"@id\":\"https:\/\/teamexact.com\/sv\/#website\",\"url\":\"https:\/\/teamexact.com\/sv\/\",\"name\":\"EXACT\",\"description\":\"We see more\",\"potentialAction\":[{\"@type\":\"SearchAction\",\"target\":{\"@type\":\"EntryPoint\",\"urlTemplate\":\"https:\/\/teamexact.com\/sv\/?s={search_term_string}\"},\"query-input\":\"required name=search_term_string\"}],\"inLanguage\":\"et\"}]}<\/script>\n<!-- \/ Yoast SEO plugin. -->","yoast_head_json":{"title":"Masinjuhtimine - EXACT","robots":{"index":"index","follow":"follow","max-snippet":"max-snippet:-1","max-image-preview":"max-image-preview:large","max-video-preview":"max-video-preview:-1"},"canonical":"https:\/\/teamexact.com\/machine-control\/","og_locale":"et_EE","og_type":"article","og_title":"Masinjuhtimine - EXACT","og_description":"Intelligentsed masinad ja seadmed Automatiseeritud masinate kasutamine on k\u00f5igi ehitusprojektide lahutamatu osa, mis annab tulemuseks suurema kokkuhoiu ja t\u00e4psuse. Aitame teil otsustada, millised automatiseeritud s\u00fcsteemid sobivad teie vajadustega k\u00f5ige paremini, et v\u00f5iksite alustada kiirelt produktiivse t\u00f6\u00f6ga. Loome projektjoonistest 3D mudelid ja tagame, et need masinate juhts\u00fcsteemidesse \u00fcles laetaks. Pakume referentspunktid ja tagame seej\u00e4rel, et masinad [&hellip;]","og_url":"https:\/\/teamexact.com\/machine-control\/","og_site_name":"EXACT","article_modified_time":"2015-08-19T07:16:26+00:00","twitter_card":"summary_large_image","twitter_misc":{"Est. reading time":"1 minut"},"schema":{"@context":"https:\/\/schema.org","@graph":[{"@type":"WebPage","@id":"https:\/\/teamexact.com\/machine-control\/","url":"https:\/\/teamexact.com\/machine-control\/","name":"Masinjuhtimine - EXACT","isPartOf":{"@id":"https:\/\/teamexact.com\/sv\/#website"},"datePublished":"2015-06-15T12:28:54+00:00","dateModified":"2015-08-19T07:16:26+00:00","breadcrumb":{"@id":"https:\/\/teamexact.com\/machine-control\/#breadcrumb"},"inLanguage":"et","potentialAction":[{"@type":"ReadAction","target":["https:\/\/teamexact.com\/machine-control\/"]}]},{"@type":"BreadcrumbList","@id":"https:\/\/teamexact.com\/machine-control\/#breadcrumb","itemListElement":[{"@type":"ListItem","position":1,"name":"Home","item":"https:\/\/teamexact.com\/et\/"},{"@type":"ListItem","position":2,"name":"Masinjuhtimine"}]},{"@type":"WebSite","@id":"https:\/\/teamexact.com\/sv\/#website","url":"https:\/\/teamexact.com\/sv\/","name":"EXACT","description":"We see more","potentialAction":[{"@type":"SearchAction","target":{"@type":"EntryPoint","urlTemplate":"https:\/\/teamexact.com\/sv\/?s={search_term_string}"},"query-input":"required name=search_term_string"}],"inLanguage":"et"}]}},"_links":{"self":[{"href":"https:\/\/teamexact.com\/et\/wp-json\/wp\/v2\/pages\/1335"}],"collection":[{"href":"https:\/\/teamexact.com\/et\/wp-json\/wp\/v2\/pages"}],"about":[{"href":"https:\/\/teamexact.com\/et\/wp-json\/wp\/v2\/types\/page"}],"author":[{"embeddable":true,"href":"https:\/\/teamexact.com\/et\/wp-json\/wp\/v2\/users\/1"}],"replies":[{"embeddable":true,"href":"https:\/\/teamexact.com\/et\/wp-json\/wp\/v2\/comments?post=1335"}],"version-history":[{"count":4,"href":"https:\/\/teamexact.com\/et\/wp-json\/wp\/v2\/pages\/1335\/revisions"}],"predecessor-version":[{"id":1803,"href":"https:\/\/teamexact.com\/et\/wp-json\/wp\/v2\/pages\/1335\/revisions\/1803"}],"wp:attachment":[{"href":"https:\/\/teamexact.com\/et\/wp-json\/wp\/v2\/media?parent=1335"}],"curies":[{"name":"wp","href":"https:\/\/api.w.org\/{rel}","templated":true}]}}