{"id":1337,"date":"2015-06-15T14:20:32","date_gmt":"2015-06-15T12:20:32","guid":{"rendered":"http:\/\/exact.lebowski.se\/management-support-2\/"},"modified":"2017-09-19T11:49:29","modified_gmt":"2017-09-19T09:49:29","slug":"projektijuhtimise-tugi","status":"publish","type":"page","link":"https:\/\/teamexact.com\/et\/projektijuhtimise-tugi\/","title":{"rendered":"Projektijuhtimise tugi"},"content":{"rendered":"<h3>Projektijuhtimine ja klienditoe teenused<\/h3>\n<p>Meie EXACT&#8217;is tagame, et k\u00f5ik\u00a0 m\u00f5\u00f5tmised on\u00a0 tehtud parimal v\u00f5imalikul viisil, \u00f6konoomselt ja vastavalt teie tehnilistele n\u00f5uetele. Meil on ka vajalikud teadmised ja kogemused suuremahuliste ehitusprojektide juhtimises. EXACT pakub pidevat tuge k\u00f5igis projektietappides, aidates nii tagada teie projekti \u00f5nnestumise.<\/p>\n<p>Aitame teil v\u00e4ltida asjatuid vigu ja arusaamatusi uurides k\u00f5iki projektiga seonduvaid dokumente, et kontrollida nende vastavust kehtestatud n\u00f5uetele enne projekti algust ning seel\u00e4bi tagada teie projekti edukas algus. Kasutage projekti k\u00e4igus \u00e4ra meie klienditoe teenuseid \u00f5iguslikest lepingutest, regulatsioonidest ja ehitusnormidest kinnipidamise kontrollimiseks. V\u00f5ime tulemuslikult suhelda teie allt\u00f6\u00f6v\u00f5tjatega ja kontrollida, et k\u00f5ik projekti osapooled j\u00e4rgivad plaanides s\u00e4testatud kvaliteedikontrolli meetmeid.<\/p>\n","protected":false},"excerpt":{"rendered":"<p>Projektijuhtimine ja klienditoe teenused Meie EXACT&#8217;is tagame, et k\u00f5ik\u00a0 m\u00f5\u00f5tmised on\u00a0 tehtud parimal v\u00f5imalikul viisil, \u00f6konoomselt ja vastavalt teie tehnilistele n\u00f5uetele. Meil on ka vajalikud teadmised ja kogemused suuremahuliste ehitusprojektide juhtimises. EXACT pakub pidevat tuge k\u00f5igis projektietappides, aidates nii tagada teie projekti \u00f5nnestumise. Aitame teil v\u00e4ltida asjatuid vigu ja arusaamatusi uurides k\u00f5iki projektiga seonduvaid dokumente, [&hellip;]<\/p>\n","protected":false},"author":1,"featured_media":0,"parent":0,"menu_order":0,"comment_status":"open","ping_status":"open","template":"template-page.php","meta":{"_acf_changed":false,"footnotes":""},"acf":[],"yoast_head":"<!-- This site is optimized with the Yoast SEO plugin v22.2 - https:\/\/yoast.com\/wordpress\/plugins\/seo\/ -->\n<title>Projektijuhtimise tugi - EXACT<\/title>\n<meta name=\"robots\" content=\"index, follow, max-snippet:-1, max-image-preview:large, max-video-preview:-1\" \/>\n<link rel=\"canonical\" href=\"https:\/\/teamexact.com\/et\/projektijuhtimise-tugi\/\" \/>\n<meta property=\"og:locale\" content=\"et_EE\" \/>\n<meta property=\"og:type\" content=\"article\" \/>\n<meta property=\"og:title\" content=\"Projektijuhtimise tugi - EXACT\" \/>\n<meta property=\"og:description\" content=\"Projektijuhtimine ja klienditoe teenused Meie EXACT&#8217;is tagame, et k\u00f5ik\u00a0 m\u00f5\u00f5tmised on\u00a0 tehtud parimal v\u00f5imalikul viisil, \u00f6konoomselt ja vastavalt teie tehnilistele n\u00f5uetele. Meil on ka vajalikud teadmised ja kogemused suuremahuliste ehitusprojektide juhtimises. EXACT pakub pidevat tuge k\u00f5igis projektietappides, aidates nii tagada teie projekti \u00f5nnestumise. Aitame teil v\u00e4ltida asjatuid vigu ja arusaamatusi uurides k\u00f5iki projektiga seonduvaid dokumente, [&hellip;]\" \/>\n<meta property=\"og:url\" content=\"https:\/\/teamexact.com\/et\/projektijuhtimise-tugi\/\" \/>\n<meta property=\"og:site_name\" content=\"EXACT\" \/>\n<meta property=\"article:modified_time\" content=\"2017-09-19T09:49:29+00:00\" \/>\n<meta name=\"twitter:card\" content=\"summary_large_image\" \/>\n<meta name=\"twitter:label1\" content=\"Est. reading time\" \/>\n\t<meta name=\"twitter:data1\" content=\"1 minut\" \/>\n<script type=\"application\/ld+json\" class=\"yoast-schema-graph\">{\"@context\":\"https:\/\/schema.org\",\"@graph\":[{\"@type\":\"WebPage\",\"@id\":\"https:\/\/teamexact.com\/et\/projektijuhtimise-tugi\/\",\"url\":\"https:\/\/teamexact.com\/et\/projektijuhtimise-tugi\/\",\"name\":\"Projektijuhtimise tugi - EXACT\",\"isPartOf\":{\"@id\":\"https:\/\/teamexact.com\/sv\/#website\"},\"datePublished\":\"2015-06-15T12:20:32+00:00\",\"dateModified\":\"2017-09-19T09:49:29+00:00\",\"breadcrumb\":{\"@id\":\"https:\/\/teamexact.com\/et\/projektijuhtimise-tugi\/#breadcrumb\"},\"inLanguage\":\"et\",\"potentialAction\":[{\"@type\":\"ReadAction\",\"target\":[\"https:\/\/teamexact.com\/et\/projektijuhtimise-tugi\/\"]}]},{\"@type\":\"BreadcrumbList\",\"@id\":\"https:\/\/teamexact.com\/et\/projektijuhtimise-tugi\/#breadcrumb\",\"itemListElement\":[{\"@type\":\"ListItem\",\"position\":1,\"name\":\"Home\",\"item\":\"https:\/\/teamexact.com\/et\/\"},{\"@type\":\"ListItem\",\"position\":2,\"name\":\"Projektijuhtimise tugi\"}]},{\"@type\":\"WebSite\",\"@id\":\"https:\/\/teamexact.com\/sv\/#website\",\"url\":\"https:\/\/teamexact.com\/sv\/\",\"name\":\"EXACT\",\"description\":\"We see more\",\"potentialAction\":[{\"@type\":\"SearchAction\",\"target\":{\"@type\":\"EntryPoint\",\"urlTemplate\":\"https:\/\/teamexact.com\/sv\/?s={search_term_string}\"},\"query-input\":\"required name=search_term_string\"}],\"inLanguage\":\"et\"}]}<\/script>\n<!-- \/ Yoast SEO plugin. -->","yoast_head_json":{"title":"Projektijuhtimise tugi - EXACT","robots":{"index":"index","follow":"follow","max-snippet":"max-snippet:-1","max-image-preview":"max-image-preview:large","max-video-preview":"max-video-preview:-1"},"canonical":"https:\/\/teamexact.com\/et\/projektijuhtimise-tugi\/","og_locale":"et_EE","og_type":"article","og_title":"Projektijuhtimise tugi - EXACT","og_description":"Projektijuhtimine ja klienditoe teenused Meie EXACT&#8217;is tagame, et k\u00f5ik\u00a0 m\u00f5\u00f5tmised on\u00a0 tehtud parimal v\u00f5imalikul viisil, \u00f6konoomselt ja vastavalt teie tehnilistele n\u00f5uetele. Meil on ka vajalikud teadmised ja kogemused suuremahuliste ehitusprojektide juhtimises. EXACT pakub pidevat tuge k\u00f5igis projektietappides, aidates nii tagada teie projekti \u00f5nnestumise. Aitame teil v\u00e4ltida asjatuid vigu ja arusaamatusi uurides k\u00f5iki projektiga seonduvaid dokumente, [&hellip;]","og_url":"https:\/\/teamexact.com\/et\/projektijuhtimise-tugi\/","og_site_name":"EXACT","article_modified_time":"2017-09-19T09:49:29+00:00","twitter_card":"summary_large_image","twitter_misc":{"Est. reading time":"1 minut"},"schema":{"@context":"https:\/\/schema.org","@graph":[{"@type":"WebPage","@id":"https:\/\/teamexact.com\/et\/projektijuhtimise-tugi\/","url":"https:\/\/teamexact.com\/et\/projektijuhtimise-tugi\/","name":"Projektijuhtimise tugi - EXACT","isPartOf":{"@id":"https:\/\/teamexact.com\/sv\/#website"},"datePublished":"2015-06-15T12:20:32+00:00","dateModified":"2017-09-19T09:49:29+00:00","breadcrumb":{"@id":"https:\/\/teamexact.com\/et\/projektijuhtimise-tugi\/#breadcrumb"},"inLanguage":"et","potentialAction":[{"@type":"ReadAction","target":["https:\/\/teamexact.com\/et\/projektijuhtimise-tugi\/"]}]},{"@type":"BreadcrumbList","@id":"https:\/\/teamexact.com\/et\/projektijuhtimise-tugi\/#breadcrumb","itemListElement":[{"@type":"ListItem","position":1,"name":"Home","item":"https:\/\/teamexact.com\/et\/"},{"@type":"ListItem","position":2,"name":"Projektijuhtimise tugi"}]},{"@type":"WebSite","@id":"https:\/\/teamexact.com\/sv\/#website","url":"https:\/\/teamexact.com\/sv\/","name":"EXACT","description":"We see more","potentialAction":[{"@type":"SearchAction","target":{"@type":"EntryPoint","urlTemplate":"https:\/\/teamexact.com\/sv\/?s={search_term_string}"},"query-input":"required name=search_term_string"}],"inLanguage":"et"}]}},"_links":{"self":[{"href":"https:\/\/teamexact.com\/et\/wp-json\/wp\/v2\/pages\/1337"}],"collection":[{"href":"https:\/\/teamexact.com\/et\/wp-json\/wp\/v2\/pages"}],"about":[{"href":"https:\/\/teamexact.com\/et\/wp-json\/wp\/v2\/types\/page"}],"author":[{"embeddable":true,"href":"https:\/\/teamexact.com\/et\/wp-json\/wp\/v2\/users\/1"}],"replies":[{"embeddable":true,"href":"https:\/\/teamexact.com\/et\/wp-json\/wp\/v2\/comments?post=1337"}],"version-history":[{"count":4,"href":"https:\/\/teamexact.com\/et\/wp-json\/wp\/v2\/pages\/1337\/revisions"}],"predecessor-version":[{"id":2769,"href":"https:\/\/teamexact.com\/et\/wp-json\/wp\/v2\/pages\/1337\/revisions\/2769"}],"wp:attachment":[{"href":"https:\/\/teamexact.com\/et\/wp-json\/wp\/v2\/media?parent=1337"}],"curies":[{"name":"wp","href":"https:\/\/api.w.org\/{rel}","templated":true}]}}