{"id":1339,"date":"2015-06-15T14:28:08","date_gmt":"2015-06-15T12:28:08","guid":{"rendered":"http:\/\/exact.lebowski.se\/mining-tunnelling-2\/"},"modified":"2018-05-08T14:27:21","modified_gmt":"2018-05-08T12:27:21","slug":"kaevandamine-ja-tunnelite-ehitus","status":"publish","type":"page","link":"https:\/\/teamexact.com\/et\/kaevandamine-ja-tunnelite-ehitus\/","title":{"rendered":"Kaevandamine ja tunnelite ehitus"},"content":{"rendered":"<h3>Maa-aluste t\u00f6\u00f6de ekspert<\/h3>\n<p><strong>EXACT&#8217;il on \u00fcle 10 aasta pikkune kogemus kaevandustes ja tunnelites, mille oleme saanud seoses t\u00f6\u00f6dega Skandinaavias ja T\u0161ehhi Vabariigis. Maa-alused t\u00f6\u00f6d on piiratud ruumist, \u00f5husaastest, m\u00fcrast ja vibratsioonist tulenevate karmide tingimuste t\u00f5ttu keerukad ja rasked. Samuti kaasnevad nendega ohud seoses kukkuvate kivide, m\u00fcrgiste gaaside ja l\u00f5hkeainetega.<\/strong><\/p>\n<p>EXACT&#8217;i t\u00f6\u00f6tajad teavad, mida maa-alustes kaevandus- ja tunneliprojektides turvalisuse tagamiseks ja ajakavast kinni pidamiseks teha tuleb. Jagame hea meelega ka teiega oma teadmisi ja kogemusi. Teostame maa-aluse ehituse m\u00f5\u00f5distusi, 3D laserskaneerimist, tunnelite kvaliteedikontrolli, mahuarvutusi, kaevet\u00f6\u00f6de optimeerimist ning \u00fcldist projektijuhtimist ja seiret.<\/p>\n","protected":false},"excerpt":{"rendered":"<p>Maa-aluste t\u00f6\u00f6de ekspert EXACT&#8217;il on \u00fcle 10 aasta pikkune kogemus kaevandustes ja tunnelites, mille oleme saanud seoses t\u00f6\u00f6dega Skandinaavias ja T\u0161ehhi Vabariigis. Maa-alused t\u00f6\u00f6d on piiratud ruumist, \u00f5husaastest, m\u00fcrast ja vibratsioonist tulenevate karmide tingimuste t\u00f5ttu keerukad ja rasked. Samuti kaasnevad nendega ohud seoses kukkuvate kivide, m\u00fcrgiste gaaside ja l\u00f5hkeainetega. EXACT&#8217;i t\u00f6\u00f6tajad teavad, mida maa-alustes kaevandus- [&hellip;]<\/p>\n","protected":false},"author":1,"featured_media":0,"parent":0,"menu_order":0,"comment_status":"open","ping_status":"open","template":"template-page.php","meta":{"_acf_changed":false,"footnotes":""},"acf":[],"yoast_head":"<!-- This site is optimized with the Yoast SEO plugin v22.2 - https:\/\/yoast.com\/wordpress\/plugins\/seo\/ -->\n<title>Kaevandamine ja tunnelite ehitus - EXACT<\/title>\n<meta name=\"robots\" content=\"index, follow, max-snippet:-1, max-image-preview:large, max-video-preview:-1\" \/>\n<link rel=\"canonical\" href=\"https:\/\/teamexact.com\/mining-tunnelling\/\" \/>\n<meta property=\"og:locale\" content=\"et_EE\" \/>\n<meta property=\"og:type\" content=\"article\" \/>\n<meta property=\"og:title\" content=\"Kaevandamine ja tunnelite ehitus - EXACT\" \/>\n<meta property=\"og:description\" content=\"Maa-aluste t\u00f6\u00f6de ekspert EXACT&#8217;il on \u00fcle 10 aasta pikkune kogemus kaevandustes ja tunnelites, mille oleme saanud seoses t\u00f6\u00f6dega Skandinaavias ja T\u0161ehhi Vabariigis. Maa-alused t\u00f6\u00f6d on piiratud ruumist, \u00f5husaastest, m\u00fcrast ja vibratsioonist tulenevate karmide tingimuste t\u00f5ttu keerukad ja rasked. Samuti kaasnevad nendega ohud seoses kukkuvate kivide, m\u00fcrgiste gaaside ja l\u00f5hkeainetega. EXACT&#8217;i t\u00f6\u00f6tajad teavad, mida maa-alustes kaevandus- [&hellip;]\" \/>\n<meta property=\"og:url\" content=\"https:\/\/teamexact.com\/mining-tunnelling\/\" \/>\n<meta property=\"og:site_name\" content=\"EXACT\" \/>\n<meta property=\"article:modified_time\" content=\"2018-05-08T12:27:21+00:00\" \/>\n<meta name=\"twitter:card\" content=\"summary_large_image\" \/>\n<meta name=\"twitter:label1\" content=\"Est. reading time\" \/>\n\t<meta name=\"twitter:data1\" content=\"1 minut\" \/>\n<script type=\"application\/ld+json\" class=\"yoast-schema-graph\">{\"@context\":\"https:\/\/schema.org\",\"@graph\":[{\"@type\":\"WebPage\",\"@id\":\"https:\/\/teamexact.com\/mining-tunnelling\/\",\"url\":\"https:\/\/teamexact.com\/mining-tunnelling\/\",\"name\":\"Kaevandamine ja tunnelite ehitus - EXACT\",\"isPartOf\":{\"@id\":\"https:\/\/teamexact.com\/sv\/#website\"},\"datePublished\":\"2015-06-15T12:28:08+00:00\",\"dateModified\":\"2018-05-08T12:27:21+00:00\",\"breadcrumb\":{\"@id\":\"https:\/\/teamexact.com\/mining-tunnelling\/#breadcrumb\"},\"inLanguage\":\"et\",\"potentialAction\":[{\"@type\":\"ReadAction\",\"target\":[\"https:\/\/teamexact.com\/mining-tunnelling\/\"]}]},{\"@type\":\"BreadcrumbList\",\"@id\":\"https:\/\/teamexact.com\/mining-tunnelling\/#breadcrumb\",\"itemListElement\":[{\"@type\":\"ListItem\",\"position\":1,\"name\":\"Home\",\"item\":\"https:\/\/teamexact.com\/et\/\"},{\"@type\":\"ListItem\",\"position\":2,\"name\":\"Kaevandamine ja tunnelite ehitus\"}]},{\"@type\":\"WebSite\",\"@id\":\"https:\/\/teamexact.com\/sv\/#website\",\"url\":\"https:\/\/teamexact.com\/sv\/\",\"name\":\"EXACT\",\"description\":\"We see more\",\"potentialAction\":[{\"@type\":\"SearchAction\",\"target\":{\"@type\":\"EntryPoint\",\"urlTemplate\":\"https:\/\/teamexact.com\/sv\/?s={search_term_string}\"},\"query-input\":\"required name=search_term_string\"}],\"inLanguage\":\"et\"}]}<\/script>\n<!-- \/ Yoast SEO plugin. -->","yoast_head_json":{"title":"Kaevandamine ja tunnelite ehitus - EXACT","robots":{"index":"index","follow":"follow","max-snippet":"max-snippet:-1","max-image-preview":"max-image-preview:large","max-video-preview":"max-video-preview:-1"},"canonical":"https:\/\/teamexact.com\/mining-tunnelling\/","og_locale":"et_EE","og_type":"article","og_title":"Kaevandamine ja tunnelite ehitus - EXACT","og_description":"Maa-aluste t\u00f6\u00f6de ekspert EXACT&#8217;il on \u00fcle 10 aasta pikkune kogemus kaevandustes ja tunnelites, mille oleme saanud seoses t\u00f6\u00f6dega Skandinaavias ja T\u0161ehhi Vabariigis. Maa-alused t\u00f6\u00f6d on piiratud ruumist, \u00f5husaastest, m\u00fcrast ja vibratsioonist tulenevate karmide tingimuste t\u00f5ttu keerukad ja rasked. Samuti kaasnevad nendega ohud seoses kukkuvate kivide, m\u00fcrgiste gaaside ja l\u00f5hkeainetega. EXACT&#8217;i t\u00f6\u00f6tajad teavad, mida maa-alustes kaevandus- [&hellip;]","og_url":"https:\/\/teamexact.com\/mining-tunnelling\/","og_site_name":"EXACT","article_modified_time":"2018-05-08T12:27:21+00:00","twitter_card":"summary_large_image","twitter_misc":{"Est. reading time":"1 minut"},"schema":{"@context":"https:\/\/schema.org","@graph":[{"@type":"WebPage","@id":"https:\/\/teamexact.com\/mining-tunnelling\/","url":"https:\/\/teamexact.com\/mining-tunnelling\/","name":"Kaevandamine ja tunnelite ehitus - EXACT","isPartOf":{"@id":"https:\/\/teamexact.com\/sv\/#website"},"datePublished":"2015-06-15T12:28:08+00:00","dateModified":"2018-05-08T12:27:21+00:00","breadcrumb":{"@id":"https:\/\/teamexact.com\/mining-tunnelling\/#breadcrumb"},"inLanguage":"et","potentialAction":[{"@type":"ReadAction","target":["https:\/\/teamexact.com\/mining-tunnelling\/"]}]},{"@type":"BreadcrumbList","@id":"https:\/\/teamexact.com\/mining-tunnelling\/#breadcrumb","itemListElement":[{"@type":"ListItem","position":1,"name":"Home","item":"https:\/\/teamexact.com\/et\/"},{"@type":"ListItem","position":2,"name":"Kaevandamine ja tunnelite ehitus"}]},{"@type":"WebSite","@id":"https:\/\/teamexact.com\/sv\/#website","url":"https:\/\/teamexact.com\/sv\/","name":"EXACT","description":"We see more","potentialAction":[{"@type":"SearchAction","target":{"@type":"EntryPoint","urlTemplate":"https:\/\/teamexact.com\/sv\/?s={search_term_string}"},"query-input":"required name=search_term_string"}],"inLanguage":"et"}]}},"_links":{"self":[{"href":"https:\/\/teamexact.com\/et\/wp-json\/wp\/v2\/pages\/1339"}],"collection":[{"href":"https:\/\/teamexact.com\/et\/wp-json\/wp\/v2\/pages"}],"about":[{"href":"https:\/\/teamexact.com\/et\/wp-json\/wp\/v2\/types\/page"}],"author":[{"embeddable":true,"href":"https:\/\/teamexact.com\/et\/wp-json\/wp\/v2\/users\/1"}],"replies":[{"embeddable":true,"href":"https:\/\/teamexact.com\/et\/wp-json\/wp\/v2\/comments?post=1339"}],"version-history":[{"count":5,"href":"https:\/\/teamexact.com\/et\/wp-json\/wp\/v2\/pages\/1339\/revisions"}],"predecessor-version":[{"id":3563,"href":"https:\/\/teamexact.com\/et\/wp-json\/wp\/v2\/pages\/1339\/revisions\/3563"}],"wp:attachment":[{"href":"https:\/\/teamexact.com\/et\/wp-json\/wp\/v2\/media?parent=1339"}],"curies":[{"name":"wp","href":"https:\/\/api.w.org\/{rel}","templated":true}]}}