{"id":1341,"date":"2015-06-15T14:30:06","date_gmt":"2015-06-15T12:30:06","guid":{"rendered":"http:\/\/exact.lebowski.se\/on-and-off-shore-2\/"},"modified":"2015-08-19T09:16:31","modified_gmt":"2015-08-19T07:16:31","slug":"toostusmoodistused-maismaal-ja-avamerel","status":"publish","type":"page","link":"https:\/\/teamexact.com\/et\/toostusmoodistused-maismaal-ja-avamerel\/","title":{"rendered":"T\u00f6\u00f6stusm\u00f5\u00f5distused maismaal ja avamerel"},"content":{"rendered":"<h3>Nafta- ja gaasit\u00f6\u00f6stuse m\u00f5\u00f5distused avamerel<\/h3>\n<p>EXACT&#8217;is teatakse, et avamerel t\u00f6\u00f6tades on k\u00f5ige kriitilisemaks teguriks aeg. Laserskanner on seega ideaalne vahend t\u00e4pse ja \u00fclimalt detailse 3D punktipilve loomiseks. Meie platvormide ja laevade m\u00f5\u00f5distused p\u00f5hinevad XYZ ristkoordinaats\u00fcsteemil. M\u00f5\u00f5dame objekti tavaliselt avamerel ja sooritame seej\u00e4rel objekti modelleerimise maismaal asuvas kontoris. EXACT teostab ka erinevaid kontrollm\u00f5\u00f5distusi teostusdokumentatsiooni koostamiseks.<\/p>\n<h3>T\u00f6\u00f6stusseadmete m\u00f5\u00f5distamine<\/h3>\n<p>Juhtida saab seda, mida saab m\u00f5\u00f5ta. EXACT m\u00f5\u00f5dab teie tehase ja kaardistab masinate t\u00e4pse asukoha, tehes kindlaks vundamendi, masina jaluse, masina telje ja l\u00e4hteolukorra plaani. Aitame teid t\u00e4psete m\u00f5\u00f5tmistulemustega, mida vajate t\u00f6\u00f6stusseadmete \u00f5nnestunud paigaldamiseks ning t\u00e4ppisseadmete, nagu valtsimispingid, seadistamiseks nii, et tooted (teras, paber, plast jms) ei kortsuks ega valguks rulli servast \u00fcle. V\u00f5ime teostada silindervormide detailset m\u00f5\u00f5tmist, kalibreerida mahuteid vastavalt ISO tehnilistele n\u00f5uetele ning teostada materjalide paigutamise kontrolli ja koostada vastavat dokumentatsiooni.<\/p>\n<h3>Tehaste m\u00f5\u00f5distused<\/h3>\n<p>EXACT&#8217;i konsultandid kasutavad uudseimat laserskaneerimise ja 3D modelleerimise tehnoloogiat \u2013 nende abil on meil v\u00f5imalik teha teie rajatistest m\u00f5\u00f5distusi, mis on abiks tehaste laiendamises, rekonstrueerimises, uuendamises, muutmises ja korralistes hooldust\u00f6\u00f6des. M\u00f5\u00f5dame ja registreerime hetkeolukorra ning kaardistame ja modelleerime rajatised, s\u00fcsteemid, konstruktsioonid, torustikud, seadmed ja k\u00f5ik muud olemasolevad elemendid ning integreerime need 3D mudelisse. Aitame teil n\u00e4ha teie tehases praktiliselt iga eseme t\u00e4pset paigutust ning selle seost teiste objektidega. EXACT aitab teil saavutada t\u00e4ielikku kontrolli oma ehitise projekteerimise ja ehituse \u00fcle.<\/p>\n","protected":false},"excerpt":{"rendered":"<p>Nafta- ja gaasit\u00f6\u00f6stuse m\u00f5\u00f5distused avamerel EXACT&#8217;is teatakse, et avamerel t\u00f6\u00f6tades on k\u00f5ige kriitilisemaks teguriks aeg. Laserskanner on seega ideaalne vahend t\u00e4pse ja \u00fclimalt detailse 3D punktipilve loomiseks. Meie platvormide ja laevade m\u00f5\u00f5distused p\u00f5hinevad XYZ ristkoordinaats\u00fcsteemil. M\u00f5\u00f5dame objekti tavaliselt avamerel ja sooritame seej\u00e4rel objekti modelleerimise maismaal asuvas kontoris. EXACT teostab ka erinevaid kontrollm\u00f5\u00f5distusi teostusdokumentatsiooni koostamiseks. T\u00f6\u00f6stusseadmete [&hellip;]<\/p>\n","protected":false},"author":1,"featured_media":0,"parent":0,"menu_order":0,"comment_status":"open","ping_status":"open","template":"template-page.php","meta":{"_acf_changed":false,"footnotes":""},"acf":[],"yoast_head":"<!-- This site is optimized with the Yoast SEO plugin v22.2 - https:\/\/yoast.com\/wordpress\/plugins\/seo\/ -->\n<title>T\u00f6\u00f6stusm\u00f5\u00f5distused maismaal ja avamerel - EXACT<\/title>\n<meta name=\"robots\" content=\"index, follow, max-snippet:-1, max-image-preview:large, max-video-preview:-1\" \/>\n<link rel=\"canonical\" href=\"https:\/\/teamexact.com\/on-and-off-shore\/\" \/>\n<meta property=\"og:locale\" content=\"et_EE\" \/>\n<meta property=\"og:type\" content=\"article\" \/>\n<meta property=\"og:title\" content=\"T\u00f6\u00f6stusm\u00f5\u00f5distused maismaal ja avamerel - EXACT\" \/>\n<meta property=\"og:description\" content=\"Nafta- ja gaasit\u00f6\u00f6stuse m\u00f5\u00f5distused avamerel EXACT&#8217;is teatakse, et avamerel t\u00f6\u00f6tades on k\u00f5ige kriitilisemaks teguriks aeg. Laserskanner on seega ideaalne vahend t\u00e4pse ja \u00fclimalt detailse 3D punktipilve loomiseks. Meie platvormide ja laevade m\u00f5\u00f5distused p\u00f5hinevad XYZ ristkoordinaats\u00fcsteemil. M\u00f5\u00f5dame objekti tavaliselt avamerel ja sooritame seej\u00e4rel objekti modelleerimise maismaal asuvas kontoris. EXACT teostab ka erinevaid kontrollm\u00f5\u00f5distusi teostusdokumentatsiooni koostamiseks. T\u00f6\u00f6stusseadmete [&hellip;]\" \/>\n<meta property=\"og:url\" content=\"https:\/\/teamexact.com\/on-and-off-shore\/\" \/>\n<meta property=\"og:site_name\" content=\"EXACT\" \/>\n<meta property=\"article:modified_time\" content=\"2015-08-19T07:16:31+00:00\" \/>\n<meta name=\"twitter:card\" content=\"summary_large_image\" \/>\n<meta name=\"twitter:label1\" content=\"Est. reading time\" \/>\n\t<meta name=\"twitter:data1\" content=\"1 minut\" \/>\n<script type=\"application\/ld+json\" class=\"yoast-schema-graph\">{\"@context\":\"https:\/\/schema.org\",\"@graph\":[{\"@type\":\"WebPage\",\"@id\":\"https:\/\/teamexact.com\/on-and-off-shore\/\",\"url\":\"https:\/\/teamexact.com\/on-and-off-shore\/\",\"name\":\"T\u00f6\u00f6stusm\u00f5\u00f5distused maismaal ja avamerel - EXACT\",\"isPartOf\":{\"@id\":\"https:\/\/teamexact.com\/sv\/#website\"},\"datePublished\":\"2015-06-15T12:30:06+00:00\",\"dateModified\":\"2015-08-19T07:16:31+00:00\",\"breadcrumb\":{\"@id\":\"https:\/\/teamexact.com\/on-and-off-shore\/#breadcrumb\"},\"inLanguage\":\"et\",\"potentialAction\":[{\"@type\":\"ReadAction\",\"target\":[\"https:\/\/teamexact.com\/on-and-off-shore\/\"]}]},{\"@type\":\"BreadcrumbList\",\"@id\":\"https:\/\/teamexact.com\/on-and-off-shore\/#breadcrumb\",\"itemListElement\":[{\"@type\":\"ListItem\",\"position\":1,\"name\":\"Home\",\"item\":\"https:\/\/teamexact.com\/et\/\"},{\"@type\":\"ListItem\",\"position\":2,\"name\":\"T\u00f6\u00f6stusm\u00f5\u00f5distused maismaal ja avamerel\"}]},{\"@type\":\"WebSite\",\"@id\":\"https:\/\/teamexact.com\/sv\/#website\",\"url\":\"https:\/\/teamexact.com\/sv\/\",\"name\":\"EXACT\",\"description\":\"We see more\",\"potentialAction\":[{\"@type\":\"SearchAction\",\"target\":{\"@type\":\"EntryPoint\",\"urlTemplate\":\"https:\/\/teamexact.com\/sv\/?s={search_term_string}\"},\"query-input\":\"required name=search_term_string\"}],\"inLanguage\":\"et\"}]}<\/script>\n<!-- \/ Yoast SEO plugin. -->","yoast_head_json":{"title":"T\u00f6\u00f6stusm\u00f5\u00f5distused maismaal ja avamerel - EXACT","robots":{"index":"index","follow":"follow","max-snippet":"max-snippet:-1","max-image-preview":"max-image-preview:large","max-video-preview":"max-video-preview:-1"},"canonical":"https:\/\/teamexact.com\/on-and-off-shore\/","og_locale":"et_EE","og_type":"article","og_title":"T\u00f6\u00f6stusm\u00f5\u00f5distused maismaal ja avamerel - EXACT","og_description":"Nafta- ja gaasit\u00f6\u00f6stuse m\u00f5\u00f5distused avamerel EXACT&#8217;is teatakse, et avamerel t\u00f6\u00f6tades on k\u00f5ige kriitilisemaks teguriks aeg. Laserskanner on seega ideaalne vahend t\u00e4pse ja \u00fclimalt detailse 3D punktipilve loomiseks. Meie platvormide ja laevade m\u00f5\u00f5distused p\u00f5hinevad XYZ ristkoordinaats\u00fcsteemil. M\u00f5\u00f5dame objekti tavaliselt avamerel ja sooritame seej\u00e4rel objekti modelleerimise maismaal asuvas kontoris. EXACT teostab ka erinevaid kontrollm\u00f5\u00f5distusi teostusdokumentatsiooni koostamiseks. T\u00f6\u00f6stusseadmete [&hellip;]","og_url":"https:\/\/teamexact.com\/on-and-off-shore\/","og_site_name":"EXACT","article_modified_time":"2015-08-19T07:16:31+00:00","twitter_card":"summary_large_image","twitter_misc":{"Est. reading time":"1 minut"},"schema":{"@context":"https:\/\/schema.org","@graph":[{"@type":"WebPage","@id":"https:\/\/teamexact.com\/on-and-off-shore\/","url":"https:\/\/teamexact.com\/on-and-off-shore\/","name":"T\u00f6\u00f6stusm\u00f5\u00f5distused maismaal ja avamerel - EXACT","isPartOf":{"@id":"https:\/\/teamexact.com\/sv\/#website"},"datePublished":"2015-06-15T12:30:06+00:00","dateModified":"2015-08-19T07:16:31+00:00","breadcrumb":{"@id":"https:\/\/teamexact.com\/on-and-off-shore\/#breadcrumb"},"inLanguage":"et","potentialAction":[{"@type":"ReadAction","target":["https:\/\/teamexact.com\/on-and-off-shore\/"]}]},{"@type":"BreadcrumbList","@id":"https:\/\/teamexact.com\/on-and-off-shore\/#breadcrumb","itemListElement":[{"@type":"ListItem","position":1,"name":"Home","item":"https:\/\/teamexact.com\/et\/"},{"@type":"ListItem","position":2,"name":"T\u00f6\u00f6stusm\u00f5\u00f5distused maismaal ja avamerel"}]},{"@type":"WebSite","@id":"https:\/\/teamexact.com\/sv\/#website","url":"https:\/\/teamexact.com\/sv\/","name":"EXACT","description":"We see more","potentialAction":[{"@type":"SearchAction","target":{"@type":"EntryPoint","urlTemplate":"https:\/\/teamexact.com\/sv\/?s={search_term_string}"},"query-input":"required name=search_term_string"}],"inLanguage":"et"}]}},"_links":{"self":[{"href":"https:\/\/teamexact.com\/et\/wp-json\/wp\/v2\/pages\/1341"}],"collection":[{"href":"https:\/\/teamexact.com\/et\/wp-json\/wp\/v2\/pages"}],"about":[{"href":"https:\/\/teamexact.com\/et\/wp-json\/wp\/v2\/types\/page"}],"author":[{"embeddable":true,"href":"https:\/\/teamexact.com\/et\/wp-json\/wp\/v2\/users\/1"}],"replies":[{"embeddable":true,"href":"https:\/\/teamexact.com\/et\/wp-json\/wp\/v2\/comments?post=1341"}],"version-history":[{"count":4,"href":"https:\/\/teamexact.com\/et\/wp-json\/wp\/v2\/pages\/1341\/revisions"}],"predecessor-version":[{"id":1804,"href":"https:\/\/teamexact.com\/et\/wp-json\/wp\/v2\/pages\/1341\/revisions\/1804"}],"wp:attachment":[{"href":"https:\/\/teamexact.com\/et\/wp-json\/wp\/v2\/media?parent=1341"}],"curies":[{"name":"wp","href":"https:\/\/api.w.org\/{rel}","templated":true}]}}