{"id":1343,"date":"2015-06-15T14:19:36","date_gmt":"2015-06-15T12:19:36","guid":{"rendered":"http:\/\/exact.lebowski.se\/production-surveying-2\/"},"modified":"2015-08-19T09:16:03","modified_gmt":"2015-08-19T07:16:03","slug":"ehitus-geodeetilised-moodistused","status":"publish","type":"page","link":"https:\/\/teamexact.com\/et\/ehitus-geodeetilised-moodistused\/","title":{"rendered":"Ehitus-geodeetilised m\u00f5\u00f5distused"},"content":{"rendered":"<p><strong>Pakume k\u00f5igi hoonete, k.a. elamute, b\u00fcroohoonete, spordirajatiste ja t\u00f6\u00f6stushoonete m\u00f5\u00f5distusteenuseid. EXACT teostab objektil ka ehitiste (sildade, t\u00e4navate ja raudteede) ehitusgeodeetilisi t\u00f6id ja kontrollm\u00f5\u00f5distust. Samuti tehnos\u00fcsteemide, lifti\u0161ahtide, platside, terrasside, vaiade, vundamentide, betoons\u00f5restike ja muude vajalike elementide v\u00e4ljam\u00e4rkimist.<\/strong><\/p>\n<h3>Geodeetilise m\u00f5\u00f5distusv\u00f5rgu rajamine<\/h3>\n<p>Geodeetilise m\u00f5\u00f5distusv\u00f5rgu rajamise k\u00e4igus m\u00e4\u00e4ratakse plaanilis-k\u00f5rguslikult seotud t\u00e4psed punktid, mida saab kasutada teede ja hoonete ehitamisel v\u00f5i digitaalsete mudelite ning plaanide koostamisel. Teostame nii maapealset, kui ka satelliitidel p\u00f5hinevat geodeetilist m\u00f5\u00f5distamist, mis pakub v\u00f5imalust suurte vahemaadega kontrollpunktide m\u00e4\u00e4ramist j\u00e4rgnevaks aerom\u00f5\u00f5distamiseks.<\/p>\n<h3>Seire ja j\u00e4relevalve<\/h3>\n<p>Mitmeid ehitusprojekte teostatakse aktiivsetes linnapiirkondades ja mujal keerulistes keskkondades. Kui t\u00f6\u00f6ga kaasneb l\u00f5hkamine, tunnelite kaevamine ja muud ohud, tuleb tagada turvalisus. Pakume maksimaalse turvalisuse tagamiseks intelligentset j\u00e4relevalvet. J\u00e4relevalve v\u00f5ib toimuda ka automaatselt \u2013 \u00f6\u00f6sel, riigip\u00fchadel ja aladel, kuhu puudub sissep\u00e4\u00e4s. Kui avastatakse kahtlane maapinna v\u00f5i muu liikumine, teavitatakse sellest m\u00e4\u00e4ratud personali automaatselt. Aitame paigaldada vajalikud seadmed, m\u00e4\u00e4ratleda parameetrid ja kogu s\u00fcsteemi t\u00f6\u00f6le panna.<\/p>\n<h3>Eelarvestus<\/h3>\n<p>EXACT&#8217;i t\u00f6\u00f6tajatel on mitmeaastane eelarvestuse alane kogemus. Eelarvestaja on kulude planeerimisse, lepingul\u00e4bir\u00e4\u00e4kimistesse ja projektijuhtimisse kaasatud alates ehitamise algusest kuni projekti valmimiseni. EXACT kogub erinevate m\u00f5\u00f5distamismeetodiga (n\u00e4iteks laserskaneerimine, GPS ja tahh\u00fcmeeter) andmed, mis aitavad tagada teie projekti t\u00f5hususe ja kasumlikkuse.<\/p>\n","protected":false},"excerpt":{"rendered":"<p>Pakume k\u00f5igi hoonete, k.a. elamute, b\u00fcroohoonete, spordirajatiste ja t\u00f6\u00f6stushoonete m\u00f5\u00f5distusteenuseid. EXACT teostab objektil ka ehitiste (sildade, t\u00e4navate ja raudteede) ehitusgeodeetilisi t\u00f6id ja kontrollm\u00f5\u00f5distust. Samuti tehnos\u00fcsteemide, lifti\u0161ahtide, platside, terrasside, vaiade, vundamentide, betoons\u00f5restike ja muude vajalike elementide v\u00e4ljam\u00e4rkimist. Geodeetilise m\u00f5\u00f5distusv\u00f5rgu rajamine Geodeetilise m\u00f5\u00f5distusv\u00f5rgu rajamise k\u00e4igus m\u00e4\u00e4ratakse plaanilis-k\u00f5rguslikult seotud t\u00e4psed punktid, mida saab kasutada teede ja hoonete ehitamisel [&hellip;]<\/p>\n","protected":false},"author":1,"featured_media":0,"parent":0,"menu_order":0,"comment_status":"open","ping_status":"open","template":"template-page.php","meta":{"_acf_changed":false,"footnotes":""},"acf":[],"yoast_head":"<!-- This site is optimized with the Yoast SEO plugin v22.2 - https:\/\/yoast.com\/wordpress\/plugins\/seo\/ -->\n<title>Ehitus-geodeetilised m\u00f5\u00f5distused - EXACT<\/title>\n<meta name=\"robots\" content=\"index, follow, max-snippet:-1, max-image-preview:large, max-video-preview:-1\" \/>\n<link rel=\"canonical\" href=\"https:\/\/teamexact.com\/et\/ehitus-geodeetilised-moodistused\/\" \/>\n<meta property=\"og:locale\" content=\"et_EE\" \/>\n<meta property=\"og:type\" content=\"article\" \/>\n<meta property=\"og:title\" content=\"Ehitus-geodeetilised m\u00f5\u00f5distused - EXACT\" \/>\n<meta property=\"og:description\" content=\"Pakume k\u00f5igi hoonete, k.a. elamute, b\u00fcroohoonete, spordirajatiste ja t\u00f6\u00f6stushoonete m\u00f5\u00f5distusteenuseid. EXACT teostab objektil ka ehitiste (sildade, t\u00e4navate ja raudteede) ehitusgeodeetilisi t\u00f6id ja kontrollm\u00f5\u00f5distust. Samuti tehnos\u00fcsteemide, lifti\u0161ahtide, platside, terrasside, vaiade, vundamentide, betoons\u00f5restike ja muude vajalike elementide v\u00e4ljam\u00e4rkimist. Geodeetilise m\u00f5\u00f5distusv\u00f5rgu rajamine Geodeetilise m\u00f5\u00f5distusv\u00f5rgu rajamise k\u00e4igus m\u00e4\u00e4ratakse plaanilis-k\u00f5rguslikult seotud t\u00e4psed punktid, mida saab kasutada teede ja hoonete ehitamisel [&hellip;]\" \/>\n<meta property=\"og:url\" content=\"https:\/\/teamexact.com\/et\/ehitus-geodeetilised-moodistused\/\" \/>\n<meta property=\"og:site_name\" content=\"EXACT\" \/>\n<meta property=\"article:modified_time\" content=\"2015-08-19T07:16:03+00:00\" \/>\n<meta name=\"twitter:card\" content=\"summary_large_image\" \/>\n<meta name=\"twitter:label1\" content=\"Est. reading time\" \/>\n\t<meta name=\"twitter:data1\" content=\"1 minut\" \/>\n<script type=\"application\/ld+json\" class=\"yoast-schema-graph\">{\"@context\":\"https:\/\/schema.org\",\"@graph\":[{\"@type\":\"WebPage\",\"@id\":\"https:\/\/teamexact.com\/et\/ehitus-geodeetilised-moodistused\/\",\"url\":\"https:\/\/teamexact.com\/et\/ehitus-geodeetilised-moodistused\/\",\"name\":\"Ehitus-geodeetilised m\u00f5\u00f5distused - EXACT\",\"isPartOf\":{\"@id\":\"https:\/\/teamexact.com\/sv\/#website\"},\"datePublished\":\"2015-06-15T12:19:36+00:00\",\"dateModified\":\"2015-08-19T07:16:03+00:00\",\"breadcrumb\":{\"@id\":\"https:\/\/teamexact.com\/et\/ehitus-geodeetilised-moodistused\/#breadcrumb\"},\"inLanguage\":\"et\",\"potentialAction\":[{\"@type\":\"ReadAction\",\"target\":[\"https:\/\/teamexact.com\/et\/ehitus-geodeetilised-moodistused\/\"]}]},{\"@type\":\"BreadcrumbList\",\"@id\":\"https:\/\/teamexact.com\/et\/ehitus-geodeetilised-moodistused\/#breadcrumb\",\"itemListElement\":[{\"@type\":\"ListItem\",\"position\":1,\"name\":\"Home\",\"item\":\"https:\/\/teamexact.com\/et\/\"},{\"@type\":\"ListItem\",\"position\":2,\"name\":\"Ehitus-geodeetilised m\u00f5\u00f5distused\"}]},{\"@type\":\"WebSite\",\"@id\":\"https:\/\/teamexact.com\/sv\/#website\",\"url\":\"https:\/\/teamexact.com\/sv\/\",\"name\":\"EXACT\",\"description\":\"We see more\",\"potentialAction\":[{\"@type\":\"SearchAction\",\"target\":{\"@type\":\"EntryPoint\",\"urlTemplate\":\"https:\/\/teamexact.com\/sv\/?s={search_term_string}\"},\"query-input\":\"required name=search_term_string\"}],\"inLanguage\":\"et\"}]}<\/script>\n<!-- \/ Yoast SEO plugin. -->","yoast_head_json":{"title":"Ehitus-geodeetilised m\u00f5\u00f5distused - EXACT","robots":{"index":"index","follow":"follow","max-snippet":"max-snippet:-1","max-image-preview":"max-image-preview:large","max-video-preview":"max-video-preview:-1"},"canonical":"https:\/\/teamexact.com\/et\/ehitus-geodeetilised-moodistused\/","og_locale":"et_EE","og_type":"article","og_title":"Ehitus-geodeetilised m\u00f5\u00f5distused - EXACT","og_description":"Pakume k\u00f5igi hoonete, k.a. elamute, b\u00fcroohoonete, spordirajatiste ja t\u00f6\u00f6stushoonete m\u00f5\u00f5distusteenuseid. EXACT teostab objektil ka ehitiste (sildade, t\u00e4navate ja raudteede) ehitusgeodeetilisi t\u00f6id ja kontrollm\u00f5\u00f5distust. Samuti tehnos\u00fcsteemide, lifti\u0161ahtide, platside, terrasside, vaiade, vundamentide, betoons\u00f5restike ja muude vajalike elementide v\u00e4ljam\u00e4rkimist. Geodeetilise m\u00f5\u00f5distusv\u00f5rgu rajamine Geodeetilise m\u00f5\u00f5distusv\u00f5rgu rajamise k\u00e4igus m\u00e4\u00e4ratakse plaanilis-k\u00f5rguslikult seotud t\u00e4psed punktid, mida saab kasutada teede ja hoonete ehitamisel [&hellip;]","og_url":"https:\/\/teamexact.com\/et\/ehitus-geodeetilised-moodistused\/","og_site_name":"EXACT","article_modified_time":"2015-08-19T07:16:03+00:00","twitter_card":"summary_large_image","twitter_misc":{"Est. reading time":"1 minut"},"schema":{"@context":"https:\/\/schema.org","@graph":[{"@type":"WebPage","@id":"https:\/\/teamexact.com\/et\/ehitus-geodeetilised-moodistused\/","url":"https:\/\/teamexact.com\/et\/ehitus-geodeetilised-moodistused\/","name":"Ehitus-geodeetilised m\u00f5\u00f5distused - EXACT","isPartOf":{"@id":"https:\/\/teamexact.com\/sv\/#website"},"datePublished":"2015-06-15T12:19:36+00:00","dateModified":"2015-08-19T07:16:03+00:00","breadcrumb":{"@id":"https:\/\/teamexact.com\/et\/ehitus-geodeetilised-moodistused\/#breadcrumb"},"inLanguage":"et","potentialAction":[{"@type":"ReadAction","target":["https:\/\/teamexact.com\/et\/ehitus-geodeetilised-moodistused\/"]}]},{"@type":"BreadcrumbList","@id":"https:\/\/teamexact.com\/et\/ehitus-geodeetilised-moodistused\/#breadcrumb","itemListElement":[{"@type":"ListItem","position":1,"name":"Home","item":"https:\/\/teamexact.com\/et\/"},{"@type":"ListItem","position":2,"name":"Ehitus-geodeetilised m\u00f5\u00f5distused"}]},{"@type":"WebSite","@id":"https:\/\/teamexact.com\/sv\/#website","url":"https:\/\/teamexact.com\/sv\/","name":"EXACT","description":"We see more","potentialAction":[{"@type":"SearchAction","target":{"@type":"EntryPoint","urlTemplate":"https:\/\/teamexact.com\/sv\/?s={search_term_string}"},"query-input":"required name=search_term_string"}],"inLanguage":"et"}]}},"_links":{"self":[{"href":"https:\/\/teamexact.com\/et\/wp-json\/wp\/v2\/pages\/1343"}],"collection":[{"href":"https:\/\/teamexact.com\/et\/wp-json\/wp\/v2\/pages"}],"about":[{"href":"https:\/\/teamexact.com\/et\/wp-json\/wp\/v2\/types\/page"}],"author":[{"embeddable":true,"href":"https:\/\/teamexact.com\/et\/wp-json\/wp\/v2\/users\/1"}],"replies":[{"embeddable":true,"href":"https:\/\/teamexact.com\/et\/wp-json\/wp\/v2\/comments?post=1343"}],"version-history":[{"count":4,"href":"https:\/\/teamexact.com\/et\/wp-json\/wp\/v2\/pages\/1343\/revisions"}],"predecessor-version":[{"id":1799,"href":"https:\/\/teamexact.com\/et\/wp-json\/wp\/v2\/pages\/1343\/revisions\/1799"}],"wp:attachment":[{"href":"https:\/\/teamexact.com\/et\/wp-json\/wp\/v2\/media?parent=1343"}],"curies":[{"name":"wp","href":"https:\/\/api.w.org\/{rel}","templated":true}]}}