{"id":1347,"date":"2015-06-15T14:26:55","date_gmt":"2015-06-15T12:26:55","guid":{"rendered":"http:\/\/exact.lebowski.se\/rail-roadworks-2\/"},"modified":"2015-08-19T09:16:14","modified_gmt":"2015-08-19T07:16:14","slug":"raudtee-ja-teetood","status":"publish","type":"page","link":"https:\/\/teamexact.com\/et\/raudtee-ja-teetood\/","title":{"rendered":"Raudtee- ja teet\u00f6\u00f6d"},"content":{"rendered":"<h3>Raudtee m\u00f5\u00f5distamine<\/h3>\n<p>EXACT&#8217;i raudteem\u00f5\u00f5distuste meeskond koosneb ekspertidest, kes on spetsialiseerunud raudteede ja metroode ehitus-, hooldus- ning remondiprojektide m\u00f5\u00f5distustele kogu Euroopas. Meil on k\u00f5ik vajalikud teadmised, oskused, kogemused ja vahendid t\u00e4psete andmete kiireks edastamiseks, et teie projekt ajakavas p\u00fcsiks. Kuna raudtee-ehitus on eriti n\u00f5udlik t\u00f6\u00f6, l\u00e4bivad k\u00f5ik EXACT&#8217;i raudtee m\u00f5\u00f5distuse meeskonna liikmed regulaarselt lubade uuendamiseks ja ohutusalaste teadmiste v\u00e4rskendamiseks kursuseid. Raudteeprojektides on riiklike n\u00f5uete t\u00e4itmiseks eriti oluline dokumentatsioon, mist\u00f5ttu hoolitseme \u00fcksikasjaliku teostusdokumentatsiooni eest vastavalt teie vajadustele.<\/p>\n<h3><\/h3>\n<h3>EXACT\u00a0Street<\/h3>\n<p>EXACT Street on oma klassis ainus m\u00f5\u00f5distustehnoloogia, mis tagab teede m\u00f5\u00f5tmise referetspunktidest 2 mm t\u00e4psusega, mist\u00f5ttu see tehnoloogia on t\u00e4nap\u00e4evases teedeehituses ja -remondis h\u00e4davajalik. Tehke endale tulevikus teede planeerimine ja remont lihtsamaks t\u00e4psete ja p\u00f5hjalike andmete ja detailsete jooniste abil. Olgu tegemist linnadevaheliste teede, t\u00e4navate v\u00f5i maanteedega \u2013 EXACT Street&#8217;iga saate s\u00e4\u00e4sta nii aega kui ka raha.<\/p>\n<p>EXACT Street&#8217;i abil saate uute teede ehituses olulist kokkuhoidu, pikendate remondit\u00f6\u00f6de intervalle ning hoiate teede sulgemise minimaalsel l\u00fchida. Edukad teedeehitusprojektid toetuvad EXACT Street tehnoloogiale kogu projekti jooksul ning v\u00f5tavad selle aluseks 3D mudelitele. EXACT Street&#8217;i abil optimeeritud 3D teeprojekt aitab visualiseerida tee IRI parameetreid, teepinna kaldeid ning piki- ja p\u00f5ikisuunalisi ebatasasusi.<\/p>\n<h3>M\u00f5\u00f5distused ehitamiseks<\/h3>\n<p>Pakume k\u00f5igi hoonete, k.a. elamute, b\u00fcroohoonete, spordirajatiste ja t\u00f6\u00f6stushoonete m\u00f5\u00f5distusteenuseid. EXACT teostab objektil ka ehitiste (sildade, t\u00e4navate ja raudteede) ehitusgeodeetilisi t\u00f6id ja kontrollm\u00f5\u00f5distust. Samuti tehnos\u00fcsteemide, lifti\u0161ahtide, platside, terrasside, vaiade, vundamentide, betoons\u00f5restike ja muude vajalike elementide v\u00e4ljam\u00e4rkimist.<\/p>\n","protected":false},"excerpt":{"rendered":"<p>Raudtee m\u00f5\u00f5distamine EXACT&#8217;i raudteem\u00f5\u00f5distuste meeskond koosneb ekspertidest, kes on spetsialiseerunud raudteede ja metroode ehitus-, hooldus- ning remondiprojektide m\u00f5\u00f5distustele kogu Euroopas. Meil on k\u00f5ik vajalikud teadmised, oskused, kogemused ja vahendid t\u00e4psete andmete kiireks edastamiseks, et teie projekt ajakavas p\u00fcsiks. Kuna raudtee-ehitus on eriti n\u00f5udlik t\u00f6\u00f6, l\u00e4bivad k\u00f5ik EXACT&#8217;i raudtee m\u00f5\u00f5distuse meeskonna liikmed regulaarselt lubade uuendamiseks ja [&hellip;]<\/p>\n","protected":false},"author":1,"featured_media":0,"parent":0,"menu_order":0,"comment_status":"open","ping_status":"open","template":"template-page.php","meta":{"_acf_changed":false,"footnotes":""},"acf":[],"yoast_head":"<!-- This site is optimized with the Yoast SEO plugin v22.2 - https:\/\/yoast.com\/wordpress\/plugins\/seo\/ -->\n<title>Raudtee- ja teet\u00f6\u00f6d - EXACT<\/title>\n<meta name=\"robots\" content=\"index, follow, max-snippet:-1, max-image-preview:large, max-video-preview:-1\" \/>\n<link rel=\"canonical\" href=\"https:\/\/teamexact.com\/et\/raudtee-ja-teetood\/\" \/>\n<meta property=\"og:locale\" content=\"et_EE\" \/>\n<meta property=\"og:type\" content=\"article\" \/>\n<meta property=\"og:title\" content=\"Raudtee- ja teet\u00f6\u00f6d - EXACT\" \/>\n<meta property=\"og:description\" content=\"Raudtee m\u00f5\u00f5distamine EXACT&#8217;i raudteem\u00f5\u00f5distuste meeskond koosneb ekspertidest, kes on spetsialiseerunud raudteede ja metroode ehitus-, hooldus- ning remondiprojektide m\u00f5\u00f5distustele kogu Euroopas. Meil on k\u00f5ik vajalikud teadmised, oskused, kogemused ja vahendid t\u00e4psete andmete kiireks edastamiseks, et teie projekt ajakavas p\u00fcsiks. Kuna raudtee-ehitus on eriti n\u00f5udlik t\u00f6\u00f6, l\u00e4bivad k\u00f5ik EXACT&#8217;i raudtee m\u00f5\u00f5distuse meeskonna liikmed regulaarselt lubade uuendamiseks ja [&hellip;]\" \/>\n<meta property=\"og:url\" content=\"https:\/\/teamexact.com\/et\/raudtee-ja-teetood\/\" \/>\n<meta property=\"og:site_name\" content=\"EXACT\" \/>\n<meta property=\"article:modified_time\" content=\"2015-08-19T07:16:14+00:00\" \/>\n<meta name=\"twitter:card\" content=\"summary_large_image\" \/>\n<meta name=\"twitter:label1\" content=\"Est. reading time\" \/>\n\t<meta name=\"twitter:data1\" content=\"1 minut\" \/>\n<script type=\"application\/ld+json\" class=\"yoast-schema-graph\">{\"@context\":\"https:\/\/schema.org\",\"@graph\":[{\"@type\":\"WebPage\",\"@id\":\"https:\/\/teamexact.com\/et\/raudtee-ja-teetood\/\",\"url\":\"https:\/\/teamexact.com\/et\/raudtee-ja-teetood\/\",\"name\":\"Raudtee- ja teet\u00f6\u00f6d - EXACT\",\"isPartOf\":{\"@id\":\"https:\/\/teamexact.com\/sv\/#website\"},\"datePublished\":\"2015-06-15T12:26:55+00:00\",\"dateModified\":\"2015-08-19T07:16:14+00:00\",\"breadcrumb\":{\"@id\":\"https:\/\/teamexact.com\/et\/raudtee-ja-teetood\/#breadcrumb\"},\"inLanguage\":\"et\",\"potentialAction\":[{\"@type\":\"ReadAction\",\"target\":[\"https:\/\/teamexact.com\/et\/raudtee-ja-teetood\/\"]}]},{\"@type\":\"BreadcrumbList\",\"@id\":\"https:\/\/teamexact.com\/et\/raudtee-ja-teetood\/#breadcrumb\",\"itemListElement\":[{\"@type\":\"ListItem\",\"position\":1,\"name\":\"Home\",\"item\":\"https:\/\/teamexact.com\/et\/\"},{\"@type\":\"ListItem\",\"position\":2,\"name\":\"Raudtee- ja teet\u00f6\u00f6d\"}]},{\"@type\":\"WebSite\",\"@id\":\"https:\/\/teamexact.com\/sv\/#website\",\"url\":\"https:\/\/teamexact.com\/sv\/\",\"name\":\"EXACT\",\"description\":\"We see more\",\"potentialAction\":[{\"@type\":\"SearchAction\",\"target\":{\"@type\":\"EntryPoint\",\"urlTemplate\":\"https:\/\/teamexact.com\/sv\/?s={search_term_string}\"},\"query-input\":\"required name=search_term_string\"}],\"inLanguage\":\"et\"}]}<\/script>\n<!-- \/ Yoast SEO plugin. -->","yoast_head_json":{"title":"Raudtee- ja teet\u00f6\u00f6d - EXACT","robots":{"index":"index","follow":"follow","max-snippet":"max-snippet:-1","max-image-preview":"max-image-preview:large","max-video-preview":"max-video-preview:-1"},"canonical":"https:\/\/teamexact.com\/et\/raudtee-ja-teetood\/","og_locale":"et_EE","og_type":"article","og_title":"Raudtee- ja teet\u00f6\u00f6d - EXACT","og_description":"Raudtee m\u00f5\u00f5distamine EXACT&#8217;i raudteem\u00f5\u00f5distuste meeskond koosneb ekspertidest, kes on spetsialiseerunud raudteede ja metroode ehitus-, hooldus- ning remondiprojektide m\u00f5\u00f5distustele kogu Euroopas. Meil on k\u00f5ik vajalikud teadmised, oskused, kogemused ja vahendid t\u00e4psete andmete kiireks edastamiseks, et teie projekt ajakavas p\u00fcsiks. Kuna raudtee-ehitus on eriti n\u00f5udlik t\u00f6\u00f6, l\u00e4bivad k\u00f5ik EXACT&#8217;i raudtee m\u00f5\u00f5distuse meeskonna liikmed regulaarselt lubade uuendamiseks ja [&hellip;]","og_url":"https:\/\/teamexact.com\/et\/raudtee-ja-teetood\/","og_site_name":"EXACT","article_modified_time":"2015-08-19T07:16:14+00:00","twitter_card":"summary_large_image","twitter_misc":{"Est. reading time":"1 minut"},"schema":{"@context":"https:\/\/schema.org","@graph":[{"@type":"WebPage","@id":"https:\/\/teamexact.com\/et\/raudtee-ja-teetood\/","url":"https:\/\/teamexact.com\/et\/raudtee-ja-teetood\/","name":"Raudtee- ja teet\u00f6\u00f6d - EXACT","isPartOf":{"@id":"https:\/\/teamexact.com\/sv\/#website"},"datePublished":"2015-06-15T12:26:55+00:00","dateModified":"2015-08-19T07:16:14+00:00","breadcrumb":{"@id":"https:\/\/teamexact.com\/et\/raudtee-ja-teetood\/#breadcrumb"},"inLanguage":"et","potentialAction":[{"@type":"ReadAction","target":["https:\/\/teamexact.com\/et\/raudtee-ja-teetood\/"]}]},{"@type":"BreadcrumbList","@id":"https:\/\/teamexact.com\/et\/raudtee-ja-teetood\/#breadcrumb","itemListElement":[{"@type":"ListItem","position":1,"name":"Home","item":"https:\/\/teamexact.com\/et\/"},{"@type":"ListItem","position":2,"name":"Raudtee- ja teet\u00f6\u00f6d"}]},{"@type":"WebSite","@id":"https:\/\/teamexact.com\/sv\/#website","url":"https:\/\/teamexact.com\/sv\/","name":"EXACT","description":"We see more","potentialAction":[{"@type":"SearchAction","target":{"@type":"EntryPoint","urlTemplate":"https:\/\/teamexact.com\/sv\/?s={search_term_string}"},"query-input":"required name=search_term_string"}],"inLanguage":"et"}]}},"_links":{"self":[{"href":"https:\/\/teamexact.com\/et\/wp-json\/wp\/v2\/pages\/1347"}],"collection":[{"href":"https:\/\/teamexact.com\/et\/wp-json\/wp\/v2\/pages"}],"about":[{"href":"https:\/\/teamexact.com\/et\/wp-json\/wp\/v2\/types\/page"}],"author":[{"embeddable":true,"href":"https:\/\/teamexact.com\/et\/wp-json\/wp\/v2\/users\/1"}],"replies":[{"embeddable":true,"href":"https:\/\/teamexact.com\/et\/wp-json\/wp\/v2\/comments?post=1347"}],"version-history":[{"count":4,"href":"https:\/\/teamexact.com\/et\/wp-json\/wp\/v2\/pages\/1347\/revisions"}],"predecessor-version":[{"id":1801,"href":"https:\/\/teamexact.com\/et\/wp-json\/wp\/v2\/pages\/1347\/revisions\/1801"}],"wp:attachment":[{"href":"https:\/\/teamexact.com\/et\/wp-json\/wp\/v2\/media?parent=1347"}],"curies":[{"name":"wp","href":"https:\/\/api.w.org\/{rel}","templated":true}]}}