{"id":1349,"date":"2015-06-15T11:40:13","date_gmt":"2015-06-15T09:40:13","guid":{"rendered":"http:\/\/exact.lebowski.se\/real-estate-2\/"},"modified":"2018-06-29T13:31:27","modified_gmt":"2018-06-29T11:31:27","slug":"kinnisvara-arendus","status":"publish","type":"page","link":"https:\/\/teamexact.com\/et\/kinnisvara-arendus\/","title":{"rendered":"Kinnisvara arendus"},"content":{"rendered":"<p><strong>Oleme eksperdid 3D laserskaneerimise valdkonnas, mis v\u00f5imaldab meil m\u00f5\u00f5ta nii suuri kui ka keerukaid alasid kiirelt ja t\u00e4pselt. M\u00e4rkame kinnisvara iga detaili ja pakume teile andmeid, mida kinnisvara t\u00e4pseks haldamiseks vajate. EXACT&#8217;i spetsialistid aitavad teil \u00fcles leida ruutmeetrid, millest te isegi teadlik polnud ning varustavad teid t\u00e4pse dokumentatsiooni ning joonistega, mis on abiks teie kinnisvara arendusprojekti k\u00f5ikides faasides. N\u00e4eme teie kinnisvaras rohkemat.<\/strong><\/p>\n<p>&nbsp;<\/p>\n<h3>3D abil n\u00e4eme rohkem<\/h3>\n<p>Tegeleme igat t\u00fc\u00fcpi komplekssete ruumide ja suurem\u00f5\u00f5tmeliste objektide nagu elu- ja \u00e4rihoonete, tehaste, sisekeskkondade ja rajatiste m\u00f5\u00f5distamisega. EXACT toetub andmete kiireks ja t\u00e4pseks kogumiseks k\u00f5rgetasemelistele 3D laserskaneerimise tehnoloogiatele, p\u00f6\u00f6rates t\u00e4helepanu igale \u00fcksikasjale. Meie m\u00f5\u00f5distamise tulemuseks on v\u00e4\u00e4rtuslike m\u00f5\u00f5teandmete kogum, mida on v\u00f5imalik kasutada erineva otstarbega tuletiste saamiseks. Esitame ja edastame need andmed 3D mudelite, 2D jooniste v\u00f5i vaadete\/l\u00f5igete kujul, vastavalt teie t\u00e4psetele soovidele.<\/p>\n<h3>Teostusdokumentatsioon<\/h3>\n<p>Projekteerimis-, rekonstrueerimis- ning muud ehitus- ja haldusprojektid eeldavad hilisemaks k\u00e4itamiseks ja hoolduseks vajalikku t\u00e4pset, terviklikku ning \u00f5igeaegset dokumentatsiooni. EXACT koostab k\u00f5igi s\u00fcsteemiosade m\u00f5\u00f5tmete ja asukoha dokumenteerimiseks teie ehitistest CAD inventariseerimisjoonised. J\u00e4rgime dokumentatsiooni osas teie vajadusi ja n\u00f5udeid. Inventariseerimisjoonised on v\u00f5imalik koostada p\u00e4rast terviklikku m\u00f5\u00f5distamist v\u00f5i p\u00e4rast osalist m\u00f5\u00f5distamist, kui tahate lihtsalt oma olemasolevaid jooniseid t\u00e4iendada.<\/p>\n<h3>BIM \u2013 Ehitusinfo modelleerimine<\/h3>\n<p>Pakume <i>Building Information Modelling <\/i>(BIM) andmeid, mis toetavad teid oma ehitiste osas arukate otsuste langetamisel. EXACT kasutab 3D laserskaneerimise tehnoloogiat t\u00e4psete digitaalsete mudelite loomiseks, mis aitavad teie arhitektidel, inseneridel ning projekteerijatel visualiseerida vormi ja funktsiooni, et nad saaksid prognoosida kulusid ning teha ennetavalt vajalikke muudatusi. Tehke kulukate vigade v\u00e4ltimiseks protsessis aegsasti tarku otsuseid ning tagage h\u00e4sti ehitatud, tulus ja energiat\u00f5hus ehitis.<\/p>\n","protected":false},"excerpt":{"rendered":"<p>Oleme eksperdid 3D laserskaneerimise valdkonnas, mis v\u00f5imaldab meil m\u00f5\u00f5ta nii suuri kui ka keerukaid alasid kiirelt ja t\u00e4pselt. M\u00e4rkame kinnisvara iga detaili ja pakume teile andmeid, mida kinnisvara t\u00e4pseks haldamiseks vajate. EXACT&#8217;i spetsialistid aitavad teil \u00fcles leida ruutmeetrid, millest te isegi teadlik polnud ning varustavad teid t\u00e4pse dokumentatsiooni ning joonistega, mis on abiks teie kinnisvara [&hellip;]<\/p>\n","protected":false},"author":1,"featured_media":0,"parent":0,"menu_order":0,"comment_status":"open","ping_status":"open","template":"template-area.php","meta":{"_acf_changed":false,"footnotes":""},"acf":[],"yoast_head":"<!-- This site is optimized with the Yoast SEO plugin v22.2 - https:\/\/yoast.com\/wordpress\/plugins\/seo\/ -->\n<title>Kinnisvara arendus - EXACT<\/title>\n<meta name=\"robots\" content=\"index, follow, max-snippet:-1, max-image-preview:large, max-video-preview:-1\" \/>\n<link rel=\"canonical\" href=\"https:\/\/teamexact.com\/et\/kinnisvara-arendus\/\" \/>\n<meta property=\"og:locale\" content=\"et_EE\" \/>\n<meta property=\"og:type\" content=\"article\" \/>\n<meta property=\"og:title\" content=\"Kinnisvara arendus - EXACT\" \/>\n<meta property=\"og:description\" content=\"Oleme eksperdid 3D laserskaneerimise valdkonnas, mis v\u00f5imaldab meil m\u00f5\u00f5ta nii suuri kui ka keerukaid alasid kiirelt ja t\u00e4pselt. M\u00e4rkame kinnisvara iga detaili ja pakume teile andmeid, mida kinnisvara t\u00e4pseks haldamiseks vajate. EXACT&#8217;i spetsialistid aitavad teil \u00fcles leida ruutmeetrid, millest te isegi teadlik polnud ning varustavad teid t\u00e4pse dokumentatsiooni ning joonistega, mis on abiks teie kinnisvara [&hellip;]\" \/>\n<meta property=\"og:url\" content=\"https:\/\/teamexact.com\/et\/kinnisvara-arendus\/\" \/>\n<meta property=\"og:site_name\" content=\"EXACT\" \/>\n<meta property=\"article:modified_time\" content=\"2018-06-29T11:31:27+00:00\" \/>\n<meta name=\"twitter:card\" content=\"summary_large_image\" \/>\n<meta name=\"twitter:label1\" content=\"Est. reading time\" \/>\n\t<meta name=\"twitter:data1\" content=\"1 minut\" \/>\n<script type=\"application\/ld+json\" class=\"yoast-schema-graph\">{\"@context\":\"https:\/\/schema.org\",\"@graph\":[{\"@type\":\"WebPage\",\"@id\":\"https:\/\/teamexact.com\/et\/kinnisvara-arendus\/\",\"url\":\"https:\/\/teamexact.com\/et\/kinnisvara-arendus\/\",\"name\":\"Kinnisvara arendus - EXACT\",\"isPartOf\":{\"@id\":\"https:\/\/teamexact.com\/sv\/#website\"},\"datePublished\":\"2015-06-15T09:40:13+00:00\",\"dateModified\":\"2018-06-29T11:31:27+00:00\",\"breadcrumb\":{\"@id\":\"https:\/\/teamexact.com\/et\/kinnisvara-arendus\/#breadcrumb\"},\"inLanguage\":\"et\",\"potentialAction\":[{\"@type\":\"ReadAction\",\"target\":[\"https:\/\/teamexact.com\/et\/kinnisvara-arendus\/\"]}]},{\"@type\":\"BreadcrumbList\",\"@id\":\"https:\/\/teamexact.com\/et\/kinnisvara-arendus\/#breadcrumb\",\"itemListElement\":[{\"@type\":\"ListItem\",\"position\":1,\"name\":\"Home\",\"item\":\"https:\/\/teamexact.com\/et\/\"},{\"@type\":\"ListItem\",\"position\":2,\"name\":\"Kinnisvara arendus\"}]},{\"@type\":\"WebSite\",\"@id\":\"https:\/\/teamexact.com\/sv\/#website\",\"url\":\"https:\/\/teamexact.com\/sv\/\",\"name\":\"EXACT\",\"description\":\"We see more\",\"potentialAction\":[{\"@type\":\"SearchAction\",\"target\":{\"@type\":\"EntryPoint\",\"urlTemplate\":\"https:\/\/teamexact.com\/sv\/?s={search_term_string}\"},\"query-input\":\"required name=search_term_string\"}],\"inLanguage\":\"et\"}]}<\/script>\n<!-- \/ Yoast SEO plugin. -->","yoast_head_json":{"title":"Kinnisvara arendus - EXACT","robots":{"index":"index","follow":"follow","max-snippet":"max-snippet:-1","max-image-preview":"max-image-preview:large","max-video-preview":"max-video-preview:-1"},"canonical":"https:\/\/teamexact.com\/et\/kinnisvara-arendus\/","og_locale":"et_EE","og_type":"article","og_title":"Kinnisvara arendus - EXACT","og_description":"Oleme eksperdid 3D laserskaneerimise valdkonnas, mis v\u00f5imaldab meil m\u00f5\u00f5ta nii suuri kui ka keerukaid alasid kiirelt ja t\u00e4pselt. M\u00e4rkame kinnisvara iga detaili ja pakume teile andmeid, mida kinnisvara t\u00e4pseks haldamiseks vajate. EXACT&#8217;i spetsialistid aitavad teil \u00fcles leida ruutmeetrid, millest te isegi teadlik polnud ning varustavad teid t\u00e4pse dokumentatsiooni ning joonistega, mis on abiks teie kinnisvara [&hellip;]","og_url":"https:\/\/teamexact.com\/et\/kinnisvara-arendus\/","og_site_name":"EXACT","article_modified_time":"2018-06-29T11:31:27+00:00","twitter_card":"summary_large_image","twitter_misc":{"Est. reading time":"1 minut"},"schema":{"@context":"https:\/\/schema.org","@graph":[{"@type":"WebPage","@id":"https:\/\/teamexact.com\/et\/kinnisvara-arendus\/","url":"https:\/\/teamexact.com\/et\/kinnisvara-arendus\/","name":"Kinnisvara arendus - EXACT","isPartOf":{"@id":"https:\/\/teamexact.com\/sv\/#website"},"datePublished":"2015-06-15T09:40:13+00:00","dateModified":"2018-06-29T11:31:27+00:00","breadcrumb":{"@id":"https:\/\/teamexact.com\/et\/kinnisvara-arendus\/#breadcrumb"},"inLanguage":"et","potentialAction":[{"@type":"ReadAction","target":["https:\/\/teamexact.com\/et\/kinnisvara-arendus\/"]}]},{"@type":"BreadcrumbList","@id":"https:\/\/teamexact.com\/et\/kinnisvara-arendus\/#breadcrumb","itemListElement":[{"@type":"ListItem","position":1,"name":"Home","item":"https:\/\/teamexact.com\/et\/"},{"@type":"ListItem","position":2,"name":"Kinnisvara arendus"}]},{"@type":"WebSite","@id":"https:\/\/teamexact.com\/sv\/#website","url":"https:\/\/teamexact.com\/sv\/","name":"EXACT","description":"We see more","potentialAction":[{"@type":"SearchAction","target":{"@type":"EntryPoint","urlTemplate":"https:\/\/teamexact.com\/sv\/?s={search_term_string}"},"query-input":"required name=search_term_string"}],"inLanguage":"et"}]}},"_links":{"self":[{"href":"https:\/\/teamexact.com\/et\/wp-json\/wp\/v2\/pages\/1349"}],"collection":[{"href":"https:\/\/teamexact.com\/et\/wp-json\/wp\/v2\/pages"}],"about":[{"href":"https:\/\/teamexact.com\/et\/wp-json\/wp\/v2\/types\/page"}],"author":[{"embeddable":true,"href":"https:\/\/teamexact.com\/et\/wp-json\/wp\/v2\/users\/1"}],"replies":[{"embeddable":true,"href":"https:\/\/teamexact.com\/et\/wp-json\/wp\/v2\/comments?post=1349"}],"version-history":[{"count":10,"href":"https:\/\/teamexact.com\/et\/wp-json\/wp\/v2\/pages\/1349\/revisions"}],"predecessor-version":[{"id":3643,"href":"https:\/\/teamexact.com\/et\/wp-json\/wp\/v2\/pages\/1349\/revisions\/3643"}],"wp:attachment":[{"href":"https:\/\/teamexact.com\/et\/wp-json\/wp\/v2\/media?parent=1349"}],"curies":[{"name":"wp","href":"https:\/\/api.w.org\/{rel}","templated":true}]}}