{"id":1353,"date":"2015-06-15T14:15:35","date_gmt":"2015-06-15T12:15:35","guid":{"rendered":"http:\/\/exact.lebowski.se\/topographic-surveying-2\/"},"modified":"2015-08-19T09:15:58","modified_gmt":"2015-08-19T07:15:58","slug":"topo-geodeetilised-uuringud","status":"publish","type":"page","link":"https:\/\/teamexact.com\/et\/topo-geodeetilised-uuringud\/","title":{"rendered":"Topo-geodeetilised uuringud"},"content":{"rendered":"<p><strong>Oleme partner, kelle peale v\u00f5ite loota, kui otsite spetsialiseeritud oskusi ja kvalifitseeritust. EXACT on suur, paljude t\u00f6\u00f6tajate ja ressurssidega v\u00e4ljakujunenud organisatsioon, mist\u00f5ttu ei pea te oma projektide ja \u00fclesannete t\u00e4itmist kunagi kaua ootama. EXACT&#8217;i topo-m\u00f5\u00f5distamise meeskond koosneb erialase haridusega tippspetsialistidest. Oleme keskendunud kvaliteedile ja t\u00e4psusele.<\/strong><\/p>\n<p>Teostame erineva suurusega maa-alade m\u00f5\u00f5distamist ning pakume teie projekti jaoks kasutusvalmis m\u00f5\u00f5teandmeid ja maastikumudeleid. Meie oskused ja seadmed sobivad ka detailseteks t\u00f6\u00f6stusm\u00f5\u00f5distusteks, mis eeldavad suurt t\u00e4psust ning teadmisi t\u00f6\u00f6stusharule spetsiifilistest meetoditest ja seadmetest. Meid kaasatakse tihti eri t\u00fc\u00fcpi aerofotogeodeetiliste t\u00f6\u00f6de m\u00f5\u00f5distuspunktide m\u00e4\u00e4ramisse ning samuti hoolitseme hea meelega teie projektiga seotud helikopterim\u00f5\u00f5distuste eest.<\/p>\n<h3>Katastri\u00fcksuste m\u00f5\u00f5distamine ja kinnistu piiride m\u00e4\u00e4ramine<\/h3>\n<p>EXACT pakub m\u00f5\u00f5distusandmeid, mida vajate oma kinnistu piiride m\u00e4\u00e4ratlemiseks v\u00f5i uute kinnistute moodustamseks olemasolevate jagamise v\u00f5i liitmise abil. M\u00f5\u00f5dame ja kogume samuti andmeid kitsendusi p\u00f5hjustavatest maapealsetest ja maa-alustest kommunikatsioonidest. Plaanid on saadaval 2D ja 3D formaadis ning sisaldavad GIS-i atribuute ning nendega seotud teavet. EXACT v\u00f5ib v\u00f5tta enda hoolde k\u00f5ik kaardistamise etapid \u2013 alates piirkonnale sobiva m\u00f5\u00f5tmismeetodi valimisest kuni andmekogumiseni teie valitud referentss\u00fcsteemis. Meie k\u00f5ige tugevamaks k\u00fcljeks on kiire t\u00e4htaeg. EXACT&#8217;il on ka suur geograafiline tegevuspiirkond ning palju inimressursse, mist\u00f5ttu saame pakkuda parimat kvaliteeti olenemata projekti asukohast.<\/p>\n<h3>Mehitamata \u00f5hus\u00f5idukid (UAV)<\/h3>\n<p>Lisaks m\u00f5\u00f5distustele maapinnal, kasutame ka laserskaneerimist \u00f5hust ning mehitamata \u00f5hus\u00f5idukeid. Mehitamata \u00f5hus\u00f5idukid on \u00fclevaatuse, j\u00e4relevalve, kaardistamise ja 3D modelleerimise eesm\u00e4rgil andmete kogumises v\u00e4\u00e4rtuslikud t\u00f6\u00f6vahendid. Soovitame <i>fixed-wing<\/i> mitme rootoriga lahendust ortofotode tegemiseks ning taristu ja karj\u00e4\u00e4ride-kaevanduste 3D kaardistamiseks. EXACT\u2019i mehitamata \u00f5hus\u00f5iduk on nutikas viis objekti andmete ajakohastena hoidmiseks.<\/p>\n<h3>Stop-and-Go 3D\u00a0<b>laserskaneerimine<\/b><\/h3>\n<p>EXACT&#8217;i 3D laserskanneriga varustatud m\u00f5\u00f5distusautoga saavad meie t\u00f6\u00f6tajad m\u00f5\u00f5distada maapinda kiirelt ja koguda t\u00e4pseid ruumiandmeid. M\u00f5\u00f5distusauto on eriti kasulik topograafiliste plaanide, 3D visualiseerimise ja digitaalsete maastikumudelite (DTM) loomisel. V\u00f5ime m\u00f5\u00f5distada p\u00e4evas kuni miljoni ruutmeetri suurusi alasid ning m\u00f5\u00f5ta ka k\u00f5ige v\u00e4iksemat detaili suurima t\u00e4psusega, tuginedes uudseimale 3D laserskaneerimise tehnoloogiale.<\/p>\n","protected":false},"excerpt":{"rendered":"<p>Oleme partner, kelle peale v\u00f5ite loota, kui otsite spetsialiseeritud oskusi ja kvalifitseeritust. EXACT on suur, paljude t\u00f6\u00f6tajate ja ressurssidega v\u00e4ljakujunenud organisatsioon, mist\u00f5ttu ei pea te oma projektide ja \u00fclesannete t\u00e4itmist kunagi kaua ootama. EXACT&#8217;i topo-m\u00f5\u00f5distamise meeskond koosneb erialase haridusega tippspetsialistidest. Oleme keskendunud kvaliteedile ja t\u00e4psusele. Teostame erineva suurusega maa-alade m\u00f5\u00f5distamist ning pakume teie projekti jaoks [&hellip;]<\/p>\n","protected":false},"author":1,"featured_media":0,"parent":0,"menu_order":0,"comment_status":"open","ping_status":"open","template":"template-page.php","meta":{"_acf_changed":false,"footnotes":""},"acf":[],"yoast_head":"<!-- This site is optimized with the Yoast SEO plugin v22.2 - https:\/\/yoast.com\/wordpress\/plugins\/seo\/ -->\n<title>Topo-geodeetilised uuringud - EXACT<\/title>\n<meta name=\"robots\" content=\"index, follow, max-snippet:-1, max-image-preview:large, max-video-preview:-1\" \/>\n<link rel=\"canonical\" href=\"https:\/\/teamexact.com\/et\/topo-geodeetilised-uuringud\/\" \/>\n<meta property=\"og:locale\" content=\"et_EE\" \/>\n<meta property=\"og:type\" content=\"article\" \/>\n<meta property=\"og:title\" content=\"Topo-geodeetilised uuringud - EXACT\" \/>\n<meta property=\"og:description\" content=\"Oleme partner, kelle peale v\u00f5ite loota, kui otsite spetsialiseeritud oskusi ja kvalifitseeritust. EXACT on suur, paljude t\u00f6\u00f6tajate ja ressurssidega v\u00e4ljakujunenud organisatsioon, mist\u00f5ttu ei pea te oma projektide ja \u00fclesannete t\u00e4itmist kunagi kaua ootama. EXACT&#8217;i topo-m\u00f5\u00f5distamise meeskond koosneb erialase haridusega tippspetsialistidest. Oleme keskendunud kvaliteedile ja t\u00e4psusele. Teostame erineva suurusega maa-alade m\u00f5\u00f5distamist ning pakume teie projekti jaoks [&hellip;]\" \/>\n<meta property=\"og:url\" content=\"https:\/\/teamexact.com\/et\/topo-geodeetilised-uuringud\/\" \/>\n<meta property=\"og:site_name\" content=\"EXACT\" \/>\n<meta property=\"article:modified_time\" content=\"2015-08-19T07:15:58+00:00\" \/>\n<meta name=\"twitter:card\" content=\"summary_large_image\" \/>\n<meta name=\"twitter:label1\" content=\"Est. reading time\" \/>\n\t<meta name=\"twitter:data1\" content=\"2 minutit\" \/>\n<script type=\"application\/ld+json\" class=\"yoast-schema-graph\">{\"@context\":\"https:\/\/schema.org\",\"@graph\":[{\"@type\":\"WebPage\",\"@id\":\"https:\/\/teamexact.com\/et\/topo-geodeetilised-uuringud\/\",\"url\":\"https:\/\/teamexact.com\/et\/topo-geodeetilised-uuringud\/\",\"name\":\"Topo-geodeetilised uuringud - EXACT\",\"isPartOf\":{\"@id\":\"https:\/\/teamexact.com\/sv\/#website\"},\"datePublished\":\"2015-06-15T12:15:35+00:00\",\"dateModified\":\"2015-08-19T07:15:58+00:00\",\"breadcrumb\":{\"@id\":\"https:\/\/teamexact.com\/et\/topo-geodeetilised-uuringud\/#breadcrumb\"},\"inLanguage\":\"et\",\"potentialAction\":[{\"@type\":\"ReadAction\",\"target\":[\"https:\/\/teamexact.com\/et\/topo-geodeetilised-uuringud\/\"]}]},{\"@type\":\"BreadcrumbList\",\"@id\":\"https:\/\/teamexact.com\/et\/topo-geodeetilised-uuringud\/#breadcrumb\",\"itemListElement\":[{\"@type\":\"ListItem\",\"position\":1,\"name\":\"Home\",\"item\":\"https:\/\/teamexact.com\/et\/\"},{\"@type\":\"ListItem\",\"position\":2,\"name\":\"Topo-geodeetilised uuringud\"}]},{\"@type\":\"WebSite\",\"@id\":\"https:\/\/teamexact.com\/sv\/#website\",\"url\":\"https:\/\/teamexact.com\/sv\/\",\"name\":\"EXACT\",\"description\":\"We see more\",\"potentialAction\":[{\"@type\":\"SearchAction\",\"target\":{\"@type\":\"EntryPoint\",\"urlTemplate\":\"https:\/\/teamexact.com\/sv\/?s={search_term_string}\"},\"query-input\":\"required name=search_term_string\"}],\"inLanguage\":\"et\"}]}<\/script>\n<!-- \/ Yoast SEO plugin. -->","yoast_head_json":{"title":"Topo-geodeetilised uuringud - EXACT","robots":{"index":"index","follow":"follow","max-snippet":"max-snippet:-1","max-image-preview":"max-image-preview:large","max-video-preview":"max-video-preview:-1"},"canonical":"https:\/\/teamexact.com\/et\/topo-geodeetilised-uuringud\/","og_locale":"et_EE","og_type":"article","og_title":"Topo-geodeetilised uuringud - EXACT","og_description":"Oleme partner, kelle peale v\u00f5ite loota, kui otsite spetsialiseeritud oskusi ja kvalifitseeritust. EXACT on suur, paljude t\u00f6\u00f6tajate ja ressurssidega v\u00e4ljakujunenud organisatsioon, mist\u00f5ttu ei pea te oma projektide ja \u00fclesannete t\u00e4itmist kunagi kaua ootama. EXACT&#8217;i topo-m\u00f5\u00f5distamise meeskond koosneb erialase haridusega tippspetsialistidest. Oleme keskendunud kvaliteedile ja t\u00e4psusele. Teostame erineva suurusega maa-alade m\u00f5\u00f5distamist ning pakume teie projekti jaoks [&hellip;]","og_url":"https:\/\/teamexact.com\/et\/topo-geodeetilised-uuringud\/","og_site_name":"EXACT","article_modified_time":"2015-08-19T07:15:58+00:00","twitter_card":"summary_large_image","twitter_misc":{"Est. reading time":"2 minutit"},"schema":{"@context":"https:\/\/schema.org","@graph":[{"@type":"WebPage","@id":"https:\/\/teamexact.com\/et\/topo-geodeetilised-uuringud\/","url":"https:\/\/teamexact.com\/et\/topo-geodeetilised-uuringud\/","name":"Topo-geodeetilised uuringud - EXACT","isPartOf":{"@id":"https:\/\/teamexact.com\/sv\/#website"},"datePublished":"2015-06-15T12:15:35+00:00","dateModified":"2015-08-19T07:15:58+00:00","breadcrumb":{"@id":"https:\/\/teamexact.com\/et\/topo-geodeetilised-uuringud\/#breadcrumb"},"inLanguage":"et","potentialAction":[{"@type":"ReadAction","target":["https:\/\/teamexact.com\/et\/topo-geodeetilised-uuringud\/"]}]},{"@type":"BreadcrumbList","@id":"https:\/\/teamexact.com\/et\/topo-geodeetilised-uuringud\/#breadcrumb","itemListElement":[{"@type":"ListItem","position":1,"name":"Home","item":"https:\/\/teamexact.com\/et\/"},{"@type":"ListItem","position":2,"name":"Topo-geodeetilised uuringud"}]},{"@type":"WebSite","@id":"https:\/\/teamexact.com\/sv\/#website","url":"https:\/\/teamexact.com\/sv\/","name":"EXACT","description":"We see more","potentialAction":[{"@type":"SearchAction","target":{"@type":"EntryPoint","urlTemplate":"https:\/\/teamexact.com\/sv\/?s={search_term_string}"},"query-input":"required name=search_term_string"}],"inLanguage":"et"}]}},"_links":{"self":[{"href":"https:\/\/teamexact.com\/et\/wp-json\/wp\/v2\/pages\/1353"}],"collection":[{"href":"https:\/\/teamexact.com\/et\/wp-json\/wp\/v2\/pages"}],"about":[{"href":"https:\/\/teamexact.com\/et\/wp-json\/wp\/v2\/types\/page"}],"author":[{"embeddable":true,"href":"https:\/\/teamexact.com\/et\/wp-json\/wp\/v2\/users\/1"}],"replies":[{"embeddable":true,"href":"https:\/\/teamexact.com\/et\/wp-json\/wp\/v2\/comments?post=1353"}],"version-history":[{"count":5,"href":"https:\/\/teamexact.com\/et\/wp-json\/wp\/v2\/pages\/1353\/revisions"}],"predecessor-version":[{"id":1798,"href":"https:\/\/teamexact.com\/et\/wp-json\/wp\/v2\/pages\/1353\/revisions\/1798"}],"wp:attachment":[{"href":"https:\/\/teamexact.com\/et\/wp-json\/wp\/v2\/media?parent=1353"}],"curies":[{"name":"wp","href":"https:\/\/api.w.org\/{rel}","templated":true}]}}