{"id":1355,"date":"2015-06-18T12:30:47","date_gmt":"2015-06-18T10:30:47","guid":{"rendered":"http:\/\/exact.lebowski.se\/jobs-2\/"},"modified":"2015-11-23T13:01:15","modified_gmt":"2015-11-23T12:01:15","slug":"too-exactis","status":"publish","type":"page","link":"https:\/\/teamexact.com\/et\/too-exactis\/","title":{"rendered":"T\u00f6\u00f6 EXACT&#8217;is"},"content":{"rendered":"<p><strong>T\u00f6\u00f6 peaks olema l\u00f5bus ja seda see EXACT&#8217;is ongi. \u00dcks meie t\u00e4htsamaid m\u00f5\u00f5detavaid eesm\u00e4rke ongi k\u00f5igi meie t\u00f6\u00f6tajate t\u00f6\u00f6rahulolu. Sageli on EXACT&#8217;i t\u00f6\u00f6tajad kohal objektidel, kus toimub tsiviilehituse vallas midagi p\u00f5nevat. Meie klientideks on nii suured kui ka v\u00e4ikesed ettev\u00f5tted, nii maailmakuulsad kui ka v\u00e4hemtuntud organisatsioonid.<\/strong><\/p>\n<p>T\u00f6\u00f6tamine EXACT&#8217;is annab teile v\u00f5imaluse saada rahvusvahelist kogemust ja edendada t\u00e4htsaid tsiviilehitusprojekte. EXACT&#8217;i tiimi liikmed on osalenud muuhulgas Ormen Lange maagaasiv\u00e4lja ehitusel Norras, maam\u00e4rgiks saanud pilvel\u00f5hkuja Turning Torso ehitamisel Malm\u00f6s Rootsis, Stockholmi Tele2 Arena ehitusel ning erinevates suurtes naftapuurplatvormide ehitusprojektides Venemaal.<\/p>\n<p>Oleme kohal kogu Euroopas ning planeerime l\u00e4hiajal oma m\u00f5juala veelgi laiendada. Hetkel kuulub meie tiimi ligi 200 Norra, Soome, Rootsi, Eesti ja T\u0161ehhi kontorites t\u00f6\u00f6tavat liiget.<\/p>\n<p>Kasutage v\u00f5imalust ja liituge meiega ning looge endale tulevik ja karj\u00e4\u00e4r EXACT&#8217;is.<\/p>\n<p>&nbsp;<\/p>\n<h3>VABAD T\u00d6\u00d6KOHAD<\/h3>\n<p><strong><br \/>\n<\/strong><\/p>\n<p>&nbsp;<\/p>\n<p>&nbsp;<\/p>\n","protected":false},"excerpt":{"rendered":"<p>T\u00f6\u00f6 peaks olema l\u00f5bus ja seda see EXACT&#8217;is ongi. \u00dcks meie t\u00e4htsamaid m\u00f5\u00f5detavaid eesm\u00e4rke ongi k\u00f5igi meie t\u00f6\u00f6tajate t\u00f6\u00f6rahulolu. Sageli on EXACT&#8217;i t\u00f6\u00f6tajad kohal objektidel, kus toimub tsiviilehituse vallas midagi p\u00f5nevat. Meie klientideks on nii suured kui ka v\u00e4ikesed ettev\u00f5tted, nii maailmakuulsad kui ka v\u00e4hemtuntud organisatsioonid. T\u00f6\u00f6tamine EXACT&#8217;is annab teile v\u00f5imaluse saada rahvusvahelist kogemust ja [&hellip;]<\/p>\n","protected":false},"author":1,"featured_media":0,"parent":0,"menu_order":0,"comment_status":"open","ping_status":"open","template":"template-page.php","meta":{"_acf_changed":false,"footnotes":""},"acf":[],"yoast_head":"<!-- This site is optimized with the Yoast SEO plugin v22.2 - https:\/\/yoast.com\/wordpress\/plugins\/seo\/ -->\n<title>T\u00f6\u00f6 EXACT&#039;is - EXACT<\/title>\n<meta name=\"robots\" content=\"index, follow, max-snippet:-1, max-image-preview:large, max-video-preview:-1\" \/>\n<link rel=\"canonical\" href=\"https:\/\/teamexact.com\/et\/too-exactis\/\" \/>\n<meta property=\"og:locale\" content=\"et_EE\" \/>\n<meta property=\"og:type\" content=\"article\" \/>\n<meta property=\"og:title\" content=\"T\u00f6\u00f6 EXACT&#039;is - EXACT\" \/>\n<meta property=\"og:description\" content=\"T\u00f6\u00f6 peaks olema l\u00f5bus ja seda see EXACT&#8217;is ongi. \u00dcks meie t\u00e4htsamaid m\u00f5\u00f5detavaid eesm\u00e4rke ongi k\u00f5igi meie t\u00f6\u00f6tajate t\u00f6\u00f6rahulolu. Sageli on EXACT&#8217;i t\u00f6\u00f6tajad kohal objektidel, kus toimub tsiviilehituse vallas midagi p\u00f5nevat. Meie klientideks on nii suured kui ka v\u00e4ikesed ettev\u00f5tted, nii maailmakuulsad kui ka v\u00e4hemtuntud organisatsioonid. T\u00f6\u00f6tamine EXACT&#8217;is annab teile v\u00f5imaluse saada rahvusvahelist kogemust ja [&hellip;]\" \/>\n<meta property=\"og:url\" content=\"https:\/\/teamexact.com\/et\/too-exactis\/\" \/>\n<meta property=\"og:site_name\" content=\"EXACT\" \/>\n<meta property=\"article:modified_time\" content=\"2015-11-23T12:01:15+00:00\" \/>\n<meta name=\"twitter:card\" content=\"summary_large_image\" \/>\n<meta name=\"twitter:label1\" content=\"Est. reading time\" \/>\n\t<meta name=\"twitter:data1\" content=\"1 minut\" \/>\n<script type=\"application\/ld+json\" class=\"yoast-schema-graph\">{\"@context\":\"https:\/\/schema.org\",\"@graph\":[{\"@type\":\"WebPage\",\"@id\":\"https:\/\/teamexact.com\/et\/too-exactis\/\",\"url\":\"https:\/\/teamexact.com\/et\/too-exactis\/\",\"name\":\"T\u00f6\u00f6 EXACT'is - EXACT\",\"isPartOf\":{\"@id\":\"https:\/\/teamexact.com\/sv\/#website\"},\"datePublished\":\"2015-06-18T10:30:47+00:00\",\"dateModified\":\"2015-11-23T12:01:15+00:00\",\"breadcrumb\":{\"@id\":\"https:\/\/teamexact.com\/et\/too-exactis\/#breadcrumb\"},\"inLanguage\":\"et\",\"potentialAction\":[{\"@type\":\"ReadAction\",\"target\":[\"https:\/\/teamexact.com\/et\/too-exactis\/\"]}]},{\"@type\":\"BreadcrumbList\",\"@id\":\"https:\/\/teamexact.com\/et\/too-exactis\/#breadcrumb\",\"itemListElement\":[{\"@type\":\"ListItem\",\"position\":1,\"name\":\"Home\",\"item\":\"https:\/\/teamexact.com\/et\/\"},{\"@type\":\"ListItem\",\"position\":2,\"name\":\"T\u00f6\u00f6 EXACT&#8217;is\"}]},{\"@type\":\"WebSite\",\"@id\":\"https:\/\/teamexact.com\/sv\/#website\",\"url\":\"https:\/\/teamexact.com\/sv\/\",\"name\":\"EXACT\",\"description\":\"We see more\",\"potentialAction\":[{\"@type\":\"SearchAction\",\"target\":{\"@type\":\"EntryPoint\",\"urlTemplate\":\"https:\/\/teamexact.com\/sv\/?s={search_term_string}\"},\"query-input\":\"required name=search_term_string\"}],\"inLanguage\":\"et\"}]}<\/script>\n<!-- \/ Yoast SEO plugin. -->","yoast_head_json":{"title":"T\u00f6\u00f6 EXACT'is - EXACT","robots":{"index":"index","follow":"follow","max-snippet":"max-snippet:-1","max-image-preview":"max-image-preview:large","max-video-preview":"max-video-preview:-1"},"canonical":"https:\/\/teamexact.com\/et\/too-exactis\/","og_locale":"et_EE","og_type":"article","og_title":"T\u00f6\u00f6 EXACT'is - EXACT","og_description":"T\u00f6\u00f6 peaks olema l\u00f5bus ja seda see EXACT&#8217;is ongi. \u00dcks meie t\u00e4htsamaid m\u00f5\u00f5detavaid eesm\u00e4rke ongi k\u00f5igi meie t\u00f6\u00f6tajate t\u00f6\u00f6rahulolu. Sageli on EXACT&#8217;i t\u00f6\u00f6tajad kohal objektidel, kus toimub tsiviilehituse vallas midagi p\u00f5nevat. Meie klientideks on nii suured kui ka v\u00e4ikesed ettev\u00f5tted, nii maailmakuulsad kui ka v\u00e4hemtuntud organisatsioonid. T\u00f6\u00f6tamine EXACT&#8217;is annab teile v\u00f5imaluse saada rahvusvahelist kogemust ja [&hellip;]","og_url":"https:\/\/teamexact.com\/et\/too-exactis\/","og_site_name":"EXACT","article_modified_time":"2015-11-23T12:01:15+00:00","twitter_card":"summary_large_image","twitter_misc":{"Est. reading time":"1 minut"},"schema":{"@context":"https:\/\/schema.org","@graph":[{"@type":"WebPage","@id":"https:\/\/teamexact.com\/et\/too-exactis\/","url":"https:\/\/teamexact.com\/et\/too-exactis\/","name":"T\u00f6\u00f6 EXACT'is - EXACT","isPartOf":{"@id":"https:\/\/teamexact.com\/sv\/#website"},"datePublished":"2015-06-18T10:30:47+00:00","dateModified":"2015-11-23T12:01:15+00:00","breadcrumb":{"@id":"https:\/\/teamexact.com\/et\/too-exactis\/#breadcrumb"},"inLanguage":"et","potentialAction":[{"@type":"ReadAction","target":["https:\/\/teamexact.com\/et\/too-exactis\/"]}]},{"@type":"BreadcrumbList","@id":"https:\/\/teamexact.com\/et\/too-exactis\/#breadcrumb","itemListElement":[{"@type":"ListItem","position":1,"name":"Home","item":"https:\/\/teamexact.com\/et\/"},{"@type":"ListItem","position":2,"name":"T\u00f6\u00f6 EXACT&#8217;is"}]},{"@type":"WebSite","@id":"https:\/\/teamexact.com\/sv\/#website","url":"https:\/\/teamexact.com\/sv\/","name":"EXACT","description":"We see more","potentialAction":[{"@type":"SearchAction","target":{"@type":"EntryPoint","urlTemplate":"https:\/\/teamexact.com\/sv\/?s={search_term_string}"},"query-input":"required name=search_term_string"}],"inLanguage":"et"}]}},"_links":{"self":[{"href":"https:\/\/teamexact.com\/et\/wp-json\/wp\/v2\/pages\/1355"}],"collection":[{"href":"https:\/\/teamexact.com\/et\/wp-json\/wp\/v2\/pages"}],"about":[{"href":"https:\/\/teamexact.com\/et\/wp-json\/wp\/v2\/types\/page"}],"author":[{"embeddable":true,"href":"https:\/\/teamexact.com\/et\/wp-json\/wp\/v2\/users\/1"}],"replies":[{"embeddable":true,"href":"https:\/\/teamexact.com\/et\/wp-json\/wp\/v2\/comments?post=1355"}],"version-history":[{"count":8,"href":"https:\/\/teamexact.com\/et\/wp-json\/wp\/v2\/pages\/1355\/revisions"}],"predecessor-version":[{"id":1971,"href":"https:\/\/teamexact.com\/et\/wp-json\/wp\/v2\/pages\/1355\/revisions\/1971"}],"wp:attachment":[{"href":"https:\/\/teamexact.com\/et\/wp-json\/wp\/v2\/media?parent=1355"}],"curies":[{"name":"wp","href":"https:\/\/api.w.org\/{rel}","templated":true}]}}