{"id":3202,"date":"2018-03-15T14:12:50","date_gmt":"2018-03-15T13:12:50","guid":{"rendered":"http:\/\/www.teamexact.com\/?page_id=3202"},"modified":"2018-03-15T17:03:37","modified_gmt":"2018-03-15T16:03:37","slug":"me-teemme-tietomallinnuksesta-helppotajuisempaa","status":"publish","type":"page","link":"https:\/\/teamexact.com\/fi\/me-teemme-tietomallinnuksesta-helppotajuisempaa\/","title":{"rendered":"Me teemme tietomallinnuksesta helppotajuisempaa"},"content":{"rendered":"<p>Kun valitsette tietomallinnuksen yhteisty\u00f6kumppaniksenne Exactin, saatte kaikki tarvitsemanne tiedot. Me my\u00f6s autamme teit\u00e4 ymm\u00e4rt\u00e4m\u00e4\u00e4n tietoja ja k\u00e4ytt\u00e4m\u00e4\u00e4n niit\u00e4 oikealla tavalla. Tuotteemme ja palvelumme lis\u00e4\u00e4v\u00e4t tuottavuutta ja parantavat laatua kaikissa projektin elinkaaren vaiheissa.<\/p>\n<p>We make you BIM-ready!<\/p>\n","protected":false},"excerpt":{"rendered":"<p>Kun valitsette tietomallinnuksen yhteisty\u00f6kumppaniksenne Exactin, saatte kaikki tarvitsemanne tiedot. Me my\u00f6s autamme teit\u00e4 ymm\u00e4rt\u00e4m\u00e4\u00e4n tietoja ja k\u00e4ytt\u00e4m\u00e4\u00e4n niit\u00e4 oikealla tavalla. Tuotteemme ja palvelumme lis\u00e4\u00e4v\u00e4t tuottavuutta ja parantavat laatua kaikissa projektin elinkaaren vaiheissa. We make you BIM-ready!<\/p>\n","protected":false},"author":1,"featured_media":0,"parent":0,"menu_order":0,"comment_status":"closed","ping_status":"closed","template":"template-bim.php","meta":{"_acf_changed":false,"footnotes":""},"acf":[],"yoast_head":"<!-- This site is optimized with the Yoast SEO plugin v22.2 - https:\/\/yoast.com\/wordpress\/plugins\/seo\/ -->\n<title>Me teemme tietomallinnuksesta helppotajuisempaa - EXACT<\/title>\n<meta name=\"robots\" content=\"index, follow, max-snippet:-1, max-image-preview:large, max-video-preview:-1\" \/>\n<link rel=\"canonical\" href=\"https:\/\/teamexact.com\/fi\/me-teemme-tietomallinnuksesta-helppotajuisempaa\/\" \/>\n<meta property=\"og:locale\" content=\"fi_FI\" \/>\n<meta property=\"og:type\" content=\"article\" \/>\n<meta property=\"og:title\" content=\"Me teemme tietomallinnuksesta helppotajuisempaa - EXACT\" \/>\n<meta property=\"og:description\" content=\"Kun valitsette tietomallinnuksen yhteisty\u00f6kumppaniksenne Exactin, saatte kaikki tarvitsemanne tiedot. Me my\u00f6s autamme teit\u00e4 ymm\u00e4rt\u00e4m\u00e4\u00e4n tietoja ja k\u00e4ytt\u00e4m\u00e4\u00e4n niit\u00e4 oikealla tavalla. Tuotteemme ja palvelumme lis\u00e4\u00e4v\u00e4t tuottavuutta ja parantavat laatua kaikissa projektin elinkaaren vaiheissa. We make you BIM-ready!\" \/>\n<meta property=\"og:url\" content=\"https:\/\/teamexact.com\/fi\/me-teemme-tietomallinnuksesta-helppotajuisempaa\/\" \/>\n<meta property=\"og:site_name\" content=\"EXACT\" \/>\n<meta property=\"article:modified_time\" content=\"2018-03-15T16:03:37+00:00\" \/>\n<meta name=\"twitter:card\" content=\"summary_large_image\" \/>\n<script type=\"application\/ld+json\" class=\"yoast-schema-graph\">{\"@context\":\"https:\/\/schema.org\",\"@graph\":[{\"@type\":\"WebPage\",\"@id\":\"https:\/\/teamexact.com\/fi\/me-teemme-tietomallinnuksesta-helppotajuisempaa\/\",\"url\":\"https:\/\/teamexact.com\/fi\/me-teemme-tietomallinnuksesta-helppotajuisempaa\/\",\"name\":\"Me teemme tietomallinnuksesta helppotajuisempaa - EXACT\",\"isPartOf\":{\"@id\":\"https:\/\/teamexact.com\/sv\/#website\"},\"datePublished\":\"2018-03-15T13:12:50+00:00\",\"dateModified\":\"2018-03-15T16:03:37+00:00\",\"breadcrumb\":{\"@id\":\"https:\/\/teamexact.com\/fi\/me-teemme-tietomallinnuksesta-helppotajuisempaa\/#breadcrumb\"},\"inLanguage\":\"fi\",\"potentialAction\":[{\"@type\":\"ReadAction\",\"target\":[\"https:\/\/teamexact.com\/fi\/me-teemme-tietomallinnuksesta-helppotajuisempaa\/\"]}]},{\"@type\":\"BreadcrumbList\",\"@id\":\"https:\/\/teamexact.com\/fi\/me-teemme-tietomallinnuksesta-helppotajuisempaa\/#breadcrumb\",\"itemListElement\":[{\"@type\":\"ListItem\",\"position\":1,\"name\":\"Home\",\"item\":\"https:\/\/teamexact.com\/fi\/\"},{\"@type\":\"ListItem\",\"position\":2,\"name\":\"Me teemme tietomallinnuksesta helppotajuisempaa\"}]},{\"@type\":\"WebSite\",\"@id\":\"https:\/\/teamexact.com\/sv\/#website\",\"url\":\"https:\/\/teamexact.com\/sv\/\",\"name\":\"EXACT\",\"description\":\"We see more\",\"potentialAction\":[{\"@type\":\"SearchAction\",\"target\":{\"@type\":\"EntryPoint\",\"urlTemplate\":\"https:\/\/teamexact.com\/sv\/?s={search_term_string}\"},\"query-input\":\"required name=search_term_string\"}],\"inLanguage\":\"fi\"}]}<\/script>\n<!-- \/ Yoast SEO plugin. -->","yoast_head_json":{"title":"Me teemme tietomallinnuksesta helppotajuisempaa - EXACT","robots":{"index":"index","follow":"follow","max-snippet":"max-snippet:-1","max-image-preview":"max-image-preview:large","max-video-preview":"max-video-preview:-1"},"canonical":"https:\/\/teamexact.com\/fi\/me-teemme-tietomallinnuksesta-helppotajuisempaa\/","og_locale":"fi_FI","og_type":"article","og_title":"Me teemme tietomallinnuksesta helppotajuisempaa - EXACT","og_description":"Kun valitsette tietomallinnuksen yhteisty\u00f6kumppaniksenne Exactin, saatte kaikki tarvitsemanne tiedot. Me my\u00f6s autamme teit\u00e4 ymm\u00e4rt\u00e4m\u00e4\u00e4n tietoja ja k\u00e4ytt\u00e4m\u00e4\u00e4n niit\u00e4 oikealla tavalla. Tuotteemme ja palvelumme lis\u00e4\u00e4v\u00e4t tuottavuutta ja parantavat laatua kaikissa projektin elinkaaren vaiheissa. We make you BIM-ready!","og_url":"https:\/\/teamexact.com\/fi\/me-teemme-tietomallinnuksesta-helppotajuisempaa\/","og_site_name":"EXACT","article_modified_time":"2018-03-15T16:03:37+00:00","twitter_card":"summary_large_image","schema":{"@context":"https:\/\/schema.org","@graph":[{"@type":"WebPage","@id":"https:\/\/teamexact.com\/fi\/me-teemme-tietomallinnuksesta-helppotajuisempaa\/","url":"https:\/\/teamexact.com\/fi\/me-teemme-tietomallinnuksesta-helppotajuisempaa\/","name":"Me teemme tietomallinnuksesta helppotajuisempaa - EXACT","isPartOf":{"@id":"https:\/\/teamexact.com\/sv\/#website"},"datePublished":"2018-03-15T13:12:50+00:00","dateModified":"2018-03-15T16:03:37+00:00","breadcrumb":{"@id":"https:\/\/teamexact.com\/fi\/me-teemme-tietomallinnuksesta-helppotajuisempaa\/#breadcrumb"},"inLanguage":"fi","potentialAction":[{"@type":"ReadAction","target":["https:\/\/teamexact.com\/fi\/me-teemme-tietomallinnuksesta-helppotajuisempaa\/"]}]},{"@type":"BreadcrumbList","@id":"https:\/\/teamexact.com\/fi\/me-teemme-tietomallinnuksesta-helppotajuisempaa\/#breadcrumb","itemListElement":[{"@type":"ListItem","position":1,"name":"Home","item":"https:\/\/teamexact.com\/fi\/"},{"@type":"ListItem","position":2,"name":"Me teemme tietomallinnuksesta helppotajuisempaa"}]},{"@type":"WebSite","@id":"https:\/\/teamexact.com\/sv\/#website","url":"https:\/\/teamexact.com\/sv\/","name":"EXACT","description":"We see more","potentialAction":[{"@type":"SearchAction","target":{"@type":"EntryPoint","urlTemplate":"https:\/\/teamexact.com\/sv\/?s={search_term_string}"},"query-input":"required name=search_term_string"}],"inLanguage":"fi"}]}},"_links":{"self":[{"href":"https:\/\/teamexact.com\/fi\/wp-json\/wp\/v2\/pages\/3202"}],"collection":[{"href":"https:\/\/teamexact.com\/fi\/wp-json\/wp\/v2\/pages"}],"about":[{"href":"https:\/\/teamexact.com\/fi\/wp-json\/wp\/v2\/types\/page"}],"author":[{"embeddable":true,"href":"https:\/\/teamexact.com\/fi\/wp-json\/wp\/v2\/users\/1"}],"replies":[{"embeddable":true,"href":"https:\/\/teamexact.com\/fi\/wp-json\/wp\/v2\/comments?post=3202"}],"version-history":[{"count":6,"href":"https:\/\/teamexact.com\/fi\/wp-json\/wp\/v2\/pages\/3202\/revisions"}],"predecessor-version":[{"id":3389,"href":"https:\/\/teamexact.com\/fi\/wp-json\/wp\/v2\/pages\/3202\/revisions\/3389"}],"wp:attachment":[{"href":"https:\/\/teamexact.com\/fi\/wp-json\/wp\/v2\/media?parent=3202"}],"curies":[{"name":"wp","href":"https:\/\/api.w.org\/{rel}","templated":true}]}}