{"id":3455,"date":"2018-04-10T11:02:25","date_gmt":"2018-04-10T09:02:25","guid":{"rendered":"http:\/\/www.teamexact.com\/?page_id=3455"},"modified":"2022-02-14T14:54:52","modified_gmt":"2022-02-14T13:54:52","slug":"exact-as-built","status":"publish","type":"page","link":"https:\/\/teamexact.com\/fi\/exact-as-built\/","title":{"rendered":"Exact as Built"},"content":{"rendered":"<p><strong>Exact as Built on joustava ja tehokas laaduntarkkailumalli, jolla teet rakennushankkeestasi tuottavamman. Exact as Built- laaduntarkkailumallilla teette p\u00e4\u00e4t\u00f6ksi\u00e4 hankkeen koko toteutusajan ja voitte korjata mahdolliset poikkeamat ajoissa. Nopeasti, joustavasti ja eritt\u00e4in kustannustehokkaasti.<\/strong><\/p>\n<p>Kun koko rakennushankkeen toteutusajan k\u00e4ytet\u00e4\u00e4n laserkeilausta, niin kaikki hankeosapuolet saavat ajoissa ja jatkuvasti tietoa yksityiskohtaisista mittatuloksista. Laserkeilaus on nopeaa, tarkkaa ja yksityiskohtaista. Se voidaan tehd\u00e4 niin ulko- kuin sis\u00e4tiloissa. Mittauskonsulttimme tehty\u00e4 laserkeilauksen he analysoivat tiedot teit\u00e4 varten. Saatte siis muutakin kuin pelkki\u00e4 numeroita. Saatte tietokannan, joka sis\u00e4lt\u00e4\u00e4 kaiken tarvittavan tiedon tehd\u00e4ksenne oikeita p\u00e4\u00e4t\u00f6ksi\u00e4 koko hankkeen ajan.<\/p>\n<h3><strong>Helppo ymm\u00e4rt\u00e4\u00e4 \u2013\u00a0helppo k\u00e4ytt\u00e4\u00e4 <\/strong><\/h3>\n<p>Tulokset toimitetaan digitaalisesti ja ne esitet\u00e4\u00e4n helposti luettavina mallinnuksina. Ette v\u00e4ltt\u00e4m\u00e4tt\u00e4 tarvitse tietokonetta lukeaksenne tietoja, vaan voitte helposti avata tiedoston \u00e4lypuhelimessanne tai tabletissanne ja laittaa vaadittavat toimenpiteet tuotantoon miss\u00e4 ja milloin haluatte. Mik\u00e4li teill\u00e4 on kysymyksi\u00e4 laaduntarkkailumallin tuloksiin liittyen, on mittauskonsulttimme aina teid\u00e4n tukenanne.<\/p>\n<h3><strong>Poikkeamat havaitaan ajoissa <\/strong><\/h3>\n<p>Kun k\u00e4yt\u00e4tte EXACT as Built- laaduntarkkailumallia koko ajan rakennust\u00f6iden edetess\u00e4, pystytte kontrolloimaan, miten rakennettu vastaa suunniteltua, saatte nopeasti selville poikkeamat ja ehditte reagoimaan mahdollisiin muutoksiin ajoissa. S\u00e4\u00e4st\u00e4tte aikaa ja rahaa, rakennushankkeestasi tulee kannattavampi.<\/p>\n<h3>5 Etua Exact as Built: ssa<\/h3>\n<ol>\n<li><strong>Korkea laatu<br \/>\n<\/strong>Laserkeilaamalla rakennuksen aikaisessa vaiheessa voit verrata todellisuutta suunnittelun tietomalliin tai piirustuksiin, sek\u00e4 tarkastaa ett\u00e4 ne ovat yhten\u00e4isi\u00e4. N\u00e4et kaikki poikkeamat, isot ja pienet, ja voit tehd\u00e4 p\u00e4\u00e4t\u00f6ksi\u00e4, jotka t\u00e4ytt\u00e4v\u00e4t hankevaatimukset sek\u00e4 takaat sopimuksen mukaisen toimituksen.<\/li>\n<li><strong>Pienemm\u00e4t kulut<br \/>\n<\/strong>Poikkeamien huomaaminen riitt\u00e4v\u00e4n ajoissa prosessin aikana s\u00e4\u00e4st\u00e4\u00e4 yll\u00e4tt\u00e4vilt\u00e4 kuluilta. Aika ja kustannukset kulkevat k\u00e4si k\u00e4dess\u00e4, muutokset viev\u00e4t aikaa ja aika on rahaa. Kun poikkeamat korjataan ajoissa, aikaa s\u00e4\u00e4styy ja samoin kustannukset.<\/li>\n<li><strong>Oikea p\u00e4\u00e4t\u00f6s \u2013 oikeaan aikaan<br \/>\n<\/strong>Mik\u00e4 nopeammin poikkeamat huomataan, sit\u00e4 nopeammin voit tehd\u00e4 poikkeamien korjaamiseen p\u00e4\u00e4t\u00f6ksi\u00e4, jotka varmistavat, ett\u00e4 olette j\u00e4lleen oikealla tiell\u00e4. P\u00e4\u00e4t\u00f6kset tulevat varsinaisten ty\u00f6vaiheiden aikaan, joten urakoitsijaa kalustoineen ei tarvitse aikatauluttaa toistamiseen kohteeseen.<\/li>\n<li><strong>Helppo k\u00e4ytt\u00e4\u00e4<br \/>\n<\/strong>Sinun ei tarvitse osata k\u00e4ytt\u00e4\u00e4 hienostuneita ohjelmistoja. Tulokset toimitetaan teille helposti ymm\u00e4rrett\u00e4v\u00e4ss\u00e4 muodossa, jonka voit avata koska tahansa, miss\u00e4 tahansa \u2013 \u00e4lypuhelimissa, tabletilla tai tietokoneella.<\/li>\n<li><strong>Digitaaliset vaiheet<br \/>\n<\/strong>Olemme digitalisoineet koko prosessin alusta loppuun. Tietoa on helppo ymm\u00e4rt\u00e4\u00e4 ja tulokset ovat helposti k\u00e4ytett\u00e4viss\u00e4 ja saatavissa kaikille osapuolille. Kaikki t\u00e4m\u00e4, edullisesti.<\/li>\n<\/ol>\n","protected":false},"excerpt":{"rendered":"<p>Exact as Built on joustava ja tehokas laaduntarkkailumalli, jolla teet rakennushankkeestasi tuottavamman. Exact as Built- laaduntarkkailumallilla teette p\u00e4\u00e4t\u00f6ksi\u00e4 hankkeen koko toteutusajan ja voitte korjata mahdolliset poikkeamat ajoissa. Nopeasti, joustavasti ja eritt\u00e4in kustannustehokkaasti. Kun koko rakennushankkeen toteutusajan k\u00e4ytet\u00e4\u00e4n laserkeilausta, niin kaikki hankeosapuolet saavat ajoissa ja jatkuvasti tietoa yksityiskohtaisista mittatuloksista. Laserkeilaus on nopeaa, tarkkaa ja yksityiskohtaista. Se [&hellip;]<\/p>\n","protected":false},"author":1,"featured_media":0,"parent":0,"menu_order":0,"comment_status":"closed","ping_status":"closed","template":"template-as-built.php","meta":{"_acf_changed":false,"footnotes":""},"acf":[],"yoast_head":"<!-- This site is optimized with the Yoast SEO plugin v22.2 - https:\/\/yoast.com\/wordpress\/plugins\/seo\/ -->\n<title>Exact as Built - EXACT<\/title>\n<meta name=\"robots\" content=\"index, follow, max-snippet:-1, max-image-preview:large, max-video-preview:-1\" \/>\n<link rel=\"canonical\" href=\"https:\/\/teamexact.com\/fi\/exact-as-built\/\" \/>\n<meta property=\"og:locale\" content=\"fi_FI\" \/>\n<meta property=\"og:type\" content=\"article\" \/>\n<meta property=\"og:title\" content=\"Exact as Built - EXACT\" \/>\n<meta property=\"og:description\" content=\"Exact as Built on joustava ja tehokas laaduntarkkailumalli, jolla teet rakennushankkeestasi tuottavamman. Exact as Built- laaduntarkkailumallilla teette p\u00e4\u00e4t\u00f6ksi\u00e4 hankkeen koko toteutusajan ja voitte korjata mahdolliset poikkeamat ajoissa. Nopeasti, joustavasti ja eritt\u00e4in kustannustehokkaasti. Kun koko rakennushankkeen toteutusajan k\u00e4ytet\u00e4\u00e4n laserkeilausta, niin kaikki hankeosapuolet saavat ajoissa ja jatkuvasti tietoa yksityiskohtaisista mittatuloksista. Laserkeilaus on nopeaa, tarkkaa ja yksityiskohtaista. Se [&hellip;]\" \/>\n<meta property=\"og:url\" content=\"https:\/\/teamexact.com\/fi\/exact-as-built\/\" \/>\n<meta property=\"og:site_name\" content=\"EXACT\" \/>\n<meta property=\"article:modified_time\" content=\"2022-02-14T13:54:52+00:00\" \/>\n<meta name=\"twitter:card\" content=\"summary_large_image\" \/>\n<meta name=\"twitter:label1\" content=\"Arvioitu lukuaika\" \/>\n\t<meta name=\"twitter:data1\" content=\"2 minuuttia\" \/>\n<script type=\"application\/ld+json\" class=\"yoast-schema-graph\">{\"@context\":\"https:\/\/schema.org\",\"@graph\":[{\"@type\":\"WebPage\",\"@id\":\"https:\/\/teamexact.com\/fi\/exact-as-built\/\",\"url\":\"https:\/\/teamexact.com\/fi\/exact-as-built\/\",\"name\":\"Exact as Built - EXACT\",\"isPartOf\":{\"@id\":\"https:\/\/teamexact.com\/sv\/#website\"},\"datePublished\":\"2018-04-10T09:02:25+00:00\",\"dateModified\":\"2022-02-14T13:54:52+00:00\",\"breadcrumb\":{\"@id\":\"https:\/\/teamexact.com\/fi\/exact-as-built\/#breadcrumb\"},\"inLanguage\":\"fi\",\"potentialAction\":[{\"@type\":\"ReadAction\",\"target\":[\"https:\/\/teamexact.com\/fi\/exact-as-built\/\"]}]},{\"@type\":\"BreadcrumbList\",\"@id\":\"https:\/\/teamexact.com\/fi\/exact-as-built\/#breadcrumb\",\"itemListElement\":[{\"@type\":\"ListItem\",\"position\":1,\"name\":\"Home\",\"item\":\"https:\/\/teamexact.com\/fi\/\"},{\"@type\":\"ListItem\",\"position\":2,\"name\":\"Exact as Built\"}]},{\"@type\":\"WebSite\",\"@id\":\"https:\/\/teamexact.com\/sv\/#website\",\"url\":\"https:\/\/teamexact.com\/sv\/\",\"name\":\"EXACT\",\"description\":\"We see more\",\"potentialAction\":[{\"@type\":\"SearchAction\",\"target\":{\"@type\":\"EntryPoint\",\"urlTemplate\":\"https:\/\/teamexact.com\/sv\/?s={search_term_string}\"},\"query-input\":\"required name=search_term_string\"}],\"inLanguage\":\"fi\"}]}<\/script>\n<!-- \/ Yoast SEO plugin. -->","yoast_head_json":{"title":"Exact as Built - EXACT","robots":{"index":"index","follow":"follow","max-snippet":"max-snippet:-1","max-image-preview":"max-image-preview:large","max-video-preview":"max-video-preview:-1"},"canonical":"https:\/\/teamexact.com\/fi\/exact-as-built\/","og_locale":"fi_FI","og_type":"article","og_title":"Exact as Built - EXACT","og_description":"Exact as Built on joustava ja tehokas laaduntarkkailumalli, jolla teet rakennushankkeestasi tuottavamman. Exact as Built- laaduntarkkailumallilla teette p\u00e4\u00e4t\u00f6ksi\u00e4 hankkeen koko toteutusajan ja voitte korjata mahdolliset poikkeamat ajoissa. Nopeasti, joustavasti ja eritt\u00e4in kustannustehokkaasti. Kun koko rakennushankkeen toteutusajan k\u00e4ytet\u00e4\u00e4n laserkeilausta, niin kaikki hankeosapuolet saavat ajoissa ja jatkuvasti tietoa yksityiskohtaisista mittatuloksista. Laserkeilaus on nopeaa, tarkkaa ja yksityiskohtaista. Se [&hellip;]","og_url":"https:\/\/teamexact.com\/fi\/exact-as-built\/","og_site_name":"EXACT","article_modified_time":"2022-02-14T13:54:52+00:00","twitter_card":"summary_large_image","twitter_misc":{"Arvioitu lukuaika":"2 minuuttia"},"schema":{"@context":"https:\/\/schema.org","@graph":[{"@type":"WebPage","@id":"https:\/\/teamexact.com\/fi\/exact-as-built\/","url":"https:\/\/teamexact.com\/fi\/exact-as-built\/","name":"Exact as Built - EXACT","isPartOf":{"@id":"https:\/\/teamexact.com\/sv\/#website"},"datePublished":"2018-04-10T09:02:25+00:00","dateModified":"2022-02-14T13:54:52+00:00","breadcrumb":{"@id":"https:\/\/teamexact.com\/fi\/exact-as-built\/#breadcrumb"},"inLanguage":"fi","potentialAction":[{"@type":"ReadAction","target":["https:\/\/teamexact.com\/fi\/exact-as-built\/"]}]},{"@type":"BreadcrumbList","@id":"https:\/\/teamexact.com\/fi\/exact-as-built\/#breadcrumb","itemListElement":[{"@type":"ListItem","position":1,"name":"Home","item":"https:\/\/teamexact.com\/fi\/"},{"@type":"ListItem","position":2,"name":"Exact as Built"}]},{"@type":"WebSite","@id":"https:\/\/teamexact.com\/sv\/#website","url":"https:\/\/teamexact.com\/sv\/","name":"EXACT","description":"We see more","potentialAction":[{"@type":"SearchAction","target":{"@type":"EntryPoint","urlTemplate":"https:\/\/teamexact.com\/sv\/?s={search_term_string}"},"query-input":"required name=search_term_string"}],"inLanguage":"fi"}]}},"_links":{"self":[{"href":"https:\/\/teamexact.com\/fi\/wp-json\/wp\/v2\/pages\/3455"}],"collection":[{"href":"https:\/\/teamexact.com\/fi\/wp-json\/wp\/v2\/pages"}],"about":[{"href":"https:\/\/teamexact.com\/fi\/wp-json\/wp\/v2\/types\/page"}],"author":[{"embeddable":true,"href":"https:\/\/teamexact.com\/fi\/wp-json\/wp\/v2\/users\/1"}],"replies":[{"embeddable":true,"href":"https:\/\/teamexact.com\/fi\/wp-json\/wp\/v2\/comments?post=3455"}],"version-history":[{"count":8,"href":"https:\/\/teamexact.com\/fi\/wp-json\/wp\/v2\/pages\/3455\/revisions"}],"predecessor-version":[{"id":4963,"href":"https:\/\/teamexact.com\/fi\/wp-json\/wp\/v2\/pages\/3455\/revisions\/4963"}],"wp:attachment":[{"href":"https:\/\/teamexact.com\/fi\/wp-json\/wp\/v2\/media?parent=3455"}],"curies":[{"name":"wp","href":"https:\/\/api.w.org\/{rel}","templated":true}]}}