{"id":3604,"date":"2018-05-31T11:53:10","date_gmt":"2018-05-31T09:53:10","guid":{"rendered":"http:\/\/www.teamexact.com\/?page_id=3604"},"modified":"2018-05-31T14:30:42","modified_gmt":"2018-05-31T12:30:42","slug":"tarvitsemme-suostumuksesi-voidaksemme-auttaa-sinua","status":"publish","type":"page","link":"https:\/\/teamexact.com\/fi\/tarvitsemme-suostumuksesi-voidaksemme-auttaa-sinua\/","title":{"rendered":"Tarvitsemme suostumuksesi voidaksemme auttaa sinua"},"content":{"rendered":"<p>Tarvitsemme suostumuksesi voidaksemme vastaanottaa, k\u00e4ytt\u00e4\u00e4 ja tallentaa henkil\u00f6tietojasi jotka ilmoitat meille lomakkeessa. Henkil\u00f6tietoja ker\u00e4t\u00e4\u00e4n voidaksemme asioida kanssasi.<\/p>\n<p>Henkil\u00f6tiedot ker\u00e4t\u00e4\u00e4n Exact AB:lle ja muille yritykselle konsernin sis\u00e4ll\u00e4. Emme jaa henkil\u00f6tietoja kolmansille osapuolille. Henkil\u00f6tietoja k\u00e4sittelee my\u00f6s yhteisty\u00f6kumppanimme Strateg Marknadsf\u00f6ring AB.<\/p>\n<p>Suostumuksesi on voimassa toistaiseksi. Sinulla on koska tahansa oikeus peruuttaa suostumuksesi. Peruutuksen teet ottamalla yhteytt\u00e4 <a href=\"mailto:myynti@teamexact.com\">myynti@teamexact.com<\/a> . Sinulla on oikeus saada p\u00e4\u00e4sy omiin henkil\u00f6tietoihisi tai pyyt\u00e4\u00e4 tietojen oikaisua, muokkausta, siirtoa, poistamista tai rajaamista. Teet sen ottamalla yhteytt\u00e4 yll\u00e4 olevaan s\u00e4hk\u00f6postiosoitteeseen. Sinulla on my\u00f6s oikeus tehd\u00e4 valitus valvontaviranomaisille jos k\u00e4sittelemme mielest\u00e4si henkil\u00f6tietojasi lainvastaisesti.<\/p>\n","protected":false},"excerpt":{"rendered":"<p>Tarvitsemme suostumuksesi voidaksemme vastaanottaa, k\u00e4ytt\u00e4\u00e4 ja tallentaa henkil\u00f6tietojasi jotka ilmoitat meille lomakkeessa. Henkil\u00f6tietoja ker\u00e4t\u00e4\u00e4n voidaksemme asioida kanssasi. Henkil\u00f6tiedot ker\u00e4t\u00e4\u00e4n Exact AB:lle ja muille yritykselle konsernin sis\u00e4ll\u00e4. Emme jaa henkil\u00f6tietoja kolmansille osapuolille. Henkil\u00f6tietoja k\u00e4sittelee my\u00f6s yhteisty\u00f6kumppanimme Strateg Marknadsf\u00f6ring AB. Suostumuksesi on voimassa toistaiseksi. Sinulla on koska tahansa oikeus peruuttaa suostumuksesi. Peruutuksen teet ottamalla yhteytt\u00e4 myynti@teamexact.com . [&hellip;]<\/p>\n","protected":false},"author":1,"featured_media":0,"parent":0,"menu_order":0,"comment_status":"closed","ping_status":"closed","template":"template-page.php","meta":{"_acf_changed":false,"footnotes":""},"acf":[],"yoast_head":"<!-- This site is optimized with the Yoast SEO plugin v22.2 - https:\/\/yoast.com\/wordpress\/plugins\/seo\/ -->\n<title>Tarvitsemme suostumuksesi voidaksemme auttaa sinua - EXACT<\/title>\n<meta name=\"robots\" content=\"index, follow, max-snippet:-1, max-image-preview:large, max-video-preview:-1\" \/>\n<link rel=\"canonical\" href=\"https:\/\/teamexact.com\/fi\/tarvitsemme-suostumuksesi-voidaksemme-auttaa-sinua\/\" \/>\n<meta property=\"og:locale\" content=\"fi_FI\" \/>\n<meta property=\"og:type\" content=\"article\" \/>\n<meta property=\"og:title\" content=\"Tarvitsemme suostumuksesi voidaksemme auttaa sinua - EXACT\" \/>\n<meta property=\"og:description\" content=\"Tarvitsemme suostumuksesi voidaksemme vastaanottaa, k\u00e4ytt\u00e4\u00e4 ja tallentaa henkil\u00f6tietojasi jotka ilmoitat meille lomakkeessa. Henkil\u00f6tietoja ker\u00e4t\u00e4\u00e4n voidaksemme asioida kanssasi. Henkil\u00f6tiedot ker\u00e4t\u00e4\u00e4n Exact AB:lle ja muille yritykselle konsernin sis\u00e4ll\u00e4. Emme jaa henkil\u00f6tietoja kolmansille osapuolille. Henkil\u00f6tietoja k\u00e4sittelee my\u00f6s yhteisty\u00f6kumppanimme Strateg Marknadsf\u00f6ring AB. Suostumuksesi on voimassa toistaiseksi. Sinulla on koska tahansa oikeus peruuttaa suostumuksesi. Peruutuksen teet ottamalla yhteytt\u00e4 myynti@teamexact.com . [&hellip;]\" \/>\n<meta property=\"og:url\" content=\"https:\/\/teamexact.com\/fi\/tarvitsemme-suostumuksesi-voidaksemme-auttaa-sinua\/\" \/>\n<meta property=\"og:site_name\" content=\"EXACT\" \/>\n<meta property=\"article:modified_time\" content=\"2018-05-31T12:30:42+00:00\" \/>\n<meta name=\"twitter:card\" content=\"summary_large_image\" \/>\n<meta name=\"twitter:label1\" content=\"Arvioitu lukuaika\" \/>\n\t<meta name=\"twitter:data1\" content=\"1 minuutti\" \/>\n<script type=\"application\/ld+json\" class=\"yoast-schema-graph\">{\"@context\":\"https:\/\/schema.org\",\"@graph\":[{\"@type\":\"WebPage\",\"@id\":\"https:\/\/teamexact.com\/fi\/tarvitsemme-suostumuksesi-voidaksemme-auttaa-sinua\/\",\"url\":\"https:\/\/teamexact.com\/fi\/tarvitsemme-suostumuksesi-voidaksemme-auttaa-sinua\/\",\"name\":\"Tarvitsemme suostumuksesi voidaksemme auttaa sinua - EXACT\",\"isPartOf\":{\"@id\":\"https:\/\/teamexact.com\/sv\/#website\"},\"datePublished\":\"2018-05-31T09:53:10+00:00\",\"dateModified\":\"2018-05-31T12:30:42+00:00\",\"breadcrumb\":{\"@id\":\"https:\/\/teamexact.com\/fi\/tarvitsemme-suostumuksesi-voidaksemme-auttaa-sinua\/#breadcrumb\"},\"inLanguage\":\"fi\",\"potentialAction\":[{\"@type\":\"ReadAction\",\"target\":[\"https:\/\/teamexact.com\/fi\/tarvitsemme-suostumuksesi-voidaksemme-auttaa-sinua\/\"]}]},{\"@type\":\"BreadcrumbList\",\"@id\":\"https:\/\/teamexact.com\/fi\/tarvitsemme-suostumuksesi-voidaksemme-auttaa-sinua\/#breadcrumb\",\"itemListElement\":[{\"@type\":\"ListItem\",\"position\":1,\"name\":\"Home\",\"item\":\"https:\/\/teamexact.com\/fi\/\"},{\"@type\":\"ListItem\",\"position\":2,\"name\":\"Tarvitsemme suostumuksesi voidaksemme auttaa sinua\"}]},{\"@type\":\"WebSite\",\"@id\":\"https:\/\/teamexact.com\/sv\/#website\",\"url\":\"https:\/\/teamexact.com\/sv\/\",\"name\":\"EXACT\",\"description\":\"We see more\",\"potentialAction\":[{\"@type\":\"SearchAction\",\"target\":{\"@type\":\"EntryPoint\",\"urlTemplate\":\"https:\/\/teamexact.com\/sv\/?s={search_term_string}\"},\"query-input\":\"required name=search_term_string\"}],\"inLanguage\":\"fi\"}]}<\/script>\n<!-- \/ Yoast SEO plugin. -->","yoast_head_json":{"title":"Tarvitsemme suostumuksesi voidaksemme auttaa sinua - EXACT","robots":{"index":"index","follow":"follow","max-snippet":"max-snippet:-1","max-image-preview":"max-image-preview:large","max-video-preview":"max-video-preview:-1"},"canonical":"https:\/\/teamexact.com\/fi\/tarvitsemme-suostumuksesi-voidaksemme-auttaa-sinua\/","og_locale":"fi_FI","og_type":"article","og_title":"Tarvitsemme suostumuksesi voidaksemme auttaa sinua - EXACT","og_description":"Tarvitsemme suostumuksesi voidaksemme vastaanottaa, k\u00e4ytt\u00e4\u00e4 ja tallentaa henkil\u00f6tietojasi jotka ilmoitat meille lomakkeessa. Henkil\u00f6tietoja ker\u00e4t\u00e4\u00e4n voidaksemme asioida kanssasi. Henkil\u00f6tiedot ker\u00e4t\u00e4\u00e4n Exact AB:lle ja muille yritykselle konsernin sis\u00e4ll\u00e4. Emme jaa henkil\u00f6tietoja kolmansille osapuolille. Henkil\u00f6tietoja k\u00e4sittelee my\u00f6s yhteisty\u00f6kumppanimme Strateg Marknadsf\u00f6ring AB. Suostumuksesi on voimassa toistaiseksi. Sinulla on koska tahansa oikeus peruuttaa suostumuksesi. Peruutuksen teet ottamalla yhteytt\u00e4 myynti@teamexact.com . [&hellip;]","og_url":"https:\/\/teamexact.com\/fi\/tarvitsemme-suostumuksesi-voidaksemme-auttaa-sinua\/","og_site_name":"EXACT","article_modified_time":"2018-05-31T12:30:42+00:00","twitter_card":"summary_large_image","twitter_misc":{"Arvioitu lukuaika":"1 minuutti"},"schema":{"@context":"https:\/\/schema.org","@graph":[{"@type":"WebPage","@id":"https:\/\/teamexact.com\/fi\/tarvitsemme-suostumuksesi-voidaksemme-auttaa-sinua\/","url":"https:\/\/teamexact.com\/fi\/tarvitsemme-suostumuksesi-voidaksemme-auttaa-sinua\/","name":"Tarvitsemme suostumuksesi voidaksemme auttaa sinua - EXACT","isPartOf":{"@id":"https:\/\/teamexact.com\/sv\/#website"},"datePublished":"2018-05-31T09:53:10+00:00","dateModified":"2018-05-31T12:30:42+00:00","breadcrumb":{"@id":"https:\/\/teamexact.com\/fi\/tarvitsemme-suostumuksesi-voidaksemme-auttaa-sinua\/#breadcrumb"},"inLanguage":"fi","potentialAction":[{"@type":"ReadAction","target":["https:\/\/teamexact.com\/fi\/tarvitsemme-suostumuksesi-voidaksemme-auttaa-sinua\/"]}]},{"@type":"BreadcrumbList","@id":"https:\/\/teamexact.com\/fi\/tarvitsemme-suostumuksesi-voidaksemme-auttaa-sinua\/#breadcrumb","itemListElement":[{"@type":"ListItem","position":1,"name":"Home","item":"https:\/\/teamexact.com\/fi\/"},{"@type":"ListItem","position":2,"name":"Tarvitsemme suostumuksesi voidaksemme auttaa sinua"}]},{"@type":"WebSite","@id":"https:\/\/teamexact.com\/sv\/#website","url":"https:\/\/teamexact.com\/sv\/","name":"EXACT","description":"We see more","potentialAction":[{"@type":"SearchAction","target":{"@type":"EntryPoint","urlTemplate":"https:\/\/teamexact.com\/sv\/?s={search_term_string}"},"query-input":"required name=search_term_string"}],"inLanguage":"fi"}]}},"_links":{"self":[{"href":"https:\/\/teamexact.com\/fi\/wp-json\/wp\/v2\/pages\/3604"}],"collection":[{"href":"https:\/\/teamexact.com\/fi\/wp-json\/wp\/v2\/pages"}],"about":[{"href":"https:\/\/teamexact.com\/fi\/wp-json\/wp\/v2\/types\/page"}],"author":[{"embeddable":true,"href":"https:\/\/teamexact.com\/fi\/wp-json\/wp\/v2\/users\/1"}],"replies":[{"embeddable":true,"href":"https:\/\/teamexact.com\/fi\/wp-json\/wp\/v2\/comments?post=3604"}],"version-history":[{"count":1,"href":"https:\/\/teamexact.com\/fi\/wp-json\/wp\/v2\/pages\/3604\/revisions"}],"predecessor-version":[{"id":3605,"href":"https:\/\/teamexact.com\/fi\/wp-json\/wp\/v2\/pages\/3604\/revisions\/3605"}],"wp:attachment":[{"href":"https:\/\/teamexact.com\/fi\/wp-json\/wp\/v2\/media?parent=3604"}],"curies":[{"name":"wp","href":"https:\/\/api.w.org\/{rel}","templated":true}]}}