{"id":3623,"date":"2018-06-12T17:34:34","date_gmt":"2018-06-12T15:34:34","guid":{"rendered":"http:\/\/www.teamexact.com\/?page_id=3623"},"modified":"2018-07-05T11:00:49","modified_gmt":"2018-07-05T09:00:49","slug":"ole-mukana-luomassa-uutta","status":"publish","type":"page","link":"https:\/\/teamexact.com\/fi\/ole-mukana-luomassa-uutta\/","title":{"rendered":"Ole mukana luomassa uutta"},"content":{"rendered":"<p><strong>Exactilla ty\u00f6skentelemme p\u00e4\u00e4m\u00e4\u00e4r\u00e4tietoisesti s\u00e4ilytt\u00e4\u00e4ksemme vahvan aseman mittausalalla. Meille se tarkoittaa sit\u00e4, ett\u00e4 n\u00e4emme enemm\u00e4n. Autamme asiakkaitamme toteuttamaan visioitaan- pienest\u00e4 pisteest\u00e4 kartalla menestyksekk\u00e4\u00e4seen rakennusprojektiin. Haluamme luoda jotain, mit\u00e4 kukaan muu ei viel\u00e4 ole saavuttanut ja siten vahvistaa asemaamme entist\u00e4 enemm\u00e4n. Ja haluamme tehd\u00e4 sen yhdess\u00e4 sinun kanssasi.<\/strong><\/p>\n<h3>Vapaat ty\u00f6paikat<\/h3>\n<p><iframe loading=\"lazy\" style=\"height: 350px; width: 100%;\" src=\"https:\/\/teamexact.varbi.com\/se\/what:iframe\/login:1\/buttons:1\/subscribe:1\/template:default\/\" width=\"300\" height=\"150\" frameborder=\"0\"><\/iframe><\/p>\n<hr \/>\n<h2>Miksi EXACT<\/h2>\n<p>Haastavan ty\u00f6ymp\u00e4rist\u00f6n ja mielekk\u00e4iden ty\u00f6teht\u00e4vien lis\u00e4ksi tarjoamme sinulle monta etua.<\/p>\n<h3>KEHIT\u00c4T OSAAMISTASI<\/h3>\n<p>EXACT tarjoaa sinulle mahdollisuuden kehitty\u00e4 ja haastaa itsesi, joka luo lis\u00e4arvoa tulevaisuuteesi.<\/p>\n<h3>OLET MUKANA TULEVAISUUDEN MITTAUSMENETELMIEN KEHITT\u00c4MISESS\u00c4<\/h3>\n<p>EXACT:lla haluamme haastaa itse\u00e4mme ja saavuttaa alalla muutoksia. Sinulla on mahdollisuus vaikuttaa niin yrityksen kuin oman tulevaisuuden kehittymiseen.<\/p>\n<h3>TY\u00d6SUHDE-EDUT<\/h3>\n<p>Tarjoamme liikunta- ja virkistysmahdollisuuksia ty\u00f6ntekij\u00f6illemme koska pid\u00e4mme ty\u00f6ntekij\u00f6idemme terveytt\u00e4 ja hyvinvointia t\u00e4rke\u00e4n\u00e4. Ty\u00f6ehtosopimuksemme (SKOL) turvaa ty\u00f6ntekij\u00f6illemme hyv\u00e4t ty\u00f6olosuhteet.<\/p>\n<h3>LIS\u00c4\u00c4 N\u00c4KYVYYTT\u00c4<\/h3>\n<p>Tulet olemaan osa suuria projekteja, joiden kautta saat n\u00e4kyvyytt\u00e4 ja olet mukana rakentamassa yhteiskuntaamme. Referenssin\u00e4 suurista projekteistamme mainittakoon REDI Kalasatama.<\/p>\n<h3>OLEMME OSA KANSAINV\u00c4LIST\u00c4 KONSERNIA<\/h3>\n<p>Saat tehd\u00e4 t\u00f6it\u00e4 kansainv\u00e4lisess\u00e4 konsernissa, jonka toimipisteit\u00e4 l\u00f6ytyy useista maista, kuten mm. Ruotsi ja Norja.<\/p>\n<hr \/>\n<h2>Mittausty\u00f6njohtaja<\/h2>\n<p>Haemme p\u00e4\u00e4kaupunkiseudulle mittausty\u00f6njohtajia. Ty\u00f6 on mittausty\u00f6t\u00e4 ja sen johtamista rakennus- ja infrahankkeissa. P\u00e4\u00e4asiallinen ty\u00f6teht\u00e4v\u00e4 on johtaa ja suorittaa itsen\u00e4isesti mittaust\u00f6it\u00e4 aina perustietojen ker\u00e4\u00e4misest\u00e4 mittaustietojen luovuttamiseen.<\/p>\n<h3>TARJOAMME<\/h3>\n<ul>\n<li>Vastuullisen ja haastavan ty\u00f6teht\u00e4v\u00e4n kansainv\u00e4lisess\u00e4 yrityksess\u00e4<\/li>\n<li>Ammattitaitoisen organisaation tuen<\/li>\n<li>Kannustavan palkan<\/li>\n<\/ul>\n<h3>TOIVOMME TY\u00d6NTEKIJ\u00c4LT\u00c4<\/h3>\n<ul>\n<li>Mittaustekninen koulutus (teknikko tai amk, sek\u00e4 kartoittaja + merkitt\u00e4v\u00e4 m\u00e4\u00e4r\u00e4 ty\u00f6kokemusta)<\/li>\n<li>B -luokan ajokortti on v\u00e4ltt\u00e4m\u00e4t\u00f6n ty\u00f6n liikkuvan luonteen vuoksi<\/li>\n<li>Kokemus alan mittausty\u00f6st\u00e4 v\u00e4hint\u00e4\u00e4n 1 vuosi.<\/li>\n<li>N\u00e4ytt\u00f6\u00e4 rakennus- ja\/tai infrahankkeiden menestyksekk\u00e4\u00e4st\u00e4 hoitamisesta.<\/li>\n<li>Kokemusta koneohjausj\u00e4rjestelmien k\u00e4yt\u00f6st\u00e4 arvostetaan<\/li>\n<\/ul>\n<p>&nbsp;<\/p>\n","protected":false},"excerpt":{"rendered":"<p>Exactilla ty\u00f6skentelemme p\u00e4\u00e4m\u00e4\u00e4r\u00e4tietoisesti s\u00e4ilytt\u00e4\u00e4ksemme vahvan aseman mittausalalla. Meille se tarkoittaa sit\u00e4, ett\u00e4 n\u00e4emme enemm\u00e4n. Autamme asiakkaitamme toteuttamaan visioitaan- pienest\u00e4 pisteest\u00e4 kartalla menestyksekk\u00e4\u00e4seen rakennusprojektiin. Haluamme luoda jotain, mit\u00e4 kukaan muu ei viel\u00e4 ole saavuttanut ja siten vahvistaa asemaamme entist\u00e4 enemm\u00e4n. Ja haluamme tehd\u00e4 sen yhdess\u00e4 sinun kanssasi. Vapaat ty\u00f6paikat Miksi EXACT Haastavan ty\u00f6ymp\u00e4rist\u00f6n ja mielekk\u00e4iden ty\u00f6teht\u00e4vien [&hellip;]<\/p>\n","protected":false},"author":1,"featured_media":0,"parent":0,"menu_order":0,"comment_status":"closed","ping_status":"closed","template":"template-campaign-fi.php","meta":{"_acf_changed":false,"footnotes":""},"acf":[],"yoast_head":"<!-- This site is optimized with the Yoast SEO plugin v22.2 - https:\/\/yoast.com\/wordpress\/plugins\/seo\/ -->\n<title>Ole mukana luomassa uutta - EXACT<\/title>\n<meta name=\"robots\" content=\"index, follow, max-snippet:-1, max-image-preview:large, max-video-preview:-1\" \/>\n<link rel=\"canonical\" href=\"https:\/\/teamexact.com\/fi\/ole-mukana-luomassa-uutta\/\" \/>\n<meta property=\"og:locale\" content=\"fi_FI\" \/>\n<meta property=\"og:type\" content=\"article\" \/>\n<meta property=\"og:title\" content=\"Ole mukana luomassa uutta - EXACT\" \/>\n<meta property=\"og:description\" content=\"Exactilla ty\u00f6skentelemme p\u00e4\u00e4m\u00e4\u00e4r\u00e4tietoisesti s\u00e4ilytt\u00e4\u00e4ksemme vahvan aseman mittausalalla. Meille se tarkoittaa sit\u00e4, ett\u00e4 n\u00e4emme enemm\u00e4n. Autamme asiakkaitamme toteuttamaan visioitaan- pienest\u00e4 pisteest\u00e4 kartalla menestyksekk\u00e4\u00e4seen rakennusprojektiin. Haluamme luoda jotain, mit\u00e4 kukaan muu ei viel\u00e4 ole saavuttanut ja siten vahvistaa asemaamme entist\u00e4 enemm\u00e4n. Ja haluamme tehd\u00e4 sen yhdess\u00e4 sinun kanssasi. Vapaat ty\u00f6paikat Miksi EXACT Haastavan ty\u00f6ymp\u00e4rist\u00f6n ja mielekk\u00e4iden ty\u00f6teht\u00e4vien [&hellip;]\" \/>\n<meta property=\"og:url\" content=\"https:\/\/teamexact.com\/fi\/ole-mukana-luomassa-uutta\/\" \/>\n<meta property=\"og:site_name\" content=\"EXACT\" \/>\n<meta property=\"article:modified_time\" content=\"2018-07-05T09:00:49+00:00\" \/>\n<meta name=\"twitter:card\" content=\"summary_large_image\" \/>\n<meta name=\"twitter:label1\" content=\"Arvioitu lukuaika\" \/>\n\t<meta name=\"twitter:data1\" content=\"2 minuuttia\" \/>\n<script type=\"application\/ld+json\" class=\"yoast-schema-graph\">{\"@context\":\"https:\/\/schema.org\",\"@graph\":[{\"@type\":\"WebPage\",\"@id\":\"https:\/\/teamexact.com\/fi\/ole-mukana-luomassa-uutta\/\",\"url\":\"https:\/\/teamexact.com\/fi\/ole-mukana-luomassa-uutta\/\",\"name\":\"Ole mukana luomassa uutta - EXACT\",\"isPartOf\":{\"@id\":\"https:\/\/teamexact.com\/sv\/#website\"},\"datePublished\":\"2018-06-12T15:34:34+00:00\",\"dateModified\":\"2018-07-05T09:00:49+00:00\",\"breadcrumb\":{\"@id\":\"https:\/\/teamexact.com\/fi\/ole-mukana-luomassa-uutta\/#breadcrumb\"},\"inLanguage\":\"fi\",\"potentialAction\":[{\"@type\":\"ReadAction\",\"target\":[\"https:\/\/teamexact.com\/fi\/ole-mukana-luomassa-uutta\/\"]}]},{\"@type\":\"BreadcrumbList\",\"@id\":\"https:\/\/teamexact.com\/fi\/ole-mukana-luomassa-uutta\/#breadcrumb\",\"itemListElement\":[{\"@type\":\"ListItem\",\"position\":1,\"name\":\"Home\",\"item\":\"https:\/\/teamexact.com\/fi\/\"},{\"@type\":\"ListItem\",\"position\":2,\"name\":\"Ole mukana luomassa uutta\"}]},{\"@type\":\"WebSite\",\"@id\":\"https:\/\/teamexact.com\/sv\/#website\",\"url\":\"https:\/\/teamexact.com\/sv\/\",\"name\":\"EXACT\",\"description\":\"We see more\",\"potentialAction\":[{\"@type\":\"SearchAction\",\"target\":{\"@type\":\"EntryPoint\",\"urlTemplate\":\"https:\/\/teamexact.com\/sv\/?s={search_term_string}\"},\"query-input\":\"required name=search_term_string\"}],\"inLanguage\":\"fi\"}]}<\/script>\n<!-- \/ Yoast SEO plugin. -->","yoast_head_json":{"title":"Ole mukana luomassa uutta - EXACT","robots":{"index":"index","follow":"follow","max-snippet":"max-snippet:-1","max-image-preview":"max-image-preview:large","max-video-preview":"max-video-preview:-1"},"canonical":"https:\/\/teamexact.com\/fi\/ole-mukana-luomassa-uutta\/","og_locale":"fi_FI","og_type":"article","og_title":"Ole mukana luomassa uutta - EXACT","og_description":"Exactilla ty\u00f6skentelemme p\u00e4\u00e4m\u00e4\u00e4r\u00e4tietoisesti s\u00e4ilytt\u00e4\u00e4ksemme vahvan aseman mittausalalla. Meille se tarkoittaa sit\u00e4, ett\u00e4 n\u00e4emme enemm\u00e4n. Autamme asiakkaitamme toteuttamaan visioitaan- pienest\u00e4 pisteest\u00e4 kartalla menestyksekk\u00e4\u00e4seen rakennusprojektiin. Haluamme luoda jotain, mit\u00e4 kukaan muu ei viel\u00e4 ole saavuttanut ja siten vahvistaa asemaamme entist\u00e4 enemm\u00e4n. Ja haluamme tehd\u00e4 sen yhdess\u00e4 sinun kanssasi. Vapaat ty\u00f6paikat Miksi EXACT Haastavan ty\u00f6ymp\u00e4rist\u00f6n ja mielekk\u00e4iden ty\u00f6teht\u00e4vien [&hellip;]","og_url":"https:\/\/teamexact.com\/fi\/ole-mukana-luomassa-uutta\/","og_site_name":"EXACT","article_modified_time":"2018-07-05T09:00:49+00:00","twitter_card":"summary_large_image","twitter_misc":{"Arvioitu lukuaika":"2 minuuttia"},"schema":{"@context":"https:\/\/schema.org","@graph":[{"@type":"WebPage","@id":"https:\/\/teamexact.com\/fi\/ole-mukana-luomassa-uutta\/","url":"https:\/\/teamexact.com\/fi\/ole-mukana-luomassa-uutta\/","name":"Ole mukana luomassa uutta - EXACT","isPartOf":{"@id":"https:\/\/teamexact.com\/sv\/#website"},"datePublished":"2018-06-12T15:34:34+00:00","dateModified":"2018-07-05T09:00:49+00:00","breadcrumb":{"@id":"https:\/\/teamexact.com\/fi\/ole-mukana-luomassa-uutta\/#breadcrumb"},"inLanguage":"fi","potentialAction":[{"@type":"ReadAction","target":["https:\/\/teamexact.com\/fi\/ole-mukana-luomassa-uutta\/"]}]},{"@type":"BreadcrumbList","@id":"https:\/\/teamexact.com\/fi\/ole-mukana-luomassa-uutta\/#breadcrumb","itemListElement":[{"@type":"ListItem","position":1,"name":"Home","item":"https:\/\/teamexact.com\/fi\/"},{"@type":"ListItem","position":2,"name":"Ole mukana luomassa uutta"}]},{"@type":"WebSite","@id":"https:\/\/teamexact.com\/sv\/#website","url":"https:\/\/teamexact.com\/sv\/","name":"EXACT","description":"We see more","potentialAction":[{"@type":"SearchAction","target":{"@type":"EntryPoint","urlTemplate":"https:\/\/teamexact.com\/sv\/?s={search_term_string}"},"query-input":"required name=search_term_string"}],"inLanguage":"fi"}]}},"_links":{"self":[{"href":"https:\/\/teamexact.com\/fi\/wp-json\/wp\/v2\/pages\/3623"}],"collection":[{"href":"https:\/\/teamexact.com\/fi\/wp-json\/wp\/v2\/pages"}],"about":[{"href":"https:\/\/teamexact.com\/fi\/wp-json\/wp\/v2\/types\/page"}],"author":[{"embeddable":true,"href":"https:\/\/teamexact.com\/fi\/wp-json\/wp\/v2\/users\/1"}],"replies":[{"embeddable":true,"href":"https:\/\/teamexact.com\/fi\/wp-json\/wp\/v2\/comments?post=3623"}],"version-history":[{"count":4,"href":"https:\/\/teamexact.com\/fi\/wp-json\/wp\/v2\/pages\/3623\/revisions"}],"predecessor-version":[{"id":3647,"href":"https:\/\/teamexact.com\/fi\/wp-json\/wp\/v2\/pages\/3623\/revisions\/3647"}],"wp:attachment":[{"href":"https:\/\/teamexact.com\/fi\/wp-json\/wp\/v2\/media?parent=3623"}],"curies":[{"name":"wp","href":"https:\/\/api.w.org\/{rel}","templated":true}]}}