{"id":3864,"date":"2019-04-05T15:58:23","date_gmt":"2019-04-05T13:58:23","guid":{"rendered":"http:\/\/www.teamexact.com\/?page_id=3864"},"modified":"2019-07-02T08:30:13","modified_gmt":"2019-07-02T06:30:13","slug":"maanalainen-paikannus","status":"publish","type":"page","link":"https:\/\/teamexact.com\/fi\/maanalainen-paikannus\/","title":{"rendered":"Maanalainen paikannus"},"content":{"rendered":"<p><strong>Ep\u00e4varmuus siit\u00e4, mit\u00e4 maan pinnan alla piilee, on iso ja valitettavasti hyvin yleinen ongelma. Seurauksena voi olla kalliita virheit\u00e4 tai pahimmillaan vaarallisia onnettomuuksia. Joten miksi arvailla, jos voit tiet\u00e4\u00e4?<\/strong><\/p>\n<p>Maanalaisten rakenteiden paikannus on monimutkainen prosessi. Me teemme sen nyt helpoksi. Nykytekniikan ja vankan osaamisemme avulla pystymme paikantamaan maanalaisia rakenteita, kun l\u00e4ht\u00f6kohtana ovat jokaisen projektin yksil\u00f6lliset vaatimukset. Tutkimme, miss\u00e4 kalliot, kaapelit, putket ja muut asennukset sijaitsevat. Teemme tutkimukset tarvittaessa jopa kuuden metrin syvyyteen asti.<\/p>\n<h3>Oikeat tulokset, helppo k\u00e4ytt\u00e4\u00e4<\/h3>\n<p>Ker\u00e4\u00e4mme jokaista projektia varten tapauskohtaisesti tarvittavat tiedot tutkan, antureiden ja perinteisen mittaustekniikan avulla ja muunnamme tulokset sijaintitiedoiksi. Ty\u00f6 vaatii korkean tason asiantuntemusta, eritt\u00e4in tarkkoja instrumentteja sek\u00e4 vuosien kokemusta. Meill\u00e4 on niit\u00e4 kaikkia. Sijaintitiedot toimitetaan k\u00e4tev\u00e4ss\u00e4 3D-muodossa, jonka voi avata miss\u00e4 ja milloin tahansa.<\/p>\n<h3>Monia etuja \u2013 osa ratkaisevan t\u00e4rkeit\u00e4<\/h3>\n<p>Menetelm\u00e4ll\u00e4 on monia etuja. Osa niist\u00e4 on ratkaisevan t\u00e4rkeit\u00e4, sill\u00e4 paikannuksen avulla ty\u00f6ymp\u00e4rist\u00f6st\u00e4 tulee paljon turvallisempi. Kun tied\u00e4t, miss\u00e4 kaikki erilaiset maanalaiset rakenteet sijaitsevat, kohteiden vahingoittamisen ja ik\u00e4vien yll\u00e4tysten riski v\u00e4henee ja v\u00e4ltyt viiv\u00e4stymisilt\u00e4 sek\u00e4 kalliilta muutost\u00f6ilt\u00e4. Lis\u00e4ksi projektista tulee kokonaisuudessaan tehokkaampi, koska suunnittelu, korjaukset ja tietojen jakaminen helpottuvat. S\u00e4\u00e4st\u00e4t siis sek\u00e4 aikaa ett\u00e4 rahaa. Ja kannattavuus paranee.<\/p>\n<h3>N\u00e4in se toimii \u2013 vaihe vaiheelta<\/h3>\n<h3><img loading=\"lazy\" decoding=\"async\" class=\"aligncenter size-full wp-image-3853\" src=\"http:\/\/www.teamexact.com\/wp-content\/uploads\/2019\/03\/underjord-1.png\" alt=\"\" width=\"699\" height=\"87\" srcset=\"https:\/\/teamexact.com\/wp-content\/uploads\/2019\/03\/underjord-1.png 699w, https:\/\/teamexact.com\/wp-content\/uploads\/2019\/03\/underjord-1-300x37.png 300w\" sizes=\"(max-width: 699px) 100vw, 699px\" \/><\/h3>\n<p><strong>1. Menetelm\u00e4n valinta projektin edellytysten ja tarpeiden pohjalta<\/strong><\/p>\n<p><strong>2. Tutustuminen nykyisiin asiakirjoihin<\/strong><\/p>\n<p><strong>3. Asiakirjojen p\u00e4ivitt\u00e4minen paikalla tehtyjen n\u00e4kyvien muutosten mukaisesti<\/strong><\/p>\n<p><strong>4. Maaper\u00e4n tutkimus maatutkalla ja elektromagneettisella hakulaitteella<\/strong><\/p>\n<p><strong>5. M\u00e4\u00e4ritet\u00e4\u00e4n l\u00f6ydettyjen kohteiden syvyys- ja sijaintitiedot<\/strong><\/p>\n<p><strong>6. Yhteenveto ker\u00e4tyist\u00e4 tiedoista<\/strong><\/p>\n<p><strong>7. Tulosten toimittaminen k\u00e4tev\u00e4ss\u00e4 tiedostomuodossa<\/strong><\/p>\n","protected":false},"excerpt":{"rendered":"<p>Ep\u00e4varmuus siit\u00e4, mit\u00e4 maan pinnan alla piilee, on iso ja valitettavasti hyvin yleinen ongelma. Seurauksena voi olla kalliita virheit\u00e4 tai pahimmillaan vaarallisia onnettomuuksia. Joten miksi arvailla, jos voit tiet\u00e4\u00e4? Maanalaisten rakenteiden paikannus on monimutkainen prosessi. Me teemme sen nyt helpoksi. Nykytekniikan ja vankan osaamisemme avulla pystymme paikantamaan maanalaisia rakenteita, kun l\u00e4ht\u00f6kohtana ovat jokaisen projektin yksil\u00f6lliset [&hellip;]<\/p>\n","protected":false},"author":1,"featured_media":0,"parent":0,"menu_order":0,"comment_status":"closed","ping_status":"closed","template":"template-as-built.php","meta":{"_acf_changed":false,"footnotes":""},"acf":[],"yoast_head":"<!-- This site is optimized with the Yoast SEO plugin v22.2 - https:\/\/yoast.com\/wordpress\/plugins\/seo\/ -->\n<title>Maanalainen paikannus - EXACT<\/title>\n<meta name=\"robots\" content=\"index, follow, max-snippet:-1, max-image-preview:large, max-video-preview:-1\" \/>\n<link rel=\"canonical\" href=\"https:\/\/teamexact.com\/fi\/maanalainen-paikannus\/\" \/>\n<meta property=\"og:locale\" content=\"fi_FI\" \/>\n<meta property=\"og:type\" content=\"article\" \/>\n<meta property=\"og:title\" content=\"Maanalainen paikannus - EXACT\" \/>\n<meta property=\"og:description\" content=\"Ep\u00e4varmuus siit\u00e4, mit\u00e4 maan pinnan alla piilee, on iso ja valitettavasti hyvin yleinen ongelma. Seurauksena voi olla kalliita virheit\u00e4 tai pahimmillaan vaarallisia onnettomuuksia. Joten miksi arvailla, jos voit tiet\u00e4\u00e4? Maanalaisten rakenteiden paikannus on monimutkainen prosessi. Me teemme sen nyt helpoksi. Nykytekniikan ja vankan osaamisemme avulla pystymme paikantamaan maanalaisia rakenteita, kun l\u00e4ht\u00f6kohtana ovat jokaisen projektin yksil\u00f6lliset [&hellip;]\" \/>\n<meta property=\"og:url\" content=\"https:\/\/teamexact.com\/fi\/maanalainen-paikannus\/\" \/>\n<meta property=\"og:site_name\" content=\"EXACT\" \/>\n<meta property=\"article:modified_time\" content=\"2019-07-02T06:30:13+00:00\" \/>\n<meta property=\"og:image\" content=\"http:\/\/www.teamexact.com\/wp-content\/uploads\/2019\/03\/underjord-1.png\" \/>\n<meta name=\"twitter:card\" content=\"summary_large_image\" \/>\n<meta name=\"twitter:label1\" content=\"Arvioitu lukuaika\" \/>\n\t<meta name=\"twitter:data1\" content=\"1 minuutti\" \/>\n<script type=\"application\/ld+json\" class=\"yoast-schema-graph\">{\"@context\":\"https:\/\/schema.org\",\"@graph\":[{\"@type\":\"WebPage\",\"@id\":\"https:\/\/teamexact.com\/fi\/maanalainen-paikannus\/\",\"url\":\"https:\/\/teamexact.com\/fi\/maanalainen-paikannus\/\",\"name\":\"Maanalainen paikannus - EXACT\",\"isPartOf\":{\"@id\":\"https:\/\/teamexact.com\/sv\/#website\"},\"primaryImageOfPage\":{\"@id\":\"https:\/\/teamexact.com\/fi\/maanalainen-paikannus\/#primaryimage\"},\"image\":{\"@id\":\"https:\/\/teamexact.com\/fi\/maanalainen-paikannus\/#primaryimage\"},\"thumbnailUrl\":\"http:\/\/www.teamexact.com\/wp-content\/uploads\/2019\/03\/underjord-1.png\",\"datePublished\":\"2019-04-05T13:58:23+00:00\",\"dateModified\":\"2019-07-02T06:30:13+00:00\",\"breadcrumb\":{\"@id\":\"https:\/\/teamexact.com\/fi\/maanalainen-paikannus\/#breadcrumb\"},\"inLanguage\":\"fi\",\"potentialAction\":[{\"@type\":\"ReadAction\",\"target\":[\"https:\/\/teamexact.com\/fi\/maanalainen-paikannus\/\"]}]},{\"@type\":\"ImageObject\",\"inLanguage\":\"fi\",\"@id\":\"https:\/\/teamexact.com\/fi\/maanalainen-paikannus\/#primaryimage\",\"url\":\"http:\/\/www.teamexact.com\/wp-content\/uploads\/2019\/03\/underjord-1.png\",\"contentUrl\":\"http:\/\/www.teamexact.com\/wp-content\/uploads\/2019\/03\/underjord-1.png\"},{\"@type\":\"BreadcrumbList\",\"@id\":\"https:\/\/teamexact.com\/fi\/maanalainen-paikannus\/#breadcrumb\",\"itemListElement\":[{\"@type\":\"ListItem\",\"position\":1,\"name\":\"Home\",\"item\":\"https:\/\/teamexact.com\/fi\/\"},{\"@type\":\"ListItem\",\"position\":2,\"name\":\"Maanalainen paikannus\"}]},{\"@type\":\"WebSite\",\"@id\":\"https:\/\/teamexact.com\/sv\/#website\",\"url\":\"https:\/\/teamexact.com\/sv\/\",\"name\":\"EXACT\",\"description\":\"We see more\",\"potentialAction\":[{\"@type\":\"SearchAction\",\"target\":{\"@type\":\"EntryPoint\",\"urlTemplate\":\"https:\/\/teamexact.com\/sv\/?s={search_term_string}\"},\"query-input\":\"required name=search_term_string\"}],\"inLanguage\":\"fi\"}]}<\/script>\n<!-- \/ Yoast SEO plugin. -->","yoast_head_json":{"title":"Maanalainen paikannus - EXACT","robots":{"index":"index","follow":"follow","max-snippet":"max-snippet:-1","max-image-preview":"max-image-preview:large","max-video-preview":"max-video-preview:-1"},"canonical":"https:\/\/teamexact.com\/fi\/maanalainen-paikannus\/","og_locale":"fi_FI","og_type":"article","og_title":"Maanalainen paikannus - EXACT","og_description":"Ep\u00e4varmuus siit\u00e4, mit\u00e4 maan pinnan alla piilee, on iso ja valitettavasti hyvin yleinen ongelma. Seurauksena voi olla kalliita virheit\u00e4 tai pahimmillaan vaarallisia onnettomuuksia. Joten miksi arvailla, jos voit tiet\u00e4\u00e4? Maanalaisten rakenteiden paikannus on monimutkainen prosessi. Me teemme sen nyt helpoksi. Nykytekniikan ja vankan osaamisemme avulla pystymme paikantamaan maanalaisia rakenteita, kun l\u00e4ht\u00f6kohtana ovat jokaisen projektin yksil\u00f6lliset [&hellip;]","og_url":"https:\/\/teamexact.com\/fi\/maanalainen-paikannus\/","og_site_name":"EXACT","article_modified_time":"2019-07-02T06:30:13+00:00","og_image":[{"url":"http:\/\/www.teamexact.com\/wp-content\/uploads\/2019\/03\/underjord-1.png"}],"twitter_card":"summary_large_image","twitter_misc":{"Arvioitu lukuaika":"1 minuutti"},"schema":{"@context":"https:\/\/schema.org","@graph":[{"@type":"WebPage","@id":"https:\/\/teamexact.com\/fi\/maanalainen-paikannus\/","url":"https:\/\/teamexact.com\/fi\/maanalainen-paikannus\/","name":"Maanalainen paikannus - EXACT","isPartOf":{"@id":"https:\/\/teamexact.com\/sv\/#website"},"primaryImageOfPage":{"@id":"https:\/\/teamexact.com\/fi\/maanalainen-paikannus\/#primaryimage"},"image":{"@id":"https:\/\/teamexact.com\/fi\/maanalainen-paikannus\/#primaryimage"},"thumbnailUrl":"http:\/\/www.teamexact.com\/wp-content\/uploads\/2019\/03\/underjord-1.png","datePublished":"2019-04-05T13:58:23+00:00","dateModified":"2019-07-02T06:30:13+00:00","breadcrumb":{"@id":"https:\/\/teamexact.com\/fi\/maanalainen-paikannus\/#breadcrumb"},"inLanguage":"fi","potentialAction":[{"@type":"ReadAction","target":["https:\/\/teamexact.com\/fi\/maanalainen-paikannus\/"]}]},{"@type":"ImageObject","inLanguage":"fi","@id":"https:\/\/teamexact.com\/fi\/maanalainen-paikannus\/#primaryimage","url":"http:\/\/www.teamexact.com\/wp-content\/uploads\/2019\/03\/underjord-1.png","contentUrl":"http:\/\/www.teamexact.com\/wp-content\/uploads\/2019\/03\/underjord-1.png"},{"@type":"BreadcrumbList","@id":"https:\/\/teamexact.com\/fi\/maanalainen-paikannus\/#breadcrumb","itemListElement":[{"@type":"ListItem","position":1,"name":"Home","item":"https:\/\/teamexact.com\/fi\/"},{"@type":"ListItem","position":2,"name":"Maanalainen paikannus"}]},{"@type":"WebSite","@id":"https:\/\/teamexact.com\/sv\/#website","url":"https:\/\/teamexact.com\/sv\/","name":"EXACT","description":"We see more","potentialAction":[{"@type":"SearchAction","target":{"@type":"EntryPoint","urlTemplate":"https:\/\/teamexact.com\/sv\/?s={search_term_string}"},"query-input":"required name=search_term_string"}],"inLanguage":"fi"}]}},"_links":{"self":[{"href":"https:\/\/teamexact.com\/fi\/wp-json\/wp\/v2\/pages\/3864"}],"collection":[{"href":"https:\/\/teamexact.com\/fi\/wp-json\/wp\/v2\/pages"}],"about":[{"href":"https:\/\/teamexact.com\/fi\/wp-json\/wp\/v2\/types\/page"}],"author":[{"embeddable":true,"href":"https:\/\/teamexact.com\/fi\/wp-json\/wp\/v2\/users\/1"}],"replies":[{"embeddable":true,"href":"https:\/\/teamexact.com\/fi\/wp-json\/wp\/v2\/comments?post=3864"}],"version-history":[{"count":6,"href":"https:\/\/teamexact.com\/fi\/wp-json\/wp\/v2\/pages\/3864\/revisions"}],"predecessor-version":[{"id":4017,"href":"https:\/\/teamexact.com\/fi\/wp-json\/wp\/v2\/pages\/3864\/revisions\/4017"}],"wp:attachment":[{"href":"https:\/\/teamexact.com\/fi\/wp-json\/wp\/v2\/media?parent=3864"}],"curies":[{"name":"wp","href":"https:\/\/api.w.org\/{rel}","templated":true}]}}