{"id":3967,"date":"2019-06-17T14:12:12","date_gmt":"2019-06-17T12:12:12","guid":{"rendered":"http:\/\/www.teamexact.com\/?page_id=3967"},"modified":"2019-06-17T14:22:48","modified_gmt":"2019-06-17T12:22:48","slug":"digitaalisia-kaksosia","status":"publish","type":"page","link":"https:\/\/teamexact.com\/fi\/digitaalisia-kaksosia\/","title":{"rendered":"Digitaalisia kaksosia"},"content":{"rendered":"<h4>Exact analysoi mitattavat tiedot ja muuntaa ne asiakkaan vision tai hankkeen mukaisiksi digitaalisiksi kaksosiksi, jotka voivat olla monella tavalla todella arvokkaita. Niin isossa kuin pieness\u00e4, todellisuudessa tai ideoinnissa, summittaisessa tai pikkutarkassa \u2013 kaikessa on vain mahdollisuuksia.<\/h4>\n<p>&nbsp;<\/p>\n<h2>Luo Street View -katun\u00e4kym\u00e4n sis\u00e4ll\u00e4<\/h2>\n<p>3D-visualisointi ja 2D-piirustus kohteestasi, johon voit lis\u00e4t\u00e4 erilaista tietoa. Kun tietoa ker\u00e4t\u00e4\u00e4n pitk\u00e4lt\u00e4 ajalta, voit tehd\u00e4 j\u00e4rkevi\u00e4 p\u00e4\u00e4t\u00f6ksi\u00e4 ja s\u00e4\u00e4st\u00e4\u00e4 aikaa ja rahaa.<\/p>\n<div style=\"width: 1590px;\" class=\"wp-video\"><!--[if lt IE 9]><script>document.createElement('video');<\/script><![endif]-->\n<video class=\"wp-video-shortcode\" id=\"video-3967-1\" width=\"1590\" height=\"736\" preload=\"metadata\" controls=\"controls\"><source type=\"video\/mp4\" src=\"http:\/\/www.teamexact.com\/wp-content\/uploads\/2019\/05\/NavVis_T\u00e4by-C_2.mp4?_=1\" \/><a href=\"http:\/\/www.teamexact.com\/wp-content\/uploads\/2019\/05\/NavVis_T\u00e4by-C_2.mp4\">http:\/\/www.teamexact.com\/wp-content\/uploads\/2019\/05\/NavVis_T\u00e4by-C_2.mp4<\/a><\/video><\/div>\n<p>&nbsp;<\/p>\n<hr \/>\n<h2>Suuret pistepilvet verkkoselaimellasi<\/h2>\n<p>T\u00e4ss\u00e4 verkkopohjaisessa ty\u00f6kalussa voit jakaa tietoa asiakkaiden ja kumppanien kanssa ilman suuria tietom\u00e4\u00e4ri\u00e4. Yksinkertainen, \u00e4lyk\u00e4s ja helpottaa viestint\u00e4\u00e4 koko hankkeen ajan.<\/p>\n<div style=\"width: 1920px;\" class=\"wp-video\"><video class=\"wp-video-shortcode\" id=\"video-3967-2\" width=\"1920\" height=\"1048\" preload=\"metadata\" controls=\"controls\"><source type=\"video\/mp4\" src=\"http:\/\/www.teamexact.com\/wp-content\/uploads\/2019\/05\/potree.teamexact.cz_3d_karlstad_CCC_karlstad_CCC.html-Google-Chrome-2019-02-15-14_55_30.mp4?_=2\" \/><a href=\"http:\/\/www.teamexact.com\/wp-content\/uploads\/2019\/05\/potree.teamexact.cz_3d_karlstad_CCC_karlstad_CCC.html-Google-Chrome-2019-02-15-14_55_30.mp4\">http:\/\/www.teamexact.com\/wp-content\/uploads\/2019\/05\/potree.teamexact.cz_3d_karlstad_CCC_karlstad_CCC.html-Google-Chrome-2019-02-15-14_55_30.mp4<\/a><\/video><\/div>\n<p>&nbsp;<\/p>\n<hr \/>\n<h2>N\u00e4e kaikki maan alla<\/h2>\n<p>Tutki ja paikanna kaikki, mit\u00e4 tarvitset maan alla. Tietojen ker\u00e4\u00e4minen ja tulkinta tehd\u00e4\u00e4n paikantimien, tunnistimien ja perinteisen mittaustekniikan avulla.<\/p>\n<div style=\"width: 960px;\" class=\"wp-video\"><video class=\"wp-video-shortcode\" id=\"video-3967-3\" width=\"960\" height=\"720\" preload=\"metadata\" controls=\"controls\"><source type=\"video\/mp4\" src=\"http:\/\/www.teamexact.com\/wp-content\/uploads\/2019\/05\/GISonLine_-Underground-Infrastructure-3D-Model.mp4?_=3\" \/><a href=\"http:\/\/www.teamexact.com\/wp-content\/uploads\/2019\/05\/GISonLine_-Underground-Infrastructure-3D-Model.mp4\">http:\/\/www.teamexact.com\/wp-content\/uploads\/2019\/05\/GISonLine_-Underground-Infrastructure-3D-Model.mp4<\/a><\/video><\/div>\n<p>&nbsp;<\/p>\n<hr \/>\n<h2>Exact as Built -laaduntarkkailumalli<\/h2>\n<p>Exact as Built -mallin avulla voit helposti seurata ty\u00f6n kulkua ja korjata mahdolliset poikkeamat ajoissa. Nopeaa ja eritt\u00e4in kustannustehokasta.<\/p>\n<div style=\"width: 1152px;\" class=\"wp-video\"><video class=\"wp-video-shortcode\" id=\"video-3967-4\" width=\"1152\" height=\"720\" preload=\"metadata\" controls=\"controls\"><source type=\"video\/mp4\" src=\"http:\/\/www.teamexact.com\/wp-content\/uploads\/2019\/05\/asbuilt.mp4?_=4\" \/><a href=\"http:\/\/www.teamexact.com\/wp-content\/uploads\/2019\/05\/asbuilt.mp4\">http:\/\/www.teamexact.com\/wp-content\/uploads\/2019\/05\/asbuilt.mp4<\/a><\/video><\/div>\n<p>&nbsp;<\/p>\n<hr \/>\n<h2>3D-mallinnus tarjoaa BIM-valmiuden<\/h2>\n<p>Digitaalisesta kaksosesta riippumatta teemme digitaalisia piirustuksia ja 3D-malleja tarpeidesi ja alan standardien mukaan.<\/p>\n<div style=\"width: 1024px;\" class=\"wp-video\"><video class=\"wp-video-shortcode\" id=\"video-3967-5\" width=\"1024\" height=\"576\" preload=\"metadata\" controls=\"controls\"><source type=\"video\/mp4\" src=\"http:\/\/www.teamexact.com\/wp-content\/uploads\/2019\/05\/Bim-ready.mp4?_=5\" \/><a href=\"http:\/\/www.teamexact.com\/wp-content\/uploads\/2019\/05\/Bim-ready.mp4\">http:\/\/www.teamexact.com\/wp-content\/uploads\/2019\/05\/Bim-ready.mp4<\/a><\/video><\/div>\n","protected":false},"excerpt":{"rendered":"<p>Exact analysoi mitattavat tiedot ja muuntaa ne asiakkaan vision tai hankkeen mukaisiksi digitaalisiksi kaksosiksi, jotka voivat olla monella tavalla todella arvokkaita. Niin isossa kuin pieness\u00e4, todellisuudessa tai ideoinnissa, summittaisessa tai pikkutarkassa \u2013 kaikessa on vain mahdollisuuksia. &nbsp; Luo Street View -katun\u00e4kym\u00e4n sis\u00e4ll\u00e4 3D-visualisointi ja 2D-piirustus kohteestasi, johon voit lis\u00e4t\u00e4 erilaista tietoa. Kun tietoa ker\u00e4t\u00e4\u00e4n pitk\u00e4lt\u00e4 [&hellip;]<\/p>\n","protected":false},"author":1,"featured_media":0,"parent":0,"menu_order":0,"comment_status":"closed","ping_status":"closed","template":"template-page.php","meta":{"_acf_changed":false,"footnotes":""},"acf":[],"yoast_head":"<!-- This site is optimized with the Yoast SEO plugin v22.2 - https:\/\/yoast.com\/wordpress\/plugins\/seo\/ -->\n<title>Digitaalisia kaksosia - EXACT<\/title>\n<meta name=\"robots\" content=\"index, follow, max-snippet:-1, max-image-preview:large, max-video-preview:-1\" \/>\n<link rel=\"canonical\" href=\"https:\/\/teamexact.com\/fi\/digitaalisia-kaksosia\/\" \/>\n<meta property=\"og:locale\" content=\"fi_FI\" \/>\n<meta property=\"og:type\" content=\"article\" \/>\n<meta property=\"og:title\" content=\"Digitaalisia kaksosia - EXACT\" \/>\n<meta property=\"og:description\" content=\"Exact analysoi mitattavat tiedot ja muuntaa ne asiakkaan vision tai hankkeen mukaisiksi digitaalisiksi kaksosiksi, jotka voivat olla monella tavalla todella arvokkaita. Niin isossa kuin pieness\u00e4, todellisuudessa tai ideoinnissa, summittaisessa tai pikkutarkassa \u2013 kaikessa on vain mahdollisuuksia. &nbsp; Luo Street View -katun\u00e4kym\u00e4n sis\u00e4ll\u00e4 3D-visualisointi ja 2D-piirustus kohteestasi, johon voit lis\u00e4t\u00e4 erilaista tietoa. Kun tietoa ker\u00e4t\u00e4\u00e4n pitk\u00e4lt\u00e4 [&hellip;]\" \/>\n<meta property=\"og:url\" content=\"https:\/\/teamexact.com\/fi\/digitaalisia-kaksosia\/\" \/>\n<meta property=\"og:site_name\" content=\"EXACT\" \/>\n<meta property=\"article:modified_time\" content=\"2019-06-17T12:22:48+00:00\" \/>\n<meta name=\"twitter:card\" content=\"summary_large_image\" \/>\n<meta name=\"twitter:label1\" content=\"Arvioitu lukuaika\" \/>\n\t<meta name=\"twitter:data1\" content=\"1 minuutti\" \/>\n<script type=\"application\/ld+json\" class=\"yoast-schema-graph\">{\"@context\":\"https:\/\/schema.org\",\"@graph\":[{\"@type\":\"WebPage\",\"@id\":\"https:\/\/teamexact.com\/fi\/digitaalisia-kaksosia\/\",\"url\":\"https:\/\/teamexact.com\/fi\/digitaalisia-kaksosia\/\",\"name\":\"Digitaalisia kaksosia - EXACT\",\"isPartOf\":{\"@id\":\"https:\/\/teamexact.com\/sv\/#website\"},\"datePublished\":\"2019-06-17T12:12:12+00:00\",\"dateModified\":\"2019-06-17T12:22:48+00:00\",\"breadcrumb\":{\"@id\":\"https:\/\/teamexact.com\/fi\/digitaalisia-kaksosia\/#breadcrumb\"},\"inLanguage\":\"fi\",\"potentialAction\":[{\"@type\":\"ReadAction\",\"target\":[\"https:\/\/teamexact.com\/fi\/digitaalisia-kaksosia\/\"]}]},{\"@type\":\"BreadcrumbList\",\"@id\":\"https:\/\/teamexact.com\/fi\/digitaalisia-kaksosia\/#breadcrumb\",\"itemListElement\":[{\"@type\":\"ListItem\",\"position\":1,\"name\":\"Home\",\"item\":\"https:\/\/teamexact.com\/fi\/\"},{\"@type\":\"ListItem\",\"position\":2,\"name\":\"Digitaalisia kaksosia\"}]},{\"@type\":\"WebSite\",\"@id\":\"https:\/\/teamexact.com\/sv\/#website\",\"url\":\"https:\/\/teamexact.com\/sv\/\",\"name\":\"EXACT\",\"description\":\"We see more\",\"potentialAction\":[{\"@type\":\"SearchAction\",\"target\":{\"@type\":\"EntryPoint\",\"urlTemplate\":\"https:\/\/teamexact.com\/sv\/?s={search_term_string}\"},\"query-input\":\"required name=search_term_string\"}],\"inLanguage\":\"fi\"}]}<\/script>\n<!-- \/ Yoast SEO plugin. -->","yoast_head_json":{"title":"Digitaalisia kaksosia - EXACT","robots":{"index":"index","follow":"follow","max-snippet":"max-snippet:-1","max-image-preview":"max-image-preview:large","max-video-preview":"max-video-preview:-1"},"canonical":"https:\/\/teamexact.com\/fi\/digitaalisia-kaksosia\/","og_locale":"fi_FI","og_type":"article","og_title":"Digitaalisia kaksosia - EXACT","og_description":"Exact analysoi mitattavat tiedot ja muuntaa ne asiakkaan vision tai hankkeen mukaisiksi digitaalisiksi kaksosiksi, jotka voivat olla monella tavalla todella arvokkaita. Niin isossa kuin pieness\u00e4, todellisuudessa tai ideoinnissa, summittaisessa tai pikkutarkassa \u2013 kaikessa on vain mahdollisuuksia. &nbsp; Luo Street View -katun\u00e4kym\u00e4n sis\u00e4ll\u00e4 3D-visualisointi ja 2D-piirustus kohteestasi, johon voit lis\u00e4t\u00e4 erilaista tietoa. Kun tietoa ker\u00e4t\u00e4\u00e4n pitk\u00e4lt\u00e4 [&hellip;]","og_url":"https:\/\/teamexact.com\/fi\/digitaalisia-kaksosia\/","og_site_name":"EXACT","article_modified_time":"2019-06-17T12:22:48+00:00","twitter_card":"summary_large_image","twitter_misc":{"Arvioitu lukuaika":"1 minuutti"},"schema":{"@context":"https:\/\/schema.org","@graph":[{"@type":"WebPage","@id":"https:\/\/teamexact.com\/fi\/digitaalisia-kaksosia\/","url":"https:\/\/teamexact.com\/fi\/digitaalisia-kaksosia\/","name":"Digitaalisia kaksosia - EXACT","isPartOf":{"@id":"https:\/\/teamexact.com\/sv\/#website"},"datePublished":"2019-06-17T12:12:12+00:00","dateModified":"2019-06-17T12:22:48+00:00","breadcrumb":{"@id":"https:\/\/teamexact.com\/fi\/digitaalisia-kaksosia\/#breadcrumb"},"inLanguage":"fi","potentialAction":[{"@type":"ReadAction","target":["https:\/\/teamexact.com\/fi\/digitaalisia-kaksosia\/"]}]},{"@type":"BreadcrumbList","@id":"https:\/\/teamexact.com\/fi\/digitaalisia-kaksosia\/#breadcrumb","itemListElement":[{"@type":"ListItem","position":1,"name":"Home","item":"https:\/\/teamexact.com\/fi\/"},{"@type":"ListItem","position":2,"name":"Digitaalisia kaksosia"}]},{"@type":"WebSite","@id":"https:\/\/teamexact.com\/sv\/#website","url":"https:\/\/teamexact.com\/sv\/","name":"EXACT","description":"We see more","potentialAction":[{"@type":"SearchAction","target":{"@type":"EntryPoint","urlTemplate":"https:\/\/teamexact.com\/sv\/?s={search_term_string}"},"query-input":"required name=search_term_string"}],"inLanguage":"fi"}]}},"_links":{"self":[{"href":"https:\/\/teamexact.com\/fi\/wp-json\/wp\/v2\/pages\/3967"}],"collection":[{"href":"https:\/\/teamexact.com\/fi\/wp-json\/wp\/v2\/pages"}],"about":[{"href":"https:\/\/teamexact.com\/fi\/wp-json\/wp\/v2\/types\/page"}],"author":[{"embeddable":true,"href":"https:\/\/teamexact.com\/fi\/wp-json\/wp\/v2\/users\/1"}],"replies":[{"embeddable":true,"href":"https:\/\/teamexact.com\/fi\/wp-json\/wp\/v2\/comments?post=3967"}],"version-history":[{"count":3,"href":"https:\/\/teamexact.com\/fi\/wp-json\/wp\/v2\/pages\/3967\/revisions"}],"predecessor-version":[{"id":3976,"href":"https:\/\/teamexact.com\/fi\/wp-json\/wp\/v2\/pages\/3967\/revisions\/3976"}],"wp:attachment":[{"href":"https:\/\/teamexact.com\/fi\/wp-json\/wp\/v2\/media?parent=3967"}],"curies":[{"name":"wp","href":"https:\/\/api.w.org\/{rel}","templated":true}]}}