{"id":866,"date":"2015-06-29T10:05:13","date_gmt":"2015-06-29T08:05:13","guid":{"rendered":"http:\/\/exact.lebowski.se\/?page_id=866"},"modified":"2022-03-27T18:27:42","modified_gmt":"2022-03-27T16:27:42","slug":"kiinteistot","status":"publish","type":"page","link":"https:\/\/teamexact.com\/fi\/kiinteistot\/","title":{"rendered":"Me n\u00e4emme enemm\u00e4n jokaisessa kiinteist\u00f6ss\u00e4"},"content":{"rendered":"<p><strong>Teemme asiantuntevia mittauksia kehittyneill\u00e4 Laserkeilaus -tekniikoilla, jotka mahdollistavat suurien rakennusten ja alueiden mittaamisen nopeasti ja tarkasti. Menetelm\u00e4mme tuovat esille kiinteist\u00f6n jokaisen yksityiskohdan antaen k\u00e4ytt\u00f6\u00f6si kaikki tiedot, joita tarkkoihin kiinteist\u00f6arviointeihin ja suunnitteluun sek\u00e4 rakentamiseen tarvitaan. Me n\u00e4emme enemm\u00e4n jokaisessa kiinteist\u00f6ss\u00e4.<\/strong><\/p>\n<h3>Laserkeilaus<\/h3>\n<p>Laserkeilaus -mittauskohteitamme ovat kaikentyyppiset monimuotoiset tilat ja suuren mittakaavan rakennukset, kuten <strong>asuin-, toimisto- ja liikekiinteist\u00f6t, tehtaat, tilakokonaisuudet ja laitokset<\/strong>. EXACT k\u00e4ytt\u00e4\u00e4 uusinta 3D- laserkeilaus tekniikkaa, joka kokoaa tiedot nopeasti ja tarkasti, jokaisen yksityiskohdan huomioon ottaen. Mittauksista saadaan runsaasti tarkkoja tietoja hankkeen erilaisia dokumentteja varten. Tiedot esitet\u00e4\u00e4n ja toimitetaan digitaalisessa muodossa <strong>(3D- mittamalli, Inventointimalli, ajantasapiirustus, 2D-taso-, poikkileikkaus-, julkisivu- ja asemapiirustus, mittapiirustus)<\/strong> asiakkaan toivomusten mukaisesti.<\/p>\n<h3><span lang=\"FI\">Saneerausten suunnittelu ja korjausrakentaminen \u2013 l\u00e4ht\u00f6tiedot haltuun<\/span><\/h3>\n<p>Asunto-osakeyhti\u00f6iden ja kiinteist\u00f6yhti\u00f6iden <strong>saneeraus, linjasaneeraus, julkisivusaneeraus, vesikattosaneeraus, hissin j\u00e4lkiasennus, porrask\u00e4yt\u00e4v\u00e4n saneeraus ja ullakon muutosrakentaminen<\/strong> ovat huomattavia investointeja, jotka vaativat huolellista, hyvin toteutettua suunnittelua. Kun valitsette EXACTin mittauskumppaniksenne, saatte investoinnille vastinetta.<\/p>\n<p>Kiinteist\u00f6n olemassa oleva arkistopiirustus vastaa harvoin nykyp\u00e4iv\u00e4n tilannetta. Ero olemassa olevien piirustusten ja todellisuuden v\u00e4lill\u00e4 on l\u00e4hes poikkeuksetta ristiriitaista, joten niiden hy\u00f6dynt\u00e4minen korjaussuunnittelun l\u00e4ht\u00f6tietona voi aiheuttaa rakentamisen yhteydess\u00e4 suuria haasteita, kun rakenteiden yhteensovitus ei vastaakaan rakentamisen aikana suunnitelmassa esitetty\u00e4.<\/p>\n<p>Olemme toteuttaneet lukuisia kohteita Suomessa yli 40-vuoden ajan. Suhtaudumme kiinteist\u00f6jen mittauksiin asiakasl\u00e4ht\u00f6isesti ja asiantuntemuksella. Jokainen kiinteist\u00f6 on ainutlaatuinen ja vaatii mittauksilta huolellista suunnittelua. Rakennusmittaus -alan kokeneina ammattilaisina kannamme vastuun mittausty\u00f6n toteuttamisesta, aikataulusta ja laadukkaasta lopputuloksesta, joka vastaa tarpeitasi.<\/p>\n<h3><span lang=\"FI\">Pinta-alan tarkistusmittaus<\/span><\/h3>\n<p><strong>Teemme pinta-alan tarkistusmittausta<\/strong> <strong>standardin SFS 5139 mukaisesti<\/strong> niin yksitt\u00e4isiin huoneistoihin kuin suurikokoisiin kiinteist\u00f6ihin k\u00e4ytt\u00f6tarkoituksesta riippumatta. Mittaus ja pinta-alojen dokumentointi mittausp\u00f6yt\u00e4kirjaan tehd\u00e4\u00e4n aina standardeja noudattaen. K\u00e4yt\u00e4mme nykyaikaisia kehittyneit\u00e4 laserkeilaus -tekniikoita, joiden avulla mittaus on nopeaa ja tarkkaa. Laserkeilauksessa muodostuvaa pistepilve\u00e4 voidaan hy\u00f6dynt\u00e4\u00e4 tehokkaasti muussakin, esimerkiksi saneeraukseen tarvittavien tarkkojen mittojen dokumentoinnissa. Oli kyseess\u00e4 huoneistoala tai jokin muu kiinteist\u00f6n k\u00e4ytt\u00e4j\u00e4\u00e4n sidottu pinta-ala, me mittaamme sen tarkasti.<\/p>\n<h3><span lang=\"FI\">Tarkemittaus laserkeilaamalla \u2013 Exact As Built<\/span><\/h3>\n<p><strong>Muutos-, korjaus-, suunnittelu- ja hallintaprojekteissa<\/strong> olisi suositeltavaa saada tarkat, t\u00e4ydelliset ja ajantasaiset mittausdokumentit my\u00f6hempi\u00e4 k\u00e4ytt\u00f6- ja kunnossapitotoimenpiteit\u00e4 varten. EXACT laatii mittausten pohjalta CAD tarkepiirustuksia ja 3D malleja, jotka sis\u00e4lt\u00e4v\u00e4t rakenteiden ja kaikkien j\u00e4rjestelm\u00e4\u00e4n kuuluvien komponenttien mitta- ja sijaintitiedot. Asiakas saa rakennuskohteesta kaikki tarvittavat ja vaadittavat dokumentit. Tarkepiirustuksia laadimme niin kohteen kokonaismittauksien yhteydess\u00e4 kuin osamittauksina olemassa olevien dokumenttien t\u00e4ydent\u00e4miseksi.<\/p>\n<p>Laserkeilaamalla rakennettavaa kohdetta, voimme digitaalisesti analysoida rakenteiden poikkeamia suhteessa suunniteltuun. Exact as Built on joustava ja tehokas laaduntarkkailumalli, jolla teet rakennushankkeestasi tuottavamman. <a href=\"http:\/\/www.teamexact.com\/fi\/exact-as-built\/\">Lue lis\u00e4\u00e4<\/a><\/p>\n<h3><span lang=\"FI\">Rakennuksen tietomalli \u2013 Inventointimalli <\/span><\/h3>\n<p>Toteutamme rakennusten tietomallinnusta (BIM) perusteltujen ja tarkkojen p\u00e4\u00e4t\u00f6sten tueksi. EXACT laatii 3D- laserkeilaus tekniikan avulla tarkkoja digitaalisia mitta- ja inventointimalleja, jotka auttavat arkkitehtej\u00e4, insin\u00f6\u00f6rej\u00e4 ja muita suunnittelijoita tiedostamaan kohteen rakenteiden tarkan sijainnin ja toiminnot kaikkien tarvittavien muutosten ja kustannusten ennakoimiseksi. Oikeiden p\u00e4\u00e4t\u00f6sten tekeminen prosessin alkuvaiheessa est\u00e4\u00e4 kalliit virheet rakentamisen aikana ja varmistaa lopputuloksen laadun sek\u00e4 kustannus- ja energiatehokkuuden. <a href=\"http:\/\/www.teamexact.com\/fi\/me-teemme-tietomallinnuksesta-helppotajuisempaa\/\">Lue lis\u00e4\u00e4<\/a><\/p>\n<h3>Me autamme ja tuemme teit\u00e4 p\u00e4\u00e4sem\u00e4\u00e4n eteenp\u00e4in!<\/h3>\n<p>Olemme toimineet alalla yli 40-vuotta, jonka aikana olemme kartuttaneet varsin runsaasti kokemusta kiinteist\u00f6jen digitaalisista mittauksista ja mittausaineistojen pohjalta laadittavien dokumenttien todenmukaisesta laadukkaasta sis\u00e4ll\u00f6st\u00e4. Autamme teit\u00e4 p\u00e4\u00e4sem\u00e4\u00e4n eteenp\u00e4in jo hankkeenne alkumetreill\u00e4 ja ymm\u00e4rt\u00e4m\u00e4\u00e4n mittausten tarjoamia hy\u00f6tyj\u00e4 ja lukuisia lis\u00e4arvoja. Oikein ja laadulla toteutettujen mittausten tulisi ohjata hanketta mahdollisimman varhaisessa vaiheessa, jolloin kaikki hankeosapuolet saavat tarkkaan mitatuista tiedoista kaiken hy\u00f6dyn irti. Tuemme teit\u00e4 my\u00f6s hankkeen aikana tarketietojen k\u00e4sittelyss\u00e4 ja konfliktien ratkaisemisessa.<\/p>\n<h3>Pyyd\u00e4 tarjousta<\/h3>\n<p>Tarjouksen pyyt\u00e4minen kannattaa aina! Mik\u00e4li teist\u00e4 tuntuu haastavalta hahmottaa tarvittavan lopputuotteen sis\u00e4lt\u00f6\u00e4, autamme teit\u00e4 peilaten vankkaan kokemukseemme. Lukuisat asiakkaamme suosittelevat meit\u00e4 juuri helppouden ja asiakasl\u00e4ht\u00f6isen palveluhenkisyyden vuoksi.<\/p>\n<p>Tarjouksen laatimiseen tarvitsemme l\u00e4ht\u00f6tietoja mitattavasta kohteesta ja mittausaineiston pohjalta laadittavista dokumenteista. Teht\u00e4v\u00e4n sis\u00e4lt\u00f6, laajuus ja k\u00e4ytt\u00f6tarkoitus m\u00e4\u00e4ritt\u00e4\u00e4 pitk\u00e4lle tarjouspyynn\u00f6n mukana toimitettavat dokumentit. Yleisimmin n\u00e4m\u00e4 ovat olemassa olevat pohjapiirustukset, leikkaukset, julkisivupiirustukset ja asemapiirros.<\/p>\n<p>Lukuisien hankkeiden yhteenvetona olemme laatineet yleisimmin pyydettyjen elementtien mukaiset standardit mm. pohja-, leikkaus- ja julkisivupiirustuksille. Jaan n\u00e4m\u00e4 asiakkaan k\u00e4ytt\u00f6\u00f6n ennen tarjouksen laskentaa voidaksemme sopia yhdess\u00e4 tiedostaen tarkalleen mit\u00e4 hankkeessa vaaditaan.<\/p>\n<p>L\u00e4het\u00e4 tarjouspyynt\u00f6si meille: <a href=\"mailto:sami.luoma@teamexact.com\">sami.luoma@teamexact.com<\/a> ja <a href=\"mailto:myynti@teamexact.com\">myynti@teamexact.com<\/a><\/p>\n\n\n<p><\/p>\n","protected":false},"excerpt":{"rendered":"<p>Teemme asiantuntevia mittauksia kehittyneill\u00e4 Laserkeilaus -tekniikoilla, jotka mahdollistavat suurien rakennusten ja alueiden mittaamisen nopeasti ja tarkasti. Menetelm\u00e4mme tuovat esille kiinteist\u00f6n jokaisen yksityiskohdan antaen k\u00e4ytt\u00f6\u00f6si kaikki tiedot, joita tarkkoihin kiinteist\u00f6arviointeihin ja suunnitteluun sek\u00e4 rakentamiseen tarvitaan. Me n\u00e4emme enemm\u00e4n jokaisessa kiinteist\u00f6ss\u00e4. Laserkeilaus Laserkeilaus -mittauskohteitamme ovat kaikentyyppiset monimuotoiset tilat ja suuren mittakaavan rakennukset, kuten asuin-, toimisto- ja liikekiinteist\u00f6t, [&hellip;]<\/p>\n","protected":false},"author":1,"featured_media":0,"parent":0,"menu_order":0,"comment_status":"open","ping_status":"open","template":"template-area.php","meta":{"_acf_changed":false,"footnotes":""},"acf":[],"yoast_head":"<!-- This site is optimized with the Yoast SEO plugin v22.2 - https:\/\/yoast.com\/wordpress\/plugins\/seo\/ -->\n<title>Me n\u00e4emme enemm\u00e4n jokaisessa kiinteist\u00f6ss\u00e4 - EXACT<\/title>\n<meta name=\"robots\" content=\"index, follow, max-snippet:-1, max-image-preview:large, max-video-preview:-1\" \/>\n<link rel=\"canonical\" href=\"https:\/\/teamexact.com\/fi\/kiinteistot\/\" \/>\n<meta property=\"og:locale\" content=\"fi_FI\" \/>\n<meta property=\"og:type\" content=\"article\" \/>\n<meta property=\"og:title\" content=\"Me n\u00e4emme enemm\u00e4n jokaisessa kiinteist\u00f6ss\u00e4 - EXACT\" \/>\n<meta property=\"og:description\" content=\"Teemme asiantuntevia mittauksia kehittyneill\u00e4 Laserkeilaus -tekniikoilla, jotka mahdollistavat suurien rakennusten ja alueiden mittaamisen nopeasti ja tarkasti. Menetelm\u00e4mme tuovat esille kiinteist\u00f6n jokaisen yksityiskohdan antaen k\u00e4ytt\u00f6\u00f6si kaikki tiedot, joita tarkkoihin kiinteist\u00f6arviointeihin ja suunnitteluun sek\u00e4 rakentamiseen tarvitaan. Me n\u00e4emme enemm\u00e4n jokaisessa kiinteist\u00f6ss\u00e4. Laserkeilaus Laserkeilaus -mittauskohteitamme ovat kaikentyyppiset monimuotoiset tilat ja suuren mittakaavan rakennukset, kuten asuin-, toimisto- ja liikekiinteist\u00f6t, [&hellip;]\" \/>\n<meta property=\"og:url\" content=\"https:\/\/teamexact.com\/fi\/kiinteistot\/\" \/>\n<meta property=\"og:site_name\" content=\"EXACT\" \/>\n<meta property=\"article:modified_time\" content=\"2022-03-27T16:27:42+00:00\" \/>\n<meta name=\"twitter:card\" content=\"summary_large_image\" \/>\n<meta name=\"twitter:label1\" content=\"Arvioitu lukuaika\" \/>\n\t<meta name=\"twitter:data1\" content=\"3 minuuttia\" \/>\n<script type=\"application\/ld+json\" class=\"yoast-schema-graph\">{\"@context\":\"https:\/\/schema.org\",\"@graph\":[{\"@type\":\"WebPage\",\"@id\":\"https:\/\/teamexact.com\/fi\/kiinteistot\/\",\"url\":\"https:\/\/teamexact.com\/fi\/kiinteistot\/\",\"name\":\"Me n\u00e4emme enemm\u00e4n jokaisessa kiinteist\u00f6ss\u00e4 - EXACT\",\"isPartOf\":{\"@id\":\"https:\/\/teamexact.com\/sv\/#website\"},\"datePublished\":\"2015-06-29T08:05:13+00:00\",\"dateModified\":\"2022-03-27T16:27:42+00:00\",\"breadcrumb\":{\"@id\":\"https:\/\/teamexact.com\/fi\/kiinteistot\/#breadcrumb\"},\"inLanguage\":\"fi\",\"potentialAction\":[{\"@type\":\"ReadAction\",\"target\":[\"https:\/\/teamexact.com\/fi\/kiinteistot\/\"]}]},{\"@type\":\"BreadcrumbList\",\"@id\":\"https:\/\/teamexact.com\/fi\/kiinteistot\/#breadcrumb\",\"itemListElement\":[{\"@type\":\"ListItem\",\"position\":1,\"name\":\"Home\",\"item\":\"https:\/\/teamexact.com\/fi\/\"},{\"@type\":\"ListItem\",\"position\":2,\"name\":\"Me n\u00e4emme enemm\u00e4n jokaisessa kiinteist\u00f6ss\u00e4\"}]},{\"@type\":\"WebSite\",\"@id\":\"https:\/\/teamexact.com\/sv\/#website\",\"url\":\"https:\/\/teamexact.com\/sv\/\",\"name\":\"EXACT\",\"description\":\"We see more\",\"potentialAction\":[{\"@type\":\"SearchAction\",\"target\":{\"@type\":\"EntryPoint\",\"urlTemplate\":\"https:\/\/teamexact.com\/sv\/?s={search_term_string}\"},\"query-input\":\"required name=search_term_string\"}],\"inLanguage\":\"fi\"}]}<\/script>\n<!-- \/ Yoast SEO plugin. -->","yoast_head_json":{"title":"Me n\u00e4emme enemm\u00e4n jokaisessa kiinteist\u00f6ss\u00e4 - EXACT","robots":{"index":"index","follow":"follow","max-snippet":"max-snippet:-1","max-image-preview":"max-image-preview:large","max-video-preview":"max-video-preview:-1"},"canonical":"https:\/\/teamexact.com\/fi\/kiinteistot\/","og_locale":"fi_FI","og_type":"article","og_title":"Me n\u00e4emme enemm\u00e4n jokaisessa kiinteist\u00f6ss\u00e4 - EXACT","og_description":"Teemme asiantuntevia mittauksia kehittyneill\u00e4 Laserkeilaus -tekniikoilla, jotka mahdollistavat suurien rakennusten ja alueiden mittaamisen nopeasti ja tarkasti. Menetelm\u00e4mme tuovat esille kiinteist\u00f6n jokaisen yksityiskohdan antaen k\u00e4ytt\u00f6\u00f6si kaikki tiedot, joita tarkkoihin kiinteist\u00f6arviointeihin ja suunnitteluun sek\u00e4 rakentamiseen tarvitaan. Me n\u00e4emme enemm\u00e4n jokaisessa kiinteist\u00f6ss\u00e4. Laserkeilaus Laserkeilaus -mittauskohteitamme ovat kaikentyyppiset monimuotoiset tilat ja suuren mittakaavan rakennukset, kuten asuin-, toimisto- ja liikekiinteist\u00f6t, [&hellip;]","og_url":"https:\/\/teamexact.com\/fi\/kiinteistot\/","og_site_name":"EXACT","article_modified_time":"2022-03-27T16:27:42+00:00","twitter_card":"summary_large_image","twitter_misc":{"Arvioitu lukuaika":"3 minuuttia"},"schema":{"@context":"https:\/\/schema.org","@graph":[{"@type":"WebPage","@id":"https:\/\/teamexact.com\/fi\/kiinteistot\/","url":"https:\/\/teamexact.com\/fi\/kiinteistot\/","name":"Me n\u00e4emme enemm\u00e4n jokaisessa kiinteist\u00f6ss\u00e4 - EXACT","isPartOf":{"@id":"https:\/\/teamexact.com\/sv\/#website"},"datePublished":"2015-06-29T08:05:13+00:00","dateModified":"2022-03-27T16:27:42+00:00","breadcrumb":{"@id":"https:\/\/teamexact.com\/fi\/kiinteistot\/#breadcrumb"},"inLanguage":"fi","potentialAction":[{"@type":"ReadAction","target":["https:\/\/teamexact.com\/fi\/kiinteistot\/"]}]},{"@type":"BreadcrumbList","@id":"https:\/\/teamexact.com\/fi\/kiinteistot\/#breadcrumb","itemListElement":[{"@type":"ListItem","position":1,"name":"Home","item":"https:\/\/teamexact.com\/fi\/"},{"@type":"ListItem","position":2,"name":"Me n\u00e4emme enemm\u00e4n jokaisessa kiinteist\u00f6ss\u00e4"}]},{"@type":"WebSite","@id":"https:\/\/teamexact.com\/sv\/#website","url":"https:\/\/teamexact.com\/sv\/","name":"EXACT","description":"We see more","potentialAction":[{"@type":"SearchAction","target":{"@type":"EntryPoint","urlTemplate":"https:\/\/teamexact.com\/sv\/?s={search_term_string}"},"query-input":"required name=search_term_string"}],"inLanguage":"fi"}]}},"_links":{"self":[{"href":"https:\/\/teamexact.com\/fi\/wp-json\/wp\/v2\/pages\/866"}],"collection":[{"href":"https:\/\/teamexact.com\/fi\/wp-json\/wp\/v2\/pages"}],"about":[{"href":"https:\/\/teamexact.com\/fi\/wp-json\/wp\/v2\/types\/page"}],"author":[{"embeddable":true,"href":"https:\/\/teamexact.com\/fi\/wp-json\/wp\/v2\/users\/1"}],"replies":[{"embeddable":true,"href":"https:\/\/teamexact.com\/fi\/wp-json\/wp\/v2\/comments?post=866"}],"version-history":[{"count":14,"href":"https:\/\/teamexact.com\/fi\/wp-json\/wp\/v2\/pages\/866\/revisions"}],"predecessor-version":[{"id":4971,"href":"https:\/\/teamexact.com\/fi\/wp-json\/wp\/v2\/pages\/866\/revisions\/4971"}],"wp:attachment":[{"href":"https:\/\/teamexact.com\/fi\/wp-json\/wp\/v2\/media?parent=866"}],"curies":[{"name":"wp","href":"https:\/\/api.w.org\/{rel}","templated":true}]}}