{"id":870,"date":"2015-06-29T10:11:22","date_gmt":"2015-06-29T08:11:22","guid":{"rendered":"http:\/\/exact.lebowski.se\/?page_id=870"},"modified":"2021-11-25T12:13:54","modified_gmt":"2021-11-25T11:13:54","slug":"rakentaminen","status":"publish","type":"page","link":"https:\/\/teamexact.com\/fi\/rakentaminen\/","title":{"rendered":"Rakentaminen"},"content":{"rendered":"<p><strong>EXACTilta ei j\u00e4\u00e4 mik\u00e4\u00e4n huomaamatta. Tuotamme tarkat tiedot koko kohteesta, sen pienimm\u00e4st\u00e4 komponentista laajaan kokonaiskuvaan asti. Mittausosaamisemme ja kaikkien rakennusvaiheitten asiantuntemuksemme takaa rakenteiden yksityiskohtaisen havainnoinnin ja eritt\u00e4in tarkan mittaamisen. EXACT k\u00e4ytt\u00e4\u00e4 kussakin kohteessa juuri oikeaa tekniikkaa ja oikeaa henkil\u00f6st\u00f6\u00e4 mittausten suorittamiseksi tarkasti ja kaikkien taloudellisemmalla ja tehokkaammalla tavalla.<\/strong><\/p>\n<p>&nbsp;<\/p>\n<h3>Rakennusten ja rakenteiden mittaus<\/h3>\n<p>Mittauspalvelumme kattavat kaikentyyppiset rakennukset, kuten asuinkiinteist\u00f6t, liikerakennukset, urheiluhallit ja teollisuuden toimitilat. EXACT suorittaa my\u00f6s esimerkiksi siltojen, teiden ja rautateiden rakennus- ja tarkastusmittauksia sek\u00e4 merkint\u00e4- ja linjausmittauksia viem\u00e4r\u00f6inti-, l\u00e4mp\u00f6- ja vesijohtoverkoille, hissikuiluille, asvalttialueille, penkereille, pilareille, perustuksille, betonirungoille ym. rakenteille.<\/p>\n<h3>Projektinhallinta- ja asiakastukipalvelut<\/h3>\n<p>EXACT takaa luotettavat mittaukset, jotka suoritetaan tehokkaasti ja tarkasti sovittujen yksityiskohtien mukaan mahdollisimman taloudellisesti. My\u00f6s kokonaisten rakennusprojektien johtaminen kuuluu asiantuntemuksemme ja kokemuksemme piiriin. EXACTin asiantuntemus voi toimia tukenanne projektin kaikissa vaiheissa taaten projektille onnistuneen l\u00e4piviennin.<\/p>\n<p>Autamme ehk\u00e4isem\u00e4\u00e4n tarpeettomat virheet ja v\u00e4\u00e4r\u00e4t tulkinnat tutkimalla ennakkoon kaikki projektiin liittyv\u00e4t asiakirjat, jotta kaikki on kunnossa ja vastaa m\u00e4\u00e4r\u00e4yksi\u00e4. T\u00e4m\u00e4 varmistaa projektille hyv\u00e4n alun. EXACTin jatkuvan asiakastukipalvelun avulla voitte olla varmoja, ett\u00e4 kaikki lakis\u00e4\u00e4teiset sopimukset, vaatimukset ja rakennusm\u00e4\u00e4r\u00e4ykset tulevat huomioiduksi projektin aikana. Voimme huolehtia tehokkaasta tiedonkulusta urakoitsijoille ja tarkastaa, ett\u00e4 kaikki projektin osapuolet noudattavat sovittuja laadunvalvontamenetelmi\u00e4.<\/p>\n<h3>Seuranta ja valvonta<\/h3>\n<p>Rakennusprojektit sijaitsevat usein vilkkailla kaupunkialueilla tai muissa erikoishuomiota vaativissa ymp\u00e4rist\u00f6iss\u00e4. R\u00e4j\u00e4ytykset, kaivannot ja muut rakentamiseen liittyv\u00e4t vaarat vaativat toimivia turvallisuusj\u00e4rjestelyit\u00e4. EXACT voi tarjota \u00e4lykk\u00e4\u00e4n valvontaj\u00e4rjestelm\u00e4n turvallisuuden takaamiseksi alueella. Valvonta toimii automaattisesti, my\u00f6s y\u00f6aikaan, lomap\u00e4ivin\u00e4 ja alueilla, joille p\u00e4\u00e4sy on kielletty. Mik\u00e4li j\u00e4rjestelm\u00e4 havaitsee asiaankuulumatonta liikehdint\u00e4\u00e4, se l\u00e4hett\u00e4\u00e4 automaattisesti h\u00e4lytyksen sovituille henkil\u00f6lle. Autamme tarvittavien laitteiden asentamisessa, asetusten tekemisess\u00e4 ja j\u00e4rjestelm\u00e4n k\u00e4ytt\u00f6\u00f6notossa.<\/p>\n<h3>Geodeettinen verkkomittaus<\/h3>\n<p>Geodeettinen verkkomittaus auttaa m\u00e4\u00e4ritt\u00e4m\u00e4\u00e4n maastossa olevien l\u00e4ht\u00f6pisteiden tarkan sijainnin teiden tai rakennusten rakentamista tai digitaalisten mallien ja karttojen valmistamista varten. EXACT suorittaa sek\u00e4 maasta k\u00e4sin ett\u00e4 satelliittien avulla tarkkoja geodeettisia mittauksia, joiden avulla saadaan tarkastuspisteet laajalta alueelta my\u00f6hemmin teht\u00e4vi\u00e4 mittauksia varten.<\/p>\n<h3>Tarkedokumentit<\/h3>\n<p>Muutos-, korjaus-, suunnittelu- ja hallintaprojekteista ym. on saatava tarkat, t\u00e4ydelliset ja ajantasaiset dokumentit my\u00f6hempi\u00e4 k\u00e4ytt\u00f6- ja kunnossapitotoimenpiteit\u00e4 varten. EXACT laatii rakenteista CAD-tarkepiirustukset, jotka sis\u00e4lt\u00e4v\u00e4t kaikkien j\u00e4rjestelm\u00e4\u00e4n kuuluvien komponenttien mitta- ja sijaintitiedot. Asiakas saa siis kustakin kohteesta kaikki tarvittavat ja vaadittavat dokumentit. Tarkepiirustuksia voidaan laatia kohteen kokonaismittauksen yhteydess\u00e4 tai osamittauksena olemassa olevien piirustusten t\u00e4ydent\u00e4miseksi.&nbsp;<a href=\"http:\/\/www.teamexact.com\/fi\/exact-as-built\/\">Lue lis\u00e4\u00e4<\/a><\/p>\n<h3>OBS-skannaus ja j\u00e4lkik\u00e4sittely<\/h3>\n<p>EXACTin OBS-skannausj\u00e4rjestelm\u00e4 (One-Button Scanning) mahdollistaa 3D-datan ker\u00e4\u00e4misen eritt\u00e4in nopeasti ja tarkasti ja datan j\u00e4lkik\u00e4sittelyn pilviymp\u00e4rist\u00f6ss\u00e4 yhdell\u00e4 klikkauksella. OBS-skannaus on erinomainen apu pintakaivantojen ja muiden maansiirtot\u00f6iden suorittamisessa, sill\u00e4 sen avulla saadaan luotettavia 3D-mittaustietoja tehokkaasti mist\u00e4 tahansa rakennuksesta tai rakenteesta. Nopea j\u00e4lkik\u00e4sittely pilviymp\u00e4rist\u00f6ss\u00e4 k\u00e4sitt\u00e4\u00e4 datan kirjauksen, digitaalisen maastokuvan, tilavuuslaskennan ja 3D-projektigeometrian\/vastaavuustarkastuksen. OBS-skannauksen k\u00e4ytt\u00e4minen ei vaadi aiempaa mittauskokemusta, ja j\u00e4rjestelm\u00e4 voidaan ottaa ty\u00f6maalla k\u00e4ytt\u00f6\u00f6n heti.<\/p>\n<p>3D-OBS-skannauksen avulla kuka tahansa voi hankkia tarkat ja laadukaat mittaustiedot kohteen tyypist\u00e4 riippumatta. T\u00e4m\u00e4n ansiosta rakennus- ja kaivosyhti\u00f6t eiv\u00e4t tarvitse koordinaattitietojen ker\u00e4\u00e4miseen ja analysointiin mittausasiantuntijaa, sill\u00e4 rakennus- tai kaivosty\u00f6maan operatiivinen johto voi pyyt\u00e4\u00e4 t\u00e4rke\u00e4t, kustannuksiin ja kannattavuuteen vaikuttavat tiedot suoraan omalta henkil\u00f6st\u00f6lt\u00e4\u00e4n. EXACTin asiantuntijatiimi on valmiina auttamaan ker\u00e4tyn datan prosessoinnissa asiakkaan tarpeiden mukaan 24 tunnin varoajalla. EXACTin pilviymp\u00e4rist\u00f6ss\u00e4 toimiva Mine Map tarjoaa asiakkaan henkil\u00f6st\u00f6lle suoran yhteyden monipuoliseen ja mukautettavaan j\u00e4lkik\u00e4sittelyj\u00e4rjestelm\u00e4\u00e4n vain yhdell\u00e4 klikkauksella.<\/p>\n<p>OBS voi auttaa tehostamaan mittaustietojen ker\u00e4\u00e4mist\u00e4 ja v\u00e4hent\u00e4m\u00e4\u00e4n paikan p\u00e4\u00e4ll\u00e4 tarvittavien resurssien m\u00e4\u00e4r\u00e4\u00e4. Se voi kertoa esimerkiksi, kuinka monta kuorma-autoa kullakin lastausalueella tarvitaan tai tarvitaanko hankaliin jyrk\u00e4nteisiin ramppeja kustannusten s\u00e4\u00e4st\u00e4miseksi. Kuin pisteen\u00e4 i:n p\u00e4\u00e4ll\u00e4 OBS:n tarkat ja ajantasaiset tiedot voivat v\u00e4hent\u00e4\u00e4 liiketoiminnan riskialttiutta antamalla pohjan operatiivisen toiminnan ja turvallisuuden optimointiin. OBS:n k\u00e4ytt\u00f6\u00f6notto ei vaadi investointeja eik\u00e4 erikoisasiantuntemusta. EXACT s\u00e4\u00e4st\u00e4\u00e4 aikaanne ja rahojanne.<\/p>\n","protected":false},"excerpt":{"rendered":"<p>EXACTilta ei j\u00e4\u00e4 mik\u00e4\u00e4n huomaamatta. Tuotamme tarkat tiedot koko kohteesta, sen pienimm\u00e4st\u00e4 komponentista laajaan kokonaiskuvaan asti. Mittausosaamisemme ja kaikkien rakennusvaiheitten asiantuntemuksemme takaa rakenteiden yksityiskohtaisen havainnoinnin ja eritt\u00e4in tarkan mittaamisen. EXACT k\u00e4ytt\u00e4\u00e4 kussakin kohteessa juuri oikeaa tekniikkaa ja oikeaa henkil\u00f6st\u00f6\u00e4 mittausten suorittamiseksi tarkasti ja kaikkien taloudellisemmalla ja tehokkaammalla tavalla. &nbsp; Rakennusten ja rakenteiden mittaus Mittauspalvelumme kattavat [&hellip;]<\/p>\n","protected":false},"author":1,"featured_media":0,"parent":0,"menu_order":0,"comment_status":"open","ping_status":"open","template":"template-area.php","meta":{"_acf_changed":false,"footnotes":""},"acf":[],"yoast_head":"<!-- This site is optimized with the Yoast SEO plugin v22.2 - https:\/\/yoast.com\/wordpress\/plugins\/seo\/ -->\n<title>Rakentaminen - EXACT<\/title>\n<meta name=\"robots\" content=\"index, follow, max-snippet:-1, max-image-preview:large, max-video-preview:-1\" \/>\n<link rel=\"canonical\" href=\"https:\/\/teamexact.com\/fi\/rakentaminen\/\" \/>\n<meta property=\"og:locale\" content=\"fi_FI\" \/>\n<meta property=\"og:type\" content=\"article\" \/>\n<meta property=\"og:title\" content=\"Rakentaminen - EXACT\" \/>\n<meta property=\"og:description\" content=\"EXACTilta ei j\u00e4\u00e4 mik\u00e4\u00e4n huomaamatta. Tuotamme tarkat tiedot koko kohteesta, sen pienimm\u00e4st\u00e4 komponentista laajaan kokonaiskuvaan asti. Mittausosaamisemme ja kaikkien rakennusvaiheitten asiantuntemuksemme takaa rakenteiden yksityiskohtaisen havainnoinnin ja eritt\u00e4in tarkan mittaamisen. EXACT k\u00e4ytt\u00e4\u00e4 kussakin kohteessa juuri oikeaa tekniikkaa ja oikeaa henkil\u00f6st\u00f6\u00e4 mittausten suorittamiseksi tarkasti ja kaikkien taloudellisemmalla ja tehokkaammalla tavalla. &nbsp; Rakennusten ja rakenteiden mittaus Mittauspalvelumme kattavat [&hellip;]\" \/>\n<meta property=\"og:url\" content=\"https:\/\/teamexact.com\/fi\/rakentaminen\/\" \/>\n<meta property=\"og:site_name\" content=\"EXACT\" \/>\n<meta property=\"article:modified_time\" content=\"2021-11-25T11:13:54+00:00\" \/>\n<meta name=\"twitter:card\" content=\"summary_large_image\" \/>\n<meta name=\"twitter:label1\" content=\"Arvioitu lukuaika\" \/>\n\t<meta name=\"twitter:data1\" content=\"3 minuuttia\" \/>\n<script type=\"application\/ld+json\" class=\"yoast-schema-graph\">{\"@context\":\"https:\/\/schema.org\",\"@graph\":[{\"@type\":\"WebPage\",\"@id\":\"https:\/\/teamexact.com\/fi\/rakentaminen\/\",\"url\":\"https:\/\/teamexact.com\/fi\/rakentaminen\/\",\"name\":\"Rakentaminen - EXACT\",\"isPartOf\":{\"@id\":\"https:\/\/teamexact.com\/sv\/#website\"},\"datePublished\":\"2015-06-29T08:11:22+00:00\",\"dateModified\":\"2021-11-25T11:13:54+00:00\",\"breadcrumb\":{\"@id\":\"https:\/\/teamexact.com\/fi\/rakentaminen\/#breadcrumb\"},\"inLanguage\":\"fi\",\"potentialAction\":[{\"@type\":\"ReadAction\",\"target\":[\"https:\/\/teamexact.com\/fi\/rakentaminen\/\"]}]},{\"@type\":\"BreadcrumbList\",\"@id\":\"https:\/\/teamexact.com\/fi\/rakentaminen\/#breadcrumb\",\"itemListElement\":[{\"@type\":\"ListItem\",\"position\":1,\"name\":\"Home\",\"item\":\"https:\/\/teamexact.com\/fi\/\"},{\"@type\":\"ListItem\",\"position\":2,\"name\":\"Rakentaminen\"}]},{\"@type\":\"WebSite\",\"@id\":\"https:\/\/teamexact.com\/sv\/#website\",\"url\":\"https:\/\/teamexact.com\/sv\/\",\"name\":\"EXACT\",\"description\":\"We see more\",\"potentialAction\":[{\"@type\":\"SearchAction\",\"target\":{\"@type\":\"EntryPoint\",\"urlTemplate\":\"https:\/\/teamexact.com\/sv\/?s={search_term_string}\"},\"query-input\":\"required name=search_term_string\"}],\"inLanguage\":\"fi\"}]}<\/script>\n<!-- \/ Yoast SEO plugin. -->","yoast_head_json":{"title":"Rakentaminen - EXACT","robots":{"index":"index","follow":"follow","max-snippet":"max-snippet:-1","max-image-preview":"max-image-preview:large","max-video-preview":"max-video-preview:-1"},"canonical":"https:\/\/teamexact.com\/fi\/rakentaminen\/","og_locale":"fi_FI","og_type":"article","og_title":"Rakentaminen - EXACT","og_description":"EXACTilta ei j\u00e4\u00e4 mik\u00e4\u00e4n huomaamatta. Tuotamme tarkat tiedot koko kohteesta, sen pienimm\u00e4st\u00e4 komponentista laajaan kokonaiskuvaan asti. Mittausosaamisemme ja kaikkien rakennusvaiheitten asiantuntemuksemme takaa rakenteiden yksityiskohtaisen havainnoinnin ja eritt\u00e4in tarkan mittaamisen. EXACT k\u00e4ytt\u00e4\u00e4 kussakin kohteessa juuri oikeaa tekniikkaa ja oikeaa henkil\u00f6st\u00f6\u00e4 mittausten suorittamiseksi tarkasti ja kaikkien taloudellisemmalla ja tehokkaammalla tavalla. &nbsp; Rakennusten ja rakenteiden mittaus Mittauspalvelumme kattavat [&hellip;]","og_url":"https:\/\/teamexact.com\/fi\/rakentaminen\/","og_site_name":"EXACT","article_modified_time":"2021-11-25T11:13:54+00:00","twitter_card":"summary_large_image","twitter_misc":{"Arvioitu lukuaika":"3 minuuttia"},"schema":{"@context":"https:\/\/schema.org","@graph":[{"@type":"WebPage","@id":"https:\/\/teamexact.com\/fi\/rakentaminen\/","url":"https:\/\/teamexact.com\/fi\/rakentaminen\/","name":"Rakentaminen - EXACT","isPartOf":{"@id":"https:\/\/teamexact.com\/sv\/#website"},"datePublished":"2015-06-29T08:11:22+00:00","dateModified":"2021-11-25T11:13:54+00:00","breadcrumb":{"@id":"https:\/\/teamexact.com\/fi\/rakentaminen\/#breadcrumb"},"inLanguage":"fi","potentialAction":[{"@type":"ReadAction","target":["https:\/\/teamexact.com\/fi\/rakentaminen\/"]}]},{"@type":"BreadcrumbList","@id":"https:\/\/teamexact.com\/fi\/rakentaminen\/#breadcrumb","itemListElement":[{"@type":"ListItem","position":1,"name":"Home","item":"https:\/\/teamexact.com\/fi\/"},{"@type":"ListItem","position":2,"name":"Rakentaminen"}]},{"@type":"WebSite","@id":"https:\/\/teamexact.com\/sv\/#website","url":"https:\/\/teamexact.com\/sv\/","name":"EXACT","description":"We see more","potentialAction":[{"@type":"SearchAction","target":{"@type":"EntryPoint","urlTemplate":"https:\/\/teamexact.com\/sv\/?s={search_term_string}"},"query-input":"required name=search_term_string"}],"inLanguage":"fi"}]}},"_links":{"self":[{"href":"https:\/\/teamexact.com\/fi\/wp-json\/wp\/v2\/pages\/870"}],"collection":[{"href":"https:\/\/teamexact.com\/fi\/wp-json\/wp\/v2\/pages"}],"about":[{"href":"https:\/\/teamexact.com\/fi\/wp-json\/wp\/v2\/types\/page"}],"author":[{"embeddable":true,"href":"https:\/\/teamexact.com\/fi\/wp-json\/wp\/v2\/users\/1"}],"replies":[{"embeddable":true,"href":"https:\/\/teamexact.com\/fi\/wp-json\/wp\/v2\/comments?post=870"}],"version-history":[{"count":9,"href":"https:\/\/teamexact.com\/fi\/wp-json\/wp\/v2\/pages\/870\/revisions"}],"predecessor-version":[{"id":4952,"href":"https:\/\/teamexact.com\/fi\/wp-json\/wp\/v2\/pages\/870\/revisions\/4952"}],"wp:attachment":[{"href":"https:\/\/teamexact.com\/fi\/wp-json\/wp\/v2\/media?parent=870"}],"curies":[{"name":"wp","href":"https:\/\/api.w.org\/{rel}","templated":true}]}}