{"id":872,"date":"2015-06-29T10:15:28","date_gmt":"2015-06-29T08:15:28","guid":{"rendered":"http:\/\/exact.lebowski.se\/?page_id=872"},"modified":"2021-11-25T12:10:12","modified_gmt":"2021-11-25T11:10:12","slug":"infrastruktuuri","status":"publish","type":"page","link":"https:\/\/teamexact.com\/fi\/infrastruktuuri\/","title":{"rendered":"Infrastruktuuri"},"content":{"rendered":"<p><strong>EXACT-tiimin j\u00e4senet ovat usein ensimm\u00e4isi\u00e4 asiantuntijoita rakennuspaikalla, ja he palaavat useaan kertaan varmistamaan, ett\u00e4 asiakkaalla on kaikki tarvittavat mittaustiedot projektin saattamiseksi p\u00e4\u00e4t\u00f6kseen. Tuemme jatkuvasti arkkitehtej\u00e4, insin\u00f6\u00f6rej\u00e4 ja urakoitsijoita tekem\u00e4ll\u00e4 toistuvia mittauksia projektin pit\u00e4miseksi oikeassa suunnassa. M\u00e4\u00e4rittelemme siltojen, teiden tai alikulkuk\u00e4yt\u00e4vien tarkat alkamis- ja p\u00e4\u00e4ttymiskohdat ja haemme t\u00e4sm\u00e4llisen sijainnin telekaapeleille, s\u00e4hk\u00f6johdoille, putkille, viem\u00e4reille ja muille teknisille j\u00e4rjestelmille. EXACT auttaa hallitsemaan projekteja ja yksinkertaistamaan ty\u00f6n kulkua.<\/strong><\/p>\n<p>&nbsp;<\/p>\n<h3>Asiantuntemus ulottuu maan alle<\/h3>\n<p>EXACTilla on yli 10 vuoden kokemus kaivos- ja tunnelij\u00e4rjestelmist\u00e4 Pohjoismaissa ja Tsekin tasavallassa. Ty\u00f6skentely maan alla on monisyist\u00e4 ja haastavaa rajoitetun tilan, ilman ep\u00e4puhtauksien, melun ja t\u00e4rin\u00f6iden vuoksi. Oman riskins\u00e4 muodostavat my\u00f6s putoavat kivet, myrkylliset kaasut ja r\u00e4j\u00e4hdysaineet. EXACT-tiimin j\u00e4senet tiet\u00e4v\u00e4t, miten ty\u00f6 turvataan ja kuinka tavoite s\u00e4ilyy kirkkaana my\u00f6s maanalaisissa kaivanto- ja tunneliprojekteissa. Olemme valmiita jakamaan t\u00e4m\u00e4n tiedon ja asiantuntemuksen kanssanne. Voimme suorittaa maanalaisia rakennusmittauksia, 3D-laserskannauksia, tunneleiden laaduntarkastuksia, massalaskelmia, yli- ja alilouhintalaskelmia sek\u00e4 maanrakennusty\u00f6n optimointia ja projektin yleist\u00e4 seurantaa ja valvontaa.<\/p>\n<h3>\u00c4lykk\u00e4\u00e4t koneet ja laitteet<\/h3>\n<p>Automoiduilla koneilla on olennainen merkitys useimmissa rakennusprojekteissa, sill\u00e4 ne s\u00e4\u00e4st\u00e4v\u00e4t kustannuksia ja parantavat tarkkuutta. EXACT voi auttaa parhaiten sopivien automaatioj\u00e4rjestelmien m\u00e4\u00e4ritt\u00e4misess\u00e4, jolloin asiakas p\u00e4\u00e4see aloittamaan oman tuottavan ty\u00f6ns\u00e4 nopeammin. Voimme luoda projektin sinikopiosta 3D-malleja ja huolehtia niiden lataamisesta koneiden ohjausj\u00e4rjestelmiin. Voimme m\u00e4\u00e4ritt\u00e4\u00e4 viitepisteet ja varmistaa, ett\u00e4 koneiden automaattinen tiedonsiirto ja koordinointi toimii oikein. Tiimimme j\u00e4senet huolehtivat paikan p\u00e4\u00e4ll\u00e4 automaatioj\u00e4rjestelmien k\u00e4ytt\u00f6\u00f6notosta, toiminnan tarkastamisesta ja tarvittavan henkil\u00f6st\u00f6n ohjeistamisesta ja opastamisesta.<\/p>\n<h3>Vuokrattavat instrumentit ja laitteet<\/h3>\n<p>Erikoiskoneiden konsultaatiopalveluiden lis\u00e4ksi EXACTilla on my\u00f6s vuokrattavana markkinoiden johtavia mittausinstrumentteja ja -laitteita. V\u00e4linevalikoimamme on laaja, sill\u00e4 omat 200 mittausasiantuntijaa k\u00e4ytt\u00e4\u00e4 aina alan parhaita instrumentteja ja ty\u00f6kaluja. Tarjoamme my\u00f6s laitteiden huoltopalveluita tuottavuuden optimoimiseksi koko projektin ajan.<\/p>\n<h3>Kustannuslaskenta<\/h3>\n<p>EXACT-tiimin j\u00e4senill\u00e4 on my\u00f6s monien vuosien kokemus alan kustannuslaskennasta. Kustannuslaskijamme voi olla mukana kustannusarvion laatimisessa, sopimusneuvotteluissa ja projektin hallinnassa suunnittelun alkamishetkest\u00e4 projektin loppuun asti. EXACT ker\u00e4\u00e4 tietoja monista mittausl\u00e4hteist\u00e4 \u2013 esimerkiksi laserskannauksesta, GPS:st\u00e4 ja mittauspisteist\u00e4 \u2013 auttaen varmistamaan, ett\u00e4 projekti pysyy tehokkaana ja kannattavana.<\/p>\n<h3>Rautateiden mittauspalvelut<\/h3>\n<p>EXACTin rautatietiimi koostuu asiantuntijoista, jotka ovat erikoistuneet rautateiden ja metrojen rakentamiseen, kunnossapitoon ja uudistamiseen eri puolilla Eurooppaa toteutetuissa projekteissa. Tiimill\u00e4mme on tarvittavat resurssit, taidot ja asiantuntemus luotettavien tietojen tuottamiseen projektin pit\u00e4miseksi tarkasti hallinnassa. Koska ty\u00f6skentely rataverkon parissa on erityisen haastavaa, EXACTin rautatietiimin kaikki j\u00e4senet pit\u00e4v\u00e4t ammattitaitonsa ajan tasalla suorittamalla jatkuvasti erilaisia p\u00e4tevyys- ja turvallisuuskursseja. Rautatieprojekteissa dokumentaatiolla on erityisen suuri merkitys, sill\u00e4 kaiken on toimittava paikallisten rautatieliikennett\u00e4 koskevien m\u00e4\u00e4r\u00e4ysten mukaisesti. T\u00e4m\u00e4n vuoksi EXACT laatii yksityiskohtaisen tarkedokumentaation asiakkaan tarpeiden mukaisesti.<\/p>\n<h3>Stop and Go -3D-skannaus<\/h3>\n<p>EXACTin 3D-laserilla varustettu 3D-mittausauto mahdollistaa maa-alueiden mittaamiseen ja tarkkojen paikkatietojen tuottamisen nopeasti ja tehokkaasti. Mittausauto on erityisen k\u00e4tev\u00e4 topologisten karttojen, pinnanmuotosuunnitelmien, 3D-mallinnusten ja digitaalisten maastomallien (DMT) laatimisessa. Pystymme k\u00e4sittelem\u00e4\u00e4n p\u00e4iv\u00e4ss\u00e4 jopa miljoonan neli\u00f6metrin kokoisia alueita ja mittaamaan eritt\u00e4in tarkasti pienimm\u00e4tkin yksityiskohdat uusinta laserskannaustekniikkaa k\u00e4ytt\u00e4en.<\/p>\n<h3>Exact Street -tekniikka<\/h3>\n<p>EXACTin Street-tekniikka on luokkansa ainoa mittaustekniikka, joka takaa tienmittaukselle 2 mm tarkkuuden kiinteist\u00e4 mittauspisteist\u00e4. Se on ehdoton ty\u00f6v\u00e4line nykyaikaiseen tienrakennukseen ja -kunnostukseen. Sen tarkat ja kattavat tiedot ja yksityiskohtaiset kartat helpottavat uusien teiden suunnittelua ja rakennettujen teiden korjaamista tulevaisuudessa. EXACT Street s\u00e4\u00e4st\u00e4\u00e4 aikaa ja rahaa katujen, teiden ja pikateiden hallinnoinnissa.<\/p>\n<p>Se voi tuoda merkitt\u00e4vi\u00e4 s\u00e4\u00e4st\u00f6j\u00e4 teiden rakennus-, korjaus- ja yll\u00e4pitokustannuksiin. Onnistuneissa tienrakennusprojekteissa k\u00e4ytet\u00e4\u00e4n EXACT Street -tekniikkaa alkuvaiheesta loppuun saakka sek\u00e4 3D-mallien pohjana. EXACT Streetilla optimoitu 3D-tiensuunnittelumalli (tien uudelleenprofilointi) auttaa hahmottamaan tien IRI-parametrit, l\u00e4t\u00e4k\u00f6itymisen, pituus- ja poikittaissuuntaisen ep\u00e4tasaisuuden sek\u00e4 kaltevuusominaisuudet.<\/p>\n<p>Tekniikka ehk\u00e4isee kalliita korjaustoimenpiteit\u00e4 ja auttaa rakentamaan tasaisia teit\u00e4, joiden asvalttikerrokset ovat tasalaatuisia ja valumaprofiilit oikeita. Teit\u00e4, jolla ajaminen on mukavaa ja turvallista nyt ja tulevaisuudessa.<\/p>\n<h3>OBS-skannaus ja j\u00e4lkik\u00e4sittely<\/h3>\n<p>EXACTin OBS-skannausj\u00e4rjestelm\u00e4 (One-Button Scanning) mahdollistaa 3D-datan ker\u00e4\u00e4misen eritt\u00e4in nopeasti ja tarkasti ja datan j\u00e4lkik\u00e4sittelyn pilviymp\u00e4rist\u00f6ss\u00e4 yhdell\u00e4 klikkauksella. OBS-skannaus on erinomainen apu pintakaivantojen ja muiden maansiirtot\u00f6iden suorittamisessa, sill\u00e4 sen avulla saadaan luotettavia 3D-mittaustietoja tehokkaasti mist\u00e4 tahansa rakennuksesta tai rakenteesta. Nopea j\u00e4lkik\u00e4sittely pilviymp\u00e4rist\u00f6ss\u00e4 k\u00e4sitt\u00e4\u00e4 datan kirjauksen, digitaalisen maastokuvan, tilavuuslaskennan ja 3D-projektigeometrian\/vastaavuustarkastuksen. OBS-skannauksen k\u00e4ytt\u00e4minen ei vaadi aiempaa mittauskokemusta, ja j\u00e4rjestelm\u00e4 voidaan ottaa ty\u00f6maalla k\u00e4ytt\u00f6\u00f6n heti.<\/p>\n<p>3D-OBS-skannauksen avulla kuka tahansa voi hankkia tarkat ja laadukaat mittaustiedot kohteen tyypist\u00e4 riippumatta. T\u00e4m\u00e4n ansiosta rakennus- ja kaivosyhti\u00f6t eiv\u00e4t tarvitse koordinaattitietojen ker\u00e4\u00e4miseen ja analysointiin mittausasiantuntijaa, sill\u00e4 rakennus- tai kaivosty\u00f6maan operatiivinen johto voi pyyt\u00e4\u00e4 t\u00e4rke\u00e4t, kustannuksiin ja kannattavuuteen vaikuttavat tiedot suoraan omalta henkil\u00f6st\u00f6lt\u00e4\u00e4n. EXACTin asiantuntijatiimi on valmiina auttamaan ker\u00e4tyn datan prosessoinnissa asiakkaan tarpeiden mukaan 24 tunnin varoajalla. EXACTin pilviymp\u00e4rist\u00f6ss\u00e4 toimiva Mine Map tarjoaa asiakkaan henkil\u00f6st\u00f6lle suoran yhteyden monipuoliseen ja mukautettavaan j\u00e4lkik\u00e4sittelyj\u00e4rjestelm\u00e4\u00e4n vain yhdell\u00e4 klikkauksella.<\/p>\n<p>OBS voi auttaa tehostamaan mittaustietojen ker\u00e4\u00e4mist\u00e4 ja v\u00e4hent\u00e4m\u00e4\u00e4n paikan p\u00e4\u00e4ll\u00e4 tarvittavien resurssien m\u00e4\u00e4r\u00e4\u00e4. Se voi kertoa esimerkiksi, kuinka monta kuorma-autoa kullakin lastausalueella tarvitaan tai tarvitaanko hankaliin jyrk\u00e4nteisiin ramppeja kustannusten s\u00e4\u00e4st\u00e4miseksi. Kuin pisteen\u00e4 i:n p\u00e4\u00e4ll\u00e4 OBS:n tarkat ja ajantasaiset tiedot voivat v\u00e4hent\u00e4\u00e4 liiketoiminnan riskialttiutta antamalla pohjan operatiivisen toiminnan ja turvallisuuden optimointiin. OBS:n k\u00e4ytt\u00f6\u00f6notto ei vaadi investointeja eik\u00e4 erikoisasiantuntemusta. EXACT s\u00e4\u00e4st\u00e4\u00e4 aikaanne ja rahojanne.<\/p>\n","protected":false},"excerpt":{"rendered":"<p>EXACT-tiimin j\u00e4senet ovat usein ensimm\u00e4isi\u00e4 asiantuntijoita rakennuspaikalla, ja he palaavat useaan kertaan varmistamaan, ett\u00e4 asiakkaalla on kaikki tarvittavat mittaustiedot projektin saattamiseksi p\u00e4\u00e4t\u00f6kseen. Tuemme jatkuvasti arkkitehtej\u00e4, insin\u00f6\u00f6rej\u00e4 ja urakoitsijoita tekem\u00e4ll\u00e4 toistuvia mittauksia projektin pit\u00e4miseksi oikeassa suunnassa. M\u00e4\u00e4rittelemme siltojen, teiden tai alikulkuk\u00e4yt\u00e4vien tarkat alkamis- ja p\u00e4\u00e4ttymiskohdat ja haemme t\u00e4sm\u00e4llisen sijainnin telekaapeleille, s\u00e4hk\u00f6johdoille, putkille, viem\u00e4reille ja muille teknisille [&hellip;]<\/p>\n","protected":false},"author":1,"featured_media":0,"parent":0,"menu_order":0,"comment_status":"open","ping_status":"open","template":"template-area.php","meta":{"_acf_changed":false,"footnotes":""},"acf":[],"yoast_head":"<!-- This site is optimized with the Yoast SEO plugin v22.2 - https:\/\/yoast.com\/wordpress\/plugins\/seo\/ -->\n<title>Infrastruktuuri - EXACT<\/title>\n<meta name=\"robots\" content=\"index, follow, max-snippet:-1, max-image-preview:large, max-video-preview:-1\" \/>\n<link rel=\"canonical\" href=\"https:\/\/teamexact.com\/fi\/infrastruktuuri\/\" \/>\n<meta property=\"og:locale\" content=\"fi_FI\" \/>\n<meta property=\"og:type\" content=\"article\" \/>\n<meta property=\"og:title\" content=\"Infrastruktuuri - EXACT\" \/>\n<meta property=\"og:description\" content=\"EXACT-tiimin j\u00e4senet ovat usein ensimm\u00e4isi\u00e4 asiantuntijoita rakennuspaikalla, ja he palaavat useaan kertaan varmistamaan, ett\u00e4 asiakkaalla on kaikki tarvittavat mittaustiedot projektin saattamiseksi p\u00e4\u00e4t\u00f6kseen. Tuemme jatkuvasti arkkitehtej\u00e4, insin\u00f6\u00f6rej\u00e4 ja urakoitsijoita tekem\u00e4ll\u00e4 toistuvia mittauksia projektin pit\u00e4miseksi oikeassa suunnassa. M\u00e4\u00e4rittelemme siltojen, teiden tai alikulkuk\u00e4yt\u00e4vien tarkat alkamis- ja p\u00e4\u00e4ttymiskohdat ja haemme t\u00e4sm\u00e4llisen sijainnin telekaapeleille, s\u00e4hk\u00f6johdoille, putkille, viem\u00e4reille ja muille teknisille [&hellip;]\" \/>\n<meta property=\"og:url\" content=\"https:\/\/teamexact.com\/fi\/infrastruktuuri\/\" \/>\n<meta property=\"og:site_name\" content=\"EXACT\" \/>\n<meta property=\"article:modified_time\" content=\"2021-11-25T11:10:12+00:00\" \/>\n<meta name=\"twitter:card\" content=\"summary_large_image\" \/>\n<meta name=\"twitter:label1\" content=\"Arvioitu lukuaika\" \/>\n\t<meta name=\"twitter:data1\" content=\"4 minuuttia\" \/>\n<script type=\"application\/ld+json\" class=\"yoast-schema-graph\">{\"@context\":\"https:\/\/schema.org\",\"@graph\":[{\"@type\":\"WebPage\",\"@id\":\"https:\/\/teamexact.com\/fi\/infrastruktuuri\/\",\"url\":\"https:\/\/teamexact.com\/fi\/infrastruktuuri\/\",\"name\":\"Infrastruktuuri - EXACT\",\"isPartOf\":{\"@id\":\"https:\/\/teamexact.com\/sv\/#website\"},\"datePublished\":\"2015-06-29T08:15:28+00:00\",\"dateModified\":\"2021-11-25T11:10:12+00:00\",\"breadcrumb\":{\"@id\":\"https:\/\/teamexact.com\/fi\/infrastruktuuri\/#breadcrumb\"},\"inLanguage\":\"fi\",\"potentialAction\":[{\"@type\":\"ReadAction\",\"target\":[\"https:\/\/teamexact.com\/fi\/infrastruktuuri\/\"]}]},{\"@type\":\"BreadcrumbList\",\"@id\":\"https:\/\/teamexact.com\/fi\/infrastruktuuri\/#breadcrumb\",\"itemListElement\":[{\"@type\":\"ListItem\",\"position\":1,\"name\":\"Home\",\"item\":\"https:\/\/teamexact.com\/fi\/\"},{\"@type\":\"ListItem\",\"position\":2,\"name\":\"Infrastruktuuri\"}]},{\"@type\":\"WebSite\",\"@id\":\"https:\/\/teamexact.com\/sv\/#website\",\"url\":\"https:\/\/teamexact.com\/sv\/\",\"name\":\"EXACT\",\"description\":\"We see more\",\"potentialAction\":[{\"@type\":\"SearchAction\",\"target\":{\"@type\":\"EntryPoint\",\"urlTemplate\":\"https:\/\/teamexact.com\/sv\/?s={search_term_string}\"},\"query-input\":\"required name=search_term_string\"}],\"inLanguage\":\"fi\"}]}<\/script>\n<!-- \/ Yoast SEO plugin. -->","yoast_head_json":{"title":"Infrastruktuuri - EXACT","robots":{"index":"index","follow":"follow","max-snippet":"max-snippet:-1","max-image-preview":"max-image-preview:large","max-video-preview":"max-video-preview:-1"},"canonical":"https:\/\/teamexact.com\/fi\/infrastruktuuri\/","og_locale":"fi_FI","og_type":"article","og_title":"Infrastruktuuri - EXACT","og_description":"EXACT-tiimin j\u00e4senet ovat usein ensimm\u00e4isi\u00e4 asiantuntijoita rakennuspaikalla, ja he palaavat useaan kertaan varmistamaan, ett\u00e4 asiakkaalla on kaikki tarvittavat mittaustiedot projektin saattamiseksi p\u00e4\u00e4t\u00f6kseen. Tuemme jatkuvasti arkkitehtej\u00e4, insin\u00f6\u00f6rej\u00e4 ja urakoitsijoita tekem\u00e4ll\u00e4 toistuvia mittauksia projektin pit\u00e4miseksi oikeassa suunnassa. M\u00e4\u00e4rittelemme siltojen, teiden tai alikulkuk\u00e4yt\u00e4vien tarkat alkamis- ja p\u00e4\u00e4ttymiskohdat ja haemme t\u00e4sm\u00e4llisen sijainnin telekaapeleille, s\u00e4hk\u00f6johdoille, putkille, viem\u00e4reille ja muille teknisille [&hellip;]","og_url":"https:\/\/teamexact.com\/fi\/infrastruktuuri\/","og_site_name":"EXACT","article_modified_time":"2021-11-25T11:10:12+00:00","twitter_card":"summary_large_image","twitter_misc":{"Arvioitu lukuaika":"4 minuuttia"},"schema":{"@context":"https:\/\/schema.org","@graph":[{"@type":"WebPage","@id":"https:\/\/teamexact.com\/fi\/infrastruktuuri\/","url":"https:\/\/teamexact.com\/fi\/infrastruktuuri\/","name":"Infrastruktuuri - EXACT","isPartOf":{"@id":"https:\/\/teamexact.com\/sv\/#website"},"datePublished":"2015-06-29T08:15:28+00:00","dateModified":"2021-11-25T11:10:12+00:00","breadcrumb":{"@id":"https:\/\/teamexact.com\/fi\/infrastruktuuri\/#breadcrumb"},"inLanguage":"fi","potentialAction":[{"@type":"ReadAction","target":["https:\/\/teamexact.com\/fi\/infrastruktuuri\/"]}]},{"@type":"BreadcrumbList","@id":"https:\/\/teamexact.com\/fi\/infrastruktuuri\/#breadcrumb","itemListElement":[{"@type":"ListItem","position":1,"name":"Home","item":"https:\/\/teamexact.com\/fi\/"},{"@type":"ListItem","position":2,"name":"Infrastruktuuri"}]},{"@type":"WebSite","@id":"https:\/\/teamexact.com\/sv\/#website","url":"https:\/\/teamexact.com\/sv\/","name":"EXACT","description":"We see more","potentialAction":[{"@type":"SearchAction","target":{"@type":"EntryPoint","urlTemplate":"https:\/\/teamexact.com\/sv\/?s={search_term_string}"},"query-input":"required name=search_term_string"}],"inLanguage":"fi"}]}},"_links":{"self":[{"href":"https:\/\/teamexact.com\/fi\/wp-json\/wp\/v2\/pages\/872"}],"collection":[{"href":"https:\/\/teamexact.com\/fi\/wp-json\/wp\/v2\/pages"}],"about":[{"href":"https:\/\/teamexact.com\/fi\/wp-json\/wp\/v2\/types\/page"}],"author":[{"embeddable":true,"href":"https:\/\/teamexact.com\/fi\/wp-json\/wp\/v2\/users\/1"}],"replies":[{"embeddable":true,"href":"https:\/\/teamexact.com\/fi\/wp-json\/wp\/v2\/comments?post=872"}],"version-history":[{"count":10,"href":"https:\/\/teamexact.com\/fi\/wp-json\/wp\/v2\/pages\/872\/revisions"}],"predecessor-version":[{"id":4948,"href":"https:\/\/teamexact.com\/fi\/wp-json\/wp\/v2\/pages\/872\/revisions\/4948"}],"wp:attachment":[{"href":"https:\/\/teamexact.com\/fi\/wp-json\/wp\/v2\/media?parent=872"}],"curies":[{"name":"wp","href":"https:\/\/api.w.org\/{rel}","templated":true}]}}