{"id":877,"date":"2015-06-29T10:25:34","date_gmt":"2015-06-29T08:25:34","guid":{"rendered":"http:\/\/exact.lebowski.se\/?page_id=877"},"modified":"2019-08-23T07:46:18","modified_gmt":"2019-08-23T05:46:18","slug":"suunnittelu","status":"publish","type":"page","link":"https:\/\/teamexact.com\/fi\/suunnittelu\/","title":{"rendered":"Suunnittelu"},"content":{"rendered":"<p><strong>EXACT tutkii suunnitellun rakennuspaikan ja sen ymp\u00e4rist\u00f6n ennen projektin varsinaisen suunnittelu- ja rakennusty\u00f6n aloittamista. Suoritamme tarkat mittaukset ja toimitamme kaiken tarvittavan datan, jonka avulla muutatte rakennuskohteen ideasta todellisuudeksi. Asiantuntevat mittaajamme tekev\u00e4t l\u00e4heist\u00e4 yhteisty\u00f6t\u00e4 arkkitehtien, insin\u00f6\u00f6rien ja suunnittelijoiden kanssa suunnitelmien toteuttamiseen tarvittavien mittapiirustusten laatimisessa. Asiantuntijoittemme osaaminen auttaa voittamaan esteet ja n\u00e4kem\u00e4\u00e4n enemm\u00e4n mahdollisuuksia.<\/strong><\/p>\n<p>&nbsp;<\/p>\n<h3>Topografinen mittaaminen<\/h3>\n<p>EXACT-tiimin j\u00e4senet ovat onnistumisen asiantuntijoita. Organisaatiomme on laaja ja kattaa kaiken ammattitaidon ja kaikki resurssit, joiden avulla projektinne etenee aina hyv\u00e4ll\u00e4 vauhdilla. EXACTin topografinen mittaustiimi koostuu projektisuunnittelun dokumentaatioon erikoistuneista asiantuntijoista, joille ty\u00f6n laatu ja mittausten tarkkuus ovat avaintekij\u00f6it\u00e4. Suoritamme my\u00f6s ilmakohteiden mittauksia erinomaisella tarkkuudella.<\/p>\n<p>My\u00f6s maanmittaukset ovat alaamme, ja toimitamme niist\u00e4 k\u00e4ytt\u00f6valmiit mittaustiedot ja maastomallit projektinne tueksi. Asiantuntemuksemme ja laitteistomme soveltuvat my\u00f6s tarkkoihin, suurta huolellisuutta ja toimintaymp\u00e4rist\u00f6\u00f6n sopivien menetelmien ja laiteiden tuntemusta vaativien teollisuuskohteiden mittauksiin. Meilt\u00e4 tilataan usein signalointipisteiden m\u00e4\u00e4ritt\u00e4mist\u00e4 erilaisia ilmakuvauksia varten, ja otamme mielell\u00e4mme vastuullemme my\u00f6s projektinne vaatimien helikopterimittausten suorittamisen.<\/p>\n<h3>Miehitt\u00e4m\u00e4tt\u00f6m\u00e4t ilma-alukset<\/h3>\n<p>Maanpinnalta teht\u00e4vien mittausten lis\u00e4ksi voimme tarjota my\u00f6s ilmalasermittauksia ja miehitt\u00e4m\u00e4tt\u00f6mien ilma-alusten k\u00e4ytt\u00e4mist\u00e4. Miehitt\u00e4m\u00e4tt\u00f6m\u00e4t ilma-alukset tarjoavat arvokkaan lis\u00e4n tietojen ker\u00e4\u00e4miseen tarkastuksia, mittauksia, kartoituksia ja 3D-mallinnuksia varten. Suosittelemme kiinte\u00e4siipisen, moniroottorisen ilma-aluksemme k\u00e4ytt\u00e4mist\u00e4 infrastruktuurin ja kaivosalueiden ortoilmakuvaamiseen ja 3D-kartoitukseen. EXACTin miehitt\u00e4m\u00e4tt\u00f6m\u00e4t ilma-alukset pit\u00e4v\u00e4t rakennuskohteen tiedot ajan tasalla k\u00e4tev\u00e4sti ja tarkasti.<\/p>\n<h3>Rakennuksen tietomalli (BIM)<\/h3>\n<p>EXACTin suorittamat 3D-mittaukset ja -mallit tarjoavat luotettavan l\u00e4ht\u00f6kohdan jokaiselle rakennuksen tietomallinnusprojektille. Suoritamme rakennusten tietomallinnusta perusteltujen ja tarkkojen p\u00e4\u00e4t\u00f6sten tueksi. Luomme 3D-skannaustekniikan avulla tarkkoja digitaalisia malleja, jotka auttavat arkkitehtej\u00e4, insin\u00f6\u00f6rej\u00e4 ja suunnittelijoita hahmottamaan kohteen rakenteet ja toiminnot kaikkien tarvittavien muutosten ja kustannusten ennakoimiseksi. EXACT auttaa tekem\u00e4\u00e4n oikeat p\u00e4\u00e4t\u00f6kset heti prosessin alkuvaiheessa, jolloin kalliit virheet j\u00e4\u00e4v\u00e4t tekem\u00e4tt\u00e4 ja lopputuloksesta tulee laadukas, kustannustehokas ja sovellettavat energiavaatimukset t\u00e4ytt\u00e4v\u00e4.\u00a0<a href=\"http:\/\/www.teamexact.com\/fi\/me-teemme-tietomallinnuksesta-helppotajuisempaa\/\">Lue lis\u00e4\u00e4<\/a><\/p>\n<h3>Tarkedokumentit<\/h3>\n<p>Muutos-, korjaus-, suunnittelu- ja hallintaprojekteista ym. on saatava tarkat, t\u00e4ydelliset ja ajantasaiset dokumentit my\u00f6hempi\u00e4 k\u00e4ytt\u00f6- ja kunnossapitotoimenpiteit\u00e4 varten. EXACT laatii rakenteista CAD-tarkepiirustukset, jotka sis\u00e4lt\u00e4v\u00e4t kaikkien j\u00e4rjestelm\u00e4\u00e4n kuuluvien komponenttien mitta- ja sijaintitiedot. Asiakas saa siis kustakin kohteesta kaikki tarvittavat ja vaadittavat dokumentit. Tarkepiirustuksia voidaan laatia kohteen kokonaismittauksen yhteydess\u00e4 tai osamittauksena olemassa olevien piirustusten t\u00e4ydent\u00e4miseksi.\u00a0<a href=\"http:\/\/www.teamexact.com\/fi\/exact-as-built\/\">Lue lis\u00e4\u00e4<\/a><\/p>\n<h3>Vedenalaiset mittaukset<\/h3>\n<p>EXACT voi suorittaa j\u00e4rvien, jokien, tekoaltaiden ja merenpohjan kaikuluotainmittauksia noin 80 metrin syvyyteen asti. Kaiku-, GPS- ja kerrostumamittauksista muodostetaan maastomalleja, jotka voidaan toimittaa sellaisinaan tai maatietoihin yhdistettyn\u00e4.<\/p>\n<p>Vedenalaisiin mittauksiin tarvitaan erikoisosaamista ja kokemusta sek\u00e4 tietoa korkealaatuisten mittausten rakenteesta, jotta tietoja ker\u00e4t\u00e4\u00e4n riitt\u00e4v\u00e4sti ja turhilta viiveilt\u00e4 v\u00e4ltyt\u00e4\u00e4n. T\u00e4m\u00e4n vuoksi EXACTin mittaukset tekee aina ammattitaitoinen ja harjaantunut mittaushenkil\u00f6st\u00f6.<\/p>\n<h3>Geodeettinen verkkomittaus<\/h3>\n<p>Geodeettinen verkkomittaus auttaa m\u00e4\u00e4ritt\u00e4m\u00e4\u00e4n maastossa olevien kiintopisteiden tarkan sijainnin teiden tai rakennusten rakentamista tai digitaalisten mallien ja karttojen valmistamista varten. EXACT suorittaa sek\u00e4 maasta k\u00e4sin ett\u00e4 satelliittien avulla tarkkoja geodeettisia mittauksia, joiden avulla saadaan tarkastuspisteet laajalta alueelta.<\/p>\n<h3>Kiinteist\u00f6n rajojen selvitys<\/h3>\n<p>EXACT voi toimittaa asianmukaiset mittaustiedot olemassa olevan kiinteist\u00f6n rajojen selvitt\u00e4miseksi tai uuden kiinteist\u00f6n muodostamista varten. Voimme mitata ja koota tiedot kaivannoista, maanp\u00e4\u00e4llisist\u00e4 ja maanalaisista kaapeli- ja putkiverkostoista. Kartat voivat olla 2D- tai 3D-muodossa ja sis\u00e4lt\u00e4\u00e4 kohteiden GIS-koordinaatit ja viitetiedot. EXACT voi vastata kokonaan kartoitusprojektin kaikista vaiheista aina alueelle soveltuvan mittausmenetelm\u00e4n valinnasta tietojen k\u00e4\u00e4nt\u00e4miseen asiakkaan valitsemaa j\u00e4rjestelm\u00e4\u00e4 varten. Nopeus on yksi vahvuuksistamme. My\u00f6s maantieteellinen toimialueemme on laaja, ja k\u00e4yt\u00f6ss\u00e4mme on riitt\u00e4v\u00e4sti henkil\u00f6resursseja korkealaatuisten mittaustulosten toimittamiseksi projektin sijaintipaikasta riippumatta.<\/p>\n","protected":false},"excerpt":{"rendered":"<p>EXACT tutkii suunnitellun rakennuspaikan ja sen ymp\u00e4rist\u00f6n ennen projektin varsinaisen suunnittelu- ja rakennusty\u00f6n aloittamista. Suoritamme tarkat mittaukset ja toimitamme kaiken tarvittavan datan, jonka avulla muutatte rakennuskohteen ideasta todellisuudeksi. Asiantuntevat mittaajamme tekev\u00e4t l\u00e4heist\u00e4 yhteisty\u00f6t\u00e4 arkkitehtien, insin\u00f6\u00f6rien ja suunnittelijoiden kanssa suunnitelmien toteuttamiseen tarvittavien mittapiirustusten laatimisessa. Asiantuntijoittemme osaaminen auttaa voittamaan esteet ja n\u00e4kem\u00e4\u00e4n enemm\u00e4n mahdollisuuksia. &nbsp; Topografinen mittaaminen [&hellip;]<\/p>\n","protected":false},"author":1,"featured_media":0,"parent":0,"menu_order":0,"comment_status":"open","ping_status":"open","template":"template-area.php","meta":{"_acf_changed":false,"footnotes":""},"acf":[],"yoast_head":"<!-- This site is optimized with the Yoast SEO plugin v22.2 - https:\/\/yoast.com\/wordpress\/plugins\/seo\/ -->\n<title>Suunnittelu - EXACT<\/title>\n<meta name=\"robots\" content=\"index, follow, max-snippet:-1, max-image-preview:large, max-video-preview:-1\" \/>\n<link rel=\"canonical\" href=\"https:\/\/teamexact.com\/fi\/suunnittelu\/\" \/>\n<meta property=\"og:locale\" content=\"fi_FI\" \/>\n<meta property=\"og:type\" content=\"article\" \/>\n<meta property=\"og:title\" content=\"Suunnittelu - EXACT\" \/>\n<meta property=\"og:description\" content=\"EXACT tutkii suunnitellun rakennuspaikan ja sen ymp\u00e4rist\u00f6n ennen projektin varsinaisen suunnittelu- ja rakennusty\u00f6n aloittamista. Suoritamme tarkat mittaukset ja toimitamme kaiken tarvittavan datan, jonka avulla muutatte rakennuskohteen ideasta todellisuudeksi. Asiantuntevat mittaajamme tekev\u00e4t l\u00e4heist\u00e4 yhteisty\u00f6t\u00e4 arkkitehtien, insin\u00f6\u00f6rien ja suunnittelijoiden kanssa suunnitelmien toteuttamiseen tarvittavien mittapiirustusten laatimisessa. Asiantuntijoittemme osaaminen auttaa voittamaan esteet ja n\u00e4kem\u00e4\u00e4n enemm\u00e4n mahdollisuuksia. &nbsp; Topografinen mittaaminen [&hellip;]\" \/>\n<meta property=\"og:url\" content=\"https:\/\/teamexact.com\/fi\/suunnittelu\/\" \/>\n<meta property=\"og:site_name\" content=\"EXACT\" \/>\n<meta property=\"article:modified_time\" content=\"2019-08-23T05:46:18+00:00\" \/>\n<meta name=\"twitter:card\" content=\"summary_large_image\" \/>\n<meta name=\"twitter:label1\" content=\"Arvioitu lukuaika\" \/>\n\t<meta name=\"twitter:data1\" content=\"3 minuuttia\" \/>\n<script type=\"application\/ld+json\" class=\"yoast-schema-graph\">{\"@context\":\"https:\/\/schema.org\",\"@graph\":[{\"@type\":\"WebPage\",\"@id\":\"https:\/\/teamexact.com\/fi\/suunnittelu\/\",\"url\":\"https:\/\/teamexact.com\/fi\/suunnittelu\/\",\"name\":\"Suunnittelu - EXACT\",\"isPartOf\":{\"@id\":\"https:\/\/teamexact.com\/sv\/#website\"},\"datePublished\":\"2015-06-29T08:25:34+00:00\",\"dateModified\":\"2019-08-23T05:46:18+00:00\",\"breadcrumb\":{\"@id\":\"https:\/\/teamexact.com\/fi\/suunnittelu\/#breadcrumb\"},\"inLanguage\":\"fi\",\"potentialAction\":[{\"@type\":\"ReadAction\",\"target\":[\"https:\/\/teamexact.com\/fi\/suunnittelu\/\"]}]},{\"@type\":\"BreadcrumbList\",\"@id\":\"https:\/\/teamexact.com\/fi\/suunnittelu\/#breadcrumb\",\"itemListElement\":[{\"@type\":\"ListItem\",\"position\":1,\"name\":\"Home\",\"item\":\"https:\/\/teamexact.com\/fi\/\"},{\"@type\":\"ListItem\",\"position\":2,\"name\":\"Suunnittelu\"}]},{\"@type\":\"WebSite\",\"@id\":\"https:\/\/teamexact.com\/sv\/#website\",\"url\":\"https:\/\/teamexact.com\/sv\/\",\"name\":\"EXACT\",\"description\":\"We see more\",\"potentialAction\":[{\"@type\":\"SearchAction\",\"target\":{\"@type\":\"EntryPoint\",\"urlTemplate\":\"https:\/\/teamexact.com\/sv\/?s={search_term_string}\"},\"query-input\":\"required name=search_term_string\"}],\"inLanguage\":\"fi\"}]}<\/script>\n<!-- \/ Yoast SEO plugin. -->","yoast_head_json":{"title":"Suunnittelu - EXACT","robots":{"index":"index","follow":"follow","max-snippet":"max-snippet:-1","max-image-preview":"max-image-preview:large","max-video-preview":"max-video-preview:-1"},"canonical":"https:\/\/teamexact.com\/fi\/suunnittelu\/","og_locale":"fi_FI","og_type":"article","og_title":"Suunnittelu - EXACT","og_description":"EXACT tutkii suunnitellun rakennuspaikan ja sen ymp\u00e4rist\u00f6n ennen projektin varsinaisen suunnittelu- ja rakennusty\u00f6n aloittamista. Suoritamme tarkat mittaukset ja toimitamme kaiken tarvittavan datan, jonka avulla muutatte rakennuskohteen ideasta todellisuudeksi. Asiantuntevat mittaajamme tekev\u00e4t l\u00e4heist\u00e4 yhteisty\u00f6t\u00e4 arkkitehtien, insin\u00f6\u00f6rien ja suunnittelijoiden kanssa suunnitelmien toteuttamiseen tarvittavien mittapiirustusten laatimisessa. Asiantuntijoittemme osaaminen auttaa voittamaan esteet ja n\u00e4kem\u00e4\u00e4n enemm\u00e4n mahdollisuuksia. &nbsp; Topografinen mittaaminen [&hellip;]","og_url":"https:\/\/teamexact.com\/fi\/suunnittelu\/","og_site_name":"EXACT","article_modified_time":"2019-08-23T05:46:18+00:00","twitter_card":"summary_large_image","twitter_misc":{"Arvioitu lukuaika":"3 minuuttia"},"schema":{"@context":"https:\/\/schema.org","@graph":[{"@type":"WebPage","@id":"https:\/\/teamexact.com\/fi\/suunnittelu\/","url":"https:\/\/teamexact.com\/fi\/suunnittelu\/","name":"Suunnittelu - EXACT","isPartOf":{"@id":"https:\/\/teamexact.com\/sv\/#website"},"datePublished":"2015-06-29T08:25:34+00:00","dateModified":"2019-08-23T05:46:18+00:00","breadcrumb":{"@id":"https:\/\/teamexact.com\/fi\/suunnittelu\/#breadcrumb"},"inLanguage":"fi","potentialAction":[{"@type":"ReadAction","target":["https:\/\/teamexact.com\/fi\/suunnittelu\/"]}]},{"@type":"BreadcrumbList","@id":"https:\/\/teamexact.com\/fi\/suunnittelu\/#breadcrumb","itemListElement":[{"@type":"ListItem","position":1,"name":"Home","item":"https:\/\/teamexact.com\/fi\/"},{"@type":"ListItem","position":2,"name":"Suunnittelu"}]},{"@type":"WebSite","@id":"https:\/\/teamexact.com\/sv\/#website","url":"https:\/\/teamexact.com\/sv\/","name":"EXACT","description":"We see more","potentialAction":[{"@type":"SearchAction","target":{"@type":"EntryPoint","urlTemplate":"https:\/\/teamexact.com\/sv\/?s={search_term_string}"},"query-input":"required name=search_term_string"}],"inLanguage":"fi"}]}},"_links":{"self":[{"href":"https:\/\/teamexact.com\/fi\/wp-json\/wp\/v2\/pages\/877"}],"collection":[{"href":"https:\/\/teamexact.com\/fi\/wp-json\/wp\/v2\/pages"}],"about":[{"href":"https:\/\/teamexact.com\/fi\/wp-json\/wp\/v2\/types\/page"}],"author":[{"embeddable":true,"href":"https:\/\/teamexact.com\/fi\/wp-json\/wp\/v2\/users\/1"}],"replies":[{"embeddable":true,"href":"https:\/\/teamexact.com\/fi\/wp-json\/wp\/v2\/comments?post=877"}],"version-history":[{"count":9,"href":"https:\/\/teamexact.com\/fi\/wp-json\/wp\/v2\/pages\/877\/revisions"}],"predecessor-version":[{"id":4023,"href":"https:\/\/teamexact.com\/fi\/wp-json\/wp\/v2\/pages\/877\/revisions\/4023"}],"wp:attachment":[{"href":"https:\/\/teamexact.com\/fi\/wp-json\/wp\/v2\/media?parent=877"}],"curies":[{"name":"wp","href":"https:\/\/api.w.org\/{rel}","templated":true}]}}