{"id":883,"date":"2015-06-29T10:27:51","date_gmt":"2015-06-29T08:27:51","guid":{"rendered":"http:\/\/exact.lebowski.se\/?page_id=883"},"modified":"2021-11-25T12:15:23","modified_gmt":"2021-11-25T11:15:23","slug":"teollisuuden-mittaukset","status":"publish","type":"page","link":"https:\/\/teamexact.com\/fi\/teollisuuden-mittaukset\/","title":{"rendered":"Teollisuuden mittaukset"},"content":{"rendered":"<p><strong>EXACTin teollisuusmittausten tarjonta on laaja. Se kattaa kaiken teollisuuslaitosten maanmittaustarpeista offshore-toimialojen mittauksiin vaikeissa oloissa. Tarkkojen mittausten suorittaminen vaativissa ymp\u00e4rist\u00f6iss\u00e4 edellytt\u00e4\u00e4 kaikkein kehittyneint\u00e4 tekniikkaa ja eritt\u00e4in ammattitaitoista henkil\u00f6kuntaa. Mittaajat joutuvat usein ty\u00f6skentelem\u00e4\u00e4n ahtaissa paikoissa ja ankarissa olosuhteissa. Mittaushenkil\u00f6st\u00f6mme on rohkeaa, asiantuntevaa ja osaavaa \u2013 sill\u00e4 on kokemusta monista erityyppisist\u00e4 mittausteht\u00e4vist\u00e4 erilaisilla toimialoilla. EXACtin kautta mittauksenne hoitaa ymp\u00e4rist\u00f6n tuntevat ja kokeneet ihmiset, joka suorittavat ty\u00f6ns\u00e4 kerralla oikein.<\/strong><\/p>\n<p>&nbsp;<\/p>\n<h3>\u00d6ljy- ja kaasuteollisuuden merenlaiset mittaukset<\/h3>\n<p>EXACT hallitsee vaativat mittaustoimenpiteet merell\u00e4. Laserskannaus on erinomainen menetelm\u00e4 tarkkojen ja yksityiskohtaisten 3D-pistepilvien kokoamiseen. \u00d6ljynporauslauttojen ja alusten mittaukset perustuvat XYZ-koordinaattij\u00e4rjestelm\u00e4\u00e4n. Yleens\u00e4 kohteet mitataan merell\u00e4, ja mallinnus tehd\u00e4\u00e4n sen j\u00e4lkeen toimistollamme. EXACT voi suorittaa my\u00f6s tarkastusmittauksia tarkedokumentaatioita varten.<\/p>\n<h3>Teollisuuden laitteistomittaukset<\/h3>\n<p>Sen mink\u00e4 voit mitata, voit my\u00f6s hallita. EXACT voi suorittaa teollisuuslaitoksissa mittauksia, joilla selvitet\u00e4\u00e4n koneistojen tarkka sijainti pohjapiirustuksia, peittoalueita, akseleita, asemaviivoja ja alustarakenteita varten. Tarkkojen mittaustulostemme avulla teollisuuslaitteistojen asentaminen ja tarkka asemointi onnistuu varmasti, ja siten esimerkiksi valsseilta tuleva lopputuote (ter\u00e4s, paperi, muovi jne.) on turvassa laskostumiselta tai reunan yli putoamiselta. Voimme suorittaa lieri\u00f6iden tarkkoja mittauksia ja kalibroida s\u00e4ili\u00f6it\u00e4 ISO-standardien mukaisesti. Teemme my\u00f6s painumatarkastuksia ja niiden dokumentointia.<\/p>\n<h3>Teollisuuslaitosten mittaukset<\/h3>\n<p>EXACTin asiantuntijat k\u00e4ytt\u00e4v\u00e4t uusinta laserskannaus- ja 3D-mallinnustekniikkaa, jonka avulla teollisuuslaitoksista voidaan koota tarkat mittaustiedot esimerkiksi laajennus-, uudistamis-, korjaus-, muutos- tai kunnossapitoprojekteja varten. Mittaamme ja kirjaamme todelliset suhteet ja kartoitamme kaikki tilat, j\u00e4rjestelm\u00e4t, rakenteet, putkistot, laitteistot, komponentit jne. mallintaen ne lopuksi 3D-suunnittelumalliksi. Autamme hahmottamaan k\u00e4yt\u00e4nn\u00f6ss\u00e4 jokaisen kohteen tarkan sijainnin ja suhteen muihin kohteisiin. EXACTin avulla otatte kaikki tilat ja j\u00e4rjestelm\u00e4t hallintaanne.<\/p>\n<h3>Rakennuksen tietomalli (BIM)<\/h3>\n<p>EXACTin suorittamat 3D-mittaukset ja -mallit tarjoavat luotettavan l\u00e4ht\u00f6kohdan jokaiselle rakennuksen tietomallinnusprojektille. Suoritamme rakennusten tietomallinnusta perusteltujen ja tarkkojen p\u00e4\u00e4t\u00f6sten tueksi. Luomme 3D-skannaustekniikan avulla tarkkoja digitaalisia malleja, jotka auttavat arkkitehtej\u00e4, insin\u00f6\u00f6rej\u00e4 ja suunnittelijoita hahmottamaan kohteen rakenteet ja toiminnot kaikkien tarvittavien muutosten ja kustannusten ennakoimiseksi. EXACT auttaa tekem\u00e4\u00e4n oikeat p\u00e4\u00e4t\u00f6kset heti prosessin alkuvaiheessa, jolloin kalliit virheet j\u00e4\u00e4v\u00e4t tekem\u00e4tt\u00e4 ja lopputuloksesta tulee laadukas, kustannustehokas ja sovellettavat energiavaatimukset t\u00e4ytt\u00e4v\u00e4.&nbsp;<a href=\"http:\/\/www.teamexact.com\/fi\/me-teemme-tietomallinnuksesta-helppotajuisempaa\/\">Lue lis\u00e4\u00e4<\/a><\/p>\n<h3>Tarkedokumentit<\/h3>\n<p>Muutos-, korjaus-, suunnittelu- ja hallintaprojekteista ym. on saatava tarkat, t\u00e4ydelliset ja ajantasaiset dokumentit my\u00f6hempi\u00e4 k\u00e4ytt\u00f6- ja kunnossapitotoimenpiteit\u00e4 varten. EXACT laatii rakenteista CAD-tarkepiirustukset, jotka sis\u00e4lt\u00e4v\u00e4t kaikkien j\u00e4rjestelm\u00e4\u00e4n kuuluvien komponenttien mitta- ja sijaintitiedot. Asiakas saa siis kustakin kohteesta kaikki tarvittavat ja vaadittavat dokumentit. Tarkepiirustuksia voidaan laatia kohteen kokonaismittauksen yhteydess\u00e4 tai osamittauksena olemassa olevien piirustusten t\u00e4ydent\u00e4miseksi.&nbsp;<a href=\"http:\/\/www.teamexact.com\/fi\/exact-as-built\/\">Lue lis\u00e4\u00e4<\/a><\/p>\n<h3><\/h3>\n","protected":false},"excerpt":{"rendered":"<p>EXACTin teollisuusmittausten tarjonta on laaja. Se kattaa kaiken teollisuuslaitosten maanmittaustarpeista offshore-toimialojen mittauksiin vaikeissa oloissa. Tarkkojen mittausten suorittaminen vaativissa ymp\u00e4rist\u00f6iss\u00e4 edellytt\u00e4\u00e4 kaikkein kehittyneint\u00e4 tekniikkaa ja eritt\u00e4in ammattitaitoista henkil\u00f6kuntaa. Mittaajat joutuvat usein ty\u00f6skentelem\u00e4\u00e4n ahtaissa paikoissa ja ankarissa olosuhteissa. Mittaushenkil\u00f6st\u00f6mme on rohkeaa, asiantuntevaa ja osaavaa \u2013 sill\u00e4 on kokemusta monista erityyppisist\u00e4 mittausteht\u00e4vist\u00e4 erilaisilla toimialoilla. EXACtin kautta mittauksenne hoitaa [&hellip;]<\/p>\n","protected":false},"author":1,"featured_media":0,"parent":0,"menu_order":0,"comment_status":"open","ping_status":"open","template":"template-area.php","meta":{"_acf_changed":false,"footnotes":""},"acf":[],"yoast_head":"<!-- This site is optimized with the Yoast SEO plugin v22.2 - https:\/\/yoast.com\/wordpress\/plugins\/seo\/ -->\n<title>Teollisuuden mittaukset - EXACT<\/title>\n<meta name=\"robots\" content=\"index, follow, max-snippet:-1, max-image-preview:large, max-video-preview:-1\" \/>\n<link rel=\"canonical\" href=\"https:\/\/teamexact.com\/fi\/teollisuuden-mittaukset\/\" \/>\n<meta property=\"og:locale\" content=\"fi_FI\" \/>\n<meta property=\"og:type\" content=\"article\" \/>\n<meta property=\"og:title\" content=\"Teollisuuden mittaukset - EXACT\" \/>\n<meta property=\"og:description\" content=\"EXACTin teollisuusmittausten tarjonta on laaja. Se kattaa kaiken teollisuuslaitosten maanmittaustarpeista offshore-toimialojen mittauksiin vaikeissa oloissa. Tarkkojen mittausten suorittaminen vaativissa ymp\u00e4rist\u00f6iss\u00e4 edellytt\u00e4\u00e4 kaikkein kehittyneint\u00e4 tekniikkaa ja eritt\u00e4in ammattitaitoista henkil\u00f6kuntaa. Mittaajat joutuvat usein ty\u00f6skentelem\u00e4\u00e4n ahtaissa paikoissa ja ankarissa olosuhteissa. Mittaushenkil\u00f6st\u00f6mme on rohkeaa, asiantuntevaa ja osaavaa \u2013 sill\u00e4 on kokemusta monista erityyppisist\u00e4 mittausteht\u00e4vist\u00e4 erilaisilla toimialoilla. EXACtin kautta mittauksenne hoitaa [&hellip;]\" \/>\n<meta property=\"og:url\" content=\"https:\/\/teamexact.com\/fi\/teollisuuden-mittaukset\/\" \/>\n<meta property=\"og:site_name\" content=\"EXACT\" \/>\n<meta property=\"article:modified_time\" content=\"2021-11-25T11:15:23+00:00\" \/>\n<meta name=\"twitter:card\" content=\"summary_large_image\" \/>\n<meta name=\"twitter:label1\" content=\"Arvioitu lukuaika\" \/>\n\t<meta name=\"twitter:data1\" content=\"2 minuuttia\" \/>\n<script type=\"application\/ld+json\" class=\"yoast-schema-graph\">{\"@context\":\"https:\/\/schema.org\",\"@graph\":[{\"@type\":\"WebPage\",\"@id\":\"https:\/\/teamexact.com\/fi\/teollisuuden-mittaukset\/\",\"url\":\"https:\/\/teamexact.com\/fi\/teollisuuden-mittaukset\/\",\"name\":\"Teollisuuden mittaukset - EXACT\",\"isPartOf\":{\"@id\":\"https:\/\/teamexact.com\/sv\/#website\"},\"datePublished\":\"2015-06-29T08:27:51+00:00\",\"dateModified\":\"2021-11-25T11:15:23+00:00\",\"breadcrumb\":{\"@id\":\"https:\/\/teamexact.com\/fi\/teollisuuden-mittaukset\/#breadcrumb\"},\"inLanguage\":\"fi\",\"potentialAction\":[{\"@type\":\"ReadAction\",\"target\":[\"https:\/\/teamexact.com\/fi\/teollisuuden-mittaukset\/\"]}]},{\"@type\":\"BreadcrumbList\",\"@id\":\"https:\/\/teamexact.com\/fi\/teollisuuden-mittaukset\/#breadcrumb\",\"itemListElement\":[{\"@type\":\"ListItem\",\"position\":1,\"name\":\"Home\",\"item\":\"https:\/\/teamexact.com\/fi\/\"},{\"@type\":\"ListItem\",\"position\":2,\"name\":\"Teollisuuden mittaukset\"}]},{\"@type\":\"WebSite\",\"@id\":\"https:\/\/teamexact.com\/sv\/#website\",\"url\":\"https:\/\/teamexact.com\/sv\/\",\"name\":\"EXACT\",\"description\":\"We see more\",\"potentialAction\":[{\"@type\":\"SearchAction\",\"target\":{\"@type\":\"EntryPoint\",\"urlTemplate\":\"https:\/\/teamexact.com\/sv\/?s={search_term_string}\"},\"query-input\":\"required name=search_term_string\"}],\"inLanguage\":\"fi\"}]}<\/script>\n<!-- \/ Yoast SEO plugin. -->","yoast_head_json":{"title":"Teollisuuden mittaukset - EXACT","robots":{"index":"index","follow":"follow","max-snippet":"max-snippet:-1","max-image-preview":"max-image-preview:large","max-video-preview":"max-video-preview:-1"},"canonical":"https:\/\/teamexact.com\/fi\/teollisuuden-mittaukset\/","og_locale":"fi_FI","og_type":"article","og_title":"Teollisuuden mittaukset - EXACT","og_description":"EXACTin teollisuusmittausten tarjonta on laaja. Se kattaa kaiken teollisuuslaitosten maanmittaustarpeista offshore-toimialojen mittauksiin vaikeissa oloissa. Tarkkojen mittausten suorittaminen vaativissa ymp\u00e4rist\u00f6iss\u00e4 edellytt\u00e4\u00e4 kaikkein kehittyneint\u00e4 tekniikkaa ja eritt\u00e4in ammattitaitoista henkil\u00f6kuntaa. Mittaajat joutuvat usein ty\u00f6skentelem\u00e4\u00e4n ahtaissa paikoissa ja ankarissa olosuhteissa. Mittaushenkil\u00f6st\u00f6mme on rohkeaa, asiantuntevaa ja osaavaa \u2013 sill\u00e4 on kokemusta monista erityyppisist\u00e4 mittausteht\u00e4vist\u00e4 erilaisilla toimialoilla. EXACtin kautta mittauksenne hoitaa [&hellip;]","og_url":"https:\/\/teamexact.com\/fi\/teollisuuden-mittaukset\/","og_site_name":"EXACT","article_modified_time":"2021-11-25T11:15:23+00:00","twitter_card":"summary_large_image","twitter_misc":{"Arvioitu lukuaika":"2 minuuttia"},"schema":{"@context":"https:\/\/schema.org","@graph":[{"@type":"WebPage","@id":"https:\/\/teamexact.com\/fi\/teollisuuden-mittaukset\/","url":"https:\/\/teamexact.com\/fi\/teollisuuden-mittaukset\/","name":"Teollisuuden mittaukset - EXACT","isPartOf":{"@id":"https:\/\/teamexact.com\/sv\/#website"},"datePublished":"2015-06-29T08:27:51+00:00","dateModified":"2021-11-25T11:15:23+00:00","breadcrumb":{"@id":"https:\/\/teamexact.com\/fi\/teollisuuden-mittaukset\/#breadcrumb"},"inLanguage":"fi","potentialAction":[{"@type":"ReadAction","target":["https:\/\/teamexact.com\/fi\/teollisuuden-mittaukset\/"]}]},{"@type":"BreadcrumbList","@id":"https:\/\/teamexact.com\/fi\/teollisuuden-mittaukset\/#breadcrumb","itemListElement":[{"@type":"ListItem","position":1,"name":"Home","item":"https:\/\/teamexact.com\/fi\/"},{"@type":"ListItem","position":2,"name":"Teollisuuden mittaukset"}]},{"@type":"WebSite","@id":"https:\/\/teamexact.com\/sv\/#website","url":"https:\/\/teamexact.com\/sv\/","name":"EXACT","description":"We see more","potentialAction":[{"@type":"SearchAction","target":{"@type":"EntryPoint","urlTemplate":"https:\/\/teamexact.com\/sv\/?s={search_term_string}"},"query-input":"required name=search_term_string"}],"inLanguage":"fi"}]}},"_links":{"self":[{"href":"https:\/\/teamexact.com\/fi\/wp-json\/wp\/v2\/pages\/883"}],"collection":[{"href":"https:\/\/teamexact.com\/fi\/wp-json\/wp\/v2\/pages"}],"about":[{"href":"https:\/\/teamexact.com\/fi\/wp-json\/wp\/v2\/types\/page"}],"author":[{"embeddable":true,"href":"https:\/\/teamexact.com\/fi\/wp-json\/wp\/v2\/users\/1"}],"replies":[{"embeddable":true,"href":"https:\/\/teamexact.com\/fi\/wp-json\/wp\/v2\/comments?post=883"}],"version-history":[{"count":10,"href":"https:\/\/teamexact.com\/fi\/wp-json\/wp\/v2\/pages\/883\/revisions"}],"predecessor-version":[{"id":4954,"href":"https:\/\/teamexact.com\/fi\/wp-json\/wp\/v2\/pages\/883\/revisions\/4954"}],"wp:attachment":[{"href":"https:\/\/teamexact.com\/fi\/wp-json\/wp\/v2\/media?parent=883"}],"curies":[{"name":"wp","href":"https:\/\/api.w.org\/{rel}","templated":true}]}}