{"id":885,"date":"2015-06-29T10:33:26","date_gmt":"2015-06-29T08:33:26","guid":{"rendered":"http:\/\/exact.lebowski.se\/?page_id=885"},"modified":"2018-03-07T10:00:54","modified_gmt":"2018-03-07T09:00:54","slug":"tyoskentely-exactilla","status":"publish","type":"page","link":"https:\/\/teamexact.com\/fi\/tyoskentely-exactilla\/","title":{"rendered":"Ty\u00f6skentely EXACTilla"},"content":{"rendered":"<p><strong>Ty\u00f6nteon pit\u00e4\u00e4 olla hauskaa, ja niin se meill\u00e4 onkin. Itse asiassa er\u00e4s t\u00e4rkeimpi\u00e4 mittaamiamme asioita on ty\u00f6ntekij\u00e4tyytyv\u00e4isyys, jossa pyrimme t\u00e4ydellisyyteen jokaisen ty\u00f6ntekij\u00e4n osalta. Kun rakennustekniikan alueella tapahtuu jotakin mielenkiintoista, paikalla on yleens\u00e4 ainakin muutama j\u00e4sen EXACTin tiimist\u00e4. Palvelemme sek\u00e4 suuria ett\u00e4 pieni\u00e4 yrityksi\u00e4, niin maailmalla tunnettuja kuin paikallisesti toimiviakin.<\/strong><\/p>\n<p>Ty\u00f6skentely EXACTilla tarjoaa mahdollisuuden kansainv\u00e4lisen kokemuksen hankkimiseen ja osallistumiseen t\u00e4rkeisiin rakennusteknisiin projekteihin. EXACT-tiimin j\u00e4senet ovat olleet rakentamassa muun muassa Ormen Lange -maakaasukentt\u00e4\u00e4 Norjassa, Turning Torso -pilvenpiirt\u00e4j\u00e4\u00e4 Malm\u00f6ss\u00e4, Tele2-Areenaa Tukholmassa sek\u00e4 monia suuria porauslauttaprojekteja Ven\u00e4j\u00e4ll\u00e4.<\/p>\n<p>EXACTilla on useita toimipisteit\u00e4 eri puolilla Eurooppaa, ja suunnitelmissamme on laajentaa toimintaa edelleen. T\u00e4ll\u00e4 hetkell\u00e4 toimipisteiss\u00e4mme Suomessa, Norjassa, Kanada, Ruotsissa, Virossa ja Tsekin tasavallassa ty\u00f6skentelee yhteens\u00e4 noin 250 henkil\u00f6\u00e4.<\/p>\n<p>Tartu mahdollisuuteen ja hae t\u00f6ihin EXACTille \u2013 meill\u00e4 rakennetaan tulevaisuutta ja onnistuneita ty\u00f6uria.<\/p>\n<h3>AVOIMET TY\u00d6PAIKAT<\/h3>\n<p>T\u00e4ll\u00e4 hetkell\u00e4 haemme nelj\u00e4\u00e4 maanmittausinsin\u00f6\u00f6ri\u00e4 p\u00e4\u00e4kaupunkiseudulle. Lue lis\u00e4\u00e4 alla olevasta linkist\u00e4.<\/p>\n<p><a href=\"https:\/\/paikat.te-palvelut.fi\/tpt\/9502255?searchPhrase=mittaus&amp;&amp;&amp;announced=0&amp;leasing=0&amp;&amp;&amp;&amp;english=false&amp;sort=1\">Hae ty\u00f6paikkaa<\/a><\/p>\n<p>&nbsp;<\/p>\n<p>&nbsp;<\/p>\n","protected":false},"excerpt":{"rendered":"<p>Ty\u00f6nteon pit\u00e4\u00e4 olla hauskaa, ja niin se meill\u00e4 onkin. Itse asiassa er\u00e4s t\u00e4rkeimpi\u00e4 mittaamiamme asioita on ty\u00f6ntekij\u00e4tyytyv\u00e4isyys, jossa pyrimme t\u00e4ydellisyyteen jokaisen ty\u00f6ntekij\u00e4n osalta. Kun rakennustekniikan alueella tapahtuu jotakin mielenkiintoista, paikalla on yleens\u00e4 ainakin muutama j\u00e4sen EXACTin tiimist\u00e4. Palvelemme sek\u00e4 suuria ett\u00e4 pieni\u00e4 yrityksi\u00e4, niin maailmalla tunnettuja kuin paikallisesti toimiviakin. Ty\u00f6skentely EXACTilla tarjoaa mahdollisuuden kansainv\u00e4lisen kokemuksen [&hellip;]<\/p>\n","protected":false},"author":1,"featured_media":0,"parent":0,"menu_order":0,"comment_status":"open","ping_status":"open","template":"template-page.php","meta":{"_acf_changed":false,"footnotes":""},"acf":[],"yoast_head":"<!-- This site is optimized with the Yoast SEO plugin v22.2 - https:\/\/yoast.com\/wordpress\/plugins\/seo\/ -->\n<title>Ty\u00f6skentely EXACTilla - EXACT<\/title>\n<meta name=\"robots\" content=\"index, follow, max-snippet:-1, max-image-preview:large, max-video-preview:-1\" \/>\n<link rel=\"canonical\" href=\"https:\/\/teamexact.com\/fi\/tyoskentely-exactilla\/\" \/>\n<meta property=\"og:locale\" content=\"fi_FI\" \/>\n<meta property=\"og:type\" content=\"article\" \/>\n<meta property=\"og:title\" content=\"Ty\u00f6skentely EXACTilla - EXACT\" \/>\n<meta property=\"og:description\" content=\"Ty\u00f6nteon pit\u00e4\u00e4 olla hauskaa, ja niin se meill\u00e4 onkin. Itse asiassa er\u00e4s t\u00e4rkeimpi\u00e4 mittaamiamme asioita on ty\u00f6ntekij\u00e4tyytyv\u00e4isyys, jossa pyrimme t\u00e4ydellisyyteen jokaisen ty\u00f6ntekij\u00e4n osalta. Kun rakennustekniikan alueella tapahtuu jotakin mielenkiintoista, paikalla on yleens\u00e4 ainakin muutama j\u00e4sen EXACTin tiimist\u00e4. Palvelemme sek\u00e4 suuria ett\u00e4 pieni\u00e4 yrityksi\u00e4, niin maailmalla tunnettuja kuin paikallisesti toimiviakin. Ty\u00f6skentely EXACTilla tarjoaa mahdollisuuden kansainv\u00e4lisen kokemuksen [&hellip;]\" \/>\n<meta property=\"og:url\" content=\"https:\/\/teamexact.com\/fi\/tyoskentely-exactilla\/\" \/>\n<meta property=\"og:site_name\" content=\"EXACT\" \/>\n<meta property=\"article:modified_time\" content=\"2018-03-07T09:00:54+00:00\" \/>\n<meta name=\"twitter:card\" content=\"summary_large_image\" \/>\n<meta name=\"twitter:label1\" content=\"Arvioitu lukuaika\" \/>\n\t<meta name=\"twitter:data1\" content=\"1 minuutti\" \/>\n<script type=\"application\/ld+json\" class=\"yoast-schema-graph\">{\"@context\":\"https:\/\/schema.org\",\"@graph\":[{\"@type\":\"WebPage\",\"@id\":\"https:\/\/teamexact.com\/fi\/tyoskentely-exactilla\/\",\"url\":\"https:\/\/teamexact.com\/fi\/tyoskentely-exactilla\/\",\"name\":\"Ty\u00f6skentely EXACTilla - EXACT\",\"isPartOf\":{\"@id\":\"https:\/\/teamexact.com\/sv\/#website\"},\"datePublished\":\"2015-06-29T08:33:26+00:00\",\"dateModified\":\"2018-03-07T09:00:54+00:00\",\"breadcrumb\":{\"@id\":\"https:\/\/teamexact.com\/fi\/tyoskentely-exactilla\/#breadcrumb\"},\"inLanguage\":\"fi\",\"potentialAction\":[{\"@type\":\"ReadAction\",\"target\":[\"https:\/\/teamexact.com\/fi\/tyoskentely-exactilla\/\"]}]},{\"@type\":\"BreadcrumbList\",\"@id\":\"https:\/\/teamexact.com\/fi\/tyoskentely-exactilla\/#breadcrumb\",\"itemListElement\":[{\"@type\":\"ListItem\",\"position\":1,\"name\":\"Home\",\"item\":\"https:\/\/teamexact.com\/fi\/\"},{\"@type\":\"ListItem\",\"position\":2,\"name\":\"Ty\u00f6skentely EXACTilla\"}]},{\"@type\":\"WebSite\",\"@id\":\"https:\/\/teamexact.com\/sv\/#website\",\"url\":\"https:\/\/teamexact.com\/sv\/\",\"name\":\"EXACT\",\"description\":\"We see more\",\"potentialAction\":[{\"@type\":\"SearchAction\",\"target\":{\"@type\":\"EntryPoint\",\"urlTemplate\":\"https:\/\/teamexact.com\/sv\/?s={search_term_string}\"},\"query-input\":\"required name=search_term_string\"}],\"inLanguage\":\"fi\"}]}<\/script>\n<!-- \/ Yoast SEO plugin. -->","yoast_head_json":{"title":"Ty\u00f6skentely EXACTilla - EXACT","robots":{"index":"index","follow":"follow","max-snippet":"max-snippet:-1","max-image-preview":"max-image-preview:large","max-video-preview":"max-video-preview:-1"},"canonical":"https:\/\/teamexact.com\/fi\/tyoskentely-exactilla\/","og_locale":"fi_FI","og_type":"article","og_title":"Ty\u00f6skentely EXACTilla - EXACT","og_description":"Ty\u00f6nteon pit\u00e4\u00e4 olla hauskaa, ja niin se meill\u00e4 onkin. Itse asiassa er\u00e4s t\u00e4rkeimpi\u00e4 mittaamiamme asioita on ty\u00f6ntekij\u00e4tyytyv\u00e4isyys, jossa pyrimme t\u00e4ydellisyyteen jokaisen ty\u00f6ntekij\u00e4n osalta. Kun rakennustekniikan alueella tapahtuu jotakin mielenkiintoista, paikalla on yleens\u00e4 ainakin muutama j\u00e4sen EXACTin tiimist\u00e4. Palvelemme sek\u00e4 suuria ett\u00e4 pieni\u00e4 yrityksi\u00e4, niin maailmalla tunnettuja kuin paikallisesti toimiviakin. Ty\u00f6skentely EXACTilla tarjoaa mahdollisuuden kansainv\u00e4lisen kokemuksen [&hellip;]","og_url":"https:\/\/teamexact.com\/fi\/tyoskentely-exactilla\/","og_site_name":"EXACT","article_modified_time":"2018-03-07T09:00:54+00:00","twitter_card":"summary_large_image","twitter_misc":{"Arvioitu lukuaika":"1 minuutti"},"schema":{"@context":"https:\/\/schema.org","@graph":[{"@type":"WebPage","@id":"https:\/\/teamexact.com\/fi\/tyoskentely-exactilla\/","url":"https:\/\/teamexact.com\/fi\/tyoskentely-exactilla\/","name":"Ty\u00f6skentely EXACTilla - EXACT","isPartOf":{"@id":"https:\/\/teamexact.com\/sv\/#website"},"datePublished":"2015-06-29T08:33:26+00:00","dateModified":"2018-03-07T09:00:54+00:00","breadcrumb":{"@id":"https:\/\/teamexact.com\/fi\/tyoskentely-exactilla\/#breadcrumb"},"inLanguage":"fi","potentialAction":[{"@type":"ReadAction","target":["https:\/\/teamexact.com\/fi\/tyoskentely-exactilla\/"]}]},{"@type":"BreadcrumbList","@id":"https:\/\/teamexact.com\/fi\/tyoskentely-exactilla\/#breadcrumb","itemListElement":[{"@type":"ListItem","position":1,"name":"Home","item":"https:\/\/teamexact.com\/fi\/"},{"@type":"ListItem","position":2,"name":"Ty\u00f6skentely EXACTilla"}]},{"@type":"WebSite","@id":"https:\/\/teamexact.com\/sv\/#website","url":"https:\/\/teamexact.com\/sv\/","name":"EXACT","description":"We see more","potentialAction":[{"@type":"SearchAction","target":{"@type":"EntryPoint","urlTemplate":"https:\/\/teamexact.com\/sv\/?s={search_term_string}"},"query-input":"required name=search_term_string"}],"inLanguage":"fi"}]}},"_links":{"self":[{"href":"https:\/\/teamexact.com\/fi\/wp-json\/wp\/v2\/pages\/885"}],"collection":[{"href":"https:\/\/teamexact.com\/fi\/wp-json\/wp\/v2\/pages"}],"about":[{"href":"https:\/\/teamexact.com\/fi\/wp-json\/wp\/v2\/types\/page"}],"author":[{"embeddable":true,"href":"https:\/\/teamexact.com\/fi\/wp-json\/wp\/v2\/users\/1"}],"replies":[{"embeddable":true,"href":"https:\/\/teamexact.com\/fi\/wp-json\/wp\/v2\/comments?post=885"}],"version-history":[{"count":15,"href":"https:\/\/teamexact.com\/fi\/wp-json\/wp\/v2\/pages\/885\/revisions"}],"predecessor-version":[{"id":3100,"href":"https:\/\/teamexact.com\/fi\/wp-json\/wp\/v2\/pages\/885\/revisions\/3100"}],"wp:attachment":[{"href":"https:\/\/teamexact.com\/fi\/wp-json\/wp\/v2\/media?parent=885"}],"curies":[{"name":"wp","href":"https:\/\/api.w.org\/{rel}","templated":true}]}}