{"id":897,"date":"2015-06-29T11:22:11","date_gmt":"2015-06-29T09:22:11","guid":{"rendered":"http:\/\/exact.lebowski.se\/?page_id=897"},"modified":"2018-05-08T14:07:56","modified_gmt":"2018-05-08T12:07:56","slug":"3d-skannaus","status":"publish","type":"page","link":"https:\/\/teamexact.com\/fi\/3d-skannaus\/","title":{"rendered":"3D-skannaus"},"content":{"rendered":"<p><strong>Mittauskohteitamme ovat kaikentyyppiset monimuotoiset tilat ja suuren mittakaavan kohteet, kuten asuin- ja liikekiinteist\u00f6t, tehtaat, tilakokonaisuudet ja laitokset. EXACT k\u00e4ytt\u00e4\u00e4 uusinta 3D-skannaustekniikkaa, joka kokoaa tiedot nopeasti ja tarkasti, jokaisen yksityiskohdan huomioon ottaen. Mittauksista saadaan runsaasti tarkkoja tietoja projektin erilaisia dokumentteja varten. Tiedot esitet\u00e4\u00e4n ja toimitetaan 3D-malleina, 2D-taso- tai poikkileikkauspiirustuksina asiakkaan toiveen mukaisesti.<\/strong><\/p>\n<p>&nbsp;<\/p>\n<h3>Tarkedokumentit<\/h3>\n<p>Muutos-, korjaus-, suunnittelu- ja hallintaprojekteista ym. on saatava tarkat, t\u00e4ydelliset ja ajantasaiset dokumentit my\u00f6hempi\u00e4 k\u00e4ytt\u00f6- ja kunnossapitotoimenpiteit\u00e4 varten. EXACT laatii rakenteista CAD-tarkepiirustukset, jotka sis\u00e4lt\u00e4v\u00e4t kaikkien j\u00e4rjestelm\u00e4\u00e4n kuuluvien komponenttien mitta- ja sijaintitiedot. Asiakas saa siis kustakin kohteesta kaikki tarvittavat ja vaadittavat dokumentit. Tarkepiirustuksia voidaan laatia kohteen kokonaismittauksen yhteydess\u00e4 tai osamittauksena olemassa olevien piirustusten t\u00e4ydent\u00e4miseksi.<\/p>\n<div class=\"apply\"><a class=\"button\" href=\"http:\/\/www.teamexact.com\/fi\/exact-as-built\/\">Lue lis\u00e4\u00e4<\/a><\/div>\n<h3>Rakennuksen tietomalli<\/h3>\n<p>Suoritamme rakennusten tietomallinnusta (BIM) perusteltujen ja tarkkojen p\u00e4\u00e4t\u00f6sten tueksi. EXACT luo 3D-skannaustekniikan avulla tarkkoja digitaalisia malleja, jotka auttavat arkkitehtej\u00e4, insin\u00f6\u00f6rej\u00e4 ja suunnittelijoita hahmottamaan kohteen rakenteet ja toiminnot kaikkien tarvittavien muutosten ja kustannusten ennakoimiseksi. Oikeiden p\u00e4\u00e4t\u00f6sten tekeminen prosessin alkuvaiheessa est\u00e4\u00e4 kalliit virheet ja varmistaa lopputuloksen laadukkuuden sek\u00e4 kustannus- ja energiatehokkuuden.<\/p>\n<div class=\"apply\"><a class=\"button\" href=\"http:\/\/www.teamexact.com\/fi\/me-teemme-tietomallinnuksesta-helppotajuisempaa\/\">Lue lis\u00e4\u00e4<\/a><\/div>\n<h3><b>Stop and Go -3D-skannaus<\/b><\/h3>\n<p>EXACTin 3D-laserilla varustettu 3D-mittausauto mahdollistaa maa-alueiden mittaamiseen ja tarkkojen paikkatietojen tuottamisen nopeasti ja tehokkaasti. Mittausauto on erityisen k\u00e4tev\u00e4 topologisten karttojen, pinnanmuotosuunnitelmien, 3D-mallinnusten ja digitaalisten maastomallien (DMT) laatimisessa. Pystymme k\u00e4sittelem\u00e4\u00e4n p\u00e4iv\u00e4ss\u00e4 jopa miljoonan neli\u00f6metrin kokoisia alueita ja mittaamaan eritt\u00e4in tarkasti pienimm\u00e4tkin yksityiskohdat uusinta laserskannaustekniikkaa k\u00e4ytt\u00e4en.<\/p>\n<h3>Exact Street -tekniikka<\/h3>\n<p>EXACTin Street-tekniikka on luokkansa ainoa mittaustekniikka, joka takaa tienmittaukselle 2 mm tarkkuuden kiinteist\u00e4 mittauspisteist\u00e4. Se on ehdoton ty\u00f6v\u00e4line nykyaikaiseen tienrakennukseen ja -kunnostukseen. Sen tarkat ja kattavat tiedot ja yksityiskohtaiset kartat helpottavat uusien teiden suunnittelua ja rakennettujen teiden korjaamista tulevaisuudessa. EXACT Street s\u00e4\u00e4st\u00e4\u00e4 aikaa ja rahaa katujen, teiden ja pikateiden hallinnoinnissa.<\/p>\n<p>Se voi tuoda merkitt\u00e4vi\u00e4 s\u00e4\u00e4st\u00f6j\u00e4 teiden rakennus-, korjaus- ja yll\u00e4pitokustannuksiin. Onnistuneissa tienrakennusprojekteissa k\u00e4ytet\u00e4\u00e4n EXACT Street -tekniikkaa alkuvaiheesta loppuun saakka sek\u00e4 3D-mallien pohjana. EXACT Streetilla optimoitu 3D-tiensuunnittelumalli (tien uudelleenprofilointi) auttaa hahmottamaan tien IRI-parametrit, l\u00e4t\u00e4k\u00f6itymisen, pituus- ja poikittaissuuntaisen ep\u00e4tasaisuuden sek\u00e4 kaltevuusominaisuudet.<\/p>\n<p>Tekniikka ehk\u00e4isee kalliita korjaustoimenpiteit\u00e4 ja auttaa rakentamaan tasaisia teit\u00e4, joiden asvalttikerrokset ovat tasalaatuisia ja valumaprofiilit oikeita. Teit\u00e4, jolla ajaminen on mukavaa ja turvallista nyt ja tulevaisuudessa.<\/p>\n<h3>OBS-skannaus ja j\u00e4lkik\u00e4sittely<\/h3>\n<p>EXACTin OBS-skannausj\u00e4rjestelm\u00e4 (One-Button Scanning) mahdollistaa 3D-datan ker\u00e4\u00e4misen eritt\u00e4in nopeasti ja tarkasti ja datan j\u00e4lkik\u00e4sittelyn pilviymp\u00e4rist\u00f6ss\u00e4 yhdell\u00e4 klikkauksella. OBS-skannaus on erinomainen apu pintakaivantojen ja muiden maansiirtot\u00f6iden suorittamisessa, sill\u00e4 sen avulla saadaan luotettavia 3D-mittaustietoja tehokkaasti mist\u00e4 tahansa rakennuksesta tai rakenteesta. Nopea j\u00e4lkik\u00e4sittely pilviymp\u00e4rist\u00f6ss\u00e4 k\u00e4sitt\u00e4\u00e4 datan kirjauksen, digitaalisen maastokuvan, tilavuuslaskennan ja 3D-projektigeometrian\/vastaavuustarkastuksen. OBS-skannauksen k\u00e4ytt\u00e4minen ei vaadi aiempaa mittauskokemusta, ja j\u00e4rjestelm\u00e4 voidaan ottaa ty\u00f6maalla k\u00e4ytt\u00f6\u00f6n heti.<\/p>\n<p>3D-OBS-skannauksen avulla kuka tahansa voi hankkia tarkat ja laadukaat mittaustiedot kohteen tyypist\u00e4 riippumatta. T\u00e4m\u00e4n ansiosta rakennus- ja kaivosyhti\u00f6t eiv\u00e4t tarvitse koordinaattitietojen ker\u00e4\u00e4miseen ja analysointiin mittausasiantuntijaa, sill\u00e4 rakennus- tai kaivosty\u00f6maan operatiivinen johto voi pyyt\u00e4\u00e4 t\u00e4rke\u00e4t, kustannuksiin ja kannattavuuteen vaikuttavat tiedot suoraan omalta henkil\u00f6st\u00f6lt\u00e4\u00e4n. EXACTin asiantuntijatiimi on valmiina auttamaan ker\u00e4tyn datan prosessoinnissa asiakkaan tarpeiden mukaan 24 tunnin varoajalla. EXACTin pilviymp\u00e4rist\u00f6ss\u00e4 toimiva Mine Map tarjoaa asiakkaan henkil\u00f6st\u00f6lle suoran yhteyden monipuoliseen ja mukautettavaan j\u00e4lkik\u00e4sittelyj\u00e4rjestelm\u00e4\u00e4n vain yhdell\u00e4 klikkauksella.<\/p>\n<p>OBS voi auttaa tehostamaan mittaustietojen ker\u00e4\u00e4mist\u00e4 ja v\u00e4hent\u00e4m\u00e4\u00e4n paikan p\u00e4\u00e4ll\u00e4 tarvittavien resurssien m\u00e4\u00e4r\u00e4\u00e4. Se voi kertoa esimerkiksi, kuinka monta kuorma-autoa kullakin lastausalueella tarvitaan tai tarvitaanko hankaliin jyrk\u00e4nteisiin ramppeja kustannusten s\u00e4\u00e4st\u00e4miseksi. Kuin pisteen\u00e4 i:n p\u00e4\u00e4ll\u00e4 OBS:n tarkat ja ajantasaiset tiedot voivat v\u00e4hent\u00e4\u00e4 liiketoiminnan riskialttiutta antamalla pohjan operatiivisen toiminnan ja turvallisuuden optimointiin. OBS:n k\u00e4ytt\u00f6\u00f6notto ei vaadi investointeja eik\u00e4 erikoisasiantuntemusta. EXACT s\u00e4\u00e4st\u00e4\u00e4 aikaanne ja rahojanne.<\/p>\n","protected":false},"excerpt":{"rendered":"<p>Mittauskohteitamme ovat kaikentyyppiset monimuotoiset tilat ja suuren mittakaavan kohteet, kuten asuin- ja liikekiinteist\u00f6t, tehtaat, tilakokonaisuudet ja laitokset. EXACT k\u00e4ytt\u00e4\u00e4 uusinta 3D-skannaustekniikkaa, joka kokoaa tiedot nopeasti ja tarkasti, jokaisen yksityiskohdan huomioon ottaen. Mittauksista saadaan runsaasti tarkkoja tietoja projektin erilaisia dokumentteja varten. Tiedot esitet\u00e4\u00e4n ja toimitetaan 3D-malleina, 2D-taso- tai poikkileikkauspiirustuksina asiakkaan toiveen mukaisesti. &nbsp; Tarkedokumentit Muutos-, korjaus-, [&hellip;]<\/p>\n","protected":false},"author":1,"featured_media":0,"parent":0,"menu_order":0,"comment_status":"open","ping_status":"open","template":"template-page.php","meta":{"_acf_changed":false,"footnotes":""},"acf":[],"yoast_head":"<!-- This site is optimized with the Yoast SEO plugin v22.2 - https:\/\/yoast.com\/wordpress\/plugins\/seo\/ -->\n<title>3D-skannaus - EXACT<\/title>\n<meta name=\"robots\" content=\"index, follow, max-snippet:-1, max-image-preview:large, max-video-preview:-1\" \/>\n<link rel=\"canonical\" href=\"https:\/\/teamexact.com\/3d-scanning\/\" \/>\n<meta property=\"og:locale\" content=\"fi_FI\" \/>\n<meta property=\"og:type\" content=\"article\" \/>\n<meta property=\"og:title\" content=\"3D-skannaus - EXACT\" \/>\n<meta property=\"og:description\" content=\"Mittauskohteitamme ovat kaikentyyppiset monimuotoiset tilat ja suuren mittakaavan kohteet, kuten asuin- ja liikekiinteist\u00f6t, tehtaat, tilakokonaisuudet ja laitokset. EXACT k\u00e4ytt\u00e4\u00e4 uusinta 3D-skannaustekniikkaa, joka kokoaa tiedot nopeasti ja tarkasti, jokaisen yksityiskohdan huomioon ottaen. Mittauksista saadaan runsaasti tarkkoja tietoja projektin erilaisia dokumentteja varten. Tiedot esitet\u00e4\u00e4n ja toimitetaan 3D-malleina, 2D-taso- tai poikkileikkauspiirustuksina asiakkaan toiveen mukaisesti. &nbsp; Tarkedokumentit Muutos-, korjaus-, [&hellip;]\" \/>\n<meta property=\"og:url\" content=\"https:\/\/teamexact.com\/3d-scanning\/\" \/>\n<meta property=\"og:site_name\" content=\"EXACT\" \/>\n<meta property=\"article:modified_time\" content=\"2018-05-08T12:07:56+00:00\" \/>\n<meta name=\"twitter:card\" content=\"summary_large_image\" \/>\n<meta name=\"twitter:label1\" content=\"Arvioitu lukuaika\" \/>\n\t<meta name=\"twitter:data1\" content=\"3 minuuttia\" \/>\n<script type=\"application\/ld+json\" class=\"yoast-schema-graph\">{\"@context\":\"https:\/\/schema.org\",\"@graph\":[{\"@type\":\"WebPage\",\"@id\":\"https:\/\/teamexact.com\/3d-scanning\/\",\"url\":\"https:\/\/teamexact.com\/3d-scanning\/\",\"name\":\"3D-skannaus - EXACT\",\"isPartOf\":{\"@id\":\"https:\/\/teamexact.com\/sv\/#website\"},\"datePublished\":\"2015-06-29T09:22:11+00:00\",\"dateModified\":\"2018-05-08T12:07:56+00:00\",\"breadcrumb\":{\"@id\":\"https:\/\/teamexact.com\/3d-scanning\/#breadcrumb\"},\"inLanguage\":\"fi\",\"potentialAction\":[{\"@type\":\"ReadAction\",\"target\":[\"https:\/\/teamexact.com\/3d-scanning\/\"]}]},{\"@type\":\"BreadcrumbList\",\"@id\":\"https:\/\/teamexact.com\/3d-scanning\/#breadcrumb\",\"itemListElement\":[{\"@type\":\"ListItem\",\"position\":1,\"name\":\"Home\",\"item\":\"https:\/\/teamexact.com\/fi\/\"},{\"@type\":\"ListItem\",\"position\":2,\"name\":\"3D-skannaus\"}]},{\"@type\":\"WebSite\",\"@id\":\"https:\/\/teamexact.com\/sv\/#website\",\"url\":\"https:\/\/teamexact.com\/sv\/\",\"name\":\"EXACT\",\"description\":\"We see more\",\"potentialAction\":[{\"@type\":\"SearchAction\",\"target\":{\"@type\":\"EntryPoint\",\"urlTemplate\":\"https:\/\/teamexact.com\/sv\/?s={search_term_string}\"},\"query-input\":\"required name=search_term_string\"}],\"inLanguage\":\"fi\"}]}<\/script>\n<!-- \/ Yoast SEO plugin. -->","yoast_head_json":{"title":"3D-skannaus - EXACT","robots":{"index":"index","follow":"follow","max-snippet":"max-snippet:-1","max-image-preview":"max-image-preview:large","max-video-preview":"max-video-preview:-1"},"canonical":"https:\/\/teamexact.com\/3d-scanning\/","og_locale":"fi_FI","og_type":"article","og_title":"3D-skannaus - EXACT","og_description":"Mittauskohteitamme ovat kaikentyyppiset monimuotoiset tilat ja suuren mittakaavan kohteet, kuten asuin- ja liikekiinteist\u00f6t, tehtaat, tilakokonaisuudet ja laitokset. EXACT k\u00e4ytt\u00e4\u00e4 uusinta 3D-skannaustekniikkaa, joka kokoaa tiedot nopeasti ja tarkasti, jokaisen yksityiskohdan huomioon ottaen. Mittauksista saadaan runsaasti tarkkoja tietoja projektin erilaisia dokumentteja varten. Tiedot esitet\u00e4\u00e4n ja toimitetaan 3D-malleina, 2D-taso- tai poikkileikkauspiirustuksina asiakkaan toiveen mukaisesti. &nbsp; Tarkedokumentit Muutos-, korjaus-, [&hellip;]","og_url":"https:\/\/teamexact.com\/3d-scanning\/","og_site_name":"EXACT","article_modified_time":"2018-05-08T12:07:56+00:00","twitter_card":"summary_large_image","twitter_misc":{"Arvioitu lukuaika":"3 minuuttia"},"schema":{"@context":"https:\/\/schema.org","@graph":[{"@type":"WebPage","@id":"https:\/\/teamexact.com\/3d-scanning\/","url":"https:\/\/teamexact.com\/3d-scanning\/","name":"3D-skannaus - EXACT","isPartOf":{"@id":"https:\/\/teamexact.com\/sv\/#website"},"datePublished":"2015-06-29T09:22:11+00:00","dateModified":"2018-05-08T12:07:56+00:00","breadcrumb":{"@id":"https:\/\/teamexact.com\/3d-scanning\/#breadcrumb"},"inLanguage":"fi","potentialAction":[{"@type":"ReadAction","target":["https:\/\/teamexact.com\/3d-scanning\/"]}]},{"@type":"BreadcrumbList","@id":"https:\/\/teamexact.com\/3d-scanning\/#breadcrumb","itemListElement":[{"@type":"ListItem","position":1,"name":"Home","item":"https:\/\/teamexact.com\/fi\/"},{"@type":"ListItem","position":2,"name":"3D-skannaus"}]},{"@type":"WebSite","@id":"https:\/\/teamexact.com\/sv\/#website","url":"https:\/\/teamexact.com\/sv\/","name":"EXACT","description":"We see more","potentialAction":[{"@type":"SearchAction","target":{"@type":"EntryPoint","urlTemplate":"https:\/\/teamexact.com\/sv\/?s={search_term_string}"},"query-input":"required name=search_term_string"}],"inLanguage":"fi"}]}},"_links":{"self":[{"href":"https:\/\/teamexact.com\/fi\/wp-json\/wp\/v2\/pages\/897"}],"collection":[{"href":"https:\/\/teamexact.com\/fi\/wp-json\/wp\/v2\/pages"}],"about":[{"href":"https:\/\/teamexact.com\/fi\/wp-json\/wp\/v2\/types\/page"}],"author":[{"embeddable":true,"href":"https:\/\/teamexact.com\/fi\/wp-json\/wp\/v2\/users\/1"}],"replies":[{"embeddable":true,"href":"https:\/\/teamexact.com\/fi\/wp-json\/wp\/v2\/comments?post=897"}],"version-history":[{"count":9,"href":"https:\/\/teamexact.com\/fi\/wp-json\/wp\/v2\/pages\/897\/revisions"}],"predecessor-version":[{"id":3553,"href":"https:\/\/teamexact.com\/fi\/wp-json\/wp\/v2\/pages\/897\/revisions\/3553"}],"wp:attachment":[{"href":"https:\/\/teamexact.com\/fi\/wp-json\/wp\/v2\/media?parent=897"}],"curies":[{"name":"wp","href":"https:\/\/api.w.org\/{rel}","templated":true}]}}