{"id":899,"date":"2015-06-29T11:25:47","date_gmt":"2015-06-29T09:25:47","guid":{"rendered":"http:\/\/exact.lebowski.se\/?page_id=899"},"modified":"2015-07-28T10:27:25","modified_gmt":"2015-07-28T08:27:25","slug":"topografinen-mittaaminen","status":"publish","type":"page","link":"https:\/\/teamexact.com\/fi\/topografinen-mittaaminen\/","title":{"rendered":"Topografinen mittaaminen"},"content":{"rendered":"<p><strong>EXACT-tiimin j\u00e4senet ovat onnistumisen asiantuntijoita. Organisaatiomme on laaja ja kattaa kaiken ammattitaidon ja kaikki resurssit, joiden avulla projektinne etenee aina hyv\u00e4ll\u00e4 vauhdilla. EXACTin topografinen mittaustiimi koostuu projektisuunnittelun dokumentaatioon erikoistuneista asiantuntijoista, joille ty\u00f6n laatu ja mittausten tarkkuus ovat avaintekij\u00f6it\u00e4. Suoritamme my\u00f6s ilmakohteiden mittauksia erinomaisella tarkkuudella.<\/strong><\/p>\n<p>My\u00f6s maanmittaukset ovat alaamme, ja toimitamme niist\u00e4 k\u00e4ytt\u00f6valmiit mittaustiedot ja maastomallit projektinne tueksi. Asiantuntemuksemme ja laitteistomme soveltuvat my\u00f6s tarkkoihin, suurta huolellisuutta ja toimintaymp\u00e4rist\u00f6\u00f6n sopivien menetelmien ja laiteiden tuntemusta vaativien teollisuuskohteiden mittauksiin. Meilt\u00e4 tilataan usein signalointipisteiden m\u00e4\u00e4ritt\u00e4mist\u00e4 erilaisia ilmakuvauksia varten, ja otamme mielell\u00e4mme vastuullemme my\u00f6s projektinne vaatimien helikopterimittausten suorittamisen.<\/p>\n<h3>Kiinteist\u00f6n rajojen selvitys<\/h3>\n<p>EXACT voi toimittaa asianmukaiset mittaustiedot olemassa olevan kiinteist\u00f6n rajojen selvitt\u00e4miseksi tai uuden kiinteist\u00f6n muodostamista varten. Voimme mitata ja koota tiedot kaivannoista, maanp\u00e4\u00e4llisist\u00e4 ja maanalaisista kaapeli- ja putkiverkostoista. Kartat voivat olla 2D- tai 3D-muodossa ja sis\u00e4lt\u00e4\u00e4 kohteiden GIS-koordinaatit ja viitetiedot. EXACT voi vastata kokonaan kartoitusprojektin kaikista vaiheista aina alueelle soveltuvan mittausmenetelm\u00e4n valinnasta tietojen k\u00e4\u00e4nt\u00e4miseen asiakkaan valitsemaa j\u00e4rjestelm\u00e4\u00e4 varten. Nopeus on yksi vahvuuksistamme. My\u00f6s maantieteellinen toimialueemme on laaja, ja k\u00e4yt\u00f6ss\u00e4mme on riitt\u00e4v\u00e4sti henkil\u00f6resursseja korkealaatuisten mittaustulosten toimittamiseksi projektin sijaintipaikasta riippumatta.<\/p>\n<h3>Miehitt\u00e4m\u00e4tt\u00f6m\u00e4t ilma-alukset<\/h3>\n<p>Maanpinnalta teht\u00e4vien mittausten lis\u00e4ksi voimme tarjota my\u00f6s ilmalasermittauksia ja miehitt\u00e4m\u00e4tt\u00f6mien ilma-alusten k\u00e4ytt\u00e4mist\u00e4. Miehitt\u00e4m\u00e4tt\u00f6m\u00e4t ilma-alukset tarjoavat arvokkaan lis\u00e4n tietojen ker\u00e4\u00e4miseen tarkastuksia, mittauksia, kartoituksia ja 3D-mallinnuksia varten. Suosittelemme kiinte\u00e4siipisen, moniroottorisen ilma-aluksemme k\u00e4ytt\u00e4mist\u00e4 infrastruktuurin ja kaivosalueiden ortoilmakuvaamiseen ja 3D-kartoitukseen. EXACTin miehitt\u00e4m\u00e4tt\u00f6m\u00e4t ilma-alukset pit\u00e4v\u00e4t rakennuskohteen tiedot ajan tasalla k\u00e4tev\u00e4sti ja tarkasti.<\/p>\n<h3><b>Stop and Go -3D-skannaus<\/b><\/h3>\n<p>EXACTin 3D-laserilla varustettu 3D-mittausauto mahdollistaa maa-alueiden mittaamiseen ja tarkkojen paikkatietojen tuottamisen nopeasti ja tehokkaasti. Mittausauto on erityisen k\u00e4tev\u00e4 topologisten karttojen, pinnanmuotosuunnitelmien, 3D-mallinnusten ja digitaalisten maastomallien (DMT) laatimisessa. Pystymme k\u00e4sittelem\u00e4\u00e4n p\u00e4iv\u00e4ss\u00e4 jopa miljoonan neli\u00f6metrin kokoisia alueita ja mittaamaan eritt\u00e4in tarkasti pienimm\u00e4tkin yksityiskohdat uusinta laserskannaustekniikkaa k\u00e4ytt\u00e4en.<\/p>\n","protected":false},"excerpt":{"rendered":"<p>EXACT-tiimin j\u00e4senet ovat onnistumisen asiantuntijoita. Organisaatiomme on laaja ja kattaa kaiken ammattitaidon ja kaikki resurssit, joiden avulla projektinne etenee aina hyv\u00e4ll\u00e4 vauhdilla. EXACTin topografinen mittaustiimi koostuu projektisuunnittelun dokumentaatioon erikoistuneista asiantuntijoista, joille ty\u00f6n laatu ja mittausten tarkkuus ovat avaintekij\u00f6it\u00e4. Suoritamme my\u00f6s ilmakohteiden mittauksia erinomaisella tarkkuudella. My\u00f6s maanmittaukset ovat alaamme, ja toimitamme niist\u00e4 k\u00e4ytt\u00f6valmiit mittaustiedot ja maastomallit [&hellip;]<\/p>\n","protected":false},"author":1,"featured_media":0,"parent":0,"menu_order":0,"comment_status":"open","ping_status":"open","template":"template-page.php","meta":{"_acf_changed":false,"footnotes":""},"acf":[],"yoast_head":"<!-- This site is optimized with the Yoast SEO plugin v22.2 - https:\/\/yoast.com\/wordpress\/plugins\/seo\/ -->\n<title>Topografinen mittaaminen - EXACT<\/title>\n<meta name=\"robots\" content=\"index, follow, max-snippet:-1, max-image-preview:large, max-video-preview:-1\" \/>\n<link rel=\"canonical\" href=\"https:\/\/teamexact.com\/fi\/topografinen-mittaaminen\/\" \/>\n<meta property=\"og:locale\" content=\"fi_FI\" \/>\n<meta property=\"og:type\" content=\"article\" \/>\n<meta property=\"og:title\" content=\"Topografinen mittaaminen - EXACT\" \/>\n<meta property=\"og:description\" content=\"EXACT-tiimin j\u00e4senet ovat onnistumisen asiantuntijoita. Organisaatiomme on laaja ja kattaa kaiken ammattitaidon ja kaikki resurssit, joiden avulla projektinne etenee aina hyv\u00e4ll\u00e4 vauhdilla. EXACTin topografinen mittaustiimi koostuu projektisuunnittelun dokumentaatioon erikoistuneista asiantuntijoista, joille ty\u00f6n laatu ja mittausten tarkkuus ovat avaintekij\u00f6it\u00e4. Suoritamme my\u00f6s ilmakohteiden mittauksia erinomaisella tarkkuudella. My\u00f6s maanmittaukset ovat alaamme, ja toimitamme niist\u00e4 k\u00e4ytt\u00f6valmiit mittaustiedot ja maastomallit [&hellip;]\" \/>\n<meta property=\"og:url\" content=\"https:\/\/teamexact.com\/fi\/topografinen-mittaaminen\/\" \/>\n<meta property=\"og:site_name\" content=\"EXACT\" \/>\n<meta property=\"article:modified_time\" content=\"2015-07-28T08:27:25+00:00\" \/>\n<meta name=\"twitter:card\" content=\"summary_large_image\" \/>\n<meta name=\"twitter:label1\" content=\"Arvioitu lukuaika\" \/>\n\t<meta name=\"twitter:data1\" content=\"2 minuuttia\" \/>\n<script type=\"application\/ld+json\" class=\"yoast-schema-graph\">{\"@context\":\"https:\/\/schema.org\",\"@graph\":[{\"@type\":\"WebPage\",\"@id\":\"https:\/\/teamexact.com\/fi\/topografinen-mittaaminen\/\",\"url\":\"https:\/\/teamexact.com\/fi\/topografinen-mittaaminen\/\",\"name\":\"Topografinen mittaaminen - EXACT\",\"isPartOf\":{\"@id\":\"https:\/\/teamexact.com\/sv\/#website\"},\"datePublished\":\"2015-06-29T09:25:47+00:00\",\"dateModified\":\"2015-07-28T08:27:25+00:00\",\"breadcrumb\":{\"@id\":\"https:\/\/teamexact.com\/fi\/topografinen-mittaaminen\/#breadcrumb\"},\"inLanguage\":\"fi\",\"potentialAction\":[{\"@type\":\"ReadAction\",\"target\":[\"https:\/\/teamexact.com\/fi\/topografinen-mittaaminen\/\"]}]},{\"@type\":\"BreadcrumbList\",\"@id\":\"https:\/\/teamexact.com\/fi\/topografinen-mittaaminen\/#breadcrumb\",\"itemListElement\":[{\"@type\":\"ListItem\",\"position\":1,\"name\":\"Home\",\"item\":\"https:\/\/teamexact.com\/fi\/\"},{\"@type\":\"ListItem\",\"position\":2,\"name\":\"Topografinen mittaaminen\"}]},{\"@type\":\"WebSite\",\"@id\":\"https:\/\/teamexact.com\/sv\/#website\",\"url\":\"https:\/\/teamexact.com\/sv\/\",\"name\":\"EXACT\",\"description\":\"We see more\",\"potentialAction\":[{\"@type\":\"SearchAction\",\"target\":{\"@type\":\"EntryPoint\",\"urlTemplate\":\"https:\/\/teamexact.com\/sv\/?s={search_term_string}\"},\"query-input\":\"required name=search_term_string\"}],\"inLanguage\":\"fi\"}]}<\/script>\n<!-- \/ Yoast SEO plugin. -->","yoast_head_json":{"title":"Topografinen mittaaminen - EXACT","robots":{"index":"index","follow":"follow","max-snippet":"max-snippet:-1","max-image-preview":"max-image-preview:large","max-video-preview":"max-video-preview:-1"},"canonical":"https:\/\/teamexact.com\/fi\/topografinen-mittaaminen\/","og_locale":"fi_FI","og_type":"article","og_title":"Topografinen mittaaminen - EXACT","og_description":"EXACT-tiimin j\u00e4senet ovat onnistumisen asiantuntijoita. Organisaatiomme on laaja ja kattaa kaiken ammattitaidon ja kaikki resurssit, joiden avulla projektinne etenee aina hyv\u00e4ll\u00e4 vauhdilla. EXACTin topografinen mittaustiimi koostuu projektisuunnittelun dokumentaatioon erikoistuneista asiantuntijoista, joille ty\u00f6n laatu ja mittausten tarkkuus ovat avaintekij\u00f6it\u00e4. Suoritamme my\u00f6s ilmakohteiden mittauksia erinomaisella tarkkuudella. My\u00f6s maanmittaukset ovat alaamme, ja toimitamme niist\u00e4 k\u00e4ytt\u00f6valmiit mittaustiedot ja maastomallit [&hellip;]","og_url":"https:\/\/teamexact.com\/fi\/topografinen-mittaaminen\/","og_site_name":"EXACT","article_modified_time":"2015-07-28T08:27:25+00:00","twitter_card":"summary_large_image","twitter_misc":{"Arvioitu lukuaika":"2 minuuttia"},"schema":{"@context":"https:\/\/schema.org","@graph":[{"@type":"WebPage","@id":"https:\/\/teamexact.com\/fi\/topografinen-mittaaminen\/","url":"https:\/\/teamexact.com\/fi\/topografinen-mittaaminen\/","name":"Topografinen mittaaminen - EXACT","isPartOf":{"@id":"https:\/\/teamexact.com\/sv\/#website"},"datePublished":"2015-06-29T09:25:47+00:00","dateModified":"2015-07-28T08:27:25+00:00","breadcrumb":{"@id":"https:\/\/teamexact.com\/fi\/topografinen-mittaaminen\/#breadcrumb"},"inLanguage":"fi","potentialAction":[{"@type":"ReadAction","target":["https:\/\/teamexact.com\/fi\/topografinen-mittaaminen\/"]}]},{"@type":"BreadcrumbList","@id":"https:\/\/teamexact.com\/fi\/topografinen-mittaaminen\/#breadcrumb","itemListElement":[{"@type":"ListItem","position":1,"name":"Home","item":"https:\/\/teamexact.com\/fi\/"},{"@type":"ListItem","position":2,"name":"Topografinen mittaaminen"}]},{"@type":"WebSite","@id":"https:\/\/teamexact.com\/sv\/#website","url":"https:\/\/teamexact.com\/sv\/","name":"EXACT","description":"We see more","potentialAction":[{"@type":"SearchAction","target":{"@type":"EntryPoint","urlTemplate":"https:\/\/teamexact.com\/sv\/?s={search_term_string}"},"query-input":"required name=search_term_string"}],"inLanguage":"fi"}]}},"_links":{"self":[{"href":"https:\/\/teamexact.com\/fi\/wp-json\/wp\/v2\/pages\/899"}],"collection":[{"href":"https:\/\/teamexact.com\/fi\/wp-json\/wp\/v2\/pages"}],"about":[{"href":"https:\/\/teamexact.com\/fi\/wp-json\/wp\/v2\/types\/page"}],"author":[{"embeddable":true,"href":"https:\/\/teamexact.com\/fi\/wp-json\/wp\/v2\/users\/1"}],"replies":[{"embeddable":true,"href":"https:\/\/teamexact.com\/fi\/wp-json\/wp\/v2\/comments?post=899"}],"version-history":[{"count":4,"href":"https:\/\/teamexact.com\/fi\/wp-json\/wp\/v2\/pages\/899\/revisions"}],"predecessor-version":[{"id":1703,"href":"https:\/\/teamexact.com\/fi\/wp-json\/wp\/v2\/pages\/899\/revisions\/1703"}],"wp:attachment":[{"href":"https:\/\/teamexact.com\/fi\/wp-json\/wp\/v2\/media?parent=899"}],"curies":[{"name":"wp","href":"https:\/\/api.w.org\/{rel}","templated":true}]}}