{"id":903,"date":"2015-06-29T11:31:01","date_gmt":"2015-06-29T09:31:01","guid":{"rendered":"http:\/\/exact.lebowski.se\/?page_id=903"},"modified":"2021-11-25T12:16:51","modified_gmt":"2021-11-25T11:16:51","slug":"tuotantomittaukset","status":"publish","type":"page","link":"https:\/\/teamexact.com\/fi\/tuotantomittaukset\/","title":{"rendered":"Tuotantomittaukset"},"content":{"rendered":"<p><strong>Mittauspalvelumme kattavat kaikentyyppiset rakennukset, kuten asuinkiinteist\u00f6t, liikerakennukset, urheiluhallit ja teollisuuden toimitilat. EXACT suorittaa my\u00f6s esimerkiksi siltojen, teiden ja rautateiden rakennus- ja tarkastusmittauksia sek\u00e4 merkint\u00e4- ja linjausmittauksia viem\u00e4r\u00f6inti-, l\u00e4mp\u00f6- ja vesijohtoverkoille, hissikuiluille, asvalttialueille, penkereille, pilareille, perustuksille, betonirungoille ym. rakenteille.<\/strong><\/p>\n<p>&nbsp;<\/p>\n<h3>Geodeettinen verkkomittaus<\/h3>\n<p>Geodeettinen verkkomittaus auttaa m\u00e4\u00e4ritt\u00e4m\u00e4\u00e4n maastossa olevien l\u00e4ht\u00f6pisteiden tarkan sijainnin teiden tai rakennusten rakentamista tai digitaalisten mallien ja karttojen valmistamista varten. EXACT suorittaa sek\u00e4 maasta k\u00e4sin ett\u00e4 satelliittien avulla tarkkoja geodeettisia<\/p>\n<h3>Seuranta ja valvonta<\/h3>\n<p>Rakennusprojektit sijaitsevat usein vilkkailla kaupunkialueilla tai muissa erikoishuomiota vaativissa ymp\u00e4rist\u00f6iss\u00e4. R\u00e4j\u00e4ytykset, kaivannot ja muut rakentamiseen liittyv\u00e4t vaarat vaativat toimivia turvallisuusj\u00e4rjestelyit\u00e4. EXACT voi tarjota \u00e4lykk\u00e4\u00e4n valvontaj\u00e4rjestelm\u00e4n turvallisuuden takaamiseksi alueella. Valvonta toimii automaattisesti, my\u00f6s y\u00f6aikaan, lomap\u00e4ivin\u00e4 ja alueilla, joille p\u00e4\u00e4sy on kielletty. Mik\u00e4li j\u00e4rjestelm\u00e4 havaitsee asiaankuulumatonta liikehdint\u00e4\u00e4, se l\u00e4hett\u00e4\u00e4 automaattisesti h\u00e4lytyksen sovituille henkil\u00f6lle. Autamme tarvittavien laitteiden asentamisessa, asetusten tekemisess\u00e4 ja j\u00e4rjestelm\u00e4n k\u00e4ytt\u00f6\u00f6notossa.<\/p>\n<h3>Kustannuslaskenta<\/h3>\n<p>EXACT-tiimin j\u00e4senill\u00e4 on my\u00f6s monien vuosien kokemus alan kustannuslaskennasta. Kustannuslaskijamme voi olla mukana kustannusarvion laatimisessa, sopimusneuvotteluissa ja projektin hallinnassa suunnittelun alkamishetkest\u00e4 projektin loppuun asti. EXACT ker\u00e4\u00e4 tietoja monista mittausl\u00e4hteist\u00e4 \u2013 esimerkiksi laserskannauksesta, GPS:st\u00e4 ja mittauspisteist\u00e4 \u2013 auttaen varmistamaan, ett\u00e4 projekti pysyy tehokkaana ja kannattavana.<\/p>\n<h3>Tarkedokumentit<\/h3>\n<p>Muutos-, korjaus-, suunnittelu- ja hallintaprojekteista ym. on saatava tarkat, t\u00e4ydelliset ja ajantasaiset dokumentit my\u00f6hempi\u00e4 k\u00e4ytt\u00f6- ja kunnossapitotoimenpiteit\u00e4 varten. EXACT laatii rakenteista CAD-tarkepiirustukset, jotka sis\u00e4lt\u00e4v\u00e4t kaikkien j\u00e4rjestelm\u00e4\u00e4n kuuluvien komponenttien mitta- ja sijaintitiedot. Asiakas saa siis kustakin kohteesta kaikki tarvittavat ja vaadittavat dokumentit. Tarkepiirustuksia voidaan laatia kohteen kokonaismittauksen yhteydess\u00e4 tai osamittauksena olemassa olevien piirustusten t\u00e4ydent\u00e4miseksi.<\/p>\n<div class=\"apply\"><a class=\"button\" href=\"http:\/\/www.teamexact.com\/fi\/exact-as-built\/\">Lue lis\u00e4\u00e4<\/a><\/div>\n","protected":false},"excerpt":{"rendered":"<p>Mittauspalvelumme kattavat kaikentyyppiset rakennukset, kuten asuinkiinteist\u00f6t, liikerakennukset, urheiluhallit ja teollisuuden toimitilat. EXACT suorittaa my\u00f6s esimerkiksi siltojen, teiden ja rautateiden rakennus- ja tarkastusmittauksia sek\u00e4 merkint\u00e4- ja linjausmittauksia viem\u00e4r\u00f6inti-, l\u00e4mp\u00f6- ja vesijohtoverkoille, hissikuiluille, asvalttialueille, penkereille, pilareille, perustuksille, betonirungoille ym. rakenteille. &nbsp; Geodeettinen verkkomittaus Geodeettinen verkkomittaus auttaa m\u00e4\u00e4ritt\u00e4m\u00e4\u00e4n maastossa olevien l\u00e4ht\u00f6pisteiden tarkan sijainnin teiden tai rakennusten rakentamista tai [&hellip;]<\/p>\n","protected":false},"author":1,"featured_media":0,"parent":0,"menu_order":0,"comment_status":"open","ping_status":"open","template":"template-page.php","meta":{"_acf_changed":false,"footnotes":""},"acf":[],"yoast_head":"<!-- This site is optimized with the Yoast SEO plugin v22.2 - https:\/\/yoast.com\/wordpress\/plugins\/seo\/ -->\n<title>Tuotantomittaukset - EXACT<\/title>\n<meta name=\"robots\" content=\"index, follow, max-snippet:-1, max-image-preview:large, max-video-preview:-1\" \/>\n<link rel=\"canonical\" href=\"https:\/\/teamexact.com\/fi\/tuotantomittaukset\/\" \/>\n<meta property=\"og:locale\" content=\"fi_FI\" \/>\n<meta property=\"og:type\" content=\"article\" \/>\n<meta property=\"og:title\" content=\"Tuotantomittaukset - EXACT\" \/>\n<meta property=\"og:description\" content=\"Mittauspalvelumme kattavat kaikentyyppiset rakennukset, kuten asuinkiinteist\u00f6t, liikerakennukset, urheiluhallit ja teollisuuden toimitilat. EXACT suorittaa my\u00f6s esimerkiksi siltojen, teiden ja rautateiden rakennus- ja tarkastusmittauksia sek\u00e4 merkint\u00e4- ja linjausmittauksia viem\u00e4r\u00f6inti-, l\u00e4mp\u00f6- ja vesijohtoverkoille, hissikuiluille, asvalttialueille, penkereille, pilareille, perustuksille, betonirungoille ym. rakenteille. &nbsp; Geodeettinen verkkomittaus Geodeettinen verkkomittaus auttaa m\u00e4\u00e4ritt\u00e4m\u00e4\u00e4n maastossa olevien l\u00e4ht\u00f6pisteiden tarkan sijainnin teiden tai rakennusten rakentamista tai [&hellip;]\" \/>\n<meta property=\"og:url\" content=\"https:\/\/teamexact.com\/fi\/tuotantomittaukset\/\" \/>\n<meta property=\"og:site_name\" content=\"EXACT\" \/>\n<meta property=\"article:modified_time\" content=\"2021-11-25T11:16:51+00:00\" \/>\n<meta name=\"twitter:card\" content=\"summary_large_image\" \/>\n<meta name=\"twitter:label1\" content=\"Arvioitu lukuaika\" \/>\n\t<meta name=\"twitter:data1\" content=\"2 minuuttia\" \/>\n<script type=\"application\/ld+json\" class=\"yoast-schema-graph\">{\"@context\":\"https:\/\/schema.org\",\"@graph\":[{\"@type\":\"WebPage\",\"@id\":\"https:\/\/teamexact.com\/fi\/tuotantomittaukset\/\",\"url\":\"https:\/\/teamexact.com\/fi\/tuotantomittaukset\/\",\"name\":\"Tuotantomittaukset - EXACT\",\"isPartOf\":{\"@id\":\"https:\/\/teamexact.com\/sv\/#website\"},\"datePublished\":\"2015-06-29T09:31:01+00:00\",\"dateModified\":\"2021-11-25T11:16:51+00:00\",\"breadcrumb\":{\"@id\":\"https:\/\/teamexact.com\/fi\/tuotantomittaukset\/#breadcrumb\"},\"inLanguage\":\"fi\",\"potentialAction\":[{\"@type\":\"ReadAction\",\"target\":[\"https:\/\/teamexact.com\/fi\/tuotantomittaukset\/\"]}]},{\"@type\":\"BreadcrumbList\",\"@id\":\"https:\/\/teamexact.com\/fi\/tuotantomittaukset\/#breadcrumb\",\"itemListElement\":[{\"@type\":\"ListItem\",\"position\":1,\"name\":\"Home\",\"item\":\"https:\/\/teamexact.com\/fi\/\"},{\"@type\":\"ListItem\",\"position\":2,\"name\":\"Tuotantomittaukset\"}]},{\"@type\":\"WebSite\",\"@id\":\"https:\/\/teamexact.com\/sv\/#website\",\"url\":\"https:\/\/teamexact.com\/sv\/\",\"name\":\"EXACT\",\"description\":\"We see more\",\"potentialAction\":[{\"@type\":\"SearchAction\",\"target\":{\"@type\":\"EntryPoint\",\"urlTemplate\":\"https:\/\/teamexact.com\/sv\/?s={search_term_string}\"},\"query-input\":\"required name=search_term_string\"}],\"inLanguage\":\"fi\"}]}<\/script>\n<!-- \/ Yoast SEO plugin. -->","yoast_head_json":{"title":"Tuotantomittaukset - EXACT","robots":{"index":"index","follow":"follow","max-snippet":"max-snippet:-1","max-image-preview":"max-image-preview:large","max-video-preview":"max-video-preview:-1"},"canonical":"https:\/\/teamexact.com\/fi\/tuotantomittaukset\/","og_locale":"fi_FI","og_type":"article","og_title":"Tuotantomittaukset - EXACT","og_description":"Mittauspalvelumme kattavat kaikentyyppiset rakennukset, kuten asuinkiinteist\u00f6t, liikerakennukset, urheiluhallit ja teollisuuden toimitilat. EXACT suorittaa my\u00f6s esimerkiksi siltojen, teiden ja rautateiden rakennus- ja tarkastusmittauksia sek\u00e4 merkint\u00e4- ja linjausmittauksia viem\u00e4r\u00f6inti-, l\u00e4mp\u00f6- ja vesijohtoverkoille, hissikuiluille, asvalttialueille, penkereille, pilareille, perustuksille, betonirungoille ym. rakenteille. &nbsp; Geodeettinen verkkomittaus Geodeettinen verkkomittaus auttaa m\u00e4\u00e4ritt\u00e4m\u00e4\u00e4n maastossa olevien l\u00e4ht\u00f6pisteiden tarkan sijainnin teiden tai rakennusten rakentamista tai [&hellip;]","og_url":"https:\/\/teamexact.com\/fi\/tuotantomittaukset\/","og_site_name":"EXACT","article_modified_time":"2021-11-25T11:16:51+00:00","twitter_card":"summary_large_image","twitter_misc":{"Arvioitu lukuaika":"2 minuuttia"},"schema":{"@context":"https:\/\/schema.org","@graph":[{"@type":"WebPage","@id":"https:\/\/teamexact.com\/fi\/tuotantomittaukset\/","url":"https:\/\/teamexact.com\/fi\/tuotantomittaukset\/","name":"Tuotantomittaukset - EXACT","isPartOf":{"@id":"https:\/\/teamexact.com\/sv\/#website"},"datePublished":"2015-06-29T09:31:01+00:00","dateModified":"2021-11-25T11:16:51+00:00","breadcrumb":{"@id":"https:\/\/teamexact.com\/fi\/tuotantomittaukset\/#breadcrumb"},"inLanguage":"fi","potentialAction":[{"@type":"ReadAction","target":["https:\/\/teamexact.com\/fi\/tuotantomittaukset\/"]}]},{"@type":"BreadcrumbList","@id":"https:\/\/teamexact.com\/fi\/tuotantomittaukset\/#breadcrumb","itemListElement":[{"@type":"ListItem","position":1,"name":"Home","item":"https:\/\/teamexact.com\/fi\/"},{"@type":"ListItem","position":2,"name":"Tuotantomittaukset"}]},{"@type":"WebSite","@id":"https:\/\/teamexact.com\/sv\/#website","url":"https:\/\/teamexact.com\/sv\/","name":"EXACT","description":"We see more","potentialAction":[{"@type":"SearchAction","target":{"@type":"EntryPoint","urlTemplate":"https:\/\/teamexact.com\/sv\/?s={search_term_string}"},"query-input":"required name=search_term_string"}],"inLanguage":"fi"}]}},"_links":{"self":[{"href":"https:\/\/teamexact.com\/fi\/wp-json\/wp\/v2\/pages\/903"}],"collection":[{"href":"https:\/\/teamexact.com\/fi\/wp-json\/wp\/v2\/pages"}],"about":[{"href":"https:\/\/teamexact.com\/fi\/wp-json\/wp\/v2\/types\/page"}],"author":[{"embeddable":true,"href":"https:\/\/teamexact.com\/fi\/wp-json\/wp\/v2\/users\/1"}],"replies":[{"embeddable":true,"href":"https:\/\/teamexact.com\/fi\/wp-json\/wp\/v2\/comments?post=903"}],"version-history":[{"count":11,"href":"https:\/\/teamexact.com\/fi\/wp-json\/wp\/v2\/pages\/903\/revisions"}],"predecessor-version":[{"id":4955,"href":"https:\/\/teamexact.com\/fi\/wp-json\/wp\/v2\/pages\/903\/revisions\/4955"}],"wp:attachment":[{"href":"https:\/\/teamexact.com\/fi\/wp-json\/wp\/v2\/media?parent=903"}],"curies":[{"name":"wp","href":"https:\/\/api.w.org\/{rel}","templated":true}]}}