{"id":906,"date":"2015-06-29T11:42:05","date_gmt":"2015-06-29T09:42:05","guid":{"rendered":"http:\/\/exact.lebowski.se\/?page_id=906"},"modified":"2021-11-25T12:09:11","modified_gmt":"2021-11-25T11:09:11","slug":"hallinnoinnin-tuki","status":"publish","type":"page","link":"https:\/\/teamexact.com\/fi\/hallinnoinnin-tuki\/","title":{"rendered":"Hallinnoinnin tuki"},"content":{"rendered":"<p><strong>EXACT takaa luotettavat mittaukset, jotka suoritetaan tehokkaasti ja tarkasti sovittujen yksityiskohtien mukaan mahdollisimman taloudellisesti. My\u00f6s kokonaisten rakennusprojektien johtaminen kuuluu asiantuntemuksemme ja kokemuksemme piiriin. EXACTin asiantuntemus voi toimia tukenanne projektin kaikissa vaiheissa taaten projektille onnistuneen l\u00e4piviennin.<\/strong><\/p>\n<p>Autamme ehk\u00e4isem\u00e4\u00e4n tarpeettomat virheet ja v\u00e4\u00e4r\u00e4t tulkinnat tutkimalla ennakkoon kaikki projektiin liittyv\u00e4t asiakirjat, jotta kaikki on kunnossa ja vastaa m\u00e4\u00e4r\u00e4yksi\u00e4. T\u00e4m\u00e4 varmistaa projektille hyv\u00e4n alun. EXACTin jatkuvan asiakastukipalvelun avulla voitte olla varmoja, ett\u00e4 kaikki lakis\u00e4\u00e4teiset sopimukset, vaatimukset ja rakennusm\u00e4\u00e4r\u00e4ykset tulevat huomioiduksi projektin aikana. Voimme huolehtia tehokkaasta tiedonkulusta urakoitsijoille ja tarkastaa, ett\u00e4 kaikki projektin osapuolet noudattavat sovittuja laadunvalvontamenetelmi\u00e4.<\/p>\n","protected":false},"excerpt":{"rendered":"<p>EXACT takaa luotettavat mittaukset, jotka suoritetaan tehokkaasti ja tarkasti sovittujen yksityiskohtien mukaan mahdollisimman taloudellisesti. My\u00f6s kokonaisten rakennusprojektien johtaminen kuuluu asiantuntemuksemme ja kokemuksemme piiriin. EXACTin asiantuntemus voi toimia tukenanne projektin kaikissa vaiheissa taaten projektille onnistuneen l\u00e4piviennin. Autamme ehk\u00e4isem\u00e4\u00e4n tarpeettomat virheet ja v\u00e4\u00e4r\u00e4t tulkinnat tutkimalla ennakkoon kaikki projektiin liittyv\u00e4t asiakirjat, jotta kaikki on kunnossa ja vastaa m\u00e4\u00e4r\u00e4yksi\u00e4. [&hellip;]<\/p>\n","protected":false},"author":1,"featured_media":0,"parent":0,"menu_order":0,"comment_status":"open","ping_status":"open","template":"template-page.php","meta":{"_acf_changed":false,"footnotes":""},"acf":[],"yoast_head":"<!-- This site is optimized with the Yoast SEO plugin v22.2 - https:\/\/yoast.com\/wordpress\/plugins\/seo\/ -->\n<title>Hallinnoinnin tuki - EXACT<\/title>\n<meta name=\"robots\" content=\"index, follow, max-snippet:-1, max-image-preview:large, max-video-preview:-1\" \/>\n<link rel=\"canonical\" href=\"https:\/\/teamexact.com\/fi\/hallinnoinnin-tuki\/\" \/>\n<meta property=\"og:locale\" content=\"fi_FI\" \/>\n<meta property=\"og:type\" content=\"article\" \/>\n<meta property=\"og:title\" content=\"Hallinnoinnin tuki - EXACT\" \/>\n<meta property=\"og:description\" content=\"EXACT takaa luotettavat mittaukset, jotka suoritetaan tehokkaasti ja tarkasti sovittujen yksityiskohtien mukaan mahdollisimman taloudellisesti. My\u00f6s kokonaisten rakennusprojektien johtaminen kuuluu asiantuntemuksemme ja kokemuksemme piiriin. EXACTin asiantuntemus voi toimia tukenanne projektin kaikissa vaiheissa taaten projektille onnistuneen l\u00e4piviennin. Autamme ehk\u00e4isem\u00e4\u00e4n tarpeettomat virheet ja v\u00e4\u00e4r\u00e4t tulkinnat tutkimalla ennakkoon kaikki projektiin liittyv\u00e4t asiakirjat, jotta kaikki on kunnossa ja vastaa m\u00e4\u00e4r\u00e4yksi\u00e4. [&hellip;]\" \/>\n<meta property=\"og:url\" content=\"https:\/\/teamexact.com\/fi\/hallinnoinnin-tuki\/\" \/>\n<meta property=\"og:site_name\" content=\"EXACT\" \/>\n<meta property=\"article:modified_time\" content=\"2021-11-25T11:09:11+00:00\" \/>\n<meta name=\"twitter:card\" content=\"summary_large_image\" \/>\n<meta name=\"twitter:label1\" content=\"Arvioitu lukuaika\" \/>\n\t<meta name=\"twitter:data1\" content=\"1 minuutti\" \/>\n<script type=\"application\/ld+json\" class=\"yoast-schema-graph\">{\"@context\":\"https:\/\/schema.org\",\"@graph\":[{\"@type\":\"WebPage\",\"@id\":\"https:\/\/teamexact.com\/fi\/hallinnoinnin-tuki\/\",\"url\":\"https:\/\/teamexact.com\/fi\/hallinnoinnin-tuki\/\",\"name\":\"Hallinnoinnin tuki - EXACT\",\"isPartOf\":{\"@id\":\"https:\/\/teamexact.com\/sv\/#website\"},\"datePublished\":\"2015-06-29T09:42:05+00:00\",\"dateModified\":\"2021-11-25T11:09:11+00:00\",\"breadcrumb\":{\"@id\":\"https:\/\/teamexact.com\/fi\/hallinnoinnin-tuki\/#breadcrumb\"},\"inLanguage\":\"fi\",\"potentialAction\":[{\"@type\":\"ReadAction\",\"target\":[\"https:\/\/teamexact.com\/fi\/hallinnoinnin-tuki\/\"]}]},{\"@type\":\"BreadcrumbList\",\"@id\":\"https:\/\/teamexact.com\/fi\/hallinnoinnin-tuki\/#breadcrumb\",\"itemListElement\":[{\"@type\":\"ListItem\",\"position\":1,\"name\":\"Home\",\"item\":\"https:\/\/teamexact.com\/fi\/\"},{\"@type\":\"ListItem\",\"position\":2,\"name\":\"Hallinnoinnin tuki\"}]},{\"@type\":\"WebSite\",\"@id\":\"https:\/\/teamexact.com\/sv\/#website\",\"url\":\"https:\/\/teamexact.com\/sv\/\",\"name\":\"EXACT\",\"description\":\"We see more\",\"potentialAction\":[{\"@type\":\"SearchAction\",\"target\":{\"@type\":\"EntryPoint\",\"urlTemplate\":\"https:\/\/teamexact.com\/sv\/?s={search_term_string}\"},\"query-input\":\"required name=search_term_string\"}],\"inLanguage\":\"fi\"}]}<\/script>\n<!-- \/ Yoast SEO plugin. -->","yoast_head_json":{"title":"Hallinnoinnin tuki - EXACT","robots":{"index":"index","follow":"follow","max-snippet":"max-snippet:-1","max-image-preview":"max-image-preview:large","max-video-preview":"max-video-preview:-1"},"canonical":"https:\/\/teamexact.com\/fi\/hallinnoinnin-tuki\/","og_locale":"fi_FI","og_type":"article","og_title":"Hallinnoinnin tuki - EXACT","og_description":"EXACT takaa luotettavat mittaukset, jotka suoritetaan tehokkaasti ja tarkasti sovittujen yksityiskohtien mukaan mahdollisimman taloudellisesti. My\u00f6s kokonaisten rakennusprojektien johtaminen kuuluu asiantuntemuksemme ja kokemuksemme piiriin. EXACTin asiantuntemus voi toimia tukenanne projektin kaikissa vaiheissa taaten projektille onnistuneen l\u00e4piviennin. Autamme ehk\u00e4isem\u00e4\u00e4n tarpeettomat virheet ja v\u00e4\u00e4r\u00e4t tulkinnat tutkimalla ennakkoon kaikki projektiin liittyv\u00e4t asiakirjat, jotta kaikki on kunnossa ja vastaa m\u00e4\u00e4r\u00e4yksi\u00e4. [&hellip;]","og_url":"https:\/\/teamexact.com\/fi\/hallinnoinnin-tuki\/","og_site_name":"EXACT","article_modified_time":"2021-11-25T11:09:11+00:00","twitter_card":"summary_large_image","twitter_misc":{"Arvioitu lukuaika":"1 minuutti"},"schema":{"@context":"https:\/\/schema.org","@graph":[{"@type":"WebPage","@id":"https:\/\/teamexact.com\/fi\/hallinnoinnin-tuki\/","url":"https:\/\/teamexact.com\/fi\/hallinnoinnin-tuki\/","name":"Hallinnoinnin tuki - EXACT","isPartOf":{"@id":"https:\/\/teamexact.com\/sv\/#website"},"datePublished":"2015-06-29T09:42:05+00:00","dateModified":"2021-11-25T11:09:11+00:00","breadcrumb":{"@id":"https:\/\/teamexact.com\/fi\/hallinnoinnin-tuki\/#breadcrumb"},"inLanguage":"fi","potentialAction":[{"@type":"ReadAction","target":["https:\/\/teamexact.com\/fi\/hallinnoinnin-tuki\/"]}]},{"@type":"BreadcrumbList","@id":"https:\/\/teamexact.com\/fi\/hallinnoinnin-tuki\/#breadcrumb","itemListElement":[{"@type":"ListItem","position":1,"name":"Home","item":"https:\/\/teamexact.com\/fi\/"},{"@type":"ListItem","position":2,"name":"Hallinnoinnin tuki"}]},{"@type":"WebSite","@id":"https:\/\/teamexact.com\/sv\/#website","url":"https:\/\/teamexact.com\/sv\/","name":"EXACT","description":"We see more","potentialAction":[{"@type":"SearchAction","target":{"@type":"EntryPoint","urlTemplate":"https:\/\/teamexact.com\/sv\/?s={search_term_string}"},"query-input":"required name=search_term_string"}],"inLanguage":"fi"}]}},"_links":{"self":[{"href":"https:\/\/teamexact.com\/fi\/wp-json\/wp\/v2\/pages\/906"}],"collection":[{"href":"https:\/\/teamexact.com\/fi\/wp-json\/wp\/v2\/pages"}],"about":[{"href":"https:\/\/teamexact.com\/fi\/wp-json\/wp\/v2\/types\/page"}],"author":[{"embeddable":true,"href":"https:\/\/teamexact.com\/fi\/wp-json\/wp\/v2\/users\/1"}],"replies":[{"embeddable":true,"href":"https:\/\/teamexact.com\/fi\/wp-json\/wp\/v2\/comments?post=906"}],"version-history":[{"count":8,"href":"https:\/\/teamexact.com\/fi\/wp-json\/wp\/v2\/pages\/906\/revisions"}],"predecessor-version":[{"id":4947,"href":"https:\/\/teamexact.com\/fi\/wp-json\/wp\/v2\/pages\/906\/revisions\/4947"}],"wp:attachment":[{"href":"https:\/\/teamexact.com\/fi\/wp-json\/wp\/v2\/media?parent=906"}],"curies":[{"name":"wp","href":"https:\/\/api.w.org\/{rel}","templated":true}]}}