{"id":908,"date":"2015-06-29T11:48:30","date_gmt":"2015-06-29T09:48:30","guid":{"rendered":"http:\/\/exact.lebowski.se\/?page_id=908"},"modified":"2021-11-25T12:14:59","modified_gmt":"2021-11-25T11:14:59","slug":"rautatiet-ja-tienrakentaminen","status":"publish","type":"page","link":"https:\/\/teamexact.com\/fi\/rautatiet-ja-tienrakentaminen\/","title":{"rendered":"Rautatiet ja tienrakentaminen"},"content":{"rendered":"<p><strong>EXACTin rautatietiimi koostuu asiantuntijoista, jotka ovat erikoistuneet rautateiden ja metrojen rakentamiseen, kunnossapitoon ja uudistamiseen eri puolilla Eurooppaa toteutetuissa projekteissa. Tiimill\u00e4mme on tarvittavat resurssit, taidot ja asiantuntemus luotettavien tietojen tuottamiseen projektin pit\u00e4miseksi tarkasti hallinnassa. Koska ty\u00f6skentely rataverkon parissa on erityisen haastavaa, EXACTin rautatietiimin kaikki j\u00e4senet pit\u00e4v\u00e4t ammattitaitonsa ajan tasalla suorittamalla jatkuvasti erilaisia p\u00e4tevyys- ja turvallisuuskursseja. Rautatieprojekteissa dokumentaatiolla on erityisen suuri merkitys, sill\u00e4 kaiken on toimittava paikallisten rautatieliikennett\u00e4 koskevien m\u00e4\u00e4r\u00e4ysten mukaisesti. T\u00e4m\u00e4n vuoksi EXACT laatii yksityiskohtaisen tarkedokumentaation asiakkaan tarpeiden mukaisesti.<\/strong><\/p>\n<p>&nbsp;<\/p>\n<h3>Exact Street -tekniikka<\/h3>\n<p>EXACTin Street-tekniikka on luokkansa ainoa mittaustekniikka, joka takaa tienmittaukselle 2 mm tarkkuuden kiinteist\u00e4 mittauspisteist\u00e4. Se on ehdoton ty\u00f6v\u00e4line nykyaikaiseen tienrakennukseen ja -kunnostukseen. Sen tarkat ja kattavat tiedot ja yksityiskohtaiset kartat helpottavat uusien teiden suunnittelua ja rakennettujen teiden korjaamista tulevaisuudessa. EXACT Street s\u00e4\u00e4st\u00e4\u00e4 aikaa ja rahaa katujen, teiden ja pikateiden hallinnoinnissa.<\/p>\n<p>Se voi tuoda merkitt\u00e4vi\u00e4 s\u00e4\u00e4st\u00f6j\u00e4 teiden rakennus-, korjaus- ja yll\u00e4pitokustannuksiin. Onnistuneissa tienrakennusprojekteissa k\u00e4ytet\u00e4\u00e4n EXACT Street -tekniikkaa alkuvaiheesta loppuun saakka sek\u00e4 3D-mallien pohjana. EXACT Streetilla optimoitu 3D-tiensuunnittelumalli (tien uudelleenprofilointi) auttaa hahmottamaan tien IRI-parametrit, l\u00e4t\u00e4k\u00f6itymisen, pituus- ja poikittaissuuntaisen ep\u00e4tasaisuuden sek\u00e4 kaltevuusominaisuudet.<\/p>\n<p>Tekniikka ehk\u00e4isee kalliita korjaustoimenpiteit\u00e4 ja auttaa rakentamaan tasaisia teit\u00e4, joiden asvalttikerrokset ovat tasalaatuisia ja valumaprofiilit oikeita. Teit\u00e4, jolla ajaminen on mukavaa ja turvallista nyt ja tulevaisuudessa.<\/p>\n<h3>Rakennusten ja rakenteiden mittaus<\/h3>\n<p>Mittauspalvelumme kattavat kaikentyyppiset rakennukset, kuten asuinkiinteist\u00f6t, liikerakennukset, urheiluhallit ja teollisuuden toimitilat. EXACT suorittaa my\u00f6s esimerkiksi siltojen, teiden ja rautateiden rakennus- ja tarkastusmittauksia sek\u00e4 merkint\u00e4- ja linjausmittauksia viem\u00e4r\u00f6inti-, l\u00e4mp\u00f6- ja vesijohtoverkoille, hissikuiluille, asvalttialueille, penkereille, pilareille, perustuksille, betonirungoille ym. rakenteille.<\/p>\n","protected":false},"excerpt":{"rendered":"<p>EXACTin rautatietiimi koostuu asiantuntijoista, jotka ovat erikoistuneet rautateiden ja metrojen rakentamiseen, kunnossapitoon ja uudistamiseen eri puolilla Eurooppaa toteutetuissa projekteissa. Tiimill\u00e4mme on tarvittavat resurssit, taidot ja asiantuntemus luotettavien tietojen tuottamiseen projektin pit\u00e4miseksi tarkasti hallinnassa. Koska ty\u00f6skentely rataverkon parissa on erityisen haastavaa, EXACTin rautatietiimin kaikki j\u00e4senet pit\u00e4v\u00e4t ammattitaitonsa ajan tasalla suorittamalla jatkuvasti erilaisia p\u00e4tevyys- ja turvallisuuskursseja. Rautatieprojekteissa [&hellip;]<\/p>\n","protected":false},"author":1,"featured_media":0,"parent":0,"menu_order":0,"comment_status":"open","ping_status":"open","template":"template-page.php","meta":{"_acf_changed":false,"footnotes":""},"acf":[],"yoast_head":"<!-- This site is optimized with the Yoast SEO plugin v22.2 - https:\/\/yoast.com\/wordpress\/plugins\/seo\/ -->\n<title>Rautatiet ja tienrakentaminen - EXACT<\/title>\n<meta name=\"robots\" content=\"index, follow, max-snippet:-1, max-image-preview:large, max-video-preview:-1\" \/>\n<link rel=\"canonical\" href=\"https:\/\/teamexact.com\/fi\/rautatiet-ja-tienrakentaminen\/\" \/>\n<meta property=\"og:locale\" content=\"fi_FI\" \/>\n<meta property=\"og:type\" content=\"article\" \/>\n<meta property=\"og:title\" content=\"Rautatiet ja tienrakentaminen - EXACT\" \/>\n<meta property=\"og:description\" content=\"EXACTin rautatietiimi koostuu asiantuntijoista, jotka ovat erikoistuneet rautateiden ja metrojen rakentamiseen, kunnossapitoon ja uudistamiseen eri puolilla Eurooppaa toteutetuissa projekteissa. Tiimill\u00e4mme on tarvittavat resurssit, taidot ja asiantuntemus luotettavien tietojen tuottamiseen projektin pit\u00e4miseksi tarkasti hallinnassa. Koska ty\u00f6skentely rataverkon parissa on erityisen haastavaa, EXACTin rautatietiimin kaikki j\u00e4senet pit\u00e4v\u00e4t ammattitaitonsa ajan tasalla suorittamalla jatkuvasti erilaisia p\u00e4tevyys- ja turvallisuuskursseja. Rautatieprojekteissa [&hellip;]\" \/>\n<meta property=\"og:url\" content=\"https:\/\/teamexact.com\/fi\/rautatiet-ja-tienrakentaminen\/\" \/>\n<meta property=\"og:site_name\" content=\"EXACT\" \/>\n<meta property=\"article:modified_time\" content=\"2021-11-25T11:14:59+00:00\" \/>\n<meta name=\"twitter:card\" content=\"summary_large_image\" \/>\n<meta name=\"twitter:label1\" content=\"Arvioitu lukuaika\" \/>\n\t<meta name=\"twitter:data1\" content=\"2 minuuttia\" \/>\n<script type=\"application\/ld+json\" class=\"yoast-schema-graph\">{\"@context\":\"https:\/\/schema.org\",\"@graph\":[{\"@type\":\"WebPage\",\"@id\":\"https:\/\/teamexact.com\/fi\/rautatiet-ja-tienrakentaminen\/\",\"url\":\"https:\/\/teamexact.com\/fi\/rautatiet-ja-tienrakentaminen\/\",\"name\":\"Rautatiet ja tienrakentaminen - EXACT\",\"isPartOf\":{\"@id\":\"https:\/\/teamexact.com\/sv\/#website\"},\"datePublished\":\"2015-06-29T09:48:30+00:00\",\"dateModified\":\"2021-11-25T11:14:59+00:00\",\"breadcrumb\":{\"@id\":\"https:\/\/teamexact.com\/fi\/rautatiet-ja-tienrakentaminen\/#breadcrumb\"},\"inLanguage\":\"fi\",\"potentialAction\":[{\"@type\":\"ReadAction\",\"target\":[\"https:\/\/teamexact.com\/fi\/rautatiet-ja-tienrakentaminen\/\"]}]},{\"@type\":\"BreadcrumbList\",\"@id\":\"https:\/\/teamexact.com\/fi\/rautatiet-ja-tienrakentaminen\/#breadcrumb\",\"itemListElement\":[{\"@type\":\"ListItem\",\"position\":1,\"name\":\"Home\",\"item\":\"https:\/\/teamexact.com\/fi\/\"},{\"@type\":\"ListItem\",\"position\":2,\"name\":\"Rautatiet ja tienrakentaminen\"}]},{\"@type\":\"WebSite\",\"@id\":\"https:\/\/teamexact.com\/sv\/#website\",\"url\":\"https:\/\/teamexact.com\/sv\/\",\"name\":\"EXACT\",\"description\":\"We see more\",\"potentialAction\":[{\"@type\":\"SearchAction\",\"target\":{\"@type\":\"EntryPoint\",\"urlTemplate\":\"https:\/\/teamexact.com\/sv\/?s={search_term_string}\"},\"query-input\":\"required name=search_term_string\"}],\"inLanguage\":\"fi\"}]}<\/script>\n<!-- \/ Yoast SEO plugin. -->","yoast_head_json":{"title":"Rautatiet ja tienrakentaminen - EXACT","robots":{"index":"index","follow":"follow","max-snippet":"max-snippet:-1","max-image-preview":"max-image-preview:large","max-video-preview":"max-video-preview:-1"},"canonical":"https:\/\/teamexact.com\/fi\/rautatiet-ja-tienrakentaminen\/","og_locale":"fi_FI","og_type":"article","og_title":"Rautatiet ja tienrakentaminen - EXACT","og_description":"EXACTin rautatietiimi koostuu asiantuntijoista, jotka ovat erikoistuneet rautateiden ja metrojen rakentamiseen, kunnossapitoon ja uudistamiseen eri puolilla Eurooppaa toteutetuissa projekteissa. Tiimill\u00e4mme on tarvittavat resurssit, taidot ja asiantuntemus luotettavien tietojen tuottamiseen projektin pit\u00e4miseksi tarkasti hallinnassa. Koska ty\u00f6skentely rataverkon parissa on erityisen haastavaa, EXACTin rautatietiimin kaikki j\u00e4senet pit\u00e4v\u00e4t ammattitaitonsa ajan tasalla suorittamalla jatkuvasti erilaisia p\u00e4tevyys- ja turvallisuuskursseja. Rautatieprojekteissa [&hellip;]","og_url":"https:\/\/teamexact.com\/fi\/rautatiet-ja-tienrakentaminen\/","og_site_name":"EXACT","article_modified_time":"2021-11-25T11:14:59+00:00","twitter_card":"summary_large_image","twitter_misc":{"Arvioitu lukuaika":"2 minuuttia"},"schema":{"@context":"https:\/\/schema.org","@graph":[{"@type":"WebPage","@id":"https:\/\/teamexact.com\/fi\/rautatiet-ja-tienrakentaminen\/","url":"https:\/\/teamexact.com\/fi\/rautatiet-ja-tienrakentaminen\/","name":"Rautatiet ja tienrakentaminen - EXACT","isPartOf":{"@id":"https:\/\/teamexact.com\/sv\/#website"},"datePublished":"2015-06-29T09:48:30+00:00","dateModified":"2021-11-25T11:14:59+00:00","breadcrumb":{"@id":"https:\/\/teamexact.com\/fi\/rautatiet-ja-tienrakentaminen\/#breadcrumb"},"inLanguage":"fi","potentialAction":[{"@type":"ReadAction","target":["https:\/\/teamexact.com\/fi\/rautatiet-ja-tienrakentaminen\/"]}]},{"@type":"BreadcrumbList","@id":"https:\/\/teamexact.com\/fi\/rautatiet-ja-tienrakentaminen\/#breadcrumb","itemListElement":[{"@type":"ListItem","position":1,"name":"Home","item":"https:\/\/teamexact.com\/fi\/"},{"@type":"ListItem","position":2,"name":"Rautatiet ja tienrakentaminen"}]},{"@type":"WebSite","@id":"https:\/\/teamexact.com\/sv\/#website","url":"https:\/\/teamexact.com\/sv\/","name":"EXACT","description":"We see more","potentialAction":[{"@type":"SearchAction","target":{"@type":"EntryPoint","urlTemplate":"https:\/\/teamexact.com\/sv\/?s={search_term_string}"},"query-input":"required name=search_term_string"}],"inLanguage":"fi"}]}},"_links":{"self":[{"href":"https:\/\/teamexact.com\/fi\/wp-json\/wp\/v2\/pages\/908"}],"collection":[{"href":"https:\/\/teamexact.com\/fi\/wp-json\/wp\/v2\/pages"}],"about":[{"href":"https:\/\/teamexact.com\/fi\/wp-json\/wp\/v2\/types\/page"}],"author":[{"embeddable":true,"href":"https:\/\/teamexact.com\/fi\/wp-json\/wp\/v2\/users\/1"}],"replies":[{"embeddable":true,"href":"https:\/\/teamexact.com\/fi\/wp-json\/wp\/v2\/comments?post=908"}],"version-history":[{"count":8,"href":"https:\/\/teamexact.com\/fi\/wp-json\/wp\/v2\/pages\/908\/revisions"}],"predecessor-version":[{"id":4953,"href":"https:\/\/teamexact.com\/fi\/wp-json\/wp\/v2\/pages\/908\/revisions\/4953"}],"wp:attachment":[{"href":"https:\/\/teamexact.com\/fi\/wp-json\/wp\/v2\/media?parent=908"}],"curies":[{"name":"wp","href":"https:\/\/api.w.org\/{rel}","templated":true}]}}